{"id":141537,"date":"2024-04-24T17:21:14","date_gmt":"2024-04-24T16:21:14","guid":{"rendered":"https:\/\/pharmacima.com\/?page_id=110"},"modified":"2026-01-28T20:25:11","modified_gmt":"2026-01-28T19:25:11","slug":"home","status":"publish","type":"page","link":"https:\/\/pharmacima.com\/ar\/","title":{"rendered":"Home"},"content":{"rendered":"<p><!-- TrustBox script --><br \/>\n<script type=\"text\/javascript\" src=\"\/\/widget.trustpilot.com\/bootstrap\/v5\/tp.widget.bootstrap.min.js\" async><\/script><br \/>\n<!-- End TrustBox script --><br \/>\n<!-- TrustBox widget - Review Collector --><\/p>\n<div class=\"trustpilot-widget\" data-locale=\"fr-FR\" data-template-id=\"56278e9abfbbba0bdcd568bc\" data-businessunit-id=\"68eeb41e1f4a2fbeae4cd8e5\" data-style-height=\"52px\" data-style-width=\"100%\" data-token=\"322b84f9-4c9a-40f5-96ff-f7f7e390eb78\"><a href=\"https:\/\/fr.trustpilot.com\/review\/pharmacima.com\" target=\"_blank\" rel=\"noopener\">Trustpilot<\/a><\/div>\n<p><!-- End TrustBox widget --><br \/>\nPHARMACIMA FAIT LA VENTE EN LIGNE DES PRODUITS PARA PHARMACEUTIQUES ET DERMO-COSM\u00c9TIQUES AVEC COMMANDE LIVRAISON PAIEMENT EN TOUTE GARANTIE ET S\u00c9RIOSIT\u00c9.<\/p>","protected":false},"excerpt":{"rendered":"<p>Trustpilot PHARMACIMA FAIT LA VENTE EN LIGNE DES PRODUITS PARA PHARMACEUTIQUES ET DERMO-COSM\u00c9TIQUES AVEC COMMANDE LIVRAISON PAIEMENT EN TOUTE GARANTIE ET S\u00c9RIOSIT\u00c9.<\/p>","protected":false},"author":496,"featured_media":0,"parent":0,"menu_order":1,"comment_status":"closed","ping_status":"closed","template":"page-templates\/page-front.php","meta":{"_acf_changed":false,"footnotes":""},"class_list":["post-141537","page","type-page","status-publish","hentry"],"acf":[],"_links":{"self":[{"href":"https:\/\/pharmacima.com\/ar\/wp-json\/wp\/v2\/pages\/141537","targetHints":{"allow":["GET"]}}],"collection":[{"href":"https:\/\/pharmacima.com\/ar\/wp-json\/wp\/v2\/pages"}],"about":[{"href":"https:\/\/pharmacima.com\/ar\/wp-json\/wp\/v2\/types\/page"}],"author":[{"embeddable":true,"href":"https:\/\/pharmacima.com\/ar\/wp-json\/wp\/v2\/users\/496"}],"replies":[{"embeddable":true,"href":"https:\/\/pharmacima.com\/ar\/wp-json\/wp\/v2\/comments?post=141537"}],"version-history":[{"count":0,"href":"https:\/\/pharmacima.com\/ar\/wp-json\/wp\/v2\/pages\/141537\/revisions"}],"wp:attachment":[{"href":"https:\/\/pharmacima.com\/ar\/wp-json\/wp\/v2\/media?parent=141537"}],"curies":[{"name":"wp","href":"https:\/\/api.w.org\/{rel}","templated":true}]}}