{"id":17,"date":"2020-05-18T20:59:07","date_gmt":"2020-05-18T20:59:07","guid":{"rendered":"https:\/\/webclood.com\/pharmacines\/?page_id=180"},"modified":"2025-11-11T13:23:00","modified_gmt":"2025-11-11T12:23:00","slug":"frequently-asked-questions","status":"publish","type":"page","link":"https:\/\/pharmacima.com\/ar\/frequently-asked-questions\/","title":{"rendered":"\u0627\u0644\u0623\u0633\u0626\u0644\u0629 \u0627\u0644\u0634\u0627\u0626\u0639\u0629"},"content":{"rendered":"<h3><img decoding=\"async\" class=\"aligncenter\" src=\"https:\/\/the-three-amigos.co.uk\/wp-content\/uploads\/2020\/05\/UDIN.jpeg\" alt=\"FAQs\" \/><\/h3>\n<h3><span style=\"color: #008080;\"><strong>-\u0645\u0627 \u0647\u064a \u0627\u0644\u0645\u0646\u062a\u062c\u0627\u062a \u0627\u0644\u0645\u062a\u0648\u0641\u0631\u0629 \u0639\u0644\u0649 \u0645\u0648\u0642\u0639\u0646\u0627\u061f<\/strong><\/span><\/h3>\n<p>\u0639\u0644\u0649 \u0645\u0648\u0642\u0639\u0646\u0627 \u0646\u0639\u0631\u0636 \u0627\u0644\u0645\u0646\u062a\u062c\u0627\u062a \u0627\u0644\u0635\u064a\u062f\u0644\u0627\u0646\u064a\u0629\u061f \u0645\u0633\u062a\u062d\u0636\u0631\u0627\u062a \u0627\u0644\u062a\u062c\u0645\u064a\u0644 \u0627\u0644\u062c\u0644\u062f\u064a\u0629 \u0648\u0645\u0633\u062a\u062d\u0636\u0631\u0627\u062a \u0627\u0644\u062a\u062c\u0645\u064a\u0644 \u0648\u0643\u0630\u0644\u0643 \u0627\u0644\u0645\u0639\u062f\u0627\u062a \u0627\u0644\u0637\u0628\u064a\u0629 \u0648\u062c\u0631\u0627\u062d\u0629 \u0627\u0644\u0639\u0638\u0627\u0645.<\/p>\n<p>&nbsp;<\/p>\n<h3><span style=\"color: #008080;\"><strong>-\u0639\u0646\u0648\u0627\u0646\u0646\u0627 \u061f\u00a0<\/strong><\/span><\/h3>\n<p>\u0645\u0627 \u0646\u0642\u0648\u0645 \u0628\u0647 \u0647\u0648 \u0627\u0644\u062a\u062c\u0627\u0631\u0629 \u0627\u0644\u0625\u0644\u0643\u062a\u0631\u0648\u0646\u064a\u0629\u060c \u0648\u0628\u0627\u0644\u062a\u0627\u0644\u064a \u0627\u0644\u0645\u0628\u064a\u0639\u0627\u062a \u0639\u0628\u0631 \u0627\u0644\u0625\u0646\u062a\u0631\u0646\u062a \u0641\u0642\u0637.<\/p>\n<p>&nbsp;<\/p>\n<h3><span style=\"color: #008080;\"><strong>-\u0647\u0644 \u0627\u0644\u062a\u0648\u0635\u064a\u0644 \u0645\u062a\u0627\u062d\u061f\u00a0\u00a0<\/strong><\/span><\/h3>\n<p>\u0628\u0643\u0644 \u062a\u0623\u0643\u064a\u062f \u0646\u0639\u0645. \u0646\u0639\u0645\u0644 \u0628\u0627\u0644\u0627\u062a\u0641\u0627\u0642 \u0645\u0639 \u0634\u0631\u0643\u0629 \u0627\u0644\u062a\u0648\u0635\u064a\u0644 <strong>\u064a\u0627\u0644\u064a\u062f\u064a\u0646<\/strong> \u0648\u0627\u0644\u0645\u0639\u0631\u0648\u0641\u0629 \u0628\u0633\u0631\u0639\u062a\u0647\u0627 \u0639\u0644\u0649 \u0627\u0644\u062a\u0631\u0627\u0628 \u0627\u0644\u0648\u0637\u0646\u064a. \u0646\u0642\u0648\u0645 \u0628\u0627\u0644\u062a\u0648\u0635\u064a\u0644 \u0625\u0644\u0649 \u0627\u0644\u0648\u0644\u0627\u064a\u0627\u062a 4 6.<\/p>\n<h2><span style=\"color: #008080;\"><strong>&#8211; <\/strong><strong>\u0645\u0627 \u0647\u0648 \u0645\u062a\u0648\u0633\u0637 \u0648\u0642\u062a \u0627\u0644\u062a\u0633\u0644\u064a\u0645\u061f<\/strong><\/span><\/h2>\n<p>\u064a\u0633\u062a\u063a\u0631\u0642 \u0627\u0644\u062a\u0633\u0644\u064a\u0645 \u0645\u0627 \u0628\u064a\u0646 2 \u0625\u0644\u0649 13 \u064a\u0648\u0645\u064b\u0627. \u0643\u0644 \u0647\u0630\u0627 \u064a\u062a\u0648\u0642\u0641 \u0639\u0644\u0649 \u0627\u0644\u0648\u0644\u0627\u064a\u0629.<\/p>\n<p>&nbsp;<\/p>\n<h3><span style=\"color: #008080;\"><strong>- \u0645\u0639\u062f\u0644 \u0627\u0644\u0648\u0644\u0627\u062f\u0629\u061f<\/strong><\/span><\/h3>\n<p>\u0643\u0644 \u0627\u0644\u0645\u0639\u0644\u0648\u0645\u0627\u062a \u0645\u0648\u062c\u0648\u062f\u0629 \u0639\u0644\u0649 \u0647\u0630\u0627 \u0627\u0644\u0631\u0627\u0628\u0637 :<\/p>\n<p><a href=\"https:\/\/pharmacima.com\/ar\/expedition-livraison\/\">https:\/\/pharmacima.com\/expedition-livraison\/<\/a><\/p>\n<p>&nbsp;<\/p>\n<h3><span style=\"color: #008080;\"><strong>-\u0627\u0644\u062c\u0645\u0647\u0648\u0631 \u0627\u0644\u0645\u0633\u062a\u0647\u062f\u0641\u061f<\/strong><\/span><\/h3>\n<p>\u0641\u064a \u0627\u0644\u0648\u0642\u062a \u0627\u0644\u062d\u0627\u0644\u064a \u0646\u0628\u064a\u0639 \u0644\u0644\u0623\u0641\u0631\u0627\u062f\u060c \u0648\u0628\u0627\u0644\u062a\u0627\u0644\u064a \u0643\u0645\u064a\u0629 \u0645\u062d\u062f\u0648\u062f\u0629. \u0646\u062d\u0646 \u0644\u0627 \u0646\u0642\u0648\u0645 \u0628\u0628\u064a\u0639 \u0627\u0644\u062c\u0645\u0644\u0629 \u0641\u064a \u0627\u0644\u0648\u0642\u062a \u0627\u0644\u0631\u0627\u0647\u0646.<\/p>\n<p>&nbsp;<\/p>\n<h3><span style=\"color: #008080;\"><strong>-\u0634\u0631\u0648\u0637 \u0627\u0644\u062f\u0641\u0639 \u061f<\/strong><\/span><\/h3>\n<p>\u064a\u0645\u0643\u0646\u0643\u0645 \u0645\u0631\u0627\u062c\u0639\u0629 \u0635\u0641\u062d\u062a\u0646\u0627 \u0627\u0644\u0645\u0630\u0643\u0648\u0631\u0629 \u0623\u062f\u0646\u0627\u0647:<\/p>\n<p><iframe class=\"wp-embedded-content\" title=\"&quot;\u0637\u0631\u0642 \u0627\u0644\u062f\u0641\u0639&quot; \u2014 \u0641\u0627\u0631\u0645\u0627\u0633\u064a\u0645\u0627 - \u0627\u0644\u062c\u0632\u0627\u0626\u0631\" src=\"https:\/\/pharmacima.dz\/payment-methods\/embed\/#?secret=SBz75ue9nW\" width=\"600\" height=\"234\" frameborder=\"0\" marginwidth=\"0\" marginheight=\"0\" scrolling=\"no\" sandbox=\"allow-scripts\" data-secret=\"SBz75ue9nW\" data-mce-fragment=\"1\"><\/iframe><\/p>\n<p><span style=\"color: #008080;\"><strong>-\u0643\u064a\u0641\u064a\u0629 \u0627\u0644\u0637\u0644\u0628 \u0639\u0644\u0649 \u0645\u0648\u0642\u0639\u0646\u0627\u061f<\/strong><\/span><\/p>\n<p>\u0644\u0645\u0632\u064a\u062f \u0645\u0646 \u0627\u0644\u0645\u0639\u0644\u0648\u0645\u0627\u062a \u0627\u0636\u063a\u0637 \u0639\u0644\u0649 \u0647\u0630\u0627 \u0627\u0644\u0631\u0627\u0628\u0637:<\/p>\n<blockquote class=\"wp-embedded-content\" data-secret=\"JnQUaahRZV\"><p><a href=\"https:\/\/pharmacima.dz\/comment-acheter\/\" target=\"_blank\" rel=\"noopener\">\u0643\u064a\u0641 \u0627\u0634\u062a\u0631\u0649<\/a><\/p><\/blockquote>\n<p><iframe class=\"wp-embedded-content\" sandbox=\"allow-scripts\" security=\"restricted\" style=\"position: absolute; clip: rect(1px, 1px, 1px, 1px);\" title=\"&quot;\u0643\u064a\u0641\u064a\u0629 \u0627\u0644\u0634\u0631\u0627\u0621&quot; \u2014 \u0641\u0627\u0631\u0645\u0627\u0633\u064a\u0645\u0627 - \u0627\u0644\u062c\u0632\u0627\u0626\u0631\" src=\"https:\/\/pharmacima.dz\/comment-acheter\/embed\/#?secret=JnQUaahRZV\" data-secret=\"JnQUaahRZV\" width=\"600\" height=\"338\" frameborder=\"0\" marginwidth=\"0\" marginheight=\"0\" scrolling=\"no\"><\/iframe><\/p>\n<p><span style=\"color: #ff0000;\">\u064a\u0631\u062c\u0649 \u0645\u0644\u0627\u062d\u0638\u0629 \u0623\u0646\u0647 \u064a\u062c\u0628 \u0639\u0644\u064a\u0643 \u062a\u0623\u0643\u064a\u062f \u0637\u0644\u0628\u0643 \u0639\u0646 \u0637\u0631\u064a\u0642 \u0627\u0644\u0647\u0627\u062a\u0641 \u0648\u0627\u0644\u0628\u0631\u064a\u062f \u0627\u0644\u0625\u0644\u0643\u062a\u0631\u0648\u0646\u064a \u0628\u0639\u062f 3 \u0623\u064a\u0627\u0645\u060c \u0648\u0625\u0644\u0627 \u0641\u0633\u064a\u062a\u0645 \u0625\u0644\u063a\u0627\u0624\u0647.<\/span><\/p>\n<p><span style=\"color: #ff0000;\">\u0627\u062d\u062a\u0641\u0638 \u0628\u0647\u0627\u062a\u0641\u0643 \u0642\u064a\u062f \u0627\u0644\u062a\u0634\u063a\u064a\u0644\u060c \u0648\u0642\u0645 \u0628\u0627\u0644\u0631\u062f \u0639\u0644\u0649 \u0645\u0648\u0638\u0641 \u0627\u0644\u062a\u0648\u0635\u064a\u0644 \u0648\u0625\u0644\u0627 \u0633\u064a\u062a\u0645 \u0625\u0644\u063a\u0627\u0621 \u0627\u0644\u0637\u0631\u062f \u0627\u0644\u062e\u0627\u0635 \u0628\u0643\u060c \u0648\u0647\u0630\u0627 \u0633\u064a\u0633\u0628\u0628 \u0644\u0646\u0627 \u062e\u0633\u0627\u0626\u0631\u060c \u0648\u0633\u064a\u062a\u0645 \u0625\u062f\u0631\u0627\u062c\u0643 \u0641\u064a \u0627\u0644\u0642\u0627\u0626\u0645\u0629 \u0627\u0644\u0633\u0648\u062f\u0627\u0621 \u0628\u0634\u0643\u0644 \u0645\u0646\u0647\u062c\u064a \u0645\u0646 \u0646\u0638\u0627\u0645\u0646\u0627. (\u0644\u062f\u064a\u0643 3 \u0645\u062d\u0627\u0648\u0644\u0627\u062a).<\/span><\/p>\n<p>&nbsp;<\/p>\n<h3><span style=\"color: #008080;\"><strong>-\u0643\u064a\u0641 \u064a\u0645\u0643\u0646\u0643 \u0627\u0644\u0627\u062a\u0635\u0627\u0644 \u0628\u0646\u0627\u061f<\/strong><\/span><\/h3>\n<p>\u0639\u0644\u0649 \u0631\u0642\u0645\u0646\u0627 \u0623\u0648 \u0639\u0644\u0649 \u0635\u0646\u062f\u0648\u0642 \u0627\u0644\u0628\u0631\u064a\u062f \u0627\u0644\u062e\u0627\u0635 \u0628\u0646\u0627:<\/p>\n<p><em>+213793737475<\/em><br \/>\n<em>\u00a0contact@Pharmacima.dz<\/em><\/p>\n<p>\u0648\u0643\u0630\u0644\u0643 \u0639\u0644\u0649 \u0634\u0628\u0643\u0627\u062a\u0646\u0627 \u0627\u0644\u0627\u062c\u062a\u0645\u0627\u0639\u064a\u0629:<\/p>\n<p><strong><span style=\"color: #0000ff;\"><a style=\"color: #0000ff;\" href=\"https:\/\/www.facebook.com\/Pharmacima\/\" target=\"_blank\" rel=\"noopener noreferrer\">\u0627\u0644\u0641\u064a\u0633\u0628\u0648\u0643<\/a><\/span><\/strong><\/p>\n<p><strong><span style=\"color: #993300;\"><a style=\"color: #993300;\" href=\"https:\/\/www.instagram.com\/pharmacima\/?hl=fr\" target=\"_blank\" rel=\"noopener noreferrer\">\u0627\u0646\u0633\u062a\u063a\u0631\u0627\u0645 <\/a><\/span><\/strong><\/p>\n<h3><span style=\"color: #008080;\"><strong>-\u062c\u0648\u062f\u0629 \u0627\u0644\u0645\u0646\u062a\u062c\u0627\u062a \u0627\u0644\u062a\u064a \u0646\u0628\u064a\u0639\u0647\u0627\u061f<\/strong><\/span><\/h3>\n<p>\u0646\u062d\u0646 \u0646\u0639\u0645\u0644 \u0625\u0645\u0627 \u0645\u0639 \u0627\u0644\u0634\u0631\u0643\u0627\u062a \u0623\u0648 \u0627\u0644\u0645\u062d\u0644\u0627\u062a \u0627\u0644\u062a\u062c\u0627\u0631\u064a\u0629 \u0627\u0644\u062a\u064a \u062a\u0633\u062a\u0648\u0631\u062f \u0627\u0644\u0645\u0646\u062a\u062c\u0627\u062a\u060c \u0648\u0628\u0627\u0644\u062a\u0627\u0644\u064a \u064a\u062a\u0645 \u0636\u0645\u0627\u0646 \u0623\u0635\u0627\u0644\u0629 \u0627\u0644\u0645\u0646\u062a\u062c\u0627\u062a \u0648\u0623\u0635\u0627\u0644\u062a\u0647\u0627\u060c \u0643\u0645\u0627 \u064a\u062a\u0645 \u0636\u0645\u0627\u0646 \u0645\u0631\u0627\u0642\u0628\u0629 \u0627\u0644\u062c\u0648\u062f\u0629.<\/p>\n<p>&nbsp;<\/p>\n<h2><span style=\"color: #008080;\"><strong>&#8211; <\/strong><strong>\u0647\u0644 \u064a\u0648\u062c\u062f \u0635\u0627\u0644\u0629 \u0639\u0631\u0636\/\u0645\u062a\u062c\u0631\u061f<\/strong><\/span><\/h2>\n<p>\u0639\u0645\u0644\u0646\u0627 \u0627\u0644\u0623\u0633\u0627\u0633\u064a \u0647\u0648 \u0627\u0644\u0645\u0628\u064a\u0639\u0627\u062a \u0639\u0628\u0631 \u0627\u0644\u0625\u0646\u062a\u0631\u0646\u062a. \u0644\u064a\u0633 \u0644\u062f\u064a\u0646\u0627 \u0635\u0627\u0644\u0627\u062a \u0639\u0631\u0636. \u0645\u062a\u062c\u0631\u0646\u0627 \u0647\u0648\u00a0 <a href=\"http:\/\/Pharmacima.dz\" target=\"_blank\" rel=\"noopener\">http:\/\/Pharmacima.dz<\/a>\u00a0\u0633\u062a\u062c\u062f \u0647\u0646\u0627\u0643 \u0643\u0627\u0641\u0629 \u0627\u0644\u0645\u0646\u062a\u062c\u0627\u062a \u0627\u0644\u0645\u062a\u0648\u0641\u0631\u0629 \u0648\u0623\u0633\u0639\u0627\u0631\u0647\u0627.<\/p>\n<h2><span style=\"color: #008080;\"><strong>&#8211; <\/strong><strong>\u0643\u064a\u0641 \u064a\u0645\u0643\u0646\u0646\u064a \u0625\u0644\u063a\u0627\u0621 \u0637\u0644\u0628\u064a\u061f<\/strong><\/span><\/h2>\n<p>\u0641\u064a \u062d\u0627\u0644\u0629 \u0623\u064a \u0625\u0644\u063a\u0627\u0621\u060c \u064a\u0631\u062c\u0649 \u0627\u0644\u0627\u062a\u0635\u0627\u0644 \u0628\u062e\u062f\u0645\u0629 \u0627\u0644\u0639\u0645\u0644\u0627\u0621 \u0645\u0646 \u0627\u0644\u0633\u0628\u062a \u0625\u0644\u0649 \u0627\u0644\u062e\u0645\u064a\u0633\u060c \u0645\u0646 10 \u0635\u0628\u0627\u062d\u0627 \u0625\u0644\u0649 7 \u0645\u0633\u0627\u0621\u060c \u0639\u0644\u0649 \u0627\u0644\u0631\u0642\u0645 \u0627\u0644\u062a\u0627\u0644\u064a: +213793737475 \u0623\u0648 \u0623\u0631\u0633\u0644 \u0644\u0646\u0627 \u0631\u0633\u0627\u0644\u0629 \u0639\u0644\u0649 \u0627\u0644\u0639\u0646\u0648\u0627\u0646 \u0627\u0644\u062a\u0627\u0644\u064a: contact@Pharmacima.dz<\/p>\n<p><span style=\"color: #ff0000;\"><strong>\u0645\u0646 \u0627\u0644\u0645\u0647\u0645 \u0627\u0644\u0642\u064a\u0627\u0645 \u0628\u0630\u0644\u0643 \u0642\u0628\u0644 \u0634\u062d\u0646 \u0627\u0644\u0637\u0644\u0628.<\/strong><\/span><\/p>\n<p>&nbsp;<\/p>\n<div class=\"rte\">\n<h2><span style=\"color: #008080;\"><strong>\u00a0&#8211;<\/strong><strong>\u0644\u062f\u064a \u0645\u0634\u0643\u0644\u0629 \u0645\u0639 \u0627\u0644\u0645\u0646\u062a\u062c \u0627\u0644\u062e\u0627\u0635 \u0628\u064a\u060c \u0645\u0627\u0630\u0627 \u0639\u0644\u064a \u0623\u0646 \u0623\u0641\u0639\u0644\u061f<\/strong><\/span><\/h2>\n<p>\u0633\u062a\u0647\u062a\u0645 \u062e\u062f\u0645\u0629 \u0645\u0627 \u0628\u0639\u062f \u0627\u0644\u0628\u064a\u0639 \u0644\u062f\u064a\u0646\u0627 (\u062e\u062f\u0645\u0629 \u0645\u0627 \u0628\u0639\u062f \u0627\u0644\u0628\u064a\u0639) \u0628\u062c\u0645\u064a\u0639 \u0634\u0643\u0627\u0648\u064a\u0643 \u062d\u0633\u0628 \u0627\u0644\u062d\u0627\u0644\u0629. \u0644\u0644\u0642\u064a\u0627\u0645 \u0628\u0630\u0644\u0643\u060c \u064a\u0631\u062c\u0649 \u0627\u0644\u062a\u0648\u0627\u0635\u0644 \u0645\u0639\u0646\u0627 \u0645\u0646 \u0627\u0644\u0633\u0628\u062a \u0625\u0644\u0649 \u0627\u0644\u062e\u0645\u064a\u0633\u060c \u0645\u0646 \u0627\u0644\u0633\u0627\u0639\u0629 9 \u0635\u0628\u0627\u062d\u064b\u0627 \u062d\u062a\u0649 5 \u0645\u0633\u0627\u0621\u064b\u060c \u0639\u0644\u0649 \u0627\u0644\u0631\u0642\u0645 \u0627\u0644\u062a\u0627\u0644\u064a: +213793737475,<strong>\u00a0<\/strong>\u0623\u0648 \u0623\u0631\u0633\u0644 \u0644\u0646\u0627 \u0631\u0633\u0627\u0644\u0629 \u0639\u0644\u0649 \u0627\u0644\u0639\u0646\u0648\u0627\u0646 \u0627\u0644\u062a\u0627\u0644\u064a: contact@Pharmacima.dz<\/p>\n<\/div>","protected":false},"excerpt":{"rendered":"<p>-Quels sont les produits disponible sur notre site? Sur notre site nous exposons\u00a0 \u00a0des produits parapharmaceutiques ? d\u00e9rmo-cosm\u00e9tique, cosm\u00e9tique\u00a0 ,\u00a0 ainsi que des \u00e9quipements\u00a0 m\u00e9dicales\u00a0 et orthop\u00e9diques. &nbsp; -NOTRE ADRESSE ?\u00a0 Ce que nous faisons\u00a0 c&rsquo;est de l&rsquo; E-commerce, donc uniquement de la vente enligne. &nbsp; -LA LIVRAISON EST ELLE DISPONIBLE ?\u00a0\u00a0 Absolument ,oui. Nous [&hellip;]<\/p>\n","protected":false},"author":3072,"featured_media":0,"parent":0,"menu_order":8,"comment_status":"closed","ping_status":"closed","template":"page-templates\/page-narrow.php","meta":{"_acf_changed":false,"footnotes":""},"class_list":["post-17","page","type-page","status-publish","hentry"],"acf":[],"_links":{"self":[{"href":"https:\/\/pharmacima.com\/ar\/wp-json\/wp\/v2\/pages\/17","targetHints":{"allow":["GET"]}}],"collection":[{"href":"https:\/\/pharmacima.com\/ar\/wp-json\/wp\/v2\/pages"}],"about":[{"href":"https:\/\/pharmacima.com\/ar\/wp-json\/wp\/v2\/types\/page"}],"author":[{"embeddable":true,"href":"https:\/\/pharmacima.com\/ar\/wp-json\/wp\/v2\/users\/3072"}],"replies":[{"embeddable":true,"href":"https:\/\/pharmacima.com\/ar\/wp-json\/wp\/v2\/comments?post=17"}],"version-history":[{"count":0,"href":"https:\/\/pharmacima.com\/ar\/wp-json\/wp\/v2\/pages\/17\/revisions"}],"wp:attachment":[{"href":"https:\/\/pharmacima.com\/ar\/wp-json\/wp\/v2\/media?parent=17"}],"curies":[{"name":"wp","href":"https:\/\/api.w.org\/{rel}","templated":true}]}}