{"id":21,"date":"2020-05-18T20:59:11","date_gmt":"2020-05-18T20:59:11","guid":{"rendered":"https:\/\/webclood.com\/pharmacines\/?page_id=220"},"modified":"2021-09-20T11:17:39","modified_gmt":"2021-09-20T10:17:39","slug":"returns-policy","status":"publish","type":"page","link":"https:\/\/pharmacima.com\/ar\/returns-policy\/","title":{"rendered":"\u0633\u064a\u0627\u0633\u0629 \u0627\u0644\u0627\u0633\u062a\u0631\u062f\u0627\u062f \u0648\u0627\u0644\u0625\u0631\u062c\u0627\u0639"},"content":{"rendered":"<p>&nbsp;<\/p>\n<p><strong> \u062e\u062f\u0645\u0629 \u0645\u0627 \u0628\u0639\u062f \u0627\u0644\u0628\u064a\u0639 (\u062e\u062f\u0645\u0629 \u0645\u0627 \u0628\u0639\u062f \u0627\u0644\u0628\u064a\u0639)<\/strong><\/p>\n<p><b><span style=\"color: #ff0000;\">\u0625\u0630\u0627 \u0643\u0627\u0646\u062a \u0644\u062f\u064a\u0643 \u0634\u0643\u0648\u0649 \u0628\u0634\u0623\u0646 \u0623\u062d\u062f \u0627\u0644\u0645\u0646\u062a\u062c\u0627\u062a\u060c \u0641\u062d\u062f\u062f \u0627\u0644\u0645\u0648\u0627\u0639\u064a\u062f \u0627\u0644\u0646\u0647\u0627\u0626\u064a\u0629 \u0644\u0625\u0639\u0644\u0627\u0646 \u0627\u0644\u0625\u0631\u062c\u0627\u0639 \u0639\u0646 \u0637\u0631\u064a\u0642 \u0627\u0644\u0628\u0631\u064a\u062f \u0627\u0644\u0625\u0644\u0643\u062a\u0631\u0648\u0646\u064a \u0623\u0648 \u0639\u0646 \u0637\u0631\u064a\u0642 \u0627\u0644\u0627\u062a\u0635\u0627\u0644 \u0628\u062e\u062f\u0645\u0629 \u0627\u0644\u0639\u0645\u0644\u0627\u0621<\/span> :<\/b> <strong>\u0628\u0639\u062f 48 \u0633\u0627\u0639\u0629 \u0645\u0646 \u0627\u0633\u062a\u0644\u0627\u0645 \u0627\u0644\u0637\u0644\u0628\u060c \u0648\u0628\u0639\u062f \u0647\u0630\u0647 \u0627\u0644\u0641\u062a\u0631\u0629\u060c \u0644\u0627 \u064a\u0639\u062f \u0627\u0644\u0645\u0646\u062a\u062c \u0642\u0627\u0628\u0644\u0627\u064b \u0644\u0644\u0627\u0633\u062a\u0631\u062f\u0627\u062f \u0623\u0648 \u0627\u0644\u0627\u0633\u062a\u0628\u062f\u0627\u0644.\u00a0<\/strong><\/p>\n<p><span style=\"color: #ff0000;\">\u0645\u0644\u062d\u0648\u0638\u0629: \u0627\u0644\u0645\u0646\u062a\u062c\u0627\u062a \u0627\u0644\u0642\u0627\u0628\u0644\u0629 \u0644\u0644\u0627\u0633\u062a\u0628\u062f\u0627\u0644 \u0647\u064a \u0641\u0642\u0637 \u0627\u0644\u0645\u0646\u062a\u062c\u0627\u062a \u0645\u0646\u062a\u0647\u064a\u0629 \u0627\u0644\u0635\u0644\u0627\u062d\u064a\u0629 \u0623\u0648 \u0627\u0644\u062a\u0627\u0644\u0641\u0629\u060c \u0623\u0648 \u0641\u064a \u062d\u0627\u0644\u0629 \u0648\u062c\u0648\u062f \u062e\u0637\u0623 \u0641\u064a \u0627\u0644\u0645\u0646\u062a\u062c.\u00a0<\/span><\/p>\n<p><span style=\"color: #ff0000;\"><strong>\u0645\u0646\u062a\u062c\u0627\u062a \u0627\u0644\u0639\u0638\u0627\u0645 \u063a\u064a\u0631 \u0642\u0627\u0628\u0644\u0629 \u0644\u0644\u0627\u0633\u062a\u0628\u062f\u0627\u0644 \u0623\u0648 \u0627\u0644\u0627\u0633\u062a\u0631\u062f\u0627\u062f.\u00a0<\/strong><\/span><\/p>\n<p>&nbsp;<\/p>\n<p><strong><span style=\"color: #ff0000;\">\u062a\u0628\u0627\u062f\u0644 \u0623\u0648 \u0627\u0633\u062a\u0631\u062f\u0627\u062f \u0627\u0644\u0645\u0648\u0627\u0639\u064a\u062f \u0627\u0644\u0646\u0647\u0627\u0626\u064a\u0629<\/span> :<\/strong> \u0623\u0633\u0628\u0648\u0639 \u0648\u0627\u062d\u062f \u0643\u062d\u062f \u0623\u0642\u0635\u0649 \u0628\u0639\u062f \u062a\u0642\u062f\u064a\u0645 \u0627\u0644\u0634\u0643\u0648\u0649 \u0625\u0644\u0649 \u062e\u062f\u0645\u0629 \u0645\u0627 \u0628\u0639\u062f \u0627\u0644\u0628\u064a\u0639 (\u0645\u0631\u0627\u0642\u0628\u0629 \u0627\u0644\u062c\u0648\u062f\u0629)<\/p>\n<p><strong><span style=\"color: #339966;\">\u0625\u0630\u0627 \u062b\u0628\u062a \u0623\u0646 \u0645\u0631\u0627\u0642\u0628\u0629 \u0627\u0644\u062c\u0648\u062f\u0629 \u0625\u064a\u062c\u0627\u0628\u064a\u0629<\/span> :\u00a0<\/strong>\u0633\u064a\u062a\u0645 \u062a\u0641\u0639\u064a\u0644 \u0627\u0633\u062a\u0631\u062f\u0627\u062f \u0627\u0644\u0623\u0645\u0648\u0627\u0644 \u0623\u0648 \u0627\u0644\u0627\u0633\u062a\u0628\u062f\u0627\u0644 \u0645\u0639 \u0627\u062d\u062a\u0631\u0627\u0645 \u0627\u0644\u0645\u0648\u0627\u0639\u064a\u062f \u0627\u0644\u0646\u0647\u0627\u0626\u064a\u0629 \u0627\u0644\u0645\u0630\u0643\u0648\u0631\u0629 \u0623\u0639\u0644\u0627\u0647<\/p>\n<p><span style=\"color: #ff0000;\"><strong>\u0625\u0630\u0627 \u062b\u0628\u062a \u0623\u0646 \u0645\u0631\u0627\u0642\u0628\u0629 \u0627\u0644\u062c\u0648\u062f\u0629 \u0633\u0644\u0628\u064a\u0629:\u00a0<\/strong>\u0644\u0646 \u064a\u062a\u0645 \u0631\u062f \u0647\u0630\u0627 \u0627\u0644\u0628\u0646\u062f.\u00a0<\/span><\/p>\n<h3><strong>\u0627\u0644\u0625\u062c\u0631\u0627\u0621:\u00a0<\/strong><\/h3>\n<p>-\u0623\u0631\u0633\u0644 \u0634\u0643\u0648\u0627\u0643 \u0639\u0628\u0631 \u0627\u0644\u0628\u0631\u064a\u062f \u0627\u0644\u0625\u0644\u0643\u062a\u0631\u0648\u0646\u064a \u0625\u0644\u0649 <strong>contact@pharmacima.dz:\u00a0<\/strong>\u062d\u062f\u062f \u0627\u0644\u0627\u0633\u0645 \u0627\u0644\u0623\u0648\u0644 \u0648\u0627\u0644\u0623\u062e\u064a\u0631 \u0648\u062a\u062a\u0628\u0639 \u0637\u0644\u0628\u0643\u060c \u062b\u0645 \u0627\u0644\u062a\u0642\u0637 \u0635\u0648\u0631\u0629 \u0644\u0645\u0646\u062a\u062c\u0643 \u0628\u062c\u0648\u0627\u0631 \u0642\u0633\u064a\u0645\u0629 \u0627\u0644\u0634\u062d\u0646 (\u0627\u0644\u0641\u0627\u062a\u0648\u0631\u0629 \u0627\u0644\u0635\u063a\u064a\u0631\u0629 \u0627\u0644\u0645\u0631\u0641\u0642\u0629 \u0645\u0639 \u0627\u0644\u0639\u0628\u0648\u0629).<\/p>\n<ul>\n<li><span style=\"color: #ff0000;\">\u0633\u062a\u0642\u0648\u0645 \u062e\u062f\u0645\u0629 \u0645\u0627 \u0628\u0639\u062f \u0627\u0644\u0628\u064a\u0639 \u0644\u062f\u064a\u0646\u0627 \u0628\u062a\u0642\u064a\u064a\u0645 \u062c\u0648\u062f\u0629 \u0627\u0644\u0645\u0646\u062a\u062c\u0627\u062a \u0648\u0633\u0648\u0641 \u062a\u062a\u0635\u0644 \u0628\u0643 \u0644\u062a\u0639\u0637\u064a\u0643 \u0625\u062c\u0627\u0628\u0629.\u00a0<\/span><\/li>\n<\/ul>\n<p>\u0641\u064a \u062d\u0627\u0644\u0629 \u0627\u0644\u0631\u062f \u0627\u0644\u0625\u064a\u062c\u0627\u0628\u064a:<\/p>\n<p>-\u0625\u0639\u0627\u062f\u0629 \u0627\u0644\u0637\u0631\u062f \u0625\u0644\u0649 \u0627\u0644\u0645\u0643\u062a\u0628 \u0627\u0644\u0630\u064a \u0633\u0644\u0645\u0643 \u0627\u0644\u0637\u0631\u062f \u0645\u0639 \u062a\u062d\u062f\u064a\u062f \u0623\u0646\u0647 \u0625\u0631\u062c\u0627\u0639 \u0625\u0644\u0649 \u0645\u0643\u062a\u0628 \u064a\u0627\u0644\u062f\u064a\u0646 \u0628\u0631\u062c \u0627\u0644\u0628\u062d\u0631\u064a.<\/p>\n<p>- \u0628\u0639\u062f \u0625\u0631\u0633\u0627\u0644 \u0627\u0644\u0637\u0631\u062f\u060c \u064a\u0631\u062c\u0649 \u0625\u0639\u0644\u0627\u0645\u0646\u0627 \u0639\u0646 \u0637\u0631\u064a\u0642 \u0625\u0631\u0633\u0627\u0644 \u0628\u0631\u064a\u062f \u0625\u0644\u0643\u062a\u0631\u0648\u0646\u064a \u0625\u0644\u0649 <strong>contact@pharmacima.dz<\/strong><\/p>\n<p>- \u0633\u064a\u062a\u0645 \u0625\u0631\u0633\u0627\u0644 \u0645\u0646\u062a\u062c \u062c\u062f\u064a\u062f \u0625\u0644\u064a\u0643 \u0623\u0648 \u0627\u0633\u062a\u0631\u062f\u0627\u062f \u0627\u0644\u0645\u0628\u0644\u063a \u0639\u0628\u0631 CCP \u0623\u0648 Yalidine.<\/p>\n<p>&nbsp;<\/p>\n<p>&nbsp;<\/p>\n<p class=\"mb3\"><span style=\"color: #ff0000;\">\u0645\u0644\u0627\u062d\u0638\u0629: \u062a\u062d\u062a\u0641\u0638 PHARMACIMA \u0628\u0627\u0644\u062d\u0642 \u0641\u064a \u0631\u0641\u0636 \u0637\u0644\u0628 \u0627\u0644\u0625\u0631\u062c\u0627\u0639 \u0625\u0630\u0627 \u0643\u0627\u0646 \u0627\u0644\u0645\u0646\u062a\u062c \u0644\u0627 \u064a\u062a\u0648\u0627\u0641\u0642 \u0645\u0639 \u0633\u064a\u0627\u0633\u0629 \u0627\u0644\u0625\u0631\u062c\u0627\u0639 \u0623\u0648 \u0641\u0634\u0644 \u0641\u064a \u0645\u0631\u0627\u0642\u0628\u0629 \u0627\u0644\u062c\u0648\u062f\u0629.<\/span><\/p>\n<p>&nbsp;<\/p>\n<p>&nbsp;<\/p>","protected":false},"excerpt":{"rendered":"<p>&nbsp; SAV (Service apr\u00e8s-vente) Si vous avez une r\u00e9clamations d&rsquo;un produit notre\u00a0 D\u00e9lais de d\u00e9claration de retour par mail ou par appel au service Client : 48h apr\u00e8s la r\u00e9ception de la commande, au del\u00e0 de ce d\u00e9lai, le produit n&rsquo;est plus remboursable ou \u00e9changeable.\u00a0 Remarque:\u00a0 Les produits \u00e9changeable sont uniquement les produits p\u00e9rim\u00e9 ou [&hellip;]<\/p>\n","protected":false},"author":3072,"featured_media":0,"parent":0,"menu_order":12,"comment_status":"closed","ping_status":"closed","template":"page-templates\/page-semi-narrow.php","meta":{"_acf_changed":false,"footnotes":""},"class_list":["post-21","page","type-page","status-publish","hentry"],"acf":[],"_links":{"self":[{"href":"https:\/\/pharmacima.com\/ar\/wp-json\/wp\/v2\/pages\/21","targetHints":{"allow":["GET"]}}],"collection":[{"href":"https:\/\/pharmacima.com\/ar\/wp-json\/wp\/v2\/pages"}],"about":[{"href":"https:\/\/pharmacima.com\/ar\/wp-json\/wp\/v2\/types\/page"}],"author":[{"embeddable":true,"href":"https:\/\/pharmacima.com\/ar\/wp-json\/wp\/v2\/users\/3072"}],"replies":[{"embeddable":true,"href":"https:\/\/pharmacima.com\/ar\/wp-json\/wp\/v2\/comments?post=21"}],"version-history":[{"count":0,"href":"https:\/\/pharmacima.com\/ar\/wp-json\/wp\/v2\/pages\/21\/revisions"}],"wp:attachment":[{"href":"https:\/\/pharmacima.com\/ar\/wp-json\/wp\/v2\/media?parent=21"}],"curies":[{"name":"wp","href":"https:\/\/api.w.org\/{rel}","templated":true}]}}