{"id":100735,"date":"2023-09-10T15:02:12","date_gmt":"2023-09-10T14:02:12","guid":{"rendered":"https:\/\/pharmacima.com\/?post_type=product&#038;p=100735"},"modified":"2024-06-08T22:32:15","modified_gmt":"2024-06-08T21:32:15","slug":"serum-reparateur-ongles-aux-10-huiles-precieuses-10-ml-ecrinal","status":"publish","type":"product","link":"https:\/\/pharmacima.com\/ar\/product\/serum-reparateur-ongles-aux-10-huiles-precieuses-10-ml-ecrinal\/","title":{"rendered":"\u0633\u064a\u0631\u0648\u0645 \u0625\u0635\u0644\u0627\u062d \u0627\u0644\u0623\u0638\u0627\u0641\u0631 \u0645\u0639 10 \u0632\u064a\u0648\u062a \u062b\u0645\u064a\u0646\u0629 10 \u0645\u0644 \u0625\u0643\u0631\u064a\u0646\u0627\u0644"},"content":{"rendered":"<h2><strong>\u0648\u0635\u0641 :<\/strong><\/h2>\n<p><span>\u0645\u0635\u0644 \u0625\u0635\u0644\u0627\u062d \u0627\u0644\u0623\u0638\u0627\u0641\u0631 \u0645\u0646 \u0625\u0643\u0631\u064a\u0646\u0627\u0644 \u0645\u0639 10 \u0632\u064a\u0648\u062a \u062b\u0645\u064a\u0646\u0629: \u064a\u0631\u0637\u0628 \u0648\u064a\u063a\u0630\u064a \u0639\u0644\u0649 \u0627\u0644\u0641\u0648\u0631.\u00a0<\/span><span>\u064a\u0645\u0646\u062d \u0627\u0644\u0623\u0638\u0627\u0641\u0631 \u0648\u0627\u0644\u0628\u0634\u0631\u0629 \u0645\u0638\u0647\u0631\u064b\u0627 \u062c\u0645\u064a\u0644\u0627\u064b \u0644\u0627 \u062a\u0634\u0648\u0628\u0647 \u0634\u0627\u0626\u0628\u0629.\u00a0<\/span><span>\u064a\u0633\u0627\u0639\u062f \u0639\u0644\u0649 \u062a\u0646\u0634\u064a\u0637 \u0648\u062a\u0631\u0637\u064a\u0628 \u0627\u0644\u0628\u0634\u0631\u0629 \u0627\u0644\u062c\u0627\u0641\u0629 \u062d\u0648\u0644 \u0627\u0644\u0623\u0638\u0627\u0641\u0631.\u00a0<\/span><span>\u0623\u0635\u0628\u062d\u062a \u0627\u0644\u0623\u0638\u0627\u0641\u0631 \u0623\u0642\u0648\u0649 \u0645\u0646 \u0623\u064a \u0648\u0642\u062a \u0645\u0636\u0649 \u0628\u0645\u0638\u0647\u0631 \u0646\u0638\u064a\u0641 \u0648\u0635\u062d\u064a.<\/span><\/p>\n<p><span>\u00a0<\/span><span>\u062a\u0631\u0643\u064a\u0628\u0629 \u0639\u0627\u0644\u064a\u0629 \u0627\u0644\u062a\u0631\u0643\u064a\u0632: 98.7% \u0641\u064a \u0645\u0643\u0648\u0646\u0627\u062a \u0637\u0628\u064a\u0639\u064a\u0629.\u00a0<\/span><span>\u0623\u0638\u0627\u0641\u0631\u0643 \u0633\u0648\u0641 \u062a\u062d\u0628\u0647\u0627!<\/span><\/p>\n<h3><strong>\u0627\u0644\u062a\u0639\u0644\u064a\u0645\u0627\u062a :<\/strong><\/h3>\n<p><span>\u0627\u0644\u0623\u0638\u0627\u0641\u0631 \u0648\u0627\u0644\u0628\u0634\u0631\u0629 \u0627\u0644\u062c\u0627\u0641\u0629 \u0623\u0648 \u0627\u0644\u0645\u062c\u0641\u0641\u0629 \u0623\u0648 \u0627\u0644\u0647\u0634\u0629.<\/span><br \/>\n<span>\u0623\u0635\u062d\u0627\u0628 \u0627\u0644\u0623\u0638\u0627\u0641\u0631 \u0627\u0644\u0627\u0635\u0637\u0646\u0627\u0639\u064a\u0629.<\/span><\/p>\n<h2><strong>\u0627\u0633\u062a\u062e\u062f\u0627\u0645 \u0627\u0644\u0645\u0634\u0648\u0631\u0629:\u00a0\u00a0<\/strong><\/h2>\n<div class=\"et_pb_blurb et_pb_module et_pb_bg_layout_light et_pb_text_align_left  et_pb_blurb_1 et_pb_blurb_position_left\">\n<div class=\"et_pb_blurb_content\">\n<div class=\"et_pb_blurb_container\">\n<p><span>\u0636\u0639\u064a \u0627\u0644\u0645\u0635\u0644 \u0645\u0631\u0629 \u0623\u0648 \u0645\u0631\u062a\u064a\u0646 \u064a\u0648\u0645\u064a\u064b\u0627\u060c \u0645\u0639 \u062a\u062f\u0644\u064a\u0643 \u0627\u0644\u0628\u0634\u0631\u0629 \u0628\u0644\u0637\u0641 \u0648\u0633\u0637\u062d \u0627\u0644\u0638\u0641\u0631 \u0628\u0627\u0644\u0643\u0627\u0645\u0644. \u0644\u062a\u062d\u0633\u064a\u0646 \u0627\u0644\u0646\u062a\u0627\u0626\u062c\u060c \u0636\u0639\u064a\u0647 \u0641\u064a \u0627\u0644\u0645\u0633\u0627\u0621 \u0648\u0627\u062a\u0631\u0643\u064a\u0647 \u062d\u062a\u0649 \u064a\u062a\u063a\u0644\u063a\u0644 \u0637\u0648\u0627\u0644 \u0627\u0644\u0644\u064a\u0644.<\/span><\/p>\n<\/div>\n<\/div>\n<\/div>\n<div class=\"et_pb_blurb et_pb_module et_pb_bg_layout_light et_pb_text_align_left  et_pb_blurb_2 et_pb_blurb_position_left\">\n<h2 class=\"et_pb_blurb_content\"><strong>\u0627\u0644\u062a\u0631\u0643\u064a\u0628\u0629 :<\/strong><\/h2>\n<p><span>ANP\u00ae (\u0628\u0631\u0627\u0621\u0629 \u0627\u062e\u062a\u0631\u0627\u0639 Asepta)<\/span><br \/>\n<span>\u0632\u064a\u0648\u062a \u0646\u062e\u0627\u0644\u0629 \u0627\u0644\u0623\u0631\u0632 \u0627\u0644\u062b\u0645\u064a\u0646\u0629<\/span><br \/>\n<span>\u0627\u0644\u0635\u062f\u0649<\/span><br \/>\n<span>\u0631\u0648\u0632\u0627 \u0645\u0648\u0634\u0627\u062a\u0627<\/span><br \/>\n<span>\u0646\u0628\u0642 \u0627\u0644\u0628\u062d\u0631\u060c \u062f\u0648\u0627\u0631 \u0627\u0644\u0634\u0645\u0633\u060c \u0627\u0644\u0628\u0646\u062f\u0642\u060c \u0627\u0644\u0623\u0641\u0648\u0643\u0627\u062f\u0648\u060c \u0628\u0630\u0648\u0631 \u0627\u0644\u0639\u0646\u0628<\/span><br \/>\n<span>\u0632\u064a\u062a \u0627\u0644\u062e\u0631\u0648\u0639 \u0627\u0644\u062c\u0648\u062c\u0648\u0628\u0627 \u062e\u0627\u0644\u064a \u0645\u0646 \u0627\u0644\u0628\u0627\u0631\u0627\u0628\u064a\u0646 \u0648\u0627\u0644\u0623\u0633\u064a\u062a\u0648\u0646 \u0648\u0627\u0644\u0641\u0648\u0631\u0645\u0627\u0644\u062f\u0647\u064a\u062f \u0648\u0627\u0644\u062a\u0648\u0644\u0648\u064a\u0646.<\/span><\/p>\n<\/div>","protected":false},"excerpt":{"rendered":"<p>DESCRIPTION : ECRINAL S\u00e9rum R\u00e9parateur Ongles aux 10 Huiles Pr\u00e9cieuses : Hydrate et nourrit instantan\u00e9ment.\u00a0Donne une belle apparence impeccable aux ongles et aux cuticules.\u00a0Aide \u00e0 revitaliser et hydrater la peau s\u00e8che autour des ongles.\u00a0Les ongles sont plus r\u00e9sistants que jamais avec une apparence propre et saine. \u00a0Formule haute concentration : 98,7% en ingr\u00e9dients naturels.\u00a0VOS ONGLES [&hellip;]<\/p>\n","protected":false},"featured_media":100736,"comment_status":"open","ping_status":"closed","template":"","meta":{"_acf_changed":false},"product_brand":[],"product_cat":[102,712],"product_tag":[],"class_list":{"0":"post-100735","1":"product","2":"type-product","3":"status-publish","4":"has-post-thumbnail","6":"product_cat-soin-et-bien-etre","7":"product_cat-ongles","9":"first","10":"outofstock","11":"sale","12":"taxable","13":"shipping-taxable","14":"purchasable","15":"product-type-simple"},"acf":[],"_links":{"self":[{"href":"https:\/\/pharmacima.com\/ar\/wp-json\/wp\/v2\/product\/100735","targetHints":{"allow":["GET"]}}],"collection":[{"href":"https:\/\/pharmacima.com\/ar\/wp-json\/wp\/v2\/product"}],"about":[{"href":"https:\/\/pharmacima.com\/ar\/wp-json\/wp\/v2\/types\/product"}],"replies":[{"embeddable":true,"href":"https:\/\/pharmacima.com\/ar\/wp-json\/wp\/v2\/comments?post=100735"}],"wp:featuredmedia":[{"embeddable":true,"href":"https:\/\/pharmacima.com\/ar\/wp-json\/wp\/v2\/media\/100736"}],"wp:attachment":[{"href":"https:\/\/pharmacima.com\/ar\/wp-json\/wp\/v2\/media?parent=100735"}],"wp:term":[{"taxonomy":"product_brand","embeddable":true,"href":"https:\/\/pharmacima.com\/ar\/wp-json\/wp\/v2\/product_brand?post=100735"},{"taxonomy":"product_cat","embeddable":true,"href":"https:\/\/pharmacima.com\/ar\/wp-json\/wp\/v2\/product_cat?post=100735"},{"taxonomy":"product_tag","embeddable":true,"href":"https:\/\/pharmacima.com\/ar\/wp-json\/wp\/v2\/product_tag?post=100735"}],"curies":[{"name":"wp","href":"https:\/\/api.w.org\/{rel}","templated":true}]}}