{"id":10400,"date":"2021-08-26T00:02:55","date_gmt":"2021-08-25T23:02:55","guid":{"rendered":"https:\/\/pharmacima.dz\/?post_type=product&#038;p=10400"},"modified":"2026-04-14T12:23:13","modified_gmt":"2026-04-14T11:23:13","slug":"play-classic-h2o-gel-lubrifiant-100ml-durex","status":"publish","type":"product","link":"https:\/\/pharmacima.com\/ar\/product\/play-classic-h2o-gel-lubrifiant-100ml-durex\/","title":{"rendered":"Play Classic H2O gel lubrifiant 100ml Durex"},"content":{"rendered":"<h2><strong>\u0648\u0635\u0641 :<\/strong><\/h2>\n<p class=\"p1\"><span dir=\"auto\">Le lubrifiant classique Durex rend les rapports ultra-fluides. Gardez le lubrifiant Durex H2O \u00e0 port\u00e9e de main pour \u00eatre toujours pr\u00eat\u00b7e quand l&rsquo;envie vous prend.\u00a0<\/span><\/p>\n<p class=\"p1\"><span dir=\"auto\">Ce lubrifiant l\u00e9ger \u00e0 base d&rsquo;eau est con\u00e7u pour vous offrir, \u00e0 vous et \u00e0 votre partenaire, des rapports encore plus agr\u00e9ables. Quelques gouttes suffisent pour une lubrification optimale et pour soulager toute s\u00e9cheresse ou g\u00eane vaginale. Sa formule soluble dans l&rsquo;eau ne tache pas, n&rsquo;est pas grasse et est incroyablement douce pour la peau. <\/span><\/p>\n<p class=\"p1\"><span dir=\"auto\">Vous pouvez donc l&rsquo;utiliser pour tous vos rapports sexuels, avec ou sans pr\u00e9servatif.<\/span><\/p>\n<h3><em><strong>\u062a\u0643\u064a\u064a\u0641<\/strong><\/em><\/h3>\n<p>1 flacon de 100 ml<\/p>\n<h2><strong>\u0627\u0633\u062a\u062e\u062f\u0627\u0645 \u0627\u0644\u0645\u0634\u0648\u0631\u0629:<\/strong><\/h2>\n<p>\u0644\u0644\u0641\u062a\u062d\u060c \u0642\u0645 \u0628\u0625\u0632\u0627\u0644\u0629 \u0627\u0644\u063a\u0637\u0627\u0621 \u0648\u0644\u0641 \u0627\u0644\u0645\u0636\u062e\u0629. \u0628\u0636\u063a\u0637\u0629 \u0628\u0633\u064a\u0637\u0629 \u0639\u0644\u0649 \u0645\u0636\u062e\u0629 \u0627\u0644\u062c\u0631\u0639\u0627\u062a\u060c \u0642\u0645 \u0628\u062a\u062c\u0645\u064a\u0639 \u062c\u0631\u0639\u0629 \u0645\u0646 \u0627\u0644\u062c\u0644 \u0639\u0644\u0649 \u0623\u0635\u0627\u0628\u0639\u0643 \u0648\u062a\u0637\u0628\u064a\u0642\u0647\u0627 \u0639\u0644\u0649 \u0627\u0644\u0645\u0646\u0627\u0637\u0642 \u0627\u0644\u0645\u062b\u064a\u0631\u0629 \u0644\u0644\u0634\u0647\u0648\u0629 \u0627\u0644\u062c\u0646\u0633\u064a\u0629 \u0644\u062f\u064a\u0643.<\/p>\n<p>\u064a\u0645\u0643\u0646\u0643 \u062a\u0643\u0631\u0627\u0631 \u0627\u0644\u062a\u0637\u0628\u064a\u0642 \u0639\u062f\u0629 \u0645\u0631\u0627\u062a \u0643\u0645\u0627 \u062a\u0631\u064a\u062f.<\/p>","protected":false},"excerpt":{"rendered":"<p>DESCRIPTION : Le lubrifiant classique Durex rend les rapports ultra-fluides. Gardez le lubrifiant Durex H2O \u00e0 port\u00e9e de main pour \u00eatre toujours pr\u00eat\u00b7e quand l&rsquo;envie vous prend.\u00a0 Ce lubrifiant l\u00e9ger \u00e0 base d&rsquo;eau est con\u00e7u pour vous offrir, \u00e0 vous et \u00e0 votre partenaire, des rapports encore plus agr\u00e9ables. Quelques gouttes suffisent pour une lubrification [&hellip;]<\/p>\n","protected":false},"featured_media":148556,"comment_status":"open","ping_status":"closed","template":"","meta":{"_acf_changed":false},"product_brand":[1407],"product_cat":[96],"product_tag":[],"class_list":{"0":"post-10400","1":"product","2":"type-product","3":"status-publish","4":"has-post-thumbnail","6":"product_brand-durex","7":"product_cat-hygiene-protection","9":"first","10":"instock","11":"sale","12":"taxable","13":"shipping-taxable","14":"purchasable","15":"product-type-simple"},"acf":[],"_links":{"self":[{"href":"https:\/\/pharmacima.com\/ar\/wp-json\/wp\/v2\/product\/10400","targetHints":{"allow":["GET"]}}],"collection":[{"href":"https:\/\/pharmacima.com\/ar\/wp-json\/wp\/v2\/product"}],"about":[{"href":"https:\/\/pharmacima.com\/ar\/wp-json\/wp\/v2\/types\/product"}],"replies":[{"embeddable":true,"href":"https:\/\/pharmacima.com\/ar\/wp-json\/wp\/v2\/comments?post=10400"}],"wp:featuredmedia":[{"embeddable":true,"href":"https:\/\/pharmacima.com\/ar\/wp-json\/wp\/v2\/media\/148556"}],"wp:attachment":[{"href":"https:\/\/pharmacima.com\/ar\/wp-json\/wp\/v2\/media?parent=10400"}],"wp:term":[{"taxonomy":"product_brand","embeddable":true,"href":"https:\/\/pharmacima.com\/ar\/wp-json\/wp\/v2\/product_brand?post=10400"},{"taxonomy":"product_cat","embeddable":true,"href":"https:\/\/pharmacima.com\/ar\/wp-json\/wp\/v2\/product_cat?post=10400"},{"taxonomy":"product_tag","embeddable":true,"href":"https:\/\/pharmacima.com\/ar\/wp-json\/wp\/v2\/product_tag?post=10400"}],"curies":[{"name":"wp","href":"https:\/\/api.w.org\/{rel}","templated":true}]}}