{"id":104243,"date":"2023-09-21T17:02:22","date_gmt":"2023-09-21T16:02:22","guid":{"rendered":"https:\/\/pharmacima.com\/?post_type=product&#038;p=104243"},"modified":"2024-12-13T18:39:18","modified_gmt":"2024-12-13T17:39:18","slug":"soin-yeux-anti-age-au-lavandin-15ml-garnier","status":"publish","type":"product","link":"https:\/\/pharmacima.com\/ar\/product\/soin-yeux-anti-age-au-lavandin-15ml-garnier\/","title":{"rendered":"\u0627\u0644\u0639\u0646\u0627\u064a\u0629 \u0628\u0627\u0644\u0639\u064a\u0648\u0646 \u0644\u0645\u0643\u0627\u0641\u062d\u0629 \u0627\u0644\u0634\u064a\u062e\u0648\u062e\u0629 \u0645\u0639 \u0644\u0627\u0641\u0627\u0646\u062f\u064a\u0646 15 \u0645\u0644 \u063a\u0627\u0631\u0646\u064a\u064a\u0647"},"content":{"rendered":"<h2><strong>\u0648\u0635\u0641 :<\/strong><\/h2>\n<p class=\"product-detail__description\">\u064a\u0631\u0637\u0628 \u0627\u0644\u0628\u0634\u0631\u0629 \u0648\u064a\u062c\u062f\u062f \u0646\u0639\u0648\u0645\u0629 \u0648\u0625\u0636\u0627\u0621\u0629 \u0627\u0644\u062c\u0644\u062f \u062d\u0648\u0644 \u0627\u0644\u0639\u064a\u0646\u064a\u0646<\/p>\n<p>\u062a\u0644\u062a\u0632\u0645 \u0634\u0631\u0643\u0629 Garnier \u0628\u0627\u0644\u062a\u062d\u0633\u064a\u0646 \u0627\u0644\u0645\u0633\u062a\u0645\u0631 \u0644\u062a\u0623\u062b\u064a\u0631 \u0645\u0646\u062a\u062c\u0627\u062a\u0647\u0627\u060c \u0637\u0648\u0627\u0644 \u062f\u0648\u0631\u0629 \u062d\u064a\u0627\u062a\u0647\u0627\u060c \u0628\u0645\u0627 \u0641\u064a \u0630\u0644\u0643 \u0645\u0631\u0627\u062d\u0644 \u0627\u0644\u0625\u0646\u062a\u0627\u062c \u0648\u0627\u0644\u0627\u0633\u062a\u062e\u062f\u0627\u0645\u060c \u0648\u062a\u0645\u0646\u062d\u0643 \u0625\u0645\u0643\u0627\u0646\u064a\u0629 \u0627\u0644\u0648\u0635\u0648\u0644 \u0625\u0644\u0649 \u0647\u0630\u0647 \u0627\u0644\u0628\u064a\u0627\u0646\u0627\u062a \u0628\u0634\u0641\u0627\u0641\u064a\u0629 \u0643\u0627\u0645\u0644\u0629.<\/p>\n<p>\u062a\u0645\u062a \u0627\u0644\u0645\u0648\u0627\u0641\u0642\u0629 \u0639\u0644\u0649 \u0627\u0644\u0637\u0631\u064a\u0642\u0629 \u0645\u0646 \u0642\u0628\u0644 \u062e\u0628\u0631\u0627\u0621 \u0639\u0644\u0645\u064a\u064a\u0646 \u0645\u0633\u062a\u0642\u0644\u064a\u0646 \u0648\u062a\u0645 \u0627\u0644\u062a\u062d\u0642\u0642 \u0645\u0646 \u0627\u0644\u0628\u064a\u0627\u0646\u0627\u062a \u0645\u0646 \u0642\u0628\u0644 Bureau Veritas\u060c \u0645\u062f\u0642\u0642 \u0645\u0633\u062a\u0642\u0644.<\/p>\n<p>\u063a\u0646\u064a \u0628\u0627\u0644\u0644\u0627\u0641\u0627\u0646\u062f\u064a\u0646 \u0627\u0644\u0639\u0636\u0648\u064a \u0648\u0632\u064a\u062a \u0627\u0644\u0623\u0631\u0643\u0627\u0646 \u0627\u0644\u0639\u0636\u0648\u064a \u0648\u0641\u064a\u062a\u0627\u0645\u064a\u0646 \u0647\u0640\u061b \u0645\u0627 \u0627\u0644\u0630\u064a \u064a\u062c\u0639\u0644 \u0627\u0644\u0639\u0646\u0627\u064a\u0629 \u0628\u0627\u0644\u0639\u064a\u0646 \u0627\u0644\u0639\u0636\u0648\u064a\u0629 \u0645\u0646 \u0627\u0644\u0644\u0627\u0641\u0627\u0646\u062f\u064a\u0646 \u0641\u0639\u0627\u0644\u0629\u061f \u064a\u0631\u0637\u0628 \u0627\u0644\u0628\u0634\u0631\u0629 \u0648\u064a\u062c\u062f\u062f \u0646\u0639\u0648\u0645\u0629 \u0648\u0625\u0636\u0627\u0621\u0629 \u0627\u0644\u062c\u0644\u062f \u062d\u0648\u0644 \u0627\u0644\u0639\u064a\u0646\u064a\u0646.<\/p>\n<p>\u062a\u0631\u0643\u064a\u0628\u0629 \u0646\u0628\u0627\u062a\u064a\u0629 \u0645\u0639\u062a\u0645\u062f\u0629 \u0645\u0646 \u0625\u064a\u0643\u0648\u0633\u064a\u0631\u062a \u0643\u0648\u0632\u0645\u0648\u0633\u060c \u062e\u0627\u0644\u064a\u0629 \u0645\u0646 \u0627\u0644\u0628\u0627\u0631\u0627\u0628\u064a\u0646\u060c \u062a\u0645 \u0627\u062e\u062a\u0628\u0627\u0631\u0647\u0627 \u0645\u0646 \u0642\u0628\u0644 \u0623\u0637\u0628\u0627\u0621 \u0627\u0644\u062c\u0644\u062f\u064a\u0629\u060c \u0645\u0643\u0648\u0646\u0627\u062a \u0627\u0644\u062a\u062c\u0627\u0631\u0629 \u0627\u0644\u0639\u0627\u062f\u0644\u0629 \u0648\u0639\u0637\u0631 \u0637\u0628\u064a\u0639\u064a 100%.<\/p>\n<h2><strong>\u0646\u0635\u064a\u062d\u0629 \u0627\u0644\u0645\u0633\u062a\u062e\u062f\u0645:<\/strong><\/h2>\n<p>\u064a\u0648\u0636\u0639 \u0639\u0644\u0649 \u0645\u0646\u0637\u0642\u0629 \u0627\u0644\u0639\u064a\u0646 \u0645\u0631\u062a\u064a\u0646 \u064a\u0648\u0645\u064a\u0627\u064b\u060c \u0635\u0628\u0627\u062d\u0627\u064b \u0648\u0645\u0633\u0627\u0621\u064b.<\/p>\n<h2><strong>\u0627\u0644\u062a\u0631\u0643\u064a\u0628\u0629 :<\/strong><\/h2>\n<p>\u0645\u0639\u062a\u0645\u062f \u0645\u0646 \u0625\u064a\u0643\u0648\u0633\u064a\u0631\u062a \u0643\u0648\u0632\u0645\u0648\u0633 \u0639\u0636\u0648\u064a\u060c \u062a\u0631\u0643\u064a\u0628\u0629 \u0646\u0628\u0627\u062a\u064a\u0629\u060c \u062e\u0627\u0644\u064a \u0645\u0646 \u0627\u0644\u0628\u0627\u0631\u0627\u0628\u064a\u0646\u060c \u062a\u0645 \u0627\u062e\u062a\u0628\u0627\u0631\u0647 \u0645\u0646 \u0642\u0628\u0644 \u0623\u0637\u0628\u0627\u0621 \u0627\u0644\u062c\u0644\u062f\u064a\u0629\u060c \u0645\u0643\u0648\u0646\u0627\u062a \u0627\u0644\u062a\u062c\u0627\u0631\u0629 \u0627\u0644\u0639\u0627\u062f\u0644\u0629 100%\u060c \u0639\u0637\u0631 \u0639\u0636\u0648\u064a \u0637\u0628\u064a\u0639\u064a<\/p>","protected":false},"excerpt":{"rendered":"<p>DESCRIPTION : R\u00e9hydrate la peau et r\u00e9g\u00e9n\u00e8re la douceur et la luminosit\u00e9 de la peau autour des yeux Garnier s\u2019engage \u00e0 am\u00e9liorer en continu l\u2019impact de ses produits, tout au long de leur cycle de vie, y compris les phases de production et d\u2019utilisation, et vous donne acc\u00e8s \u00e0 ces donn\u00e9es en toute transparence. M\u00e9thode [&hellip;]<\/p>\n","protected":false},"featured_media":104244,"comment_status":"open","ping_status":"closed","template":"","meta":{"_acf_changed":false},"product_brand":[],"product_cat":[102,141],"product_tag":[],"class_list":{"0":"post-104243","1":"product","2":"type-product","3":"status-publish","4":"has-post-thumbnail","6":"product_cat-soin-et-bien-etre","7":"product_cat-yeux","9":"first","10":"outofstock","11":"sale","12":"taxable","13":"shipping-taxable","14":"purchasable","15":"product-type-simple"},"acf":[],"_links":{"self":[{"href":"https:\/\/pharmacima.com\/ar\/wp-json\/wp\/v2\/product\/104243","targetHints":{"allow":["GET"]}}],"collection":[{"href":"https:\/\/pharmacima.com\/ar\/wp-json\/wp\/v2\/product"}],"about":[{"href":"https:\/\/pharmacima.com\/ar\/wp-json\/wp\/v2\/types\/product"}],"replies":[{"embeddable":true,"href":"https:\/\/pharmacima.com\/ar\/wp-json\/wp\/v2\/comments?post=104243"}],"wp:featuredmedia":[{"embeddable":true,"href":"https:\/\/pharmacima.com\/ar\/wp-json\/wp\/v2\/media\/104244"}],"wp:attachment":[{"href":"https:\/\/pharmacima.com\/ar\/wp-json\/wp\/v2\/media?parent=104243"}],"wp:term":[{"taxonomy":"product_brand","embeddable":true,"href":"https:\/\/pharmacima.com\/ar\/wp-json\/wp\/v2\/product_brand?post=104243"},{"taxonomy":"product_cat","embeddable":true,"href":"https:\/\/pharmacima.com\/ar\/wp-json\/wp\/v2\/product_cat?post=104243"},{"taxonomy":"product_tag","embeddable":true,"href":"https:\/\/pharmacima.com\/ar\/wp-json\/wp\/v2\/product_tag?post=104243"}],"curies":[{"name":"wp","href":"https:\/\/api.w.org\/{rel}","templated":true}]}}