{"id":104255,"date":"2023-09-21T17:13:52","date_gmt":"2023-09-21T16:13:52","guid":{"rendered":"https:\/\/pharmacima.com\/?post_type=product&#038;p=104255"},"modified":"2025-03-09T16:19:38","modified_gmt":"2025-03-09T15:19:38","slug":"palette-eclatante-pour-joues-revolution-beauty","status":"publish","type":"product","link":"https:\/\/pharmacima.com\/ar\/product\/palette-eclatante-pour-joues-revolution-beauty\/","title":{"rendered":"\u0628\u0627\u0644\u064a\u062a \u0631\u064a\u0641\u0648\u0644\u0648\u0634\u0646 \u0628\u064a\u0648\u062a\u064a \u0631\u0627\u062f\u064a\u0627\u0646\u062a \u062a\u0634\u064a\u0643"},"content":{"rendered":"<h2><strong>\u0648\u0635\u0641 :\u00a0<\/strong><\/h2>\n<p><span>\u062a\u062d\u062f\u062b \u0639\u0646 \u0645\u0648\u0633\u0645 \u0627\u0644\u0623\u0639\u064a\u0627\u062f \u0647\u0630\u0627 \u0645\u0639 \u0645\u062c\u0645\u0648\u0639\u0629 Ultimate Lights \u0627\u0644\u0645\u0628\u0647\u0631\u0629. \u0627\u0635\u0646\u0639\u064a \u0645\u0638\u0647\u0631\u064b\u0627 \u0633\u0627\u062d\u0631\u064b\u0627 \u0648\u0627\u062d\u062a\u0641\u0627\u0644\u064a\u064b\u0627 \u0645\u0639 \u0627\u0644\u0638\u0644\u0627\u0644 \u0627\u0644\u0645\u062a\u0644\u0623\u0644\u0626\u0629 \u0648\u0645\u062c\u0645\u0648\u0639\u0627\u062a \u0627\u0644\u0634\u0641\u0627\u0647 \u0627\u0644\u0631\u0627\u0626\u0639\u0629 \u0648\u0627\u0644\u0639\u0637\u0631 \u0630\u0648 \u0627\u0644\u0625\u0635\u062f\u0627\u0631 \u0627\u0644\u0645\u062d\u062f\u0648\u062f \u0627\u0644\u0630\u064a \u0644\u0627 \u064a\u0642\u0627\u0648\u0645. \u062f\u0639\u0647\u0627 \u062a\u062a\u0623\u0644\u0642 \u0641\u064a \u0647\u0630\u0627 \u0627\u0644\u0645\u0648\u0633\u0645 \u0627\u0644\u0645\u062a\u0623\u0644\u0642!<\/span><\/p>\n<p><span>\u0627\u0631\u062a\u0642\u064a \u0628\u062a\u0648\u0647\u062c\u0643 \u0625\u0644\u0649 \u0645\u0633\u062a\u0648\u0649 \u062c\u062f\u064a\u062f \u0643\u0644\u064a\u064b\u0627 \u0645\u0639 \u0644\u0648\u062d\u0629 \u062a\u0648\u0647\u062c \u0627\u0644\u062e\u062f\u0648\u062f Revolution Ultimate Lights Cheek Glow. \u062a\u062a\u0645\u064a\u0632 \u0644\u0648\u062d\u0629 \u0627\u0644\u062e\u062f\u0648\u062f \u0627\u0644\u0645\u0636\u064a\u0626\u0629 \u0647\u0630\u0647 \u0628\u0640 4 \u0638\u0644\u0627\u0644 \u0645\u062b\u0627\u0644\u064a\u0629 \u0645\u0646 \u0627\u0644\u0644\u0648\u0646 \u0627\u0644\u0648\u0631\u062f\u064a \u0627\u0644\u062c\u0644\u064a\u062f\u064a \u0644\u0644\u062d\u0635\u0648\u0644 \u0639\u0644\u0649 \u0647\u0627\u064a\u0644\u0627\u064a\u062a \u0648\u0623\u062d\u0645\u0631 \u062e\u062f\u0648\u062f \u0641\u0627\u0626\u0642\u064a \u0627\u0644\u062a\u0623\u0644\u0642<\/span><\/p>\n<h2><strong>\u0627\u0644\u062a\u0631\u0643\u064a\u0628\u0629 :<\/strong><\/h2>\n<p><span>\u0627\u0644\u0638\u0644 1: \u0627\u0644\u0645\u064a\u0643\u0627 \u060c \u0627\u0644\u062a\u0627\u0644\u0643 \u060c \u0628\u0648\u0644\u064a\u0632\u0648\u0628\u0648\u062a\u064a\u0646 \u0645\u0647\u062f\u0631\u062c \u060c \u062b\u0646\u0627\u0626\u064a \u0645\u064a\u062b\u064a\u0643\u0648\u0646 \u060c \u0633\u062a\u064a\u0631\u0627\u062a \u0627\u0644\u0645\u063a\u0646\u064a\u0633\u064a\u0648\u0645 \u060c \u0631\u0628\u0627\u0639\u064a \u0627\u0644\u062e\u0645\u0627\u0633\u064a \u060c \u0627\u0644\u0628\u0648\u0644\u064a \u0625\u064a\u062b\u064a\u0644\u064a\u0646 \u060c \u0627\u0644\u0641\u064a\u0646\u0648\u0643\u0633\u064a \u0625\u064a\u062b\u0627\u0646\u0648\u0644 \u060c ptfe \u060c \u0627\u0644\u0641\u0644\u0648\u0631\u0644\u0648\u062c\u064a\u0633\u064a\u0646\u064a \u060c caprylic \u060c caprylic \u060c caprylyl glycol \u060c diethylhexylidenemalonate \u060c caprylic. \u060c CI 77891 (\u062b\u0627\u0646\u064a \u0623\u0643\u0633\u064a\u062f \u0627\u0644\u062a\u064a\u062a\u0627\u0646\u064a\u0648\u0645)\u060c Ci 15850 (\u0637\u0644\u0627\u0621 \u0623\u062d\u0645\u0631 6).<\/span><\/p>\n<p><span>\u0627\u0644\u0638\u0644 2: \u0645\u064a\u0643\u0627\u060c \u062a\u0644\u0643\u060c \u0628\u0648\u0644\u064a \u0623\u064a\u0632\u0648\u0628\u0648\u062a\u064a\u0646 \u0645\u0647\u062f\u0631\u062c\u060c \u062f\u0627\u064a\u0645\u064a\u062b\u064a\u0643\u0648\u0646\u060c \u062b\u0646\u0627\u0626\u064a \u0645\u064a\u062b\u064a\u0643\u0648\u0646\/\u0641\u064a\u0646\u064a\u0644 \u062b\u0646\u0627\u0626\u064a \u0645\u064a\u062b\u064a\u0643\u0648\u0646 \u0628\u0648\u0644\u064a\u0645\u0631 \u0645\u062a\u0642\u0627\u0637\u0639\u060c \u0633\u064a\u0644\u064a\u0643\u0627\u060c \u0646\u064a\u062a\u0631\u064a\u062f \u0627\u0644\u0628\u0648\u0631\u0648\u0646\u060c \u062e\u0645\u0627\u0633\u064a \u0625\u0631\u064a\u062b\u0631\u064a\u062a\u064a\u0644 \u062a\u064a\u062a\u0631\u0627\u064a\u0632\u0648\u0633\u062a\u064a\u0631\u0627\u062a\u060c \u0641\u064a\u0646\u0648\u0643\u0633\u064a \u0625\u064a\u062b\u0627\u0646\u0648\u0644\u060c \u0632\u064a\u062a \u0628\u0630\u0648\u0631 \u062f\u0648\u0627\u0631 \u0627\u0644\u0634\u0645\u0633 (\u0639\u0628\u0627\u062f \u0627\u0644\u0634\u0645\u0633)\u060c \u0632\u064a\u062a \u0628\u0630\u0648\u0631 \u0627\u0644\u0642\u0631\u0637\u0645 \u062a\u064a\u0646\u0643\u062a\u0648\u0631\u064a\u0648\u0633 (\u0627\u0644\u0639\u0635\u0641\u0631)\u060c \u0628\u0648\u0644\u064a\u0645\u0631 \u0633\u062a\u0627\u064a\u0631\u064a\u0646\/\u0628\u0648\u062a\u0627\u062f\u064a\u0646 \u0645\u0634\u062a\u0631\u0643. \u060c \u0643\u0627\u0628\u0631\u064a\u0644\u064a\u0644. \u062c\u0644\u0627\u064a\u0643\u0648\u0644\u060c \u062a\u0631\u0627\u064a\u062b\u0648\u0643\u0633\u064a \u0643\u0627\u0628\u0631\u064a\u0644\u0633\u064a\u0644\u0627\u0646\u060c Ci 77491 (\u0623\u0643\u0627\u0633\u064a\u062f \u0627\u0644\u062d\u062f\u064a\u062f)\u060c Ci 77891 (\u062b\u0627\u0646\u064a \u0623\u0643\u0633\u064a\u062f \u0627\u0644\u062a\u064a\u062a\u0627\u0646\u064a\u0648\u0645).<\/span><\/p>\n<p><span>\u0627\u0644\u0638\u0644 3: \u0645\u064a\u0643\u0627\u060c \u062a\u0644\u0643\u060c \u0633\u062a\u064a\u0631\u0627\u062a \u0627\u0644\u0645\u063a\u0646\u064a\u0633\u064a\u0648\u0645\u060c \u0628\u0648\u0644\u064a \u0625\u064a\u0632\u0648\u0628\u0648\u062a\u064a\u0646 \u0627\u0644\u0645\u0647\u062f\u0631\u062c\u060c \u062f\u0627\u064a\u0645\u064a\u062b\u064a\u0643\u0648\u0646\u060c \u0628\u0646\u062a\u0627\u064a\u0631\u062b\u0631\u064a\u062a\u064a\u0644 \u062a\u064a\u062a\u0631\u0627\u064a\u0632\u0648\u0633\u062a\u064a\u0631\u0627\u062a\u060c \u0641\u064a\u0646\u0648\u0643\u0633\u064a \u0625\u064a\u062b\u0627\u0646\u0648\u0644\u060c \u0643\u0627\u0628\u0631\u064a\u0644\u064a\u0644 \u062c\u0644\u064a\u0643\u0648\u0644\u060c \u0628\u0648\u0644\u064a \u0625\u064a\u062b\u064a\u0644\u064a\u0646\u060c \u062b\u0646\u0627\u0626\u064a \u0625\u064a\u062b\u064a\u0644 \u0647\u0643\u0633\u064a\u0644 \u0633\u064a\u0631\u064a\u0646\u062c\u064a\u0644\u064a\u062f\u064a\u0646\u0645\u0627\u0644\u0648\u0646\u0627\u062a\u060c \u0643\u0627\u0628\u0631\u064a\u0644\u064a\u0643\/\u0643\u0627\u0628\u0631\u064a\u0643 \u062b\u0644\u0627\u062b\u064a \u0627\u0644\u062c\u0644\u064a\u0633\u0631\u064a\u062f\u060c Ci 77891 (\u062b\u0627\u0646\u064a \u0623\u0643\u0633\u064a\u062f \u0627\u0644\u062a\u064a\u062a\u0627\u0646\u064a\u0648\u0645).<\/span><\/p>\n<p><span>\u0627\u0644\u0638\u0644 4: \u0645\u064a\u0643\u0627\u060c \u062a\u0644\u0643\u060c \u0628\u0648\u0644\u064a \u0625\u064a\u0632\u0648\u0628\u0648\u062a\u064a\u0646 \u0645\u0647\u062f\u0631\u062c\u060c \u062f\u0627\u064a\u0645\u064a\u062b\u064a\u0643\u0648\u0646\u060c \u0633\u062a\u064a\u0631\u0627\u062a \u0627\u0644\u0645\u063a\u0646\u064a\u0633\u064a\u0648\u0645\u060c \u0628\u0646\u062a\u0627\u064a\u0631\u062b\u0631\u064a\u062a\u064a\u0644 \u0631\u0628\u0627\u0639\u064a \u0623\u064a\u0632\u0648\u0633\u062a\u064a\u0631\u0627\u062a\u060c \u0628\u0648\u0644\u064a \u0625\u064a\u062b\u064a\u0644\u064a\u0646\u060c \u0641\u064a\u0646\u0648\u0643\u0633\u064a \u0625\u064a\u062b\u0627\u0646\u0648\u0644\u060c Ptfe\u060c \u0643\u0627\u0628\u0631\u064a\u0644\u064a\u0644 \u062c\u0644\u0627\u064a\u0643\u0648\u0644\u060c \u062b\u0646\u0627\u0626\u064a \u0625\u064a\u062b\u064a\u0644 \u0647\u0643\u0633\u064a\u0644 \u0633\u064a\u0631\u064a\u0646\u062c\u064a\u0644\u064a\u062f\u064a\u0646\u0645\u0627\u0644\u0648\u0646\u0627\u062a\u060c \u0643\u0627\u0628\u0631\u064a\u0644\u064a\u0643\/\u0643\u0627\u0628\u0631\u064a\u0643 \u062b\u0644\u0627\u062b\u064a \u0627\u0644\u062c\u0644\u064a\u0633\u0631\u064a\u062f\u060c Ci 77491 (\u0623\u0643\u0627\u0633\u064a\u062f \u0627\u0644\u062d\u062f\u064a\u062f)\u060c Ci 77492 (\u0623\u0643\u0627\u0633\u064a\u062f \u0627\u0644\u062d\u062f\u064a\u062f \u0627\u0644\u062d\u062f\u064a\u062f)\u060c Ci 77499 (\u0623\u0643\u0627\u0633\u064a\u062f \u0627\u0644\u062d\u062f\u064a\u062f)\u060c Ci 77891 (\u062b\u0627\u0646\u064a \u0623\u0643\u0633\u064a\u062f \u0627\u0644\u062a\u064a\u062a\u0627\u0646\u064a\u0648\u0645)\u060c Ci 16035 (\u0627\u0644\u0628\u062d\u064a\u0631\u0629 \u0627\u0644\u062d\u0645\u0631\u0627\u0621 40).<\/span><\/p>\n<p>&nbsp;<\/p>","protected":false},"excerpt":{"rendered":"<p>DESCRIPTION :\u00a0 Faites une d\u00e9claration cette saison des f\u00eates avec l&rsquo;\u00e9blouissante collection Ultimate Lights.\u00a0Cr\u00e9ez un look ultra glamour et festif avec des ombres chatoyantes, des kits pour les l\u00e8vres succulents et un parfum irr\u00e9sistible en \u00e9dition limit\u00e9e.\u00a0Laissez-le briller cette saison scintillante\u00a0! Amenez votre \u00e9clat \u00e0 un tout nouveau niveau avec la palette Revolution Ultimate Lights [&hellip;]<\/p>\n","protected":false},"featured_media":104257,"comment_status":"open","ping_status":"closed","template":"","meta":{"_acf_changed":false},"product_brand":[],"product_cat":[296,1251],"product_tag":[],"class_list":{"0":"post-104255","1":"product","2":"type-product","3":"status-publish","4":"has-post-thumbnail","6":"product_cat-maquillage","7":"product_cat-visage_maquillage","9":"first","10":"outofstock","11":"sale","12":"taxable","13":"shipping-taxable","14":"purchasable","15":"product-type-simple"},"acf":[],"_links":{"self":[{"href":"https:\/\/pharmacima.com\/ar\/wp-json\/wp\/v2\/product\/104255","targetHints":{"allow":["GET"]}}],"collection":[{"href":"https:\/\/pharmacima.com\/ar\/wp-json\/wp\/v2\/product"}],"about":[{"href":"https:\/\/pharmacima.com\/ar\/wp-json\/wp\/v2\/types\/product"}],"replies":[{"embeddable":true,"href":"https:\/\/pharmacima.com\/ar\/wp-json\/wp\/v2\/comments?post=104255"}],"wp:featuredmedia":[{"embeddable":true,"href":"https:\/\/pharmacima.com\/ar\/wp-json\/wp\/v2\/media\/104257"}],"wp:attachment":[{"href":"https:\/\/pharmacima.com\/ar\/wp-json\/wp\/v2\/media?parent=104255"}],"wp:term":[{"taxonomy":"product_brand","embeddable":true,"href":"https:\/\/pharmacima.com\/ar\/wp-json\/wp\/v2\/product_brand?post=104255"},{"taxonomy":"product_cat","embeddable":true,"href":"https:\/\/pharmacima.com\/ar\/wp-json\/wp\/v2\/product_cat?post=104255"},{"taxonomy":"product_tag","embeddable":true,"href":"https:\/\/pharmacima.com\/ar\/wp-json\/wp\/v2\/product_tag?post=104255"}],"curies":[{"name":"wp","href":"https:\/\/api.w.org\/{rel}","templated":true}]}}