{"id":109943,"date":"2023-10-09T13:32:32","date_gmt":"2023-10-09T12:32:32","guid":{"rendered":"https:\/\/pharmacima.com\/?post_type=product&#038;p=109943"},"modified":"2026-04-08T01:27:41","modified_gmt":"2026-04-08T00:27:41","slug":"preservatifs-fraise-12-pieces-durex","status":"publish","type":"product","link":"https:\/\/pharmacima.com\/ar\/product\/preservatifs-fraise-12-pieces-durex\/","title":{"rendered":"Pr\u00e9servatifs Fraise 12 pi\u00e8ces Durex"},"content":{"rendered":"<h2><strong>\u0648\u0635\u0641 :<\/strong><\/h2>\n<h4><strong>\u0644\u0645\u0627\u0630\u0627 \u0633\u0648\u0641 \u062a\u062d\u0628\u0647\u0645<\/strong><\/h4>\n<ul>\n<li>\u0646\u0643\u0647\u0629 \u0627\u0644\u0641\u0631\u0627\u0648\u0644\u0629 \u0644\u0642\u0644\u064a\u0644 \u0645\u0646 \u0627\u0644\u062d\u0644\u0627\u0648\u0629<\/li>\n<li>\u0631\u0627\u0626\u062d\u0629 \u0627\u0644\u0641\u0631\u0627\u0648\u0644\u0629 \u0644\u062a\u0633\u0639\u062f \u062d\u0648\u0627\u0633\u0643<\/li>\n<li>\u0628\u062f\u0648\u0646 \u0633\u0643\u0631<\/li>\n<\/ul>\n<p>\u0645\u0639 \u0627\u0644\u0648\u0627\u0642\u064a \u0627\u0644\u0630\u0643\u0631\u064a \u062f\u064a\u0648\u0631\u0643\u0633 \u0628\u0627\u0644\u0641\u0631\u0627\u0648\u0644\u0629\u060c \u0623\u0635\u0628\u062d \u0627\u0644\u062c\u0646\u0633 \u0623\u0643\u062b\u0631 \u0645\u062a\u0639\u0629. \u0646\u0643\u0647\u0629 \u0648\u0631\u0627\u0626\u062d\u0629 \u0647\u0630\u0627 \u0627\u0644\u0648\u0627\u0642\u064a \u0627\u0644\u0630\u0643\u0631\u064a \u0628\u0646\u0643\u0647\u0629 \u0627\u0644\u0641\u0631\u0627\u0648\u0644\u0629 \u0633\u062a\u0645\u0646\u062d\u0643 \u0627\u0644\u0645\u0632\u064a\u062f \u0645\u0646 \u0627\u0644\u0645\u062a\u0639\u0629 \u0645\u0646 \u062e\u0644\u0627\u0644 \u0625\u0633\u0639\u0627\u062f \u062c\u0645\u064a\u0639 \u062d\u0648\u0627\u0633\u0643.<\/p>\n<ul>\n<li>\u0645\u0634\u062d\u0645 \u0628\u0634\u0643\u0644 \u0625\u0636\u0627\u0641\u064a \u0628\u0627\u0633\u062a\u062e\u062f\u0627\u0645 \u0645\u0627\u062f\u0629 \u062a\u0634\u062d\u064a\u0645 \u0627\u0644\u0633\u064a\u0644\u064a\u0643\u0648\u0646 \u0628\u0646\u0643\u0647\u0629 \u0627\u0644\u0641\u0631\u0627\u0648\u0644\u0629<\/li>\n<li>\u062c\u0648\u062f\u0629 \u062f\u064a\u0648\u0631\u0643\u0633: \u062a\u0645 \u0627\u062e\u062a\u0628\u0627\u0631\u0647\u0627 \u0625\u0644\u0643\u062a\u0631\u0648\u0646\u064a\u064b\u0627 \u062d\u062a\u0649 100 %\u060c \u0648\u064a\u062a\u0645 \u0625\u062c\u0631\u0627\u0621 \u062e\u0645\u0633\u0629 \u0627\u062e\u062a\u0628\u0627\u0631\u0627\u062a \u062c\u0648\u062f\u0629 \u0625\u0636\u0627\u0641\u064a\u0629 \u0639\u0644\u0649 \u0643\u0644 \u062f\u0641\u0639\u0629.<\/li>\n<\/ul>","protected":false},"excerpt":{"rendered":"<p>DESCRIPTION : POURQUOI VOUS ALLEZ LES AIMER Saveur fraise pour un peu de douceur Odeur de fraise pour ravir vos sens Sans sucre Avec les pr\u00e9servatifs Durex \u00e0 la fraise, les rapports sexuels sont encore plus fun. La saveur et l\u2019odeur de ces pr\u00e9servatifs aromatis\u00e9s \u00e0 la fraise vous donneront encore plus de plaisir en [&hellip;]<\/p>\n","protected":false},"featured_media":148553,"comment_status":"open","ping_status":"closed","template":"","meta":{"_acf_changed":false},"product_brand":[1407],"product_cat":[96],"product_tag":[897,873],"class_list":{"0":"post-109943","1":"product","2":"type-product","3":"status-publish","4":"has-post-thumbnail","6":"product_brand-durex","7":"product_cat-hygiene-protection","8":"product_tag-Gel","9":"product_tag-Silicone","11":"first","12":"outofstock","13":"sale","14":"taxable","15":"shipping-taxable","16":"purchasable","17":"product-type-simple"},"acf":[],"_links":{"self":[{"href":"https:\/\/pharmacima.com\/ar\/wp-json\/wp\/v2\/product\/109943","targetHints":{"allow":["GET"]}}],"collection":[{"href":"https:\/\/pharmacima.com\/ar\/wp-json\/wp\/v2\/product"}],"about":[{"href":"https:\/\/pharmacima.com\/ar\/wp-json\/wp\/v2\/types\/product"}],"replies":[{"embeddable":true,"href":"https:\/\/pharmacima.com\/ar\/wp-json\/wp\/v2\/comments?post=109943"}],"wp:featuredmedia":[{"embeddable":true,"href":"https:\/\/pharmacima.com\/ar\/wp-json\/wp\/v2\/media\/148553"}],"wp:attachment":[{"href":"https:\/\/pharmacima.com\/ar\/wp-json\/wp\/v2\/media?parent=109943"}],"wp:term":[{"taxonomy":"product_brand","embeddable":true,"href":"https:\/\/pharmacima.com\/ar\/wp-json\/wp\/v2\/product_brand?post=109943"},{"taxonomy":"product_cat","embeddable":true,"href":"https:\/\/pharmacima.com\/ar\/wp-json\/wp\/v2\/product_cat?post=109943"},{"taxonomy":"product_tag","embeddable":true,"href":"https:\/\/pharmacima.com\/ar\/wp-json\/wp\/v2\/product_tag?post=109943"}],"curies":[{"name":"wp","href":"https:\/\/api.w.org\/{rel}","templated":true}]}}