{"id":114001,"date":"2023-10-25T18:30:49","date_gmt":"2023-10-25T17:30:49","guid":{"rendered":"https:\/\/pharmacima.com\/?post_type=product&#038;p=114001"},"modified":"2024-04-04T04:03:40","modified_gmt":"2024-04-04T03:03:40","slug":"mascara-the-falsies-lash-lift-maybelline-new-york","status":"publish","type":"product","link":"https:\/\/pharmacima.com\/ar\/product\/mascara-the-falsies-lash-lift-maybelline-new-york\/","title":{"rendered":"\u0645\u0627\u0633\u0643\u0627\u0631\u0627 \u0630\u0627 \u0641\u0627\u0644\u0633\u064a\u0633 \u0644\u0627\u0634 \u0644\u064a\u0641\u062a \u0645\u0646 \u0645\u0627\u064a\u0628\u064a\u0644\u064a\u0646 \u0646\u064a\u0648\u064a\u0648\u0631\u0643"},"content":{"rendered":"<h2><strong>DESCRIPTION :<\/strong><\/h2>\n<div class=\"nm nn e4 ij ib ii cg no cu ma np ai ac\">\n<div class=\"\">Le mascara Falsies Lash Lift donne un rehaussement spectaculaire ainsi que de la longueur et du volume &#8211; comme un rehaussement de cils dans un tube ! Le brosse en forme de sablier et une formule enrichie en fibres capturent vos cils depuis la racine pour les soulever et leur ajouter du volume et de la longueur.<\/div>\n<div><\/div>\n<div class=\"\">Ne s&rsquo;agglutine pas, ne macule pas et ne perd pas ses poils.\u00a0Juste de beaux cils qui durent toute la journ\u00e9e.\u00a0Test\u00e9 ophtalmologiquement, adapt\u00e9 aux yeux sensibles et aux porteurs de lentilles de contact.<\/div>\n<div><\/div>\n<div>\n<h3 class=\"cheatsheet__fact\"><strong><span>Avantages:<\/span><\/strong><\/h3>\n<div class=\"cheatsheet__fact\"><span>\u2022 Le mascara Maybelline New York Falsies Lash Lift donne un effet liftant instantan\u00e9.\u00a0La fibre offre un volume spectaculaire et des cils longs et relev\u00e9s \u2013 un mascara qui ressemble \u00e0 des faux cils !<\/span><\/div>\n<div class=\"cheatsheet__fact\"><span>\u2022 Notre brosse liftante \u00e0 double courbure et notre formule infus\u00e9e de fibres saisissent les cils \u00e0 la racine pour les soulever, les \u00e9paissir et les allonger.<\/span><br \/>\n<span>\u2022 Pas de grumeaux, de traces ou de flocons, juste du volume et l&rsquo;apparence de cils plus longs qui durent toute la journ\u00e9e.<\/span><\/div>\n<\/div>\n<h2><strong>CONSEIL D&rsquo;UTILISATION :<\/strong><\/h2>\n<div class=\"nm nn e4 ij ib ii cg no cu ma np ai ac\">\n<div class=\"\"><span>Pour de meilleurs r\u00e9sultats\u00a0: Tenez le pinceau directement le long de la ligne des cils et appliquez de la racine aux pointes.\u00a0R\u00e9p\u00e9tez l&rsquo;application jusqu&rsquo;\u00e0 ce que le look souhait\u00e9 soit obtenu.\u00a0Ne laissez pas le mascara s\u00e9cher avant d&rsquo;appliquer une autre couche.<\/span><\/div>\n<\/div>\n<div class=\"fg e\">\n<h2 id=\"videoly-info\" class=\"ac\"><strong>COMPOSITION :\u00a0<\/strong><\/h2>\n<p>POTASSIUM CETYL PHOSPHATE PARAFFIN ETHYLENE\/VA COPOLYMER COPERNICIA CERIFERA CERA \/ CARNAUBA WAX \/ CIRE DE CARNAUBA STYRENE\/ACRYLATES\/AMMONIUM METHACRYLATE COPOLYMER CERA ALBA \/ BEESWAX \/ CIRE DABEILLE SYNTHETIC BEESWAXBIS-DIGLYC\u00c9RYL POLYACYLADIPATE-2 POLYBUTENE CETYL ALCO HOL STEARETH-20 GLYCERYL DIBEHENATE STEAR ETH- 2 PH\u00c9NOXY\u00c9THANOL HYDROXY\u00c9THYLCELLULOSE GOMME D&rsquo;ACACIA S\u00c9N\u00c9GAL TRIBEH\u00c9NINE CAPRYLYL GLYCOL GLYCERYL BEHENATE D\u00c9SHYDROACETATE DE SODIUM HUILE DE JOJOBA HYDROG\u00c9N\u00c9E HUILE DE PALME HYDROG\u00c9N\u00c9E DISODIUM EDTA BUTYLENE GLYCOL RAYONNE SODIUM LAURETH SULFATE PENTAERYTHRITYL TETRA-DI-T-BUTYL HYDRO XYHYDROCINNAMATE TETRASODIUM EDTA SILICAPOTASSIUM SORBATE B HT [+\/-PEUT CONTENIR CI 77491, CI 77492, CI 77499 \/ OXYDES DE FER CI 77007 \/ ULTRAMARINES CI77891\/DIOXYDE DE TITANE MICA CI75470\/CARMINE CI77288\/ VERTS D&rsquo;OXYDE DE CHROME CI77742\/VIOLET DE MANGAN\u00c8SE CI 77510 \/ ANIDE DE FERROCY FERRIQUE]<\/p>\n<\/div>\n<\/div>\n","protected":false},"excerpt":{"rendered":"<h3><strong><em><span style=\"color: #800080;\">\u062a\u0639\u0632\u064a\u0632<\/span> \u0645\u064f\u0630\u0647\u0650\u0644.<\/em><\/strong><\/h3>\n<p><strong>\u0627\u0644\u0633\u0639\u0629: 9.6 \u0645\u0644<\/strong><\/p>","protected":false},"featured_media":114002,"comment_status":"open","ping_status":"closed","template":"","meta":{"_acf_changed":false},"product_brand":[],"product_cat":[296,1230],"product_tag":[],"class_list":{"0":"post-114001","1":"product","2":"type-product","3":"status-publish","4":"has-post-thumbnail","6":"product_cat-maquillage","7":"product_cat-yeux-maquillage","9":"first","10":"outofstock","11":"sale","12":"taxable","13":"shipping-taxable","14":"purchasable","15":"product-type-simple"},"acf":[],"_links":{"self":[{"href":"https:\/\/pharmacima.com\/ar\/wp-json\/wp\/v2\/product\/114001","targetHints":{"allow":["GET"]}}],"collection":[{"href":"https:\/\/pharmacima.com\/ar\/wp-json\/wp\/v2\/product"}],"about":[{"href":"https:\/\/pharmacima.com\/ar\/wp-json\/wp\/v2\/types\/product"}],"replies":[{"embeddable":true,"href":"https:\/\/pharmacima.com\/ar\/wp-json\/wp\/v2\/comments?post=114001"}],"wp:featuredmedia":[{"embeddable":true,"href":"https:\/\/pharmacima.com\/ar\/wp-json\/wp\/v2\/media\/114002"}],"wp:attachment":[{"href":"https:\/\/pharmacima.com\/ar\/wp-json\/wp\/v2\/media?parent=114001"}],"wp:term":[{"taxonomy":"product_brand","embeddable":true,"href":"https:\/\/pharmacima.com\/ar\/wp-json\/wp\/v2\/product_brand?post=114001"},{"taxonomy":"product_cat","embeddable":true,"href":"https:\/\/pharmacima.com\/ar\/wp-json\/wp\/v2\/product_cat?post=114001"},{"taxonomy":"product_tag","embeddable":true,"href":"https:\/\/pharmacima.com\/ar\/wp-json\/wp\/v2\/product_tag?post=114001"}],"curies":[{"name":"wp","href":"https:\/\/api.w.org\/{rel}","templated":true}]}}