{"id":116209,"date":"2023-11-02T16:07:40","date_gmt":"2023-11-02T15:07:40","guid":{"rendered":"https:\/\/pharmacima.com\/?post_type=product&#038;p=116209"},"modified":"2024-12-28T16:45:20","modified_gmt":"2024-12-28T15:45:20","slug":"trousse-de-maquillage-sephora","status":"publish","type":"product","link":"https:\/\/pharmacima.com\/ar\/product\/trousse-de-maquillage-sephora\/","title":{"rendered":"\u062d\u0642\u064a\u0628\u0629 \u0645\u0643\u064a\u0627\u062c \u0633\u064a\u0641\u0648\u0631\u0627"},"content":{"rendered":"<h2><strong>\u0648\u0635\u0641 :\u00a0\u00a0<\/strong><\/h2>\n<p>\u062a\u0631\u064a\u062f\u064a\u0646 \u0645\u0638\u0647\u0631 \u0645\u0643\u064a\u0627\u062c \u0628\u062f\u0648\u0646 \u0645\u0643\u064a\u0627\u062c<sup>(1)<\/sup> \u0644\u0644\u0623\u062d\u0632\u0627\u0628 \u061f<\/p>\n<p>\u062d\u0642\u064a\u0628\u0629 \u0645\u0643\u064a\u0627\u062c \u062c\u0645\u064a\u0644\u0629 \u0644\u062a\u062e\u0632\u064a\u0646 \u0623\u0633\u0627\u0633\u064a\u0627\u062a \u062c\u0645\u0627\u0644\u0643. \u0645\u0627 \u064a\u0641\u0639\u0644 \u061f \u0641\u064a \u0647\u0630\u0627 \u0627\u0644\u0634\u062a\u0627\u0621\u060c \u0627\u062d\u0645\u0644\u064a \u062c\u0645\u064a\u0639 \u0645\u0633\u062a\u0644\u0632\u0645\u0627\u062a \u0627\u0644\u0639\u0637\u0644\u0629 \u0627\u0644\u062e\u0627\u0635\u0629 \u0628\u0643 \u0641\u064a \u062d\u0642\u064a\u0628\u0629 \u0645\u0642\u0644\u0645\u0629 \u062c\u0645\u064a\u0644\u0629 \u0628\u0645\u0638\u0647\u0631 \u0627\u0644\u0633\u062a\u0631\u0629.<\/p>\n<p>\u062a\u0635\u0645\u064a\u0645 \u0623\u0635\u0644\u064a \u0644\u0647\u062f\u064a\u0629 \u0641\u0631\u064a\u062f\u0629 - \u062a\u0646\u0633\u064a\u0642 \u0639\u0645\u0644\u064a \u062c\u064a\u062f \u0644\u0644\u0646\u0628\u0627\u062a\u064a\u064a\u0646*<\/p>","protected":false},"excerpt":{"rendered":"<p>DESCRIPTION :\u00a0\u00a0 Envie d&rsquo;un look make-up no make-up(1) pour les f\u00eates ? Une jolie trousse \u00e0 maquillage pour ranger ses essentiels beaut\u00e9. Ce qu&rsquo;il fait ? Cet hiver, transportez tous\u00a0vos essentiels de f\u00eates dans une jolie trousse\u00a0au look doudoune. Un design original pour un cadeau unique &#8211; Un format pratique GOOD FOR VEGAN*<\/p>","protected":false},"featured_media":116231,"comment_status":"open","ping_status":"closed","template":"","meta":{"_acf_changed":false},"product_brand":[],"product_cat":[296,102],"product_tag":[],"class_list":{"0":"post-116209","1":"product","2":"type-product","3":"status-publish","4":"has-post-thumbnail","6":"product_cat-maquillage","7":"product_cat-soin-et-bien-etre","9":"first","10":"outofstock","11":"sale","12":"taxable","13":"shipping-taxable","14":"purchasable","15":"product-type-simple"},"acf":[],"_links":{"self":[{"href":"https:\/\/pharmacima.com\/ar\/wp-json\/wp\/v2\/product\/116209","targetHints":{"allow":["GET"]}}],"collection":[{"href":"https:\/\/pharmacima.com\/ar\/wp-json\/wp\/v2\/product"}],"about":[{"href":"https:\/\/pharmacima.com\/ar\/wp-json\/wp\/v2\/types\/product"}],"replies":[{"embeddable":true,"href":"https:\/\/pharmacima.com\/ar\/wp-json\/wp\/v2\/comments?post=116209"}],"wp:featuredmedia":[{"embeddable":true,"href":"https:\/\/pharmacima.com\/ar\/wp-json\/wp\/v2\/media\/116231"}],"wp:attachment":[{"href":"https:\/\/pharmacima.com\/ar\/wp-json\/wp\/v2\/media?parent=116209"}],"wp:term":[{"taxonomy":"product_brand","embeddable":true,"href":"https:\/\/pharmacima.com\/ar\/wp-json\/wp\/v2\/product_brand?post=116209"},{"taxonomy":"product_cat","embeddable":true,"href":"https:\/\/pharmacima.com\/ar\/wp-json\/wp\/v2\/product_cat?post=116209"},{"taxonomy":"product_tag","embeddable":true,"href":"https:\/\/pharmacima.com\/ar\/wp-json\/wp\/v2\/product_tag?post=116209"}],"curies":[{"name":"wp","href":"https:\/\/api.w.org\/{rel}","templated":true}]}}