{"id":117622,"date":"2023-11-07T10:34:44","date_gmt":"2023-11-07T09:34:44","guid":{"rendered":"https:\/\/pharmacima.com\/?post_type=product&#038;p=117622"},"modified":"2024-01-21T17:07:26","modified_gmt":"2024-01-21T16:07:26","slug":"anthelios-pigment-correction-teinte-spf50-50ml-la-roche-posay","status":"publish","type":"product","link":"https:\/\/pharmacima.com\/ar\/product\/anthelios-pigment-correction-teinte-spf50-50ml-la-roche-posay\/","title":{"rendered":"\u0635\u0628\u063a\u0629 \u0623\u0646\u062b\u064a\u0644\u064a\u0648\u0633 \u0627\u0644\u0645\u0644\u0648\u0646\u0629 \u0627\u0644\u0645\u0635\u062d\u062d\u0629 \u0628\u0639\u0627\u0645\u0644 \u062d\u0645\u0627\u064a\u0629 \u0645\u0646 \u0627\u0644\u0634\u0645\u0633 SPF50+ 50 \u0645\u0644 \u0644\u0627\u0631\u0648\u0634 \u0628\u0648\u0632\u064a\u0647"},"content":{"rendered":"<h2><strong>DESCRIPTION :<\/strong><\/h2>\n<p>La cr\u00e8me solaire visage quotidienne tr\u00e8s haute protection SPF50 Anthelios Pigment Correct est un soin quotidien photocorrecteur qui unifie le teint et pr\u00e9vient l&rsquo;hyperpigmentation.<\/p>\n<p>La nouvelle g\u00e9n\u00e9ration de soins solaires qui aide \u00e0 prot\u00e9ger du photovieillissement induit par l&rsquo;exposition solaire quotidienne, et qui aide \u00e0 corriger visiblement la pigmentation du visage.<\/p>\n<p>Technologie exclusive CELLOX-B3 TECH : Mexoryl XL + Vitamines B3 et E + Eau Thermale de La Roche-Posay. &#8211; Haute Protection UVA\/UVB. &#8211; Anti-Pollution : prot\u00e8ge du stress oxydatif induit par la pollution &#8211; Anti-oxydation: pr\u00e9vient du stress oxydatif induit par les infra-rouges A.<\/p>\n<p>L&rsquo;efficacit\u00e9 contre l&rsquo;hyperpigmentation de la cr\u00e8me solaire visage quotidienne tr\u00e8s haute protection SPF50 Anthelios Oil Correct de La Roche-Posay est due aux actifs correcteurs dermatologiques : Niacinamide + Proc\u00e9rad. 90% des consommateurs per\u00e7oivent un teint plus uniforme imm\u00e9diatement.<\/p>\n<p>L&rsquo;usage de la cr\u00e8me pr\u00e9vient 50% de l&rsquo;hyperpigmentation. La cr\u00e8me solaire visage quotidienne tr\u00e8s haute protection Photocorrection SPF50 Anthelios Oil Correct de La Roche-Posay est test\u00e9e sous contr\u00f4le dermatologique. Non com\u00e9dog\u00e8ne. Hypoallerg\u00e9nique. Haute tol\u00e9rance.<\/p>\n<h2><strong>CONSEIL D&rsquo;UTILISATION :<\/strong><\/h2>\n<p>Quand appliquer la cr\u00e8me solaire visage pigment correct quotidienne Photocorrection SPF50 Anthelios Pigment Correct de La Roche-Posay ? Appliquer uniform\u00e9ment sur tout le visage chaque matin, comme derni\u00e8re \u00e9tape de votre routine de soin et avant le maquillage.<\/p>\n<p>Appliquer sur tout le visage, du haut du front jusqu&rsquo;au bas du menton. Ne pas appliquer sur les yeux. Etaler jusqu&rsquo;\u00e0 ce qu&rsquo;il n&rsquo;y ait plus de traces blanches.<\/p>\n<h2><strong>COMPOSITION :<\/strong><\/h2>\n<p>Aqua \/ Water \/ Eau \u2022 Glycerin \u2022 Propanediol \u2022 Caprylic\/Capric Triglyceride \u2022 Ethylhexyl Salicylate \u2022 C12-15 Alkyl Benzoate \u2022 Alcohol Denat. \u2022 Bis-Ethylhexyloxyphenol Methoxyphenyl Triazine \u2022 Titanium Dioxide [Nano] \/ Titanium Dioxide \u2022 Butyl Methoxydibenzoylmethane \u2022 Ci 77891 \/ Titanium Dioxide \u2022 Drometrizole Trisiloxane \u2022 Styrene\/Acrylates Copolymer \u2022 Dimethicone \u2022 Ci 77492 \/ Iron Oxides \u2022 Zea Mays Starch \/ Corn Starch \u2022 Propylene Glycol \u2022 Synthetic Wax \u2022 Diethylhexyl Butamido Triazone \u2022 Potassium Cetyl Phosphate \u2022 Niacinamide \u2022 Tocopherol \u2022 Aluminum Hydroxide \u2022 Ammonium Polyacryloyldimethyl Taurate \u2022 Butyrospermum Parkii Butter \/ Shea Butter \u2022 Caprylyl Glycol \u2022 Ci 77491 \/ Iron Oxides \u2022 Ci 77499 \/ Iron Oxides \u2022 Citric Acid \u2022 Glyceryl Stearate \u2022 Hydroxypropyl Methylcellulose \u2022 Myristic Acid \u2022 2-Oleamido-1,3-Octadecanediol \u2022 Palmitic Acid \u2022 Peg-100 Stearate \u2022 Peg-8 Laurate \u2022 Sodium Chloride \u2022 Sodium Dodecylbenzenesulfonate \u2022 Stearic Acid \u2022 Triethanolamine \u2022 Trisodium Ethylenediamine Disuccinate.<\/p>\n","protected":false},"excerpt":{"rendered":"<p><\/p>","protected":false},"featured_media":117624,"comment_status":"open","ping_status":"closed","template":"","meta":{"_acf_changed":false},"product_brand":[],"product_cat":[102,137],"product_tag":[],"class_list":{"0":"post-117622","1":"product","2":"type-product","3":"status-publish","4":"has-post-thumbnail","6":"product_cat-soin-et-bien-etre","7":"product_cat-visage","9":"first","10":"outofstock","11":"taxable","12":"shipping-taxable","13":"purchasable","14":"product-type-simple"},"acf":[],"_links":{"self":[{"href":"https:\/\/pharmacima.com\/ar\/wp-json\/wp\/v2\/product\/117622","targetHints":{"allow":["GET"]}}],"collection":[{"href":"https:\/\/pharmacima.com\/ar\/wp-json\/wp\/v2\/product"}],"about":[{"href":"https:\/\/pharmacima.com\/ar\/wp-json\/wp\/v2\/types\/product"}],"replies":[{"embeddable":true,"href":"https:\/\/pharmacima.com\/ar\/wp-json\/wp\/v2\/comments?post=117622"}],"wp:featuredmedia":[{"embeddable":true,"href":"https:\/\/pharmacima.com\/ar\/wp-json\/wp\/v2\/media\/117624"}],"wp:attachment":[{"href":"https:\/\/pharmacima.com\/ar\/wp-json\/wp\/v2\/media?parent=117622"}],"wp:term":[{"taxonomy":"product_brand","embeddable":true,"href":"https:\/\/pharmacima.com\/ar\/wp-json\/wp\/v2\/product_brand?post=117622"},{"taxonomy":"product_cat","embeddable":true,"href":"https:\/\/pharmacima.com\/ar\/wp-json\/wp\/v2\/product_cat?post=117622"},{"taxonomy":"product_tag","embeddable":true,"href":"https:\/\/pharmacima.com\/ar\/wp-json\/wp\/v2\/product_tag?post=117622"}],"curies":[{"name":"wp","href":"https:\/\/api.w.org\/{rel}","templated":true}]}}