{"id":12569,"date":"2021-11-07T21:20:02","date_gmt":"2021-11-07T20:20:02","guid":{"rendered":"https:\/\/pharmacima.dz\/?post_type=product&#038;p=12569"},"modified":"2024-07-27T18:36:20","modified_gmt":"2024-07-27T17:36:20","slug":"creme-5-bebe-30g-bepanthen","status":"publish","type":"product","link":"https:\/\/pharmacima.com\/ar\/product\/creme-5-bebe-30g-bepanthen\/","title":{"rendered":"Cr\u00e8me 5% Bebe 30g Bepanthen"},"content":{"rendered":"<h2><strong>\u0648\u0635\u0641 :\u00a0<\/strong><\/h2>\n<p><strong>Bepanthen 5% pommade\u00a0<\/strong>est un m\u00e9dicament indiqu\u00e9 dans\u00a0la prise en charge\u00a0de l&rsquo;<strong>irritation de la peau<\/strong>, notamment en cas d<strong>&lsquo;\u00e9ryth\u00e8me fessier\u00a0<\/strong>(fesses rouges) du nourrisson.<\/p>\n<p>Les irritations cutan\u00e9es correspondent \u00e0 une alt\u00e9ration de la barri\u00e8re protectrice de la peau. Elles se manifestent par des rougeurs, la peau qui p\u00e8le ou qui se craquelle. Elles peuvent \u00eatre provoqu\u00e9es par des produits, des frottements, le froid, etc.<\/p>\n<h3>Bepanthen Pommade, appliqu\u00e9e sur les fesses irrit\u00e9es de b\u00e9b\u00e9 \u00e0 chaque change :<\/h3>\n<ul>\n<li>\u064a\u0647\u062f\u0626 \u0645\u0646 \u0627\u0644\u062a\u0637\u0628\u064a\u0642 \u0627\u0644\u0623\u0648\u0644<\/li>\n<li>\u064a\u062e\u0644\u0642 \u062d\u0627\u062c\u0632\u064b\u0627 \u0648\u0642\u0627\u0626\u064a\u064b\u0627 \u0636\u062f \u0627\u0644\u0627\u0639\u062a\u062f\u0627\u0621\u0627\u062a \u0627\u0644\u062e\u0627\u0631\u062c\u064a\u0629\u060c \u0645\u062b\u0644 \u0627\u0644\u0628\u0648\u0644 \u0623\u0648 \u0627\u0644\u0628\u0631\u0627\u0632 \u0623\u0648 \u0627\u0644\u0627\u062d\u062a\u0643\u0627\u0643<\/li>\n<li>\u0625\u0635\u0644\u0627\u062d\u0627\u062a \u0645\u0646 \u062e\u0644\u0627\u0644 \u062a\u0639\u0632\u064a\u0632 \u0627\u0644\u062a\u062c\u062f\u064a\u062f \u0627\u0644\u0637\u0628\u064a\u0639\u064a \u0644\u0644\u0628\u0634\u0631\u0629<\/li>\n<\/ul>\n<h2><strong>\u0646\u0635\u064a\u062d\u0629 \u0627\u0644\u0627\u0633\u062a\u062e\u062f\u0627\u0645:<\/strong><\/h2>\n<p>\u0645\u0646 1<sup>ers<\/sup>\u00a0\u0636\u0639\u064a \u0639\u0644\u0627\u0645\u0627\u062a \u0627\u0644\u0627\u062d\u0645\u0631\u0627\u0631 \u0639\u0644\u0649 \u0645\u0624\u062e\u0631\u0629 \u0627\u0644\u0637\u0641\u0644\u00a0<strong>\u0628\u064a\u0628\u0627\u0646\u062b\u064a\u0646<sup>\u00ae<\/sup>\u00a0\u0645\u0631\u0647\u0645<\/strong>\u00a0\u0639\u0646\u062f \u0643\u0644 \u062a\u063a\u064a\u064a\u0631 \u0639\u0646 \u0637\u0631\u064a\u0642 \u0627\u0644\u062a\u062f\u0644\u064a\u0643 \u0627\u0644\u062e\u0641\u064a\u0641\u00a0<strong>\u0645\u0624\u062e\u0631\u0629 \u0637\u0641\u0644\u0643<\/strong><strong>.<\/strong><\/p>\n<h2><strong>\u0627\u0644\u062a\u0631\u0643\u064a\u0628\u0629 :<\/strong><\/h2>\n<p>\u0628\u0631\u0648\u062a\u064a\u0646<sup>\u00ae<\/sup>\u060c \u0647\u0644\u0627\u0645 \u0627\u0644\u0628\u062a\u0631\u0648\u0644\u060c \u062f\u0647\u0646 \u0627\u0644\u0635\u0648\u0641\u060c \u0634\u0645\u0639 \u0627\u0644\u0639\u0633\u0644 \u0627\u0644\u0623\u0628\u064a\u0636\u060c \u0632\u064a\u062a \u0627\u0644\u0644\u0648\u0632\u060c \u0643\u062d\u0648\u0644 \u0633\u064a\u062a\u064a\u0644\u060c \u0643\u062d\u0648\u0644 \u0633\u062a\u064a\u0627\u0631\u064a\u0644\u064a\u060c \u0628\u0627\u0631\u0627\u0641\u064a\u0646 \u0633\u0627\u0626\u0644\u060c \u0645\u0627\u0621 \u0646\u0642\u064a.<\/p>","protected":false},"excerpt":{"rendered":"<p>DESCRIPTION :\u00a0 Bepanthen 5% pommade\u00a0est un m\u00e9dicament indiqu\u00e9 dans\u00a0la prise en charge\u00a0de l&rsquo;irritation de la peau, notamment en cas d&lsquo;\u00e9ryth\u00e8me fessier\u00a0(fesses rouges) du nourrisson. Les irritations cutan\u00e9es correspondent \u00e0 une alt\u00e9ration de la barri\u00e8re protectrice de la peau. Elles se manifestent par des rougeurs, la peau qui p\u00e8le ou qui se craquelle. Elles peuvent \u00eatre [&hellip;]<\/p>\n","protected":false},"featured_media":140681,"comment_status":"open","ping_status":"closed","template":"","meta":{"_acf_changed":false},"product_brand":[],"product_cat":[102,139],"product_tag":[984,1199,1061,909,957,804],"class_list":{"0":"post-12569","1":"product","2":"type-product","3":"status-publish","4":"has-post-thumbnail","6":"product_cat-soin-et-bien-etre","7":"product_cat-corps_","8":"product_tag-Antiirritant","9":"product_tag-nourrissant-bebe","10":"product_tag-Peauxfragiles","11":"product_tag-Pommade","12":"product_tag-Protecteur","13":"product_tag-SoinApaisant","15":"first","16":"outofstock","17":"sale","18":"taxable","19":"shipping-taxable","20":"purchasable","21":"product-type-simple"},"acf":[],"_links":{"self":[{"href":"https:\/\/pharmacima.com\/ar\/wp-json\/wp\/v2\/product\/12569","targetHints":{"allow":["GET"]}}],"collection":[{"href":"https:\/\/pharmacima.com\/ar\/wp-json\/wp\/v2\/product"}],"about":[{"href":"https:\/\/pharmacima.com\/ar\/wp-json\/wp\/v2\/types\/product"}],"replies":[{"embeddable":true,"href":"https:\/\/pharmacima.com\/ar\/wp-json\/wp\/v2\/comments?post=12569"}],"wp:featuredmedia":[{"embeddable":true,"href":"https:\/\/pharmacima.com\/ar\/wp-json\/wp\/v2\/media\/140681"}],"wp:attachment":[{"href":"https:\/\/pharmacima.com\/ar\/wp-json\/wp\/v2\/media?parent=12569"}],"wp:term":[{"taxonomy":"product_brand","embeddable":true,"href":"https:\/\/pharmacima.com\/ar\/wp-json\/wp\/v2\/product_brand?post=12569"},{"taxonomy":"product_cat","embeddable":true,"href":"https:\/\/pharmacima.com\/ar\/wp-json\/wp\/v2\/product_cat?post=12569"},{"taxonomy":"product_tag","embeddable":true,"href":"https:\/\/pharmacima.com\/ar\/wp-json\/wp\/v2\/product_tag?post=12569"}],"curies":[{"name":"wp","href":"https:\/\/api.w.org\/{rel}","templated":true}]}}