{"id":12947,"date":"2021-11-18T11:20:44","date_gmt":"2021-11-18T10:20:44","guid":{"rendered":"https:\/\/pharmacima.dz\/?post_type=product&#038;p=12947"},"modified":"2024-01-15T20:39:37","modified_gmt":"2024-01-15T19:39:37","slug":"serum-visage-repulpant-a-lacide-hyaluronique-50ml-mineral-89-vichy","status":"publish","type":"product","link":"https:\/\/pharmacima.com\/ar\/product\/serum-visage-repulpant-a-lacide-hyaluronique-50ml-mineral-89-vichy\/","title":{"rendered":"\u0633\u064a\u0631\u0648\u0645 \u0644\u0646\u0641\u062e \u0627\u0644\u0648\u062c\u0647 50 \u0645\u0644 \u0645\u0639\u062f\u0646\u064a 89 \u0641\u064a\u0634\u064a"},"content":{"rendered":"<div class=\"product-tabs\">\n<h3 class=\"tabs-title\"><strong>Description :<\/strong><\/h3>\n<div class=\"std new-std\">\n<p>La formule, hautement concentr\u00e9, de ce\u00a0<strong>serum quotidie<\/strong>n pour le visage :<\/p>\n<p>&#8211; Offre un concentr\u00e9 d\u2019eau thermale min\u00e9ralisante Vichy \u00e0 89% associ\u00e9 \u00e0 de l\u2019<strong>acide hyaluronique<\/strong>\u00a0pour une action renforc\u00e9e de la barri\u00e8re cutan\u00e9e. Cette association permet\u00a0<strong>d\u2019hydrater<\/strong>, de\u00a0<strong>repulper<\/strong>\u00a0&amp; de\u00a0<strong>fortifier<\/strong>\u00a0la peau<br \/>&#8211; Pendant\u00a0<strong>24h*<\/strong>, la peau est\u00a0<strong>hydrat\u00e9e<\/strong>\u00a0et\u00a0<strong>prot\u00e9g\u00e9e<\/strong>\u00a0des agressions ext\u00e9rieures [<strong>pollution<\/strong>, stress et fatigue]<br \/>&#8211; Apporte une dose d\u2019\u00e9nergie au quotidien<br \/>&#8211; A \u00e9t\u00e9 test\u00e9e sur\u00a0<strong>peau sensible<\/strong>\u00a0et sous<strong>\u00a0contr\u00f4le dermatologique<\/strong>. Sa formule, haute tol\u00e9rance, est\u00a0<strong>hypoallerg\u00e9nique<\/strong>.<\/p>\n<p>Les\u00a0<strong>r\u00e9sultats<\/strong>\u00a0de ce\u00a0<strong>soin \u00e0 l\u2019acide hyaluronique<\/strong>\u00a0sont\u00a0<strong>cliniquement prouv\u00e9s*<\/strong>, la peau retrouve sa tonicit\u00e9 +10,1%*, son rebond +11,4%*.<br \/>Ce n\u2019est pas tout puisque la\u00a0<strong>peau<\/strong>\u00a0est\u00a0<strong>repulp\u00e9e<\/strong>\u00a0+21%**, douce +21%**,\u00a0<strong>\u00e9clatante<\/strong>\u00a0+26%** et homog\u00e8ne +20%**.<\/p>\n<p>Convient \u00e0\u00a0<strong>tous types de peau<\/strong>\u00a0en 1er geste de beaut\u00e9<\/p>\n<p>* Test du DTM sur 40 femmes, pr\u00e9sentant des probl\u00e8mes de tonicit\u00e9 cutan\u00e9e. R\u00e9sultats imm\u00e9diats<br \/>** Test r\u00e9alis\u00e9 sur 52 femmes de tous types de peaux. 100% de peaux sensibles pendant 4 semaines.<\/p>\n<p><iframe src=\"https:\/\/www.youtube.com\/embed\/khL_mDljnjg\" width=\"560\" height=\"315\" frameborder=\"0\"><\/iframe><\/p>\n<\/div>\n<\/div>\n<div class=\"product-tabs\">\n<h3 class=\"tabs-title\"><strong>Conseils d&rsquo;utilisation :<\/strong><\/h3>\n<div class=\"std new-std\">\n<p>Appliquer,\u00a0<strong>quotidiennement<\/strong>\u00a0le matin et le soir sur une peau parfaitement nettoy\u00e9e et avec des mains propres, 1 \u00e0 2 pressions de votre serum sur<strong>\u00a0l\u2019ensemble du visage et du cou<\/strong>.<br \/>Eviter le contour des yeux.<br \/><strong>Masser<\/strong>, ensuite, d\u00e9licatement du bout des doigts votre peau par l\u00e9gers mouvements de l\u2019int\u00e9rieur vers l\u2019ext\u00e9rieur.<br \/>Gr\u00e2ce \u00e0 sa formule enrichie en\u00a0<strong>Eau Thermale Min\u00e9ralisante<\/strong>\u00a0de Vichy associ\u00e9e \u00e0\u00a0<strong>l\u2019acide hyaluronique<\/strong>, la peau est, imm\u00e9diatement,\u00a0<strong>hydrat\u00e9e<\/strong>\u00a0et\u00a0<strong>repulp\u00e9e<\/strong>.<br \/>Id\u00e9al pour toutes les peaux<\/p>\n<\/div>\n<\/div>\n<div class=\"product-tabs\">\n<h3 class=\"tabs-title\"><strong>Composition :\u00a0<\/strong><\/h3>\n<div class=\"std new-std\">\n<p>La\u00a0liste\u00a0des\u00a0ingr\u00e9dients\u00a0peut\u00a0\u00eatre\u00a0soumise\u00a0\u00e0\u00a0des\u00a0variations,\u00a0nous\u00a0vous\u00a0conseillons\u00a0de\u00a0toujours\u00a0v\u00e9rifier\u00a0la\u00a0liste\u00a0figurant\u00a0sur\u00a0le\u00a0produit\u00a0achet\u00e9.<\/p>\n<p>Formule INCI : Aqua \/ Water , Peg\/Ppg\/Polybutylene Glycol-8\/5\/3 Glycerin , Glycerin , Butylene Glycol , Methyl Gluceth-20 , Carbomer , Sodium Hyaluronate , Phenoxyethanol , Caprylyl Glycol , Citric Acid , Biosaccharide Gum-1 (F.I.L. B199024\/1).<\/p>\n<hr>\n<p><em>La liste des ingr\u00e9dients peut \u00eatre soumise \u00e0 des variations, nous vous conseillons de toujours v\u00e9rifier la liste figurant sur le produit achet\u00e9.\u00a0<\/em><\/p>\n<\/div>\n<\/div>\n","protected":false},"excerpt":{"rendered":"<p>\u0628\u0634\u0631\u0629 \u0645\u062a\u062c\u0627\u0646\u0633\u0629 \u0648\u0631\u0637\u0628\u0629.<\/p>\n<p>50 \u0645\u0644.<\/p>","protected":false},"featured_media":12948,"comment_status":"open","ping_status":"closed","template":"","meta":{"_acf_changed":false},"product_brand":[],"product_cat":[137,711,102],"product_tag":[920],"class_list":{"0":"post-12947","1":"product","2":"type-product","3":"status-publish","4":"has-post-thumbnail","6":"product_cat-visage","7":"product_cat-cou","8":"product_cat-soin-et-bien-etre","9":"product_tag-Peauxsensibles","11":"first","12":"outofstock","13":"sale","14":"taxable","15":"shipping-taxable","16":"purchasable","17":"product-type-simple"},"acf":[],"_links":{"self":[{"href":"https:\/\/pharmacima.com\/ar\/wp-json\/wp\/v2\/product\/12947","targetHints":{"allow":["GET"]}}],"collection":[{"href":"https:\/\/pharmacima.com\/ar\/wp-json\/wp\/v2\/product"}],"about":[{"href":"https:\/\/pharmacima.com\/ar\/wp-json\/wp\/v2\/types\/product"}],"replies":[{"embeddable":true,"href":"https:\/\/pharmacima.com\/ar\/wp-json\/wp\/v2\/comments?post=12947"}],"wp:featuredmedia":[{"embeddable":true,"href":"https:\/\/pharmacima.com\/ar\/wp-json\/wp\/v2\/media\/12948"}],"wp:attachment":[{"href":"https:\/\/pharmacima.com\/ar\/wp-json\/wp\/v2\/media?parent=12947"}],"wp:term":[{"taxonomy":"product_brand","embeddable":true,"href":"https:\/\/pharmacima.com\/ar\/wp-json\/wp\/v2\/product_brand?post=12947"},{"taxonomy":"product_cat","embeddable":true,"href":"https:\/\/pharmacima.com\/ar\/wp-json\/wp\/v2\/product_cat?post=12947"},{"taxonomy":"product_tag","embeddable":true,"href":"https:\/\/pharmacima.com\/ar\/wp-json\/wp\/v2\/product_tag?post=12947"}],"curies":[{"name":"wp","href":"https:\/\/api.w.org\/{rel}","templated":true}]}}