{"id":13118,"date":"2021-11-23T16:02:41","date_gmt":"2021-11-23T15:02:41","guid":{"rendered":"https:\/\/pharmacima.dz\/?post_type=product&#038;p=13118"},"modified":"2026-05-11T11:26:32","modified_gmt":"2026-05-11T10:26:32","slug":"patch-25mg-16h-7-dispositifs-nicoretteskin","status":"publish","type":"product","link":"https:\/\/pharmacima.com\/ar\/product\/patch-25mg-16h-7-dispositifs-nicoretteskin\/","title":{"rendered":"\u062a\u0635\u062d\u064a\u062d 25 \u0645\u0644\u063a \/ 16 \u0633\u0627\u0639\u0629 7 \u0623\u062c\u0647\u0632\u0629 \u0646\u064a\u0643\u0648\u0631\u064a\u062a\u0633\u0643\u064a\u0646"},"content":{"rendered":"<div id=\"content-usage_warnings\" class=\"accordionProductDescription active\">\n<h3 class=\"h5 py-2\"><strong>\u0627\u0644\u0645\u062d\u0627\u0630\u064a\u0631 \u0648\u0627\u0644\u0625\u062d\u062a\u064a\u0627\u0637\u0627\u062a:<\/strong><\/h3>\n<div class=\"content\">\n<p>\u0648\u0644\u0636\u0645\u0627\u0646 \u0623\u0641\u0636\u0644 \u0641\u0631\u0635\u0629 \u0644\u0644\u0646\u062c\u0627\u062d\u060c \u064a\u062c\u0628 \u0623\u0646 \u064a\u0635\u0627\u062d\u0628 \u0627\u0633\u062a\u062e\u062f\u0627\u0645 \u0647\u0630\u0627 \u0627\u0644\u062f\u0648\u0627\u0621 \u0627\u0644\u062a\u0648\u0642\u0641 \u0627\u0644\u062a\u0627\u0645 \u0639\u0646 \u0627\u0633\u062a\u0647\u0644\u0627\u0643 \u0627\u0644\u062a\u0628\u063a.<\/p>\n<p>\u0644\u0627 \u064a\u0646\u0628\u063a\u064a \u0627\u0633\u062a\u062e\u062f\u0627\u0645 \u062c\u0647\u0627\u0632 NICORETTESKIN \u0645\u0646 \u0642\u0628\u0644 \u063a\u064a\u0631 \u0627\u0644\u0645\u062f\u062e\u0646\u064a\u0646.<\/p>\n<p>\u00b7 \u064a\u062c\u0628 \u062a\u0634\u062c\u064a\u0639 \u0627\u0644\u0645\u062f\u062e\u0646\u064a\u0646 \u0627\u0644\u0645\u062f\u0645\u0646\u064a\u0646 \u0627\u0644\u0630\u064a\u0646 \u0644\u062f\u064a\u0647\u0645 \u062a\u0627\u0631\u064a\u062e \u062d\u062f\u064a\u062b \u0645\u0646 \u0627\u062d\u062a\u0634\u0627\u0621 \u0639\u0636\u0644\u0629 \u0627\u0644\u0642\u0644\u0628\u060c \u0648\u0627\u0644\u0630\u0628\u062d\u0629 \u0627\u0644\u0635\u062f\u0631\u064a\u0629 \u063a\u064a\u0631 \u0627\u0644\u0645\u0633\u062a\u0642\u0631\u0629 \u0623\u0648 \u0627\u0644\u0645\u062a\u0641\u0627\u0642\u0645\u0629\u060c \u0628\u0645\u0627 \u0641\u064a \u0630\u0644\u0643 \u0630\u0628\u062d\u0629 \u0628\u0631\u064a\u0646\u0632\u0645\u064a\u062a\u0627\u0644\u060c \u0648\u0639\u062f\u0645 \u0627\u0646\u062a\u0638\u0627\u0645 \u0636\u0631\u0628\u0627\u062a \u0627\u0644\u0642\u0644\u0628 \u0627\u0644\u0634\u062f\u064a\u062f\u0629\u060c \u0648\u0627\u0631\u062a\u0641\u0627\u0639 \u0636\u063a\u0637 \u0627\u0644\u062f\u0645 \u063a\u064a\u0631 \u0627\u0644\u0645\u0633\u062a\u0642\u0631 \u0623\u0648 \u0627\u0644\u0633\u0643\u062a\u0629 \u0627\u0644\u062f\u0645\u0627\u063a\u064a\u0629 \u0639\u0644\u0649 \u0627\u0644\u062a\u0648\u0642\u0641 \u0639\u0646 \u0627\u0644\u062a\u062f\u062e\u064a\u0646 \u062f\u0648\u0646 \u0639\u0644\u0627\u062c \u0628\u062f\u064a\u0644 (\u0627\u0644\u0645\u0633\u0627\u0639\u062f\u0629 \u0627\u0644\u0646\u0641\u0633\u064a\u0629 \u0639\u0644\u0649 \u0633\u0628\u064a\u0644 \u0627\u0644\u0645\u062b\u0627\u0644). \u0625\u0630\u0627 \u0641\u0634\u0644 \u0647\u0630\u0627\u060c \u064a\u0645\u0643\u0646 \u0627\u0644\u0646\u0638\u0631 \u0641\u064a \u062c\u0647\u0627\u0632 NICORETTESKIN. \u0648\u0645\u0639 \u0630\u0644\u0643\u060c \u0646\u0638\u0631\u064b\u0627 \u0644\u0645\u062d\u062f\u0648\u062f\u064a\u0629 \u0627\u0644\u0628\u064a\u0627\u0646\u0627\u062a \u0627\u0644\u0645\u062a\u0639\u0644\u0642\u0629 \u0628\u0647\u0630\u0647 \u0627\u0644\u0645\u062c\u0645\u0648\u0639\u0629 \u0645\u0646 \u0627\u0644\u0645\u0631\u0636\u0649\u060c \u0644\u0627 \u064a\u0645\u0643\u0646 \u0623\u0646 \u064a\u062a\u0645 \u0630\u0644\u0643 \u0625\u0644\u0627 \u062a\u062d\u062a \u0625\u0634\u0631\u0627\u0641 \u0637\u0628\u064a \u062f\u0642\u064a\u0642.<\/p>\n<p>\u00b7 \u0645\u0631\u0636 \u0627\u0644\u0633\u0643\u0631\u064a: \u064a\u0646\u0635\u062d \u0645\u0631\u0636\u0649 \u0627\u0644\u0633\u0643\u0631\u064a \u0628\u0645\u0631\u0627\u0642\u0628\u0629 \u0646\u0633\u0628\u0629 \u0627\u0644\u0633\u0643\u0631 \u0641\u064a \u0627\u0644\u062f\u0645 \u0639\u0646 \u0643\u062b\u0628 \u0639\u0646\u062f \u0627\u0644\u062a\u0648\u0642\u0641 \u0639\u0646 \u0627\u0644\u062a\u062f\u062e\u064a\u0646 \u0648\u0627\u0644\u0628\u062f\u0621 \u0641\u064a \u0627\u0644\u0639\u0644\u0627\u062c \u0628\u0628\u062f\u0627\u0626\u0644 \u0627\u0644\u0646\u064a\u0643\u0648\u062a\u064a\u0646 \u0644\u0623\u0646 \u0625\u0637\u0644\u0627\u0642 \u0627\u0644\u0643\u0627\u062a\u064a\u0643\u0648\u0644\u0627\u0645\u064a\u0646\u0627\u062a \u0627\u0644\u0646\u0627\u062c\u0645 \u0639\u0646 \u0627\u0646\u062e\u0641\u0627\u0636 \u062a\u0646\u0627\u0648\u0644 \u0627\u0644\u0646\u064a\u0643\u0648\u062a\u064a\u0646 \u0642\u062f \u064a\u0624\u062b\u0631 \u0639\u0644\u0649 \u0627\u0633\u062a\u0642\u0644\u0627\u0628 \u0627\u0644\u0643\u0631\u0628\u0648\u0647\u064a\u062f\u0631\u0627\u062a.<\/p>\n<p>\u00b7 \u0627\u0644\u062d\u0633\u0627\u0633\u064a\u0629: \u062d\u0633\u0627\u0633\u064a\u0629 \u0644\u0644\u0648\u0630\u0645\u0629 \u0627\u0644\u0648\u0639\u0627\u0626\u064a\u0629 \u0648\u0627\u0644\u0634\u0631\u0649.<\/p>\n<p>\u064a\u062c\u0628 \u0625\u062c\u0631\u0627\u0621 \u062a\u0642\u064a\u064a\u0645 \u0627\u0644\u0641\u0648\u0627\u0626\u062f\/\u0627\u0644\u0645\u062e\u0627\u0637\u0631 \u0645\u0646 \u0642\u0628\u0644 \u0623\u062e\u0635\u0627\u0626\u064a \u0631\u0639\u0627\u064a\u0629 \u0635\u062d\u064a\u0629 \u0645\u0624\u0647\u0644 \u0644\u0644\u0645\u0631\u0636\u0649 \u0627\u0644\u0630\u064a\u0646 \u064a\u0639\u0627\u0646\u0648\u0646 \u0645\u0646 \u0627\u0644\u0623\u0645\u0631\u0627\u0636 \u0627\u0644\u062a\u0627\u0644\u064a\u0629:<\/p>\n<p>\u00b7 Insuffisance r\u00e9nale et h\u00e9patique : utiliser avec pr\u00e9caution chez les patients souffrant d&#039;insuffisance h\u00e9patique mod\u00e9r\u00e9e \u00e0 s\u00e9v\u00e8re et\/ou d&#039;insuffisance r\u00e9nale s\u00e9v\u00e8re car la clairance de la nicotine et de ses m\u00e9tabolites peut \u00eatre r\u00e9duite, ce qui peut augmenter le risque d&#039; \u0627\u0639\u0631\u0627\u0636 \u062c\u0627\u0646\u0628\u064a\u0629.<\/p>\n<p>\u00b7 \u0648\u0631\u0645 \u0627\u0644\u0642\u0648\u0627\u062a\u0645 \u0648\u0641\u0631\u0637 \u0646\u0634\u0627\u0637 \u0627\u0644\u063a\u062f\u0629 \u0627\u0644\u062f\u0631\u0642\u064a\u0629 \u063a\u064a\u0631 \u0627\u0644\u0645\u0646\u0636\u0628\u0637: \u064a\u0633\u062a\u062e\u062f\u0645 \u0628\u062d\u0630\u0631 \u0641\u064a \u0627\u0644\u0645\u0631\u0636\u0649 \u0627\u0644\u0630\u064a\u0646 \u064a\u0639\u0627\u0646\u0648\u0646 \u0645\u0646 \u0641\u0631\u0637 \u0646\u0634\u0627\u0637 \u0627\u0644\u063a\u062f\u0629 \u0627\u0644\u062f\u0631\u0642\u064a\u0629 \u063a\u064a\u0631 \u0627\u0644\u0645\u0646\u0636\u0628\u0637 \u0623\u0648 \u0648\u0631\u0645 \u0627\u0644\u0642\u0648\u0627\u062a\u0645 \u0644\u0623\u0646 \u0627\u0644\u0646\u064a\u0643\u0648\u062a\u064a\u0646 \u064a\u0633\u0628\u0628 \u0625\u0637\u0644\u0627\u0642 \u0627\u0644\u0643\u0627\u062a\u064a\u0643\u0648\u0644\u0627\u0645\u064a\u0646\u0627\u062a.<\/p>\n<p>\u00b7 \u0627\u0636\u0637\u0631\u0627\u0628\u0627\u062a \u0627\u0644\u062c\u0647\u0627\u0632 \u0627\u0644\u0647\u0636\u0645\u064a: \u0641\u064a \u0627\u0644\u0645\u0631\u0636\u0649 \u0627\u0644\u0630\u064a\u0646 \u064a\u0639\u0627\u0646\u0648\u0646 \u0645\u0646 \u0627\u0644\u062a\u0647\u0627\u0628 \u0627\u0644\u0645\u0631\u064a\u0621 \u0623\u0648 \u0627\u0644\u0642\u0631\u062d\u0629 \u0627\u0644\u0647\u0636\u0645\u064a\u0629 \u0623\u0648 \u0627\u0644\u0645\u0639\u062f\u0629\u060c \u0642\u062f \u064a\u0624\u062f\u064a \u062a\u0646\u0627\u0648\u0644 \u0627\u0644\u0646\u064a\u0643\u0648\u062a\u064a\u0646 \u0625\u0644\u0649 \u062a\u0641\u0627\u0642\u0645 \u0627\u0644\u0623\u0639\u0631\u0627\u0636\u060c \u0648\u064a\u062c\u0628 \u0627\u0633\u062a\u062e\u062f\u0627\u0645 \u0627\u0644\u0639\u0644\u0627\u062c\u0627\u062a \u0627\u0644\u0628\u062f\u064a\u0644\u0629 \u0644\u0644\u0646\u064a\u0643\u0648\u062a\u064a\u0646 \u0639\u0646 \u0637\u0631\u064a\u0642 \u0627\u0644\u0641\u0645 \u0628\u062d\u0630\u0631.<\/p>\n<p>\u062e\u0637\u0631 \u0639\u0644\u0649 \u0627\u0644\u0623\u0637\u0641\u0627\u0644 \u0627\u0644\u0635\u063a\u0627\u0631: \u062c\u0631\u0639\u0627\u062a \u0627\u0644\u0646\u064a\u0643\u0648\u062a\u064a\u0646 \u0627\u0644\u062a\u064a \u064a\u062a\u062d\u0645\u0644\u0647\u0627 \u0627\u0644\u0645\u062f\u062e\u0646\u0648\u0646 \u0627\u0644\u0628\u0627\u0644\u063a\u0648\u0646 \u0648\u0627\u0644\u0645\u0631\u0627\u0647\u0642\u064a\u0646 \u064a\u0645\u0643\u0646 \u0623\u0646 \u062a\u0633\u0628\u0628 \u062a\u0633\u0645\u0645\u064b\u0627 \u062d\u0627\u062f\u064b\u0627\u060c \u0648\u062d\u062a\u0649 \u0645\u0645\u064a\u062a\u064b\u0627\u060c \u0644\u062f\u0649 \u0627\u0644\u0623\u0637\u0641\u0627\u0644 \u0627\u0644\u0635\u063a\u0627\u0631. \u0644\u0627 \u062a\u062a\u0631\u0643 \u0627\u0644\u0645\u0646\u062a\u062c\u0627\u062a \u0627\u0644\u062a\u064a \u062a\u062d\u062a\u0648\u064a \u0639\u0644\u0649 \u0627\u0644\u0646\u064a\u0643\u0648\u062a\u064a\u0646 \u062d\u064a\u062b \u064a\u0645\u0643\u0646 \u0644\u0644\u0623\u0637\u0641\u0627\u0644 \u0627\u0633\u062a\u062e\u062f\u0627\u0645\u0647\u0627 \u0628\u0634\u0643\u0644 \u063a\u064a\u0631 \u0635\u062d\u064a\u062d \u0623\u0648 \u0627\u0644\u062a\u0639\u0627\u0645\u0644 \u0645\u0639\u0647\u0627 \u0623\u0648 \u062a\u0646\u0627\u0648\u0644\u0647\u0627 (\u0627\u0646\u0638\u0631 \u0627\u0644\u062a\u0639\u0644\u064a\u0645\u0627\u062a).<\/p>\n<p>\u0646\u0642\u0644 \u0627\u0644\u0627\u0639\u062a\u0645\u0627\u062f: \u064a\u0645\u0643\u0646 \u0623\u0646 \u064a\u0638\u0647\u0631 \u0646\u0642\u0644 \u0627\u0644\u0627\u0639\u062a\u0645\u0627\u062f\u060c \u0648\u0644\u0643\u0646\u0647 \u0623\u0642\u0644 \u0636\u0631\u0631\u0627\u064b \u0648\u0623\u0633\u0647\u0644 \u0641\u064a \u0645\u0643\u0627\u0641\u062d\u062a\u0647 \u0645\u0646 \u0627\u0644\u0627\u0639\u062a\u0645\u0627\u062f \u0639\u0644\u0649 \u0627\u0644\u062a\u0628\u063a.<\/p>\n<p>\u0627\u0644\u0625\u0642\u0644\u0627\u0639 \u0639\u0646 \u0627\u0644\u062a\u062f\u062e\u064a\u0646: \u062a\u062a\u0633\u0628\u0628 \u0627\u0644\u0647\u064a\u062f\u0631\u0648\u0643\u0631\u0628\u0648\u0646\u0627\u062a \u0627\u0644\u0639\u0637\u0631\u064a\u0629 \u0645\u062a\u0639\u062f\u062f\u0629 \u0627\u0644\u062d\u0644\u0642\u0627\u062a \u0627\u0644\u0645\u0648\u062c\u0648\u062f\u0629 \u0641\u064a \u062f\u062e\u0627\u0646 \u0627\u0644\u062a\u0628\u063a \u0641\u064a \u0627\u0633\u062a\u0642\u0644\u0627\u0628 \u0627\u0644\u0623\u062f\u0648\u064a\u0629 \u0627\u0644\u062a\u064a \u064a\u062a\u0645 \u0627\u0633\u062a\u0642\u0644\u0627\u0628\u0647\u0627 \u0628\u0648\u0627\u0633\u0637\u0629 CYP 1A2 (\u0648\u0631\u0628\u0645\u0627 \u0628\u0648\u0627\u0633\u0637\u0629 CYP 1A1). \u064a\u0645\u0643\u0646 \u0623\u0646 \u064a\u0624\u062f\u064a \u0627\u0644\u062a\u0648\u0642\u0641 \u0639\u0646 \u0627\u0644\u062a\u062f\u062e\u064a\u0646 \u0625\u0644\u0649 \u062a\u0628\u0627\u0637\u0624 \u0639\u0645\u0644\u064a\u0629 \u0627\u0644\u062a\u0645\u062b\u064a\u0644 \u0627\u0644\u063a\u0630\u0627\u0626\u064a \u0644\u0647\u0630\u0647 \u0627\u0644\u0623\u062f\u0648\u064a\u0629\u060c \u0648\u0628\u0627\u0644\u062a\u0627\u0644\u064a \u0632\u064a\u0627\u062f\u0629 \u062a\u0631\u0643\u064a\u0632\u0647\u0627 \u0641\u064a \u0627\u0644\u062f\u0645. \u0642\u062f \u064a\u0643\u0648\u0646 \u0647\u0630\u0627 \u0630\u0627 \u0623\u0647\u0645\u064a\u0629 \u0633\u0631\u064a\u0631\u064a\u0629 \u0628\u0627\u0644\u0646\u0633\u0628\u0629 \u0644\u0644\u0645\u0646\u062a\u062c\u0627\u062a \u0630\u0627\u062a \u0627\u0644\u0646\u0627\u0641\u0630\u0629 \u0627\u0644\u0639\u0644\u0627\u062c\u064a\u0629 \u0627\u0644\u0636\u064a\u0642\u0629\u060c \u0639\u0644\u0649 \u0633\u0628\u064a\u0644 \u0627\u0644\u0645\u062b\u0627\u0644 \u0627\u0644\u062b\u064a\u0648\u0641\u064a\u0644\u064a\u0646\u060c \u0648\u0627\u0644\u062a\u0627\u0643\u0631\u064a\u0646\u060c \u0648\u0627\u0644\u0643\u0644\u0648\u0632\u0627\u0628\u064a\u0646\u060c \u0648\u0627\u0644\u0631\u0648\u0628\u064a\u0646\u064a\u0631\u0648\u0644.<\/p>\n<p>\u064a\u062c\u0628 \u0625\u0632\u0627\u0644\u0629 \u0627\u0644\u062c\u0647\u0627\u0632 \u0642\u0628\u0644 \u0625\u062c\u0631\u0627\u0621 \u0627\u0644\u062a\u0635\u0648\u064a\u0631 \u0628\u0627\u0644\u0631\u0646\u064a\u0646 \u0627\u0644\u0645\u063a\u0646\u0627\u0637\u064a\u0633\u064a \u0644\u0645\u0646\u0639 \u062e\u0637\u0631 \u0627\u0644\u062d\u0631\u0648\u0642.<\/p>\n<p>\u0628\u0639\u062f \u0627\u0644\u0627\u0633\u062a\u062e\u062f\u0627\u0645\u060c \u064a\u0648\u0635\u0649 \u0628\u0637\u064a \u0627\u0644\u0631\u0642\u0639\u0629 \u0639\u0628\u0631 \u0627\u0644\u062c\u0644\u062f \u0639\u0644\u0649 \u0646\u0641\u0633\u0647\u0627 \u0642\u0628\u0644 \u0627\u0644\u062a\u062e\u0644\u0635 \u0645\u0646\u0647\u0627.<\/p>\n<p>\u0627\u062d\u062a\u064a\u0627\u0637\u0627\u062a \u0627\u0644\u0639\u0645\u0644<\/p>\n<p>\u0641\u064a \u062d\u0627\u0644\u0629 \u062d\u062f\u0648\u062b \u0631\u062f \u0641\u0639\u0644 \u062c\u0644\u062f\u064a \u0634\u062f\u064a\u062f \u0623\u0648 \u0645\u0633\u062a\u0645\u0631\u060c \u064a\u0648\u0635\u0649 \u0628\u0625\u064a\u0642\u0627\u0641 \u0627\u0644\u0639\u0644\u0627\u062c \u0648\u0627\u0633\u062a\u062e\u062f\u0627\u0645 \u0634\u0643\u0644 \u0635\u064a\u062f\u0644\u0627\u0646\u064a \u0622\u062e\u0631.<\/p>\n<p>\u0625\u0630\u0627 \u062a\u0645 \u062f\u0645\u062c NICORETTESKIN \u0645\u0639 \u0634\u0643\u0644 \u0641\u0645\u0648\u064a\u060c \u0641\u0625\u0646 \u0627\u0644\u062a\u062d\u0630\u064a\u0631\u0627\u062a \u0648\u0627\u0644\u0627\u062d\u062a\u064a\u0627\u0637\u0627\u062a \u0644\u0644\u0627\u0633\u062a\u062e\u062f\u0627\u0645 \u0647\u064a \u062a\u0644\u0643 \u0627\u0644\u062e\u0627\u0635\u0629 \u0628\u0643\u0644 \u0639\u0644\u0627\u062c \u064a\u0633\u062a\u062e\u062f\u0645 \u0628\u0634\u0643\u0644 \u0645\u0646\u0641\u0635\u0644.<\/p>\n<p>\u0644\u0644\u062d\u0635\u0648\u0644 \u0639\u0644\u0649 \u0627\u0644\u062a\u062d\u0630\u064a\u0631\u0627\u062a \u0648\u0627\u0644\u0627\u062d\u062a\u064a\u0627\u0637\u0627\u062a \u0644\u0627\u0633\u062a\u062e\u062f\u0627\u0645 \u0627\u0644\u0623\u0634\u0643\u0627\u0644 \u0627\u0644\u0641\u0645\u0648\u064a\u0629\u060c \u0631\u0627\u062c\u0639 \u0645\u0644\u062e\u0635 \u062e\u0635\u0627\u0626\u0635 \u0627\u0644\u0645\u0646\u062a\u062c (SmPC) \u0644\u0643\u0644 \u0645\u0646\u062a\u062c \u0637\u0628\u064a.<\/p>\n<\/div>\n<\/div>\n<div id=\"content-contraindication\" class=\"accordionProductDescription active\">\n<h3 class=\"h5 py-2\"><strong>\u0645\u0648\u0627\u0646\u0639:<\/strong><\/h3>\n<div class=\"content\">\n<p>\u00b7 \u0641\u0631\u0637 \u0627\u0644\u062d\u0633\u0627\u0633\u064a\u0629 \u0644\u0644\u0645\u0627\u062f\u0629 \u0627\u0644\u0641\u0639\u0627\u0644\u0629 \u0623\u0648 \u0644\u0623\u062d\u062f \u0627\u0644\u0633\u0648\u0627\u063a\u0627\u062a \u0627\u0644\u0645\u0630\u0643\u0648\u0631\u0629 \u0641\u064a \u0627\u0644\u0646\u0634\u0631\u0629.<\/p>\n<p>\u00b7 \u063a\u064a\u0631 \u0645\u062f\u062e\u0646 \u0623\u0648 \u0645\u062f\u062e\u0646 \u0639\u0631\u0636\u064a\u0627\u064b.<\/p>\n<p>\u00b7 \u062d\u0627\u0644\u0629 \u062c\u0644\u062f\u064a\u0629 \u0642\u062f \u062a\u062a\u0639\u0627\u0631\u0636 \u0645\u0639 \u0627\u0633\u062a\u062e\u062f\u0627\u0645 \u0627\u0644\u0644\u0635\u0642\u0629 \u0639\u0628\u0631 \u0627\u0644\u062c\u0644\u062f.<\/p>\n<\/div>\n<\/div>\n<div id=\"content-interactions\" class=\"accordionProductDescription active\">\n<h3 class=\"h5 py-2\"><strong>\u0627\u0644\u062a\u0641\u0627\u0639\u0644\u0627\u062a:\u00a0<\/strong><\/h3>\n<div class=\"content\">\n<p>\u0644\u0645 \u064a\u062a\u0645 \u0625\u062b\u0628\u0627\u062a \u062a\u0641\u0627\u0639\u0644\u0627\u062a \u0645\u0647\u0645\u0629 \u0633\u0631\u064a\u0631\u064a\u064b\u0627 \u0628\u0634\u0643\u0644 \u0642\u0627\u0637\u0639 \u0628\u064a\u0646 \u0627\u0644\u0639\u0644\u0627\u062c \u0628\u0628\u062f\u0627\u0626\u0644 \u0627\u0644\u0646\u064a\u0643\u0648\u062a\u064a\u0646 \u0648\u0627\u0644\u0623\u062f\u0648\u064a\u0629 \u0627\u0644\u0623\u062e\u0631\u0649. \u0648\u0645\u0639 \u0630\u0644\u0643\u060c \u064a\u0645\u0643\u0646 \u0623\u0646 \u064a\u0632\u064a\u062f \u0627\u0644\u0646\u064a\u0643\u0648\u062a\u064a\u0646 \u0645\u0646 \u062a\u0623\u062b\u064a\u0631\u0627\u062a \u0627\u0644\u062f\u0648\u0631\u0629 \u0627\u0644\u062f\u0645\u0648\u064a\u0629 \u0644\u0644\u0623\u062f\u064a\u0646\u0648\u0632\u064a\u0646\u060c \u0623\u064a \u0632\u064a\u0627\u062f\u0629 \u0636\u063a\u0637 \u0627\u0644\u062f\u0645 \u0648\u0645\u0639\u062f\u0644 \u0636\u0631\u0628\u0627\u062a \u0627\u0644\u0642\u0644\u0628\u060c \u0648\u0643\u0630\u0644\u0643 \u0632\u064a\u0627\u062f\u0629 \u0627\u0633\u062a\u062c\u0627\u0628\u0629 \u0627\u0644\u0623\u0644\u0645 (\u0623\u0644\u0645 \u0627\u0644\u0635\u062f\u0631 \u0627\u0644\u0634\u0628\u064a\u0647 \u0628\u0627\u0644\u0630\u0628\u062d\u0629 \u0627\u0644\u0635\u062f\u0631\u064a\u0629) \u0627\u0644\u0646\u0627\u062c\u0645 \u0639\u0646 \u062a\u0646\u0627\u0648\u0644 \u0627\u0644\u0623\u062f\u064a\u0646\u0648\u0632\u064a\u0646. (\u0627\u0646\u0638\u0631 \u0627\u0644\u062a\u0639\u0644\u064a\u0645\u0627\u062a\u060c \u0627\u0644\u062a\u0648\u0642\u0641 \u0639\u0646 \u0627\u0644\u062a\u062f\u062e\u064a\u0646).<\/p>\n<p>\u0627\u0644\u062c\u0645\u0639\u064a\u0627\u062a \u064a\u062c\u0628 \u0623\u0646 \u062a\u0623\u062e\u0630 \u0641\u064a \u0627\u0644\u0627\u0639\u062a\u0628\u0627\u0631<\/p>\n<p>+ \u0627\u0644\u0623\u062f\u0648\u064a\u0629 \u0627\u0644\u0645\u0639\u0631\u0636\u0629 \u0644\u0644\u062e\u0637\u0631 \u0623\u062b\u0646\u0627\u0621 \u0627\u0644\u0625\u0642\u0644\u0627\u0639 \u0639\u0646 \u0627\u0644\u062a\u062f\u062e\u064a\u0646 (\u0643\u0644\u0648\u0632\u0627\u0628\u064a\u0646\u060c \u0645\u064a\u062b\u0627\u062f\u0648\u0646\u060c \u0631\u0648\u0628\u064a\u0646\u064a\u0631\u0648\u0644\u060c \u062b\u064a\u0648\u0641\u064a\u0644\u064a\u0646)<\/p>\n<p>\u062e\u0637\u0631 \u0627\u0644\u062c\u0631\u0639\u0629 \u0627\u0644\u0632\u0627\u0626\u062f\u0629 \u0639\u0646\u062f \u0627\u0633\u062a\u0628\u062f\u0627\u0644 \u0627\u0644\u062a\u0628\u063a \u0628\u0627\u0644\u0639\u0644\u0627\u062c \u0627\u0644\u0628\u062f\u064a\u0644.<\/p>\n<\/div>\n<\/div>","protected":false},"excerpt":{"rendered":"<p>\u0639\u0644\u0627\u062c \u0627\u0644\u0627\u0639\u062a\u0645\u0627\u062f \u0639\u0644\u0649 \u0627\u0644\u062a\u0628\u063a \u0644\u062a\u062e\u0641\u064a\u0641 \u0623\u0639\u0631\u0627\u0636 \u0627\u0646\u0633\u062d\u0627\u0628 \u0627\u0644\u0646\u064a\u0643\u0648\u062a\u064a\u0646.<\/p>\n<p>7 \u0623\u062c\u0647\u0632\u0629.<\/p>","protected":false},"featured_media":13119,"comment_status":"open","ping_status":"closed","template":"","meta":{"_acf_changed":false},"product_brand":[1548],"product_cat":[135],"product_tag":[938],"class_list":{"0":"post-13118","1":"product","2":"type-product","3":"status-publish","4":"has-post-thumbnail","6":"product_brand-nicorette","7":"product_cat-sport-_sante","8":"product_tag-AntiTabagisme","10":"first","11":"instock","12":"taxable","13":"shipping-taxable","14":"purchasable","15":"product-type-simple"},"acf":[],"_links":{"self":[{"href":"https:\/\/pharmacima.com\/ar\/wp-json\/wp\/v2\/product\/13118","targetHints":{"allow":["GET"]}}],"collection":[{"href":"https:\/\/pharmacima.com\/ar\/wp-json\/wp\/v2\/product"}],"about":[{"href":"https:\/\/pharmacima.com\/ar\/wp-json\/wp\/v2\/types\/product"}],"replies":[{"embeddable":true,"href":"https:\/\/pharmacima.com\/ar\/wp-json\/wp\/v2\/comments?post=13118"}],"wp:featuredmedia":[{"embeddable":true,"href":"https:\/\/pharmacima.com\/ar\/wp-json\/wp\/v2\/media\/13119"}],"wp:attachment":[{"href":"https:\/\/pharmacima.com\/ar\/wp-json\/wp\/v2\/media?parent=13118"}],"wp:term":[{"taxonomy":"product_brand","embeddable":true,"href":"https:\/\/pharmacima.com\/ar\/wp-json\/wp\/v2\/product_brand?post=13118"},{"taxonomy":"product_cat","embeddable":true,"href":"https:\/\/pharmacima.com\/ar\/wp-json\/wp\/v2\/product_cat?post=13118"},{"taxonomy":"product_tag","embeddable":true,"href":"https:\/\/pharmacima.com\/ar\/wp-json\/wp\/v2\/product_tag?post=13118"}],"curies":[{"name":"wp","href":"https:\/\/api.w.org\/{rel}","templated":true}]}}