{"id":132838,"date":"2023-12-13T13:55:43","date_gmt":"2023-12-13T12:55:43","guid":{"rendered":"https:\/\/pharmacima.com\/?post_type=product&#038;p=132838"},"modified":"2026-02-17T12:48:15","modified_gmt":"2026-02-17T11:48:15","slug":"solution-tonifiante-a-lacide-glycolique-7-lotion-exfoliante-100ml-the-ordinary","status":"publish","type":"product","link":"https:\/\/pharmacima.com\/ar\/product\/solution-tonifiante-a-lacide-glycolique-7-lotion-exfoliante-100ml-the-ordinary\/","title":{"rendered":"Tonique Exfoliant \u00e0 l&rsquo;Acide Glycolique 7% 100ml The ordinary"},"content":{"rendered":"<h1><strong>\u0648\u0635\u0641 :<\/strong><\/h1>\n<ul>\n<li>\n<h2>L\u2019Acide Glycolic The ordinary est un Acide Alpha-Hydroxyl\u00e9 (AHA) qui exfolie la peau. Cette solution tonifiante Vegan concentr\u00e9e \u00e0 7% offre une exfoliation l\u00e9g\u00e8re pour am\u00e9liorer l\u2019\u00e9clat et la clart\u00e9 du teint.<\/h2>\n<h2>\u062a\u0639\u0645\u0644 \u0647\u0630\u0647 \u0627\u0644\u062a\u0631\u0643\u064a\u0628\u0629 \u0623\u064a\u0636\u064b\u0627 \u0639\u0644\u0649 \u062a\u062d\u0633\u064a\u0646 \u0646\u0633\u064a\u062c \u0627\u0644\u0628\u0634\u0631\u0629 \u0639\u0644\u0649 \u0627\u0644\u0645\u062f\u0649 \u0627\u0644\u0637\u0648\u064a\u0644.<\/h2>\n<p>\u064a\u062d\u062a\u0648\u064a \u0647\u0630\u0627 \u0627\u0644\u0645\u0646\u062a\u062c \u0639\u0644\u0649 \u0645\u0634\u062a\u0642 \u0645\u0646 \u0627\u0644\u0641\u0644\u0641\u0644 \u0627\u0644\u062a\u0633\u0645\u0627\u0646\u064a \u0644\u062a\u0642\u0644\u064a\u0644 \u0627\u0644\u062a\u0647\u064a\u062c \u0627\u0644\u0645\u0631\u062a\u0628\u0637 \u063a\u0627\u0644\u0628\u064b\u0627 \u0628\u0627\u0633\u062a\u062e\u062f\u0627\u0645 \u0623\u062d\u0645\u0627\u0636 \u0627\u0644\u0641\u0627\u0643\u0647\u0629. \u0647\u0630\u0627 \u0627\u0644\u0645\u0634\u062a\u0642 \u0645\u0646 \u0623\u0635\u0644 \u0646\u0628\u0627\u062a\u064a \u0648\u064a\u062e\u062a\u0644\u0641 \u0644\u0648\u0646\u0647 \u062d\u0633\u0628 \u0627\u0644\u0645\u0648\u0633\u0645. \u0642\u062f \u064a\u0643\u0648\u0646 \u0647\u0630\u0627 \u0627\u0644\u0627\u062e\u062a\u0644\u0627\u0641 \u0641\u064a \u0627\u0644\u0644\u0648\u0646 \u0648\u0627\u0636\u062d\u064b\u0627 \u0641\u064a \u0627\u0644\u0635\u064a\u063a\u0629 \u0645\u0646 \u0648\u0642\u062a \u0644\u0622\u062e\u0631.<\/p>\n<p>La Solution Tonifiante \u00e0 l\u2019Acide Glycolique 7%\u00a0 The ordinary contient \u00e9galement de la racine de ginseng et de l\u2019aloe vera pour booster l\u2019\u00e9clat de la peau et l\u2019apaiser. Le pH de cette formule est d\u2019environ 3,6. L\u2019Acide Glycolique a un pKa. de 3,6. Le pKa est l\u2019indicateur le plus important \u00e0 consid\u00e9rer dans la formulation d\u2019acides. Lorsque le pKa est proche du pH, il y a un parfait \u00e9quilibre entre le sel et l\u2019acidit\u00e9 ce qui optimise l\u2019efficacit\u00e9 de l\u2019acide et r\u00e9duit l\u2019irritation.<\/p>\n<p>\u0645\u0648\u0627\u0646\u0639 \u0627\u0644\u0627\u0633\u062a\u0639\u0645\u0627\u0644: \u0644\u0627 \u064a\u0646\u0628\u063a\u064a \u0627\u0633\u062a\u062e\u062f\u0627\u0645 \u0647\u0630\u0647 \u0627\u0644\u062a\u0631\u0643\u064a\u0628\u0629 \u0639\u0644\u0649 \u0627\u0644\u0628\u0634\u0631\u0629 \u0627\u0644\u062d\u0633\u0627\u0633\u0629 \u0623\u0648 \u0627\u0644\u062a\u0627\u0644\u0641\u0629 \u0623\u0648 \u0627\u0644\u0645\u062a\u0642\u0634\u0631\u0629.<\/p>\n<p>\u062c\u064a\u062f \u0644\u0644\u0646\u0628\u0627\u062a\u064a\u064a\u0646*<br \/>\n\u0645\u0646\u062a\u062c\u0627\u062a \u0628\u062f\u0648\u0646 \u0645\u0643\u0648\u0646\u0627\u062a \u0645\u0646 \u0623\u0635\u0644 \u062d\u064a\u0648\u0627\u0646\u064a<br \/>\n* \u062c\u064a\u062f \u0644\u0644\u0646\u0628\u0627\u062a\u064a\u064a\u0646<\/li>\n<\/ul>\n<h2><strong>\u0646\u0635\u0627\u0626\u062d \u0627\u0644\u0627\u0633\u062a\u0639\u0645\u0627\u0644 :<\/strong><\/h2>\n<ul>\n<li>\u064a\u064f\u0633\u062a\u062e\u062f\u0645 \u0628\u0634\u0643\u0644 \u0645\u062b\u0627\u0644\u064a \u0641\u064a \u0627\u0644\u0645\u0633\u0627\u0621\u060c \u0645\u0631\u0629 \u0648\u0627\u062d\u062f\u0629 \u0641\u0642\u0637 \u0641\u064a \u0627\u0644\u064a\u0648\u0645. \u0627\u063a\u0645\u0633\u064a \u0642\u0637\u0639\u0629 \u0645\u0646 \u0627\u0644\u0642\u0637\u0646 \u0641\u064a \u0627\u0644\u0645\u062d\u0644\u0648\u0644 \u0648\u0627\u0645\u0633\u062d\u064a \u0628\u0647\u0627 \u0627\u0644\u0648\u062c\u0647 \u0648\u0627\u0644\u0631\u0642\u0628\u0629 \u0628\u0639\u062f \u062a\u0646\u0638\u064a\u0641 \u0627\u0644\u0628\u0634\u0631\u0629.<br \/>\nCette formule ne doit pas e\u0302tre utilise\u0301e sur une peau sensible, abi\u0302me\u0301e ou une peau qui pe\u0300le. E\u0301vitez le contact avec les yeux et le contour des yeux.Ne pas rincer. Appliquez ensuite vos soins supple\u0301mentaires.<br \/>\n\u0627\u0644\u062d\u062f \u0645\u0646 \u0648\u062a\u064a\u0631\u0629 \u0648\u0645\u062f\u0629 \u0627\u0644\u0627\u0633\u062a\u062e\u062f\u0627\u0645. \u0641\u064a \u062d\u0627\u0644\u0629 \u062d\u062f\u0648\u062b \u062a\u0647\u064a\u062c\u060c \u062a\u0648\u0642\u0641 \u0639\u0646 \u0627\u0644\u0627\u0633\u062a\u062e\u062f\u0627\u0645 \u0648\u0627\u0633\u062a\u0634\u0631 \u0627\u0644\u0637\u0628\u064a\u0628.<\/p>\n<p>\u0627\u0633\u062a\u062e\u062f\u0645 \u0641\u0642\u0637 \u062d\u0633\u0628 \u0627\u0644\u062a\u0648\u062c\u064a\u0647\u0627\u062a \u0639\u0644\u0649 \u0627\u0644\u062c\u0644\u062f \u0627\u0644\u0633\u0644\u064a\u0645. \u064a\u064f\u0646\u0635\u062d \u0628\u0625\u062c\u0631\u0627\u0621 \u0627\u062e\u062a\u0628\u0627\u0631 \u0644\u0644\u0628\u0634\u0631\u0629 \u0642\u0628\u0644 \u0627\u0644\u0627\u0633\u062a\u062e\u062f\u0627\u0645. \u0644\u0644\u062d\u0635\u0648\u0644 \u0639\u0644\u0649 \u062f\u0644\u064a\u0644 \u062a\u0641\u0635\u064a\u0644\u064a \u062d\u0648\u0644 \u0643\u064a\u0641\u064a\u0629 \u0625\u062c\u0631\u0627\u0621 \u0627\u062e\u062a\u0628\u0627\u0631 \u0627\u0644\u062c\u0644\u062f\u060c \u0642\u0645 \u0628\u0632\u064a\u0627\u0631\u0629 \u0645\u0648\u0642\u0639 DECIEM \u0627\u0644\u0625\u0644\u0643\u062a\u0631\u0648\u0646\u064a.<\/p>\n<p>\u064a\u062d\u0641\u0638 \u0628\u0639\u064a\u062f\u0627 \u0639\u0646 \u0645\u062a\u0646\u0627\u0648\u0644 \u0627\u0644\u0623\u0637\u0641\u0627\u0644.<\/li>\n<\/ul>\n<h2><strong>\u0627\u0644\u062a\u0631\u0643\u064a\u0628\u0629 :<\/strong><\/h2>\n<ul>\n<li>\u0645\u0627\u0621\u060c \u062d\u0645\u0636 \u0627\u0644\u062c\u0644\u064a\u0643\u0648\u0644\u064a\u0643\u060c \u0645\u0627\u0621 \u0632\u0647\u0631\u0629 \u0627\u0644\u0648\u0631\u062f \u0627\u0644\u062f\u0645\u0634\u0642\u064a\u060c \u0645\u0627\u0621 \u0632\u0647\u0631\u0629 \u0627\u0644\u0642\u0646\u0637\u0648\u0631 \u0633\u064a\u0627\u0646\u0648\u0633\u060c \u0645\u0627\u0621 \u0623\u0648\u0631\u0627\u0642 \u0635\u0628\u0627\u0631 \u0628\u0627\u0631\u0628\u0627\u062f\u0646\u0633\u064a\u0633\u060c \u0628\u0631\u0648\u0628\u0627\u0646\u062f\u064a\u0648\u0644\u060c \u062c\u0644\u064a\u0633\u0631\u064a\u0646\u060c \u062b\u0644\u0627\u062b\u064a \u0625\u064a\u062b\u0627\u0646\u0648\u0644 \u0623\u0645\u064a\u0646\u060c \u0623\u0645\u064a\u0646\u0648\u0645\u064a\u062b\u064a\u0644 \u0628\u0631\u0648\u0628\u0627\u0646\u0648\u0644\u060c \u0645\u0633\u062a\u062e\u0644\u0635 \u062c\u0630\u0631 \u0628\u0627\u0646\u0627\u0643\u0633 \u0627\u0644\u062c\u064a\u0646\u0633\u0646\u063a\u060c \u0645\u0633\u062a\u062e\u0644\u0635 \u0641\u0627\u0643\u0647\u0629\/\u0623\u0648\u0631\u0627\u0642 \u062a\u0633\u0645\u0627\u0646\u064a\u0627 \u0644\u0627\u0646\u0633\u0648\u0644\u0627\u062a\u0627\u060c \u062d\u0645\u0636 \u0627\u0644\u0623\u0633\u0628\u0627\u0631\u062a\u064a\u0643\u060c \u0623\u0644\u0627\u0646\u064a\u0646\u060c \u062c\u0644\u064a\u0643\u0627\u064a\u0646\u060c \u0633\u064a\u0631\u064a\u0646\u060c \u0641\u0627\u0644\u064a\u0646\u060c \u0622\u064a\u0633\u0648\u0644\u0648\u0633\u064a\u0646\u060c \u0628\u0631\u0648\u0644\u064a\u0646\u060c \u062b\u0631\u064a\u0648\u0646\u064a\u0646\u060c \u0647\u064a\u0633\u062a\u064a\u062f\u064a\u0646\u060c \u0641\u064a\u0646\u064a\u0644 \u0623\u0644\u0627\u0646\u064a\u0646\u060c \u062d\u0645\u0636 \u0627\u0644\u062c\u0644\u0648\u062a\u0627\u0645\u064a\u0643\u060c \u0623\u0631\u062c\u064a\u0646\u064a\u0646\u060c PCA\u060c \u0627\u0644\u0635\u0648\u062f\u064a\u0648\u0645 PCA\u060c \u0644\u0627\u0643\u062a\u0627\u062a \u0627\u0644\u0635\u0648\u062f\u064a\u0648\u0645\u060c \u0627\u0644\u0641\u0631\u0643\u062a\u0648\u0632\u060c \u0627\u0644\u062c\u0644\u0648\u0643\u0648\u0632\u060c \u0627\u0644\u0633\u0643\u0631\u0648\u0632\u060c \u0627\u0644\u064a\u0648\u0631\u064a\u0627\u060c \u0647\u064a\u0643\u0633\u064a\u0644 \u0646\u064a\u0643\u0648\u062a\u064a\u0646\u0627\u062a\u060c \u062f\u0643\u0633\u062a\u0631\u064a\u0646\u060c \u062d\u0645\u0636 \u0627\u0644\u0633\u062a\u0631\u064a\u0643\u060c \u0628\u0648\u0644\u064a\u0633\u0648\u0631\u0628\u0627\u062a 20\u060c \u0635\u0645\u063a \u062c\u064a\u0644\u0627\u0646\u060c \u062b\u0644\u0627\u062b\u064a \u0625\u064a\u062b\u064a\u0644\u064a\u0646\u062f\u064a\u0627\u0645\u064a\u0646 \u062f\u064a\u0633\u0648\u0633\u064a\u0646\u0627\u062a. \u060c \u0643\u0644\u0648\u0631\u064a\u062f \u0627\u0644\u0635\u0648\u062f\u064a\u0648\u0645\u060c \u0647\u064a\u0643\u0633\u064a\u0644\u064a\u0646 \u062c\u0644\u064a\u0643\u0648\u0644\u060c \u0633\u0648\u0631\u0628\u0627\u062a \u0627\u0644\u0628\u0648\u062a\u0627\u0633\u064a\u0648\u0645\u060c \u0628\u0646\u0632\u0648\u0627\u062a \u0627\u0644\u0635\u0648\u062f\u064a\u0648\u0645\u060c 1\u060c2-\u0647\u064a\u0643\u0633\u0627\u0646\u064a\u062f\u064a\u0648\u0644\u060c \u0643\u0627\u0628\u0631\u064a\u0644\u064a\u0644 \u062c\u0644\u064a\u0643\u0648\u0644.<\/li>\n<\/ul>\n<p>&nbsp;<\/p>\n<p>The ordinary.<\/p>","protected":false},"excerpt":{"rendered":"<h4><span style=\"color: #cc99ff;\">The ordinary, Solution Tonifiante \u00e0 l\u2019Acide Glycolique\u00a0<\/span><\/h4>\n<h4><em><strong>\u0627\u0644\u0633\u0639\u0629: 100 \u0645\u0644<\/strong><\/em><\/h4>","protected":false},"featured_media":132843,"comment_status":"open","ping_status":"closed","template":"","meta":{"_acf_changed":false},"product_brand":[1582],"product_cat":[102,138,139,137],"product_tag":[],"class_list":{"0":"post-132838","1":"product","2":"type-product","3":"status-publish","4":"has-post-thumbnail","6":"product_brand-the-ordinary-the-ordinary","7":"product_cat-soin-et-bien-etre","8":"product_cat-cheveux_","9":"product_cat-corps_","10":"product_cat-visage","12":"first","13":"outofstock","14":"taxable","15":"shipping-taxable","16":"purchasable","17":"product-type-simple"},"acf":[],"_links":{"self":[{"href":"https:\/\/pharmacima.com\/ar\/wp-json\/wp\/v2\/product\/132838","targetHints":{"allow":["GET"]}}],"collection":[{"href":"https:\/\/pharmacima.com\/ar\/wp-json\/wp\/v2\/product"}],"about":[{"href":"https:\/\/pharmacima.com\/ar\/wp-json\/wp\/v2\/types\/product"}],"replies":[{"embeddable":true,"href":"https:\/\/pharmacima.com\/ar\/wp-json\/wp\/v2\/comments?post=132838"}],"wp:featuredmedia":[{"embeddable":true,"href":"https:\/\/pharmacima.com\/ar\/wp-json\/wp\/v2\/media\/132843"}],"wp:attachment":[{"href":"https:\/\/pharmacima.com\/ar\/wp-json\/wp\/v2\/media?parent=132838"}],"wp:term":[{"taxonomy":"product_brand","embeddable":true,"href":"https:\/\/pharmacima.com\/ar\/wp-json\/wp\/v2\/product_brand?post=132838"},{"taxonomy":"product_cat","embeddable":true,"href":"https:\/\/pharmacima.com\/ar\/wp-json\/wp\/v2\/product_cat?post=132838"},{"taxonomy":"product_tag","embeddable":true,"href":"https:\/\/pharmacima.com\/ar\/wp-json\/wp\/v2\/product_tag?post=132838"}],"curies":[{"name":"wp","href":"https:\/\/api.w.org\/{rel}","templated":true}]}}