{"id":133060,"date":"2023-12-14T11:36:16","date_gmt":"2023-12-14T10:36:16","guid":{"rendered":"https:\/\/pharmacima.com\/?post_type=product&#038;p=133060"},"modified":"2026-04-03T22:50:23","modified_gmt":"2026-04-03T21:50:23","slug":"revive-serum-ginseng-30ml-beauty-of-joseon","status":"publish","type":"product","link":"https:\/\/pharmacima.com\/ar\/product\/revive-serum-ginseng-30ml-beauty-of-joseon\/","title":{"rendered":"\u0625\u062d\u064a\u0627\u0621 \u0645\u0635\u0644 \u0627\u0644\u062c\u064a\u0646\u0633\u0646\u063a + \u0645\u0648\u0633\u064a\u0646 \u0627\u0644\u062d\u0644\u0632\u0648\u0646 30 \u0645\u0644 \u0628\u064a\u0648\u062a\u064a \u0623\u0648\u0641 \u062c\u0648\u0633\u0648\u0646"},"content":{"rendered":"<h2><strong>\u0648\u0635\u0641 :<\/strong><\/h2>\n<p><strong>Qu&rsquo;est-ce que c&rsquo;est Beauty of joseon revive\u00a0<\/strong><br \/>\n\u0647\u0630\u0627 \u0627\u0644\u0645\u0635\u0644 \u0645\u0635\u0646\u0648\u0639 \u0644\u0644\u0628\u0634\u0631\u0629 \u0627\u0644\u062a\u064a \u0641\u0642\u062f\u062a \u062d\u064a\u0648\u064a\u062a\u0647\u0627.<br \/>\n\u064a\u062d\u062a\u0648\u064a \u0639\u0644\u0649 &quot;\u0627\u0644\u062c\u064a\u0646\u0633\u0646\u063a&quot;\u060c \u0627\u0644\u0630\u064a \u062a\u0645 \u0627\u0633\u062a\u062e\u062f\u0627\u0645\u0647 \u0645\u0646\u0630 \u0641\u062a\u0631\u0629 \u0637\u0648\u064a\u0644\u0629 \u0643\u0639\u0646\u0635\u0631 \u0639\u0634\u0628\u064a \u0645\u0647\u0645\u060c \u06483 % \u0645\u0646 &quot;\u0645\u0631\u0634\u062d \u0625\u0641\u0631\u0627\u0632 \u0627\u0644\u062d\u0644\u0632\u0648\u0646&quot;\u060c \u0645\u0645\u0627 \u064a\u062e\u0644\u0642 \u0623\u0641\u0636\u0644 \u062a\u0622\u0632\u0631 \u0644\u0645\u0631\u0648\u0646\u0629 \u0627\u0644\u062c\u0644\u062f.<\/p>\n<p><strong>\u0627\u0644\u0645\u0643\u0648\u0646\u0627\u062a \u0627\u0644\u0631\u0626\u064a\u0633\u064a\u0629:\u00a0<\/strong><\/p>\n<p><strong>\u0645\u0627\u0621 \u062c\u0630\u0631 \u0627\u0644\u062c\u064a\u0646\u0633\u0646\u063a 63 %<\/strong><br \/>\n\u0641\u064a \u0643\u062a\u0627\u0628 Donguibogam \u0627\u0644\u0643\u0648\u0631\u064a \u0644\u0637\u0628 \u0627\u0644\u0623\u0639\u0634\u0627\u0628\u060c \u062a\u0645 \u0627\u0633\u062a\u062e\u062f\u0627\u0645 \u0627\u0644\u062c\u064a\u0646\u0633\u0646\u063a \u0643\u062f\u0648\u0627\u0621 \u0634\u0631\u0642\u064a \u0645\u0647\u0645 \u0648\u062a\u0645 \u062a\u0633\u062c\u064a\u0644\u0647 \u0628\u0627\u0633\u0645 &quot;Shincho&quot;\u060c \u0623\u064a \u0639\u0634\u0628 \u0627\u0644\u0622\u0644\u0647\u0629. \u0627\u0633\u062a\u062e\u062f\u0645\u062a \u0647\u0648\u0627\u0646\u062c \u062c\u064a\u0646\u064a\u060c \u0627\u0644\u0645\u0639\u0631\u0648\u0641\u0629 \u0628\u0623\u062c\u0645\u0644 \u0627\u0645\u0631\u0623\u0629 \u0641\u064a \u0639\u0635\u0631 \u062c\u0648\u0633\u0648\u0646\u060c \u0645\u063a\u0644\u064a \u0627\u0644\u062c\u064a\u0646\u0633\u0646\u063a \u0643\u0645\u064a\u0627\u0647 \u0644\u0644\u0627\u0633\u062a\u062d\u0645\u0627\u0645. \u064a\u0633\u0627\u0639\u062f \u0627\u0644\u0633\u0627\u0628\u0648\u0646\u064a\u0646 \u0627\u0644\u063a\u0646\u064a \u0627\u0644\u0645\u0648\u062c\u0648\u062f \u0641\u064a \u0627\u0644\u062c\u064a\u0646\u0633\u0646\u063a \u0639\u0644\u0649 \u062a\u0631\u0637\u064a\u0628 \u0627\u0644\u0628\u0634\u0631\u0629 \u0628\u0633\u0631\u0639\u0629 \u0648\u0627\u0644\u062d\u0641\u0627\u0638 \u0639\u0644\u064a\u0647\u0627 \u0628\u0639\u0645\u0642 \u0644\u0641\u062a\u0631\u0629 \u0637\u0648\u064a\u0644\u0629 \u0644\u0644\u0645\u0633\u0627\u0639\u062f\u0629 \u0641\u064a \u062a\u0643\u0648\u064a\u0646 \u0628\u0634\u0631\u0629 \u0635\u062d\u064a\u0629.<\/p>\n<p><strong>\u0645\u0648\u0633\u064a\u0646 \u0627\u0644\u062d\u0644\u0632\u0648\u0646 3%<\/strong><\/p>\n<p>\u0648\u0647\u0648 \u0639\u0628\u0627\u0631\u0629 \u0639\u0646 \u0645\u0648\u0633\u064a\u0646 \u0627\u0644\u062d\u0644\u0632\u0648\u0646 \u0627\u0644\u0645\u0635\u0641\u0649 \u0648\u0627\u0644\u0645\u0646\u0642\u0649 \u0627\u0644\u0630\u064a \u062a\u0641\u0631\u0632\u0647 \u0627\u0644\u0642\u0648\u0627\u0642\u0639 \u0648\u0645\u0639\u0631\u0648\u0641 \u0628\u0623\u0646\u0647 \u064a\u0633\u0627\u0639\u062f \u0641\u064a \u062d\u0645\u0627\u064a\u0629 \u0627\u0644\u062c\u0644\u062f \u0627\u0644\u062a\u0627\u0644\u0641. \u0643\u0645\u0627 \u0623\u0646\u0647 \u064a\u062d\u062a\u0648\u064a \u0639\u0644\u0649 \u0645\u0633\u062a\u062e\u0644\u0635 \u0643\u064a\u0646\u062a\u064a\u0644\u0644\u0627 \u0627\u0633\u064a\u0627\u062a\u064a\u0643\u0627 \u0648\u0645\u0633\u062a\u062e\u0644\u0635 \u0627\u0644\u0641\u0637\u0631 \u0648\u0645\u0633\u062a\u062e\u0644\u0635 \u062c\u0630\u0631 \u0628\u0627\u0646\u0627\u0643\u0633 \u0627\u0644\u062c\u064a\u0646\u0633\u0646\u063a.<\/p>\n<h2><strong>\u0627\u0633\u062a\u062e\u062f\u0627\u0645 \u0627\u0644\u0645\u0634\u0648\u0631\u0629:<\/strong><\/h2>\n<p>\u0636\u0639\u064a 2 \u0625\u0644\u0649 3 \u0642\u0637\u0631\u0627\u062a \u0645\u0646 \u0627\u0644\u0633\u064a\u0631\u0648\u0645 \u0639\u0644\u0649 \u0627\u0644\u0648\u062c\u0647. \u0631\u0628\u062a \u0628\u0644\u0637\u0641 \u0644\u0644\u0645\u0633\u0627\u0639\u062f\u0629 \u0639\u0644\u0649 \u0627\u0644\u0627\u0645\u062a\u0635\u0627\u0635.<\/p>\n<h2><strong>\u0627\u0644\u062a\u0631\u0643\u064a\u0628\u0629 :<\/strong><\/h2>\n<p>Eau de racine de Panax Ginseng, eau, butyl\u00e8ne glycol, filtrat de s\u00e9cr\u00e9tion d&rsquo;escargot, dipropyl\u00e8ne glycol,Beauty of joseon\u00a0 1,2-hexanediol, glyc\u00e9rine, niacinamide, propanediol, carbom\u00e8re de tr\u00e9halose, trom\u00e9thamine, gomme de xanthane, extrait de Centella Asiatica, extrait de Ganoderma Lucidum (champignon), Beauty of joseon Panax Ginseng Extrait de racine, extrait de malt, polyacrylate de sodium, ad\u00e9nosine, copolym\u00e8re d&rsquo;acrylate de glyc\u00e9ryle\/acide acrylique, Edta disodique, extrait de Phellinus Linteus, hyaluronate de sodium, Beauty of joseon acide hyaluronique hydrolys\u00e9, extrait de fruit de Forsythia Suspensa, extrait de fleur de Lonicera Japonica (ch\u00e8vrefeuille), extrait de racine de Scutellaria Baicalensis, Hyaluronate ac\u00e9tyl\u00e9 de sodium.<\/p>","protected":false},"excerpt":{"rendered":"<h3><em><strong>\u0647\u0630\u0627 \u0627\u0644\u0645\u0635\u0644 \u0645\u0635\u0646\u0648\u0639 \u0644\u0644\u0628\u0634\u0631\u0629 \u0627\u0644\u062a\u064a \u0641\u0642\u062f\u062a \u062d\u064a\u0648\u064a\u062a\u0647\u0627.\u00a0<\/strong><\/em><\/h3>\n<p><strong>\u0627\u0644\u0633\u0639\u0629: 30 \u0645\u0644<\/strong><\/p>","protected":false},"featured_media":133061,"comment_status":"open","ping_status":"closed","template":"","meta":{"_acf_changed":false},"product_brand":[1402],"product_cat":[102,1383,137],"product_tag":[],"class_list":{"0":"post-133060","1":"product","2":"type-product","3":"status-publish","4":"has-post-thumbnail","6":"product_brand-beauty-of-joseon","7":"product_cat-soin-et-bien-etre","8":"product_cat-gros","9":"product_cat-visage","11":"first","12":"instock","13":"sale","14":"taxable","15":"shipping-taxable","16":"purchasable","17":"product-type-simple"},"acf":[],"_links":{"self":[{"href":"https:\/\/pharmacima.com\/ar\/wp-json\/wp\/v2\/product\/133060","targetHints":{"allow":["GET"]}}],"collection":[{"href":"https:\/\/pharmacima.com\/ar\/wp-json\/wp\/v2\/product"}],"about":[{"href":"https:\/\/pharmacima.com\/ar\/wp-json\/wp\/v2\/types\/product"}],"replies":[{"embeddable":true,"href":"https:\/\/pharmacima.com\/ar\/wp-json\/wp\/v2\/comments?post=133060"}],"wp:featuredmedia":[{"embeddable":true,"href":"https:\/\/pharmacima.com\/ar\/wp-json\/wp\/v2\/media\/133061"}],"wp:attachment":[{"href":"https:\/\/pharmacima.com\/ar\/wp-json\/wp\/v2\/media?parent=133060"}],"wp:term":[{"taxonomy":"product_brand","embeddable":true,"href":"https:\/\/pharmacima.com\/ar\/wp-json\/wp\/v2\/product_brand?post=133060"},{"taxonomy":"product_cat","embeddable":true,"href":"https:\/\/pharmacima.com\/ar\/wp-json\/wp\/v2\/product_cat?post=133060"},{"taxonomy":"product_tag","embeddable":true,"href":"https:\/\/pharmacima.com\/ar\/wp-json\/wp\/v2\/product_tag?post=133060"}],"curies":[{"name":"wp","href":"https:\/\/api.w.org\/{rel}","templated":true}]}}