{"id":133071,"date":"2023-12-14T12:23:30","date_gmt":"2023-12-14T11:23:30","guid":{"rendered":"https:\/\/pharmacima.com\/?post_type=product&#038;p=133071"},"modified":"2025-01-14T11:32:58","modified_gmt":"2025-01-14T10:32:58","slug":"serum-calmant-the-vert-panthenol-30ml-beauty-of-joseon","status":"publish","type":"product","link":"https:\/\/pharmacima.com\/ar\/product\/serum-calmant-the-vert-panthenol-30ml-beauty-of-joseon\/","title":{"rendered":"\u0633\u064a\u0631\u0648\u0645 \u0645\u0647\u062f\u0626 \u0628\u0627\u0644\u0634\u0627\u064a \u0627\u0644\u0623\u062e\u0636\u0631 + \u0627\u0644\u0628\u0627\u0646\u062b\u064a\u0646\u0648\u0644 30 \u0645\u0644 \u0628\u064a\u0648\u062a\u064a \u0623\u0648\u0641 \u062c\u0648\u0633\u0648\u0646"},"content":{"rendered":"<h2><strong>\u0648\u0635\u0641 :<\/strong><\/h2>\n<p><strong>\u0645\u0627 \u0647\u0630\u0627<\/strong><\/p>\n<p>\u062a\u0645 \u062a\u0635\u0645\u064a\u0645 \u0647\u0630\u0627 \u0627\u0644\u0645\u0635\u0644 \u0644\u062a\u062e\u0641\u064a\u0641 \u0627\u0646\u0632\u0639\u0627\u062c \u0627\u0644\u062c\u0644\u062f \u0627\u0644\u0646\u0627\u062a\u062c \u0639\u0646 \u0627\u0644\u062a\u0639\u0631\u0636 \u0644\u0644\u0623\u0634\u0639\u0629 \u0641\u0648\u0642 \u0627\u0644\u0628\u0646\u0641\u0633\u062c\u064a\u0629 \u0648\u0627\u0644\u0636\u063a\u0648\u0637 \u0627\u0644\u062e\u0627\u0631\u062c\u064a\u0629 \u0627\u0644\u0623\u062e\u0631\u0649.<\/p>\n<p>\u0627\u0644\u0645\u0643\u0648\u0646\u0627\u062a \u0627\u0644\u0623\u0633\u0627\u0633\u064a\u0629 \u0627\u0644\u062a\u064a \u0627\u062e\u062a\u0631\u0646\u0627\u0647\u0627 \u0647\u064a \u0627\u0644\u0634\u0627\u064a \u0627\u0644\u0623\u062e\u0636\u0631\u060c \u0648\u0645\u0636\u0627\u062f \u0627\u0644\u0623\u0643\u0633\u062f\u0629 \u0627\u0644\u0634\u0647\u064a\u0631\u060c \u0648\u0646\u0628\u0627\u062a \u0627\u0644\u0642\u062f\u062d\u060c \u0648\u0647\u0648 \u0639\u0634\u0628 \u0645\u0639\u0631\u0648\u0641 \u0628\u062e\u0635\u0627\u0626\u0635\u0647 \u0627\u0644\u0645\u0647\u062f\u0626\u0629 \u0644\u0644\u0628\u0634\u0631\u0629. \u0644\u0642\u062f \u0642\u0645\u0646\u0627 \u0628\u062f\u0645\u062c \u0627\u0644\u0628\u0627\u0646\u062b\u064a\u0646\u0648\u0644 \u0644\u0627\u0633\u062a\u0643\u0645\u0627\u0644 \u0648\u062a\u0639\u0632\u064a\u0632 \u0627\u0644\u0635\u0641\u0627\u062a \u0627\u0644\u0648\u0642\u0627\u0626\u064a\u0629 \u0644\u0647\u0630\u0647 \u0627\u0644\u0639\u0646\u0627\u0635\u0631.<\/p>\n<p>\u064a\u0639\u0645\u0644 \u0627\u0644\u0634\u0627\u064a \u0627\u0644\u0623\u062e\u0636\u0631 \u0648\u0646\u0628\u062a\u0629 \u0627\u0644\u0642\u062f\u062d \u0645\u0639\u064b\u0627 \u0639\u0644\u0649 \u062a\u0631\u0637\u064a\u0628 \u0627\u0644\u0628\u0634\u0631\u0629 \u0648\u062a\u0647\u062f\u0626\u062a\u0647\u0627\u060c \u0628\u064a\u0646\u0645\u0627 \u064a\u0634\u0643\u0644 \u0627\u0644\u0628\u0627\u0646\u062b\u064a\u0646\u0648\u0644 \u062f\u0631\u0639\u064b\u0627 \u0645\u0631\u0637\u0628\u064b\u0627 \u064a\u0645\u0646\u0639 \u0627\u0644\u0645\u0632\u064a\u062f \u0645\u0646 \u0627\u0644\u062a\u0647\u064a\u062c.<\/p>\n<p><strong>\u0627\u0644\u062a\u062c\u062f\u064a\u062f: \u062a\u062d\u0633\u064a\u0646 \u0627\u0644\u062a\u0623\u062b\u064a\u0631\u0627\u062a \u0627\u0644\u0645\u0647\u062f\u0626\u0629 \u0648\u0627\u0644\u062a\u0631\u0637\u064a\u0628\u064a\u0629.<\/strong><\/p>\n<p>\u062a\u0645\u062a \u0625\u0636\u0627\u0641\u0629 30 % \u0645\u0646 \u0645\u0633\u062a\u062e\u0644\u0635 \u0646\u0628\u0627\u062a \u0627\u0644\u0642\u062f\u062d \u0644\u062a\u0639\u0632\u064a\u0632 \u0627\u0644\u062a\u0623\u062b\u064a\u0631 \u0627\u0644\u0645\u0647\u062f\u0626 \u0644\u0644\u0645\u0635\u0644 \u0627\u0644\u0645\u0647\u062f\u0626.<br \/>\n\u0628\u0627\u0644\u0625\u0636\u0627\u0641\u0629 \u0625\u0644\u0649 \u0630\u0644\u0643\u060c \u062a\u0645\u062a \u0632\u064a\u0627\u062f\u0629 \u0643\u0645\u064a\u0629 \u0627\u0644\u0628\u0627\u0646\u062b\u064a\u0646\u0648\u0644\u060c \u0627\u0644\u0630\u064a \u064a\u062d\u0645\u064a \u0627\u0644\u0628\u0634\u0631\u0629 \u0645\u0646 \u0627\u0644\u0645\u062d\u0641\u0632\u0627\u062a \u0627\u0644\u062e\u0627\u0631\u062c\u064a\u0629\u060c \u0645\u0646 2 % \u0625\u0644\u0649 5 % \u0644\u062a\u062d\u0633\u064a\u0646 \u0627\u0644\u062a\u0631\u0637\u064a\u0628 \u0648\u0627\u0644\u0639\u0646\u0627\u064a\u0629 \u0628\u062d\u0627\u062c\u0632 \u0627\u0644\u0631\u0637\u0648\u0628\u0629.<br \/>\n\u0644\u0642\u062f \u062a\u0645 \u062a\u0646\u0634\u064a\u0637\u0647 \u0641\u064a \u0634\u0643\u0644 \u062a\u0631\u0643\u064a\u0628\u0629 \u062a\u0639\u0645\u0644 \u0639\u0644\u0649 \u062a\u0639\u0632\u064a\u0632 \u0627\u0644\u062a\u0623\u062b\u064a\u0631\u0627\u062a \u0627\u0644\u0645\u0631\u0637\u0628\u0629 \u0648\u0627\u0644\u0645\u0647\u062f\u0626\u0629 \u0644\u0644\u0646\u0633\u062e\u0629 \u0627\u0644\u0623\u0635\u0644\u064a\u0629.<\/p>\n<p><strong>\u0627\u0644\u0645\u0643\u0648\u0646\u0627\u062a \u0627\u0644\u0631\u0626\u064a\u0633\u064a\u0629<\/strong><\/p>\n<p><strong>\u0634\u0627\u064a \u0623\u062e\u0636\u0631 50 %<\/strong><br \/>\n&quot;\u062f\u0648\u0646\u062c\u064a\u0628\u0648\u062c\u0627\u0646&quot;\u060c \u0648\u0647\u0648 \u0633\u062c\u0644 \u0637\u0628\u064a \u062a\u0642\u0644\u064a\u062f\u064a \u0641\u064a \u062c\u0648\u0633\u0648\u0646\u060c \u064a\u0646\u0635 \u0639\u0644\u0649 \u0623\u0646 \u0627\u0644\u0634\u0627\u064a \u0627\u0644\u0623\u062e\u0636\u0631 \u064a\u062d\u0627\u0641\u0638 \u0639\u0644\u0649 \u0646\u0638\u0627\u0641\u0629 \u0627\u0644\u0631\u0623\u0633 \u0648\u0627\u0644\u0639\u064a\u0646\u064a\u0646 \u0648\u064a\u0646\u0639\u0634 \u0627\u0644\u0637\u0627\u0642\u0629. \u064a\u0633\u0627\u0639\u062f EGCG\u060c \u0627\u0644\u0645\u0643\u0648\u0646 \u0627\u0644\u0631\u0626\u064a\u0633\u064a \u0644\u0623\u0648\u0631\u0627\u0642 \u0627\u0644\u0634\u0627\u064a \u0627\u0644\u0623\u062e\u0636\u0631\u060c \u0639\u0644\u0649 \u062a\u0647\u062f\u0626\u0629 \u0627\u0644\u0628\u0634\u0631\u0629 \u0627\u0644\u0645\u062a\u0636\u0631\u0631\u0629 \u0645\u0646 \u0627\u0644\u0623\u0634\u0639\u0629 \u0641\u0648\u0642 \u0627\u0644\u0628\u0646\u0641\u0633\u062c\u064a\u0629.<\/p>\n<p><strong>\u0645\u0648\u063a\u0648\u0631\u062a 30%<\/strong><br \/>\n\u0644\u0642\u062f \u0643\u0627\u0646 \u0646\u0628\u0627\u062a \u0627\u0644\u0645\u0648\u063a\u0648\u0631\u062a \u0639\u0646\u0635\u0631\u064b\u0627 \u0645\u0647\u0645\u064b\u0627 \u0644\u0644\u063a\u0627\u064a\u0629 \u0639\u0628\u0631 \u062a\u0627\u0631\u064a\u062e \u0627\u0644\u0637\u0628 \u0627\u0644\u0634\u0631\u0642\u064a. \u0648\u0647\u0648 \u0630\u0648 \u0637\u0628\u064a\u0639\u0629 \u062f\u0627\u0641\u0626\u0629\u060c \u0644\u0630\u0644\u0643 \u0639\u0646\u062f \u062a\u0646\u0627\u0648\u0644\u0647 \u0639\u0644\u0649 \u0634\u0643\u0644 \u0634\u0627\u064a \u0623\u0648 \u0637\u0639\u0627\u0645\u060c \u0641\u0625\u0646\u0647 \u064a\u0633\u0627\u0639\u062f \u0639\u0644\u0649 \u0639\u0645\u0644\u064a\u0629 \u0627\u0644\u062a\u0645\u062b\u064a\u0644 \u0627\u0644\u063a\u0630\u0627\u0626\u064a. \u0643\u0639\u0646\u0635\u0631 \u0644\u0644\u0639\u0646\u0627\u064a\u0629 \u0628\u0627\u0644\u0628\u0634\u0631\u0629\u060c \u064a\u0631\u0637\u0628 \u0646\u0628\u0627\u062a \u0627\u0644\u0642\u062f\u062d \u0627\u0644\u0628\u0634\u0631\u0629 \u0648\u064a\u0633\u0627\u0639\u062f \u0639\u0644\u0649 \u062a\u0647\u062f\u0626\u062a\u0647\u0627.<\/p>\n<p><strong>\u0628\u0627\u0646\u062b\u064a\u0646\u0648\u0644 (\u0641\u064a\u062a\u0627\u0645\u064a\u0646 \u06285) 5 %<\/strong><br \/>\n\u0628\u0627\u0639\u062a\u0628\u0627\u0631\u0647 \u0645\u0643\u0648\u0646\u064b\u0627 \u0645\u0631\u0637\u0628\u064b\u0627 \u0645\u0639\u0631\u0648\u0641\u064b\u0627\u060c \u064a\u062a\u062d\u0648\u0644 \u0627\u0644\u0628\u0627\u0646\u062b\u064a\u0646\u0648\u0644 \u0625\u0644\u0649 \u0641\u064a\u062a\u0627\u0645\u064a\u0646 \u06285 \u0639\u0646\u062f \u0627\u0645\u062a\u0635\u0627\u0635\u0647 \u0639\u0628\u0631 \u0627\u0644\u062c\u0644\u062f. \u0641\u0647\u0648 \u064a\u0631\u062a\u0628\u0637 \u0628\u0642\u0648\u0629 \u0628\u0627\u0644\u0631\u0637\u0648\u0628\u0629 \u0648\u064a\u0645\u0646\u0639 \u0627\u0644\u0631\u0637\u0648\u0628\u0629 \u0645\u0646 \u0627\u0644\u0647\u0631\u0648\u0628\u060c \u0648\u0628\u0627\u0644\u062a\u0627\u0644\u064a \u064a\u062d\u0627\u0641\u0638 \u0639\u0644\u0649 \u062a\u0631\u0637\u064a\u0628 \u0627\u0644\u0628\u0634\u0631\u0629 \u0628\u0634\u0643\u0644 \u0641\u0639\u0627\u0644.<\/p>\n<h2><strong>\u0627\u0633\u062a\u062e\u062f\u0627\u0645 \u0627\u0644\u0645\u0634\u0648\u0631\u0629:<\/strong><\/h2>\n<div class=\"product__block product__tabs tabs-wrapper product-tabs-wrapper product-tabs-wrapper--tabs\">\n<div class=\"product-tabs\" data-tabs-holder=\"\">\n<div class=\"rte tab-content tab-content-3 current\">\n<p><span class=\"metafield-multi_line_text_field\">\u0636\u0639\u064a 2 \u0625\u0644\u0649 3 \u0642\u0637\u0631\u0627\u062a \u0645\u0646 \u0627\u0644\u0645\u0635\u0644 \u0639\u0644\u0649 \u0627\u0644\u0628\u0634\u0631\u0629 \u0648\u0627\u062a\u0631\u0643\u064a\u0647\u0627 \u0628\u0644\u0637\u0641 \u0644\u0644\u0645\u0633\u0627\u0639\u062f\u0629 \u0639\u0644\u0649 \u0627\u0644\u0627\u0645\u062a\u0635\u0627\u0635.<\/span><\/p>\n<h2><strong>\u0627\u0644\u062a\u0631\u0643\u064a\u0628\u0629 :<\/strong><\/h2>\n<div class=\"product__block product__tabs tabs-wrapper product-tabs-wrapper product-tabs-wrapper--tabs\">\n<div class=\"product-tabs\" data-tabs-holder=\"\">\n<div class=\"rte tab-content tab-content-1 current\">\n<p><span class=\"metafield-multi_line_text_field\">\u0645\u0627\u0621 \u0623\u0648\u0631\u0627\u0642 \u0627\u0644\u0643\u0627\u0645\u064a\u0644\u064a\u0627 \u0633\u064a\u0646\u064a\u0646\u0633\u064a\u0633 (50.9 %)\u060c \u0645\u0633\u062a\u062e\u0644\u0635 \u0627\u0644\u0623\u0631\u062a\u064a\u0645\u064a\u0633\u064a\u0627 \u0627\u0644\u0634\u0639\u0631\u064a\u0629\u060c \u0628\u0627\u0646\u062b\u064a\u0646\u0648\u0644\u060c \u062c\u0644\u064a\u0633\u0631\u064a\u0646\u060c \u0628\u0648\u062a\u064a\u0644\u064a\u0646 \u062c\u0644\u0627\u064a\u0643\u0648\u0644\u060c \u0645\u0627\u0621\u060c 1.2-\u0647\u064a\u0643\u0633\u0627\u0646\u064a\u062f\u064a\u0648\u0644\u060c \u0645\u064a\u062b\u064a\u0644 \u0628\u0631\u0648\u0628\u0627\u0646\u064a\u062f\u064a\u0648\u0644\u060c \u0623\u0643\u0631\u064a\u0644\u0627\u062a\/C10-30 \u0623\u0644\u0643\u064a\u0644 \u0623\u0643\u0631\u064a\u0644\u064a\u062a \u0643\u0631\u0648\u0633 \u0628\u0648\u0644\u064a\u0645\u0631\u060c \u062a\u0631\u0648\u0645\u064a\u062b\u0627\u0645\u064a\u0646\u060c \u0645\u0633\u062a\u062e\u0644\u0635 \u062c\u0630\u0631 \u0643\u0648\u0628\u062a\u064a\u0633 \u062c\u0627\u0628\u0648\u0646\u064a\u0643\u0627\u060c \u0625\u064a\u062b\u064a\u0644 \u0647\u0643\u0633\u064a\u0644 \u062c\u0644\u064a\u0633\u0631\u064a\u0646\u060c \u0628\u064a\u062a\u064a\u0646\u060c \u0623\u0644\u0627\u0646\u062a\u0648\u064a\u0646\u060c \u062b\u0646\u0627\u0626\u064a \u0628\u0648\u062a\u0627\u0633\u064a\u0648\u0645 \u062c\u0644\u064a\u0633\u064a\u0631\u0631\u064a\u0632\u0627\u062a\u060c \u062c\u0644\u064a\u0633\u064a\u0631\u064a\u0644 \u0623\u0643\u0631\u064a\u0644\u064a\u062a\/\u062d\u0645\u0636 \u0627\u0644\u0623\u0643\u0631\u064a\u0644\u064a\u0643 \u0643\u0648\u0628\u0648\u0644\u064a\u0645\u0631\u060c \u0628\u0648\u0644\u064a \u0643\u0648\u0627\u062a\u0631\u0646\u064a\u0648\u0645-51\u060c \u0645\u0633\u062a\u062e\u0644\u0635 \u0627\u0644\u0634\u0639\u064a\u0631\u060c \u0645\u0633\u062a\u062e\u0644\u0635 \u0628\u0648\u0646\u064a\u0643\u0627 \u062c\u0631\u0627\u0646\u0627\u062a\u0648\u0645\u060c \u0645\u0633\u062a\u062e\u0644\u0635 \u0632\u0647\u0631\u0629 \u0643\u0644\u064a\u062a\u0648\u0631\u064a\u0627 \u062a\u064a\u0631\u0646\u0627\u062a\u064a\u0627\u060c \u062c\u0644\u062f \u062c\u0627\u0631\u0633\u064a\u0646\u064a\u0627 \u0645\u0627\u0646\u062c\u0648\u0633\u062a\u0627\u0646\u0627\u060c \u0647\u064a\u0627\u0644\u0648\u0631\u0648\u0646\u0627\u062a \u0627\u0644\u0635\u0648\u062f\u064a\u0648\u0645.<\/span><\/p>\n<\/div>\n<\/div>\n<\/div>\n<\/div>\n<\/div>\n<\/div>","protected":false},"excerpt":{"rendered":"<p>DESCRIPTION : Qu&rsquo;est-ce que c&rsquo;est Ce s\u00e9rum est formul\u00e9 pour soulager l&rsquo;inconfort cutan\u00e9 caus\u00e9 par l&rsquo;exposition aux UV et \u00e0 d&rsquo;autres facteurs de stress externes. Nos ingr\u00e9dients de base choisis sont le th\u00e9 vert, un antioxydant r\u00e9put\u00e9, et l&rsquo;armoise, une plante r\u00e9put\u00e9e pour ses propri\u00e9t\u00e9s apaisantes pour la peau.\u00a0Nous avons incorpor\u00e9 du panth\u00e9nol pour compl\u00e9ter [&hellip;]<\/p>\n","protected":false},"featured_media":133072,"comment_status":"open","ping_status":"closed","template":"","meta":{"_acf_changed":false},"product_brand":[],"product_cat":[102,1383,137],"product_tag":[],"class_list":{"0":"post-133071","1":"product","2":"type-product","3":"status-publish","4":"has-post-thumbnail","6":"product_cat-soin-et-bien-etre","7":"product_cat-gros","8":"product_cat-visage","10":"first","11":"outofstock","12":"sale","13":"taxable","14":"shipping-taxable","15":"purchasable","16":"product-type-simple"},"acf":[],"_links":{"self":[{"href":"https:\/\/pharmacima.com\/ar\/wp-json\/wp\/v2\/product\/133071","targetHints":{"allow":["GET"]}}],"collection":[{"href":"https:\/\/pharmacima.com\/ar\/wp-json\/wp\/v2\/product"}],"about":[{"href":"https:\/\/pharmacima.com\/ar\/wp-json\/wp\/v2\/types\/product"}],"replies":[{"embeddable":true,"href":"https:\/\/pharmacima.com\/ar\/wp-json\/wp\/v2\/comments?post=133071"}],"wp:featuredmedia":[{"embeddable":true,"href":"https:\/\/pharmacima.com\/ar\/wp-json\/wp\/v2\/media\/133072"}],"wp:attachment":[{"href":"https:\/\/pharmacima.com\/ar\/wp-json\/wp\/v2\/media?parent=133071"}],"wp:term":[{"taxonomy":"product_brand","embeddable":true,"href":"https:\/\/pharmacima.com\/ar\/wp-json\/wp\/v2\/product_brand?post=133071"},{"taxonomy":"product_cat","embeddable":true,"href":"https:\/\/pharmacima.com\/ar\/wp-json\/wp\/v2\/product_cat?post=133071"},{"taxonomy":"product_tag","embeddable":true,"href":"https:\/\/pharmacima.com\/ar\/wp-json\/wp\/v2\/product_tag?post=133071"}],"curies":[{"name":"wp","href":"https:\/\/api.w.org\/{rel}","templated":true}]}}