{"id":133088,"date":"2023-12-14T14:16:43","date_gmt":"2023-12-14T13:16:43","guid":{"rendered":"https:\/\/pharmacima.com\/?post_type=product&#038;p=133088"},"modified":"2025-04-17T12:28:43","modified_gmt":"2025-04-17T11:28:43","slug":"stick-solaire-mat-armoisecamelia-spf50-18g-beauty-of-joseon","status":"publish","type":"product","link":"https:\/\/pharmacima.com\/ar\/product\/stick-solaire-mat-armoisecamelia-spf50-18g-beauty-of-joseon\/","title":{"rendered":"\u0639\u0635\u0627 \u0627\u0644\u0634\u0645\u0633 \u063a\u064a\u0631 \u0627\u0644\u0644\u0627\u0645\u0639\u0629 Mugwort + Camellia SPF50 18 \u062c\u0645 \u0628\u064a\u0648\u062a\u064a \u0623\u0648\u0641 \u062c\u0648\u0633\u0648\u0646"},"content":{"rendered":"<h2><strong>DESCRIPTION :<\/strong><\/h2>\n<p><strong>Qu&rsquo;est-ce que c&rsquo;est<\/strong><br \/>\nMatte Sun Stick a \u00e9t\u00e9 d\u00e9velopp\u00e9 avec\u00a0Ram\u00f3n @glowbyramon\u00a0, influenceur et chimiste cosm\u00e9tique, en tant que directeur.\u00a0Il a \u00e9t\u00e9 cr\u00e9\u00e9 apr\u00e8s une vaste collaboration en passant m\u00e9ticuleusement en revue tous les processus qui rel\u00e8vent de la philosophie de la marque BOJ en mati\u00e8re de soins de la peau Modern Hanbang.<\/p>\n<p>Alors que la plupart des b\u00e2tons solaires sont con\u00e7us pour les activit\u00e9s de plein air, nous avons con\u00e7u les n\u00f4tres pour qu&rsquo;ils soient tout aussi b\u00e9n\u00e9fiques dans nos environnements urbains quotidiens.\u00a0La r\u00e9application r\u00e9guli\u00e8re d&rsquo;un \u00e9cran solaire toutes les 2 \u00e0 3 heures est cruciale pour une protection SPF et PA optimale, mais c&rsquo;est souvent un d\u00e9fi.<\/p>\n<p>C&rsquo;est pourquoi nous avons con\u00e7u un stick solaire avec une formule mate qui s&rsquo;applique en douceur, sans devenir grumeleux ni gras, m\u00eame lorsqu&rsquo;il est r\u00e9appliqu\u00e9 sur le maquillage.<\/p>\n<p>Notre stick solaire utilise une poudre de silice qui contr\u00f4le le s\u00e9bum pour r\u00e9guler la production d&rsquo;huile, garantissant ainsi une meilleure adh\u00e9rence et un fini lisse et mat.\u00a0De plus, il regorge d&rsquo;extraits d&rsquo;artemisia capillaris et de th\u00e9 vert, contribuant \u00e0 une texture de peau lisse tout en pr\u00e9servant son hydratation.<\/p>\n<p><strong>Stick solaire mat non gras<\/strong><br \/>\nC&rsquo;est un stick solaire mat sans aucune sensation grasse ou collante.\u00a0Il est hygi\u00e9nique car vous n&rsquo;avez pas besoin de l&rsquo;appliquer avec vos mains et il est compact, permettant une utilisation pratique \u00e0 tout moment et en tout lieu.<\/p>\n<p><strong>Poudre de silice poreuse anti-s\u00e9bum<\/strong><br \/>\nLa poudre de silice anti-s\u00e9bum r\u00e9gule le s\u00e9bum sur la peau, donnant une sensation de douceur et de roulement sans gras.<\/p>\n<p><strong>Ingr\u00e9dients cl\u00e9s<\/strong><br \/>\nArtemisia Capillaris<br \/>\nMugwort a \u00e9t\u00e9 un ingr\u00e9dient important tout au long de l&rsquo;histoire de la m\u00e9decine orientale.\u00a0Et l&rsquo;artemisia capillaris a une propri\u00e9t\u00e9 rafra\u00eechissante et est utilis\u00e9e comme m\u00e9dicament th\u00e9rapeutique pour abaisser la temp\u00e9rature corporelle depuis l&rsquo;Antiquit\u00e9.\u00a0Il contient des vitamines A et C ainsi que divers min\u00e9raux pour aider \u00e0 nourrir et apaiser la peau.<\/p>\n<p><strong>Protection SPF et PA<\/strong><br \/>\nDes tests SPF et PA ont \u00e9t\u00e9 effectu\u00e9s dans des laboratoires en Cor\u00e9e et en Espagne, et les r\u00e9sultats sont les suivants.<\/p>\n<p>[SPF]<br \/>\nLaboratoire cor\u00e9en : 55,8\u00b17,8<br \/>\nLaboratoire espagnol : 61\u00a0\u00b16,6<\/p>\n<h2><strong>CONSIEL D&rsquo;UTILISATION :<\/strong><\/h2>\n<p>Appliquer sur les zones n\u00e9cessitant une protection solaire, comme le visage et le corps.<br \/>\nR\u00e9appliquer toutes les 2-3 heures.<\/p>\n<p>Si vous \u00e9tendez trop le b\u00e2ton solaire, la poussi\u00e8re peut s&rsquo;y coller ou il peut se briser, il est donc recommand\u00e9 de ne l&rsquo;\u00e9tendre que autant que n\u00e9cessaire.<\/p>\n<h2><strong>COMPOSITION :<\/strong><\/h2>\n<p>Polym\u00e8re crois\u00e9 de m\u00e9thacrylate de m\u00e9thyle, cire synth\u00e9tique, adipate de dibutyle, coco-caprylate\/caprate, palmitate d&rsquo;isopropyle, caprylyl m\u00e9thicone, caprylyl trim\u00e9thicone, palmitate d&rsquo;\u00e9thylhexyle, silice, polym\u00e8re crois\u00e9 de vinyle dim\u00e9thicone\/m\u00e9thicone silsesquioxane, di\u00e9thylamino hydroxybenzoyl hexyl benzoate, bis-\u00e9thylhexyloxyph\u00e9nol m\u00e9thoxyph\u00e9nyl triazine, nitrure de bore , salicylate de butyloctyle, \u00e9thylhexyl triazone, cire microcristalline, polysilicone-15, vinyle dim\u00e9thicone, huile de graines de Camellia Japonica, extrait de racine de Curcuma Longa (curcuma), extrait de fleur de Melia Azadirachta, extrait de feuille de Melia Azadirachta, extrait de Corallina Officinalis, extrait d&rsquo;\u00e9corce de Melia Azadirachta, Ocimum Extrait de feuille de Sanctum, huile de graines de Moringa Oleifera, extrait de fruit de Coccinia Indica, extrait de fruit de Solanum Melongena (aubergine), poudre d&rsquo;ambre, extrait de fleur d&rsquo;Aloe Barbadensis, huile de graines de Simmondsia Chinensis (Jojoba), extrait d&rsquo;Artemisia Capillaris, extrait de feuille de Camellia Sinensis, graine de Camellia Sinensis Huile, acide hyaluronique, extrait de Bambusa Vulgaris, extrait de Centella Asiatica, extrait de Morinda Citrifolia, extrait de graines de Vigna Radiata, polyglyc\u00e9ryldiisost\u00e9arate\/polyhydroxyst\u00e9arate\/s\u00e9bacate, eau, 1,2-hexanediol, panth\u00e9nol, butyl\u00e8ne glycol, propanediol, glyc\u00e9rine, m\u00e9thylpropanediol, \u00e9thylhexylglyc\u00e9rine.<\/p>\n","protected":false},"excerpt":{"rendered":"<h3 class=\"product__title\"><span style=\"color: #339966;\"><em><strong>\u0646\u0628\u0627\u062a \u0645\u0648\u063a\u0648\u0631\u062a + \u0643\u0627\u0645\u064a\u0644\u064a\u0627 (SPF 50+ PA++++)<\/strong><\/em><\/span><\/h3>\n<p><strong>\u0627\u0644\u0633\u0639\u0629: 18 \u062c\u0631\u0627\u0645<\/strong><\/p>","protected":false},"featured_media":133089,"comment_status":"open","ping_status":"closed","template":"","meta":{"_acf_changed":false},"product_brand":[],"product_cat":[102,711,137],"product_tag":[],"class_list":{"0":"post-133088","1":"product","2":"type-product","3":"status-publish","4":"has-post-thumbnail","6":"product_cat-soin-et-bien-etre","7":"product_cat-cou","8":"product_cat-visage","10":"first","11":"outofstock","12":"sale","13":"taxable","14":"shipping-taxable","15":"purchasable","16":"product-type-simple"},"acf":[],"_links":{"self":[{"href":"https:\/\/pharmacima.com\/ar\/wp-json\/wp\/v2\/product\/133088","targetHints":{"allow":["GET"]}}],"collection":[{"href":"https:\/\/pharmacima.com\/ar\/wp-json\/wp\/v2\/product"}],"about":[{"href":"https:\/\/pharmacima.com\/ar\/wp-json\/wp\/v2\/types\/product"}],"replies":[{"embeddable":true,"href":"https:\/\/pharmacima.com\/ar\/wp-json\/wp\/v2\/comments?post=133088"}],"wp:featuredmedia":[{"embeddable":true,"href":"https:\/\/pharmacima.com\/ar\/wp-json\/wp\/v2\/media\/133089"}],"wp:attachment":[{"href":"https:\/\/pharmacima.com\/ar\/wp-json\/wp\/v2\/media?parent=133088"}],"wp:term":[{"taxonomy":"product_brand","embeddable":true,"href":"https:\/\/pharmacima.com\/ar\/wp-json\/wp\/v2\/product_brand?post=133088"},{"taxonomy":"product_cat","embeddable":true,"href":"https:\/\/pharmacima.com\/ar\/wp-json\/wp\/v2\/product_cat?post=133088"},{"taxonomy":"product_tag","embeddable":true,"href":"https:\/\/pharmacima.com\/ar\/wp-json\/wp\/v2\/product_tag?post=133088"}],"curies":[{"name":"wp","href":"https:\/\/api.w.org\/{rel}","templated":true}]}}