{"id":135396,"date":"2023-12-21T16:31:08","date_gmt":"2023-12-21T15:31:08","guid":{"rendered":"https:\/\/pharmacima.com\/?post_type=product&#038;p=135396"},"modified":"2024-03-28T20:53:09","modified_gmt":"2024-03-28T19:53:09","slug":"n3-soin-perfecteur-de-cheveux-30ml-olaplex","status":"publish","type":"product","link":"https:\/\/pharmacima.com\/ar\/product\/n3-soin-perfecteur-de-cheveux-30ml-olaplex\/","title":{"rendered":"\u0639\u0644\u0627\u062c \u0645\u0643\u0645\u0644 \u0644\u0644\u0634\u0639\u0631 \u0631\u0642\u0645 3\u060c 30 \u0645\u0644 \u0645\u0646 \u0623\u0648\u0644\u0627\u0628\u0644\u0643\u0633"},"content":{"rendered":"<h3><strong>\u0648\u0635\u0641<\/strong><\/h3>\n<p>\u0631\u0642\u0645 3 \u0647\u0648 \u0627\u0644\u062e\u0637\u0648\u0629 \u0627\u0644\u062b\u0627\u0644\u062b\u0629 \u0645\u0646 \u0628\u0631\u0648\u062a\u0648\u0643\u0648\u0644 Olaplex \u0648\u0647\u0648 \u0645\u062e\u0635\u0635 \u0644\u0639\u0627\u0645\u0629 \u0627\u0644\u0646\u0627\u0633.<\/p>\n<p>\u0647\u062f\u0641\u0647 \u0647\u0648 \u0627\u0644\u0645\u0633\u0627\u0639\u062f\u0629 \u0641\u064a \u0627\u0633\u062a\u0639\u0627\u062f\u0629 \u0631\u0648\u0627\u0628\u0637 \u0627\u0644\u0634\u0639\u0631 \u0628\u064a\u0646 \u0639\u0644\u0627\u062c\u064a\u0646 \u0643\u064a\u0645\u064a\u0627\u0626\u064a\u064a\u0646.<\/p>\n<p>\u064a\u062a\u0645 \u062a\u0637\u0628\u064a\u0642 \u0647\u0630\u0627 \u0627\u0644\u0645\u0646\u062a\u062c \u0641\u064a \u0627\u0644\u0645\u0646\u0632\u0644 \u0642\u0628\u0644 \u063a\u0633\u0644 \u0627\u0644\u0634\u0639\u0631 \u0628\u0627\u0644\u0634\u0627\u0645\u0628\u0648 \u0648\u064a\u0645\u0643\u0646 \u0627\u0633\u062a\u062e\u062f\u0627\u0645\u0647 \u0623\u0643\u062b\u0631 \u0645\u0646 \u0645\u0631\u0629 \u0641\u064a \u0627\u0644\u0623\u0633\u0628\u0648\u0639.<\/p>\n<p>\u0627\u0633\u062a\u062e\u062f\u0645\u064a\u0647 \u0645\u0631\u0629 \u0648\u0627\u062d\u062f\u0629 \u0641\u064a \u0627\u0644\u0623\u0633\u0628\u0648\u0639 \u0628\u064a\u0646 \u0639\u0644\u0627\u062c\u064a\u0646 \u0643\u064a\u0645\u064a\u0627\u0626\u064a\u064a\u0646 \u0644\u062a\u0642\u0648\u064a\u0629 \u0627\u0644\u0634\u0639\u0631 \u0627\u0644\u062a\u0627\u0644\u0641\u060c \u0623\u0648 \u0641\u064a \u0627\u0644\u064a\u0648\u0645 \u0627\u0644\u0633\u0627\u0628\u0642 \u0644\u0644\u0639\u0644\u0627\u062c \u0627\u0644\u0643\u064a\u0645\u064a\u0627\u0626\u064a\u060c \u0643\u0639\u0644\u0627\u062c \u0645\u0633\u0628\u0642.<\/p>\n<p>\u0645\u0646\u0627\u0633\u0628\u0629 \u0644\u062c\u0645\u064a\u0639 \u0623\u0646\u0648\u0627\u0639 \u0627\u0644\u0634\u0639\u0631\u060c \u0647\u0630\u0647 \u0627\u0644\u062a\u0631\u0643\u064a\u0628\u0629 \u0627\u0644\u0645\u0628\u062a\u0643\u0631\u0629 \u062a\u0639\u0645\u0644 \u0639\u0644\u0649 \u0627\u0644\u0645\u0633\u062a\u0648\u0649 \u0627\u0644\u062c\u0632\u064a\u0626\u064a \u0644\u062a\u0646\u0634\u064a\u0637 \u0648\u062a\u062c\u062f\u064a\u062f \u0627\u0644\u0634\u0639\u0631 \u0627\u0644\u062c\u0627\u0641 \u0648\u0627\u0644\u062a\u0627\u0644\u0641 \u0627\u0644\u0630\u064a \u062a\u0645 \u062a\u0643\u0633\u0631\u0647 \u0628\u0633\u0628\u0628 \u0627\u0644\u062a\u0623\u062b\u064a\u0631\u0627\u062a \u0627\u0644\u0645\u064a\u0643\u0627\u0646\u064a\u0643\u064a\u0629 \u0648\u0627\u0644\u0643\u064a\u0645\u064a\u0627\u0626\u064a\u0629 \u0648\u0627\u0644\u062d\u0631\u0627\u0631\u064a\u0629.<\/p>\n<p>\u0645\u062b\u0627\u0644\u064a \u0644\u0644\u0627\u0633\u062a\u062e\u062f\u0627\u0645 \u0627\u0644\u0623\u0633\u0628\u0648\u0639\u064a \u0628\u064a\u0646 \u0632\u064a\u0627\u0631\u0627\u062a \u0627\u0644\u0635\u0627\u0644\u0648\u0646 \u0644\u0644\u062d\u0641\u0627\u0638 \u0639\u0644\u0649 \u0634\u0639\u0631 \u0642\u0648\u064a \u0648\u0635\u062d\u064a.<\/p>\n<h3><strong>\u0627\u0633\u062a\u062e\u062f\u0627\u0645 \u0627\u0644\u0645\u0634\u0648\u0631\u0629<\/strong><\/h3>\n<p>\u2013 \u0636\u0639\u064a \u0643\u0645\u064a\u0629 \u0643\u0628\u064a\u0631\u0629 \u0645\u0646 \u0627\u0644\u0645\u0646\u062a\u062c \u0645\u0646 \u0627\u0644\u062c\u0630\u0648\u0631 \u0625\u0644\u0649 \u0627\u0644\u0623\u0637\u0631\u0627\u0641 \u0639\u0644\u0649 \u0627\u0644\u0634\u0639\u0631 \u0627\u0644\u0645\u062c\u0641\u0641 \u0628\u0627\u0644\u0645\u0646\u0634\u0641\u0629 \u0648\u063a\u064a\u0631 \u0627\u0644\u0645\u063a\u0633\u0648\u0644.<br \/>\n- \u0642\u0648\u0645\u064a \u0628\u062a\u0648\u0632\u064a\u0639 \u0627\u0644\u0645\u0646\u062a\u062c \u0628\u0627\u0633\u062a\u062e\u062f\u0627\u0645 \u0627\u0644\u0645\u0634\u0637 \u0648\u0627\u062a\u0631\u0643\u064a\u0647 \u0644\u0645\u062f\u0629 10 \u062f\u0642\u0627\u0626\u0642. \u0639\u0644\u0649 \u0627\u0644\u0634\u0639\u0631 \u0627\u0644\u062a\u0627\u0644\u0641\u060c \u0643\u0631\u0631\u064a \u0627\u0644\u062a\u0637\u0628\u064a\u0642 \u062f\u0648\u0646 \u0634\u0637\u0641\u0647.<br \/>\n- \u0627\u0634\u0637\u0641\u064a\u0647 \u062b\u0645 \u0627\u0633\u062a\u062e\u062f\u0645\u064a \u0627\u0644\u0634\u0627\u0645\u0628\u0648 \u062b\u0645 \u0627\u0644\u0639\u0644\u0627\u062c.<\/p>\n<h3><strong>\u0627\u0644\u062a\u0631\u0643\u064a\u0628\u0629<\/strong><\/h3>\n<p>- \u062b\u0646\u0627\u0626\u064a \u0623\u0645\u064a\u0646\u0648\u0628\u0631\u0648\u0628\u064a\u0644 \u062f\u064a\u062c\u0644\u064a\u0643\u0648\u0644 \u062f\u064a\u0645\u0627\u0644\u064a\u0627\u062a.<\/p>\n<p>\u0645\u0627\u0621\u060c \u062b\u0646\u0627\u0626\u064a \u0623\u0645\u064a\u0646\u0648\u0628\u0631\u0648\u0628\u064a\u0644 \u062f\u064a\u062c\u0644\u064a\u0643\u0648\u0644 \u062f\u064a\u0645\u0627\u0644\u064a\u0627\u062a\u060c \u0628\u0631\u0648\u0628\u064a\u0644\u064a\u0646 \u062c\u0644\u064a\u0643\u0648\u0644\u060c \u0643\u062d\u0648\u0644 \u0633\u064a\u062a\u0631\u064a\u0644\u060c \u0645\u064a\u062b\u0648\u0633\u0644\u0641\u0627\u062a \u0628\u064a\u0646\u062a\u0631\u064a\u0645\u0648\u0646\u064a\u0648\u0645\u060c \u0643\u062d\u0648\u0644 \u0633\u064a\u062a\u064a\u0644\u060c \u0641\u064a\u0646\u0648\u0643\u0633\u064a \u0625\u064a\u062b\u0627\u0646\u0648\u0644\u060c \u062c\u0644\u064a\u0633\u0631\u064a\u0646\u060c \u0647\u064a\u062f\u0631\u0648\u0643\u0633\u064a \u0625\u064a\u062b\u064a\u0644 \u0625\u064a\u062b\u064a\u0644 \u0633\u0644\u0648\u0644\u0648\u0632\u060c \u0633\u062a\u064a\u0631\u0627\u0645\u064a\u062f\u0648\u0628\u0631\u0648\u0628\u064a\u0644 \u062b\u0646\u0627\u0626\u064a \u0645\u064a\u062b\u064a\u0644 \u0623\u0645\u064a\u0646\u060c \u0643\u0648\u0627\u062a\u064a\u0631\u0646\u064a\u0648\u0645-91\u060c \u0628\u0646\u0632\u0648\u0627\u062a \u0627\u0644\u0635\u0648\u062f\u064a\u0648\u0645\u060c \u0645\u064a\u062b\u0648\u0633\u0644\u0641\u0627\u062a \u0633\u064a\u062a\u0631\u064a\u0645\u0648\u0646\u064a\u0648\u0645\u060c \u0643\u0644\u0648\u0631\u064a\u062f \u0627\u0644\u0633\u064a\u062a\u0631\u064a\u0645\u0648\u0646\u064a\u0648\u0645\u060c \u0639\u0637\u0631\u060c \u0628\u0648\u0644\u064a \u0643\u0648\u0627\u062a\u064a\u0631\u0646\u064a\u0648\u0645-37\u060c \u062a\u064a\u062a\u0631\u0627. \u0627\u0644\u0635\u0648\u062f\u064a\u0648\u0645 \u0625\u064a \u062f\u064a \u062a\u064a \u0625\u064a\u0647\u060c \u0628\u0648\u062a\u064a\u0644 \u0641\u064a\u0646\u064a\u0644 \u0645\u064a\u062b\u064a\u0644 \u0628\u0631\u0648\u0628\u064a\u0648\u0646\u0627\u0644\u060c \u062d\u0645\u0636 \u0627\u0644\u0625\u064a\u062a\u062f\u0631\u0648\u0646\u064a\u0643\u060c \u062d\u0645\u0636 \u0627\u0644\u0623\u0633\u0643\u0648\u0631\u0628\u064a\u0643\u060c \u0641\u064a\u062a\u0627\u0646\u062a\u0631\u064a\u0648\u0644\u060c \u0623\u0633\u064a\u062a\u0627\u062a \u0627\u0644\u062a\u0648\u0643\u0648\u0641\u064a\u0631\u0644\u060c \u0639\u0635\u064a\u0631 \u0623\u0648\u0631\u0627\u0642 \u0627\u0644\u0635\u0628\u0627\u0631\u060c \u0628\u0627\u0646\u062b\u064a\u0646\u0648\u0644\u060c \u0632\u064a\u062a \u0628\u0630\u0648\u0631 \u0633\u064a\u0645\u0648\u0646\u062f\u0633\u064a\u0627 \u062a\u0634\u064a\u0646\u064a\u0646\u0633\u064a\u0633 (\u0627\u0644\u062c\u0648\u062c\u0648\u0628\u0627)\u060c \u062d\u0645\u0636 \u0627\u0644\u0633\u062a\u0631\u064a\u0643\u060c \u0633\u0648\u0631\u0628\u0627\u062a \u0627\u0644\u0628\u0648\u062a\u0627\u0633\u064a\u0648\u0645.<\/p>","protected":false},"excerpt":{"rendered":"<p>DESCRIPTION N\u00b03 est la troisi\u00e8me \u00e9tape du protocole Olaplex et \u00e0 destination du grand public. Son objectif est de\u00a0contribuer \u00e0 r\u00e9tablir les liaisons capillaires\u00a0entre deux traitements chimiques. Ce produit est \u00e0 appliquer \u00e0 domicile avant le shampooing et peut \u00eatre utilis\u00e9 plus d\u2019une fois par semaine. \u00c0 utiliser une fois par semaine entre deux traitements [&hellip;]<\/p>\n","protected":false},"featured_media":135403,"comment_status":"open","ping_status":"closed","template":"","meta":{"_acf_changed":false},"product_brand":[],"product_cat":[102,138],"product_tag":[],"class_list":{"0":"post-135396","1":"product","2":"type-product","3":"status-publish","4":"has-post-thumbnail","6":"product_cat-soin-et-bien-etre","7":"product_cat-cheveux_","9":"first","10":"outofstock","11":"sale","12":"taxable","13":"shipping-taxable","14":"purchasable","15":"product-type-simple"},"acf":[],"_links":{"self":[{"href":"https:\/\/pharmacima.com\/ar\/wp-json\/wp\/v2\/product\/135396","targetHints":{"allow":["GET"]}}],"collection":[{"href":"https:\/\/pharmacima.com\/ar\/wp-json\/wp\/v2\/product"}],"about":[{"href":"https:\/\/pharmacima.com\/ar\/wp-json\/wp\/v2\/types\/product"}],"replies":[{"embeddable":true,"href":"https:\/\/pharmacima.com\/ar\/wp-json\/wp\/v2\/comments?post=135396"}],"wp:featuredmedia":[{"embeddable":true,"href":"https:\/\/pharmacima.com\/ar\/wp-json\/wp\/v2\/media\/135403"}],"wp:attachment":[{"href":"https:\/\/pharmacima.com\/ar\/wp-json\/wp\/v2\/media?parent=135396"}],"wp:term":[{"taxonomy":"product_brand","embeddable":true,"href":"https:\/\/pharmacima.com\/ar\/wp-json\/wp\/v2\/product_brand?post=135396"},{"taxonomy":"product_cat","embeddable":true,"href":"https:\/\/pharmacima.com\/ar\/wp-json\/wp\/v2\/product_cat?post=135396"},{"taxonomy":"product_tag","embeddable":true,"href":"https:\/\/pharmacima.com\/ar\/wp-json\/wp\/v2\/product_tag?post=135396"}],"curies":[{"name":"wp","href":"https:\/\/api.w.org\/{rel}","templated":true}]}}