{"id":13602,"date":"2021-12-02T13:51:48","date_gmt":"2021-12-02T12:51:48","guid":{"rendered":"https:\/\/pharmacima.dz\/?post_type=product&#038;p=13602"},"modified":"2025-11-05T10:59:47","modified_gmt":"2025-11-05T09:59:47","slug":"lotion-solaire-80g-actinica","status":"publish","type":"product","link":"https:\/\/pharmacima.com\/ar\/product\/lotion-solaire-80g-actinica\/","title":{"rendered":"\u0644\u0648\u0634\u0646 \u0627\u0644\u0634\u0645\u0633 \u0645\u0646 \u0623\u0643\u062a\u064a\u0646\u064a\u0643\u0627 80 \u062c\u0631\u0627\u0645"},"content":{"rendered":"<div class=\"product-tabs\">\n<h3 class=\"tabs-title\"><strong>\u0648\u0635\u0641 :<\/strong><\/h3>\n<div class=\"std new-std\">\n<p><span style=\"box-sizing: border-box;\">\u00a0Lotion SPF 50+ <\/span>\u0644\u0627 \u064a\u062d\u0645\u064a \u0641\u0642\u0637 \u0645\u0646 \u0627\u0644\u0623\u0634\u0639\u0629<span style=\"box-sizing: border-box;\">\u00a0\u0627\u0644\u0623\u0634\u0639\u0629 \u0641\u0648\u0642 \u0627\u0644\u0628\u0646\u0641\u0633\u062c\u064a\u0629\u060c\u00a0<\/span>\u0648\u0644\u0643\u0646 \u0623\u064a\u0636\u064b\u0627 \u0636\u062f \u0627\u0644\u0623\u0634\u0639\u0629\u00a0<span style=\"box-sizing: border-box;\">\u0627\u0644\u0623\u0634\u0639\u0629 \u0641\u0648\u0642 \u0627\u0644\u0628\u0646\u0641\u0633\u062c\u064a\u0629. \u063a\u0633\u0648\u0644 \u0623\u0643\u062a\u064a\u0646\u064a\u0643\u0627<\/span>\u00a0\u064a\u062d\u062a\u0648\u064a \u0639\u0644\u0649 \u0645\u0631\u0634\u062d\u0627\u062a \u0648\u0627\u0633\u0639\u0629 \u0627\u0644\u0637\u064a\u0641 \u0642\u0627\u0628\u0644\u0629 \u0644\u0644\u0636\u0648\u0621 \u0648\u0645\u0642\u0627\u0648\u0645 \u0644\u0644\u0645\u0627\u0621. \u064a\u0639\u0645\u0644 \u0639\u0644\u0649 \u062a\u0631\u0637\u064a\u0628 \u0627\u0644\u0628\u0634\u0631\u0629 \u0648\u0627\u0644\u062d\u0641\u0627\u0638 \u0639\u0644\u064a\u0647\u0627. \u0646\u0638\u0631\u064b\u0627 \u0644\u0623\u0646 \u0627\u0644\u0645\u0633\u062a\u062d\u0636\u0631 \u062e\u0627\u0644\u064a \u0645\u0646 \u0627\u0644\u0639\u0637\u0648\u0631 \u0648\u0645\u0633\u062a\u062d\u0644\u0628\u0627\u062a PEG \u0627\u0644\u062a\u0642\u0644\u064a\u062f\u064a\u0629\u060c \u0641\u0647\u0648 \u062c\u064a\u062f \u0627\u0644\u062a\u062d\u0645\u0644 \u0648\u064a\u0645\u0643\u0646 \u0627\u0633\u062a\u062e\u062f\u0627\u0645\u0647 \u0623\u064a\u0636\u064b\u0627 \u0639\u0644\u0649 \u0627\u0644\u0628\u0634\u0631\u0629 \u0627\u0644\u062d\u0633\u0627\u0633\u0629 \u062c\u062f\u064b\u0627.<\/p>\n<p><strong><span style=\"box-sizing: border-box;\">\u0627\u0639\u0631\u0627\u0636 \u062c\u0627\u0646\u0628\u064a\u0629 :<\/span><\/strong><\/p>\n<p>\u062d\u062f\u0648\u062b \u062a\u0623\u062b\u064a\u0631 \u0633\u0644\u0628\u064a \u0643\u0631\u062f \u0641\u0639\u0644 \u0644\u0623\u062d\u062f \u0645\u0643\u0648\u0646\u0627\u062a \u0627\u0644\u062f\u0648\u0627\u0621\u00a0<span style=\"box-sizing: border-box;\">\u0623\u0643\u062a\u064a\u0646\u064a\u0643\u0627<\/span>\u00a0\u0644\u0627 \u064a\u0645\u0643\u0646 \u0627\u0633\u062a\u0628\u0639\u0627\u062f \u0627\u0644\u0645\u0633\u062a\u062d\u0636\u0631. \u0642\u062f \u064a\u0643\u0648\u0646 \u0627\u0644\u062a\u0647\u064a\u062c \u0623\u0648 \u0627\u0644\u0637\u0641\u062d \u0627\u0644\u062c\u0644\u062f\u064a \u0623\u0648 \u0631\u062f\u0648\u062f \u0627\u0644\u0641\u0639\u0644 \u0627\u0644\u0634\u0628\u064a\u0647\u0629 \u0628\u062d\u0631\u0648\u0642 \u0627\u0644\u0634\u0645\u0633 \u0628\u0639\u062f \u0627\u0644\u062a\u0639\u0631\u0636 \u0644\u0641\u062a\u0631\u0629 \u0642\u0635\u064a\u0631\u0629 \u0644\u0644\u0634\u0645\u0633 \u0645\u0638\u0647\u0631\u064b\u0627 \u0644\u062a\u0623\u062b\u064a\u0631 \u062c\u0627\u0646\u0628\u064a \u063a\u064a\u0631 \u0645\u0631\u063a\u0648\u0628 \u0641\u064a\u0647\u060c \u0648\u0641\u064a \u0647\u0630\u0647 \u0627\u0644\u062d\u0627\u0644\u0629 \u064a\u062c\u0628 \u0625\u064a\u0642\u0627\u0641 \u0627\u0644\u0639\u0644\u0627\u062c.<\/p>\n<p>\u062a\u062c\u0646\u0628 \u0645\u0644\u0627\u0645\u0633\u0629 \u0627\u0644\u0639\u064a\u0646\u064a\u0646 \u0648\u0627\u0631\u062a\u062f\u0627\u0621 \u0627\u0644\u0646\u0638\u0627\u0631\u0627\u062a \u0627\u0644\u0634\u0645\u0633\u064a\u0629 \u0630\u0627\u062a \u0627\u0644\u062d\u0645\u0627\u064a\u0629 \u0645\u0646 \u0627\u0644\u0623\u0634\u0639\u0629 \u0641\u0648\u0642 \u0627\u0644\u0628\u0646\u0641\u0633\u062c\u064a\u0629. \u0627\u0644\u0627\u062a\u0635\u0627\u0644 \u0627\u0644\u0645\u0628\u0627\u0634\u0631 \u0628\u0640 Actinica Lotion \u0645\u0639 \u0627\u0644\u0639\u064a\u0646\u064a\u0646 \u0642\u062f \u064a\u0633\u0628\u0628 \u0625\u062d\u0633\u0627\u0633\u064b\u0627 \u0628\u0627\u0644\u062d\u0631\u0642\u0627\u0646. \u0641\u064a \u0647\u0630\u0647 \u0627\u0644\u062d\u0627\u0644\u0629\u060c \u0634\u0637\u0641 \u0645\u0639 \u0627\u0644\u0643\u062b\u064a\u0631 \u0645\u0646 \u0627\u0644\u0645\u0627\u0621.<\/p>\n<p><strong><span style=\"box-sizing: border-box;\">\u0625\u0639\u062a\u0628\u0627\u0631\u0627\u062a \u062e\u0627\u0635\u0629:<\/span><\/strong><\/p>\n<p>\u0645\u0631\u0634\u062d\u0627\u062a \u0627\u0644\u0623\u0634\u0639\u0629 \u0641\u0648\u0642 \u0627\u0644\u0628\u0646\u0641\u0633\u062c\u064a\u0629 \u0627\u0644\u0645\u0648\u062c\u0648\u062f\u0629 \u0641\u064a\u00a0<span style=\"box-sizing: border-box;\">la Lotion<\/span> sont susceptibles de d\u00e9colorer les v\u00eatements, les mati\u00e8res synth\u00e9tiques, ainsi que d\u2019autres mat\u00e9riaux tels que p.ex. les feuilles de rev\u00eatement pour piscines. Il est donc d\u00e9conseill\u00e9 d\u2019appliquer la Lotion juste avant de s\u2019habiller.<\/p>\n<p><strong><span style=\"box-sizing: border-box;\">\u0627\u0633\u062a\u062e\u062f\u0627\u0645 \u0645\u0639 \u062d\u0645\u0627\u064a\u0629 \u0627\u0644\u0628\u0639\u0648\u0636:<\/span><\/strong><\/p>\n<p>Lorsque Actinica Lotion est utilis\u00e9 avec des protections anti-moustique, il est indispensable de commencer par appliquer Actinica Lotion. Attendez ensuite environ 20 minutes avant d\u2019utiliser la protection anti-moustique. Attention toutefois : les vertus de protection de la\u00a0 Lotion, dans ce cas pr\u00e9cis, perdre en intensit\u00e9.<\/p>\n<\/div>\n<\/div>\n<div class=\"product-tabs\">\n<h3 class=\"tabs-title\"><strong>\u0646\u0635\u0627\u0626\u062d \u0627\u0644\u0627\u0633\u062a\u0639\u0645\u0627\u0644 :<\/strong><\/h3>\n<div class=\"std new-std\">\n<p>\u0639\u0644\u0649 \u0645\u062f\u0627\u0631 \u0627\u0644\u0633\u0646\u0629\u060c \u0636\u0639\u064a \u0643\u0645\u064a\u0629 \u0648\u0641\u064a\u0631\u0629 \u0643\u0644 \u0635\u0628\u0627\u062d \u0639\u0644\u0649 \u062c\u0645\u064a\u0639 \u0623\u062c\u0632\u0627\u0621 \u0627\u0644\u062c\u0633\u0645 \u0627\u0644\u0645\u0643\u0634\u0648\u0641\u0629 \u062e\u0644\u0627\u0644 \u0627\u0644\u0646\u0647\u0627\u0631. \u0627\u062a\u0631\u0643\u064a\u0647 \u0644\u064a\u062a\u063a\u0644\u063a\u0644 \u0644\u0628\u0636\u0639 \u062f\u0642\u0627\u0626\u0642\u060c \u0643\u0631\u0631\u064a \u0627\u0644\u0627\u0633\u062a\u062e\u062f\u0627\u0645 \u0628\u0639\u062f \u0645\u0644\u0627\u0645\u0633\u0629 \u0627\u0644\u0645\u0627\u0621 \u0644\u0641\u062a\u0631\u0629 \u0637\u0648\u064a\u0644\u0629 \u0623\u0648 \u0627\u0644\u062a\u0639\u0631\u0642 \u0627\u0644\u0634\u062f\u064a\u062f. \u0627\u0633\u062a\u062e\u062f\u0645\u0647 \u0642\u0628\u0644 \u0627\u0633\u062a\u062e\u062f\u0627\u0645 \u0645\u0633\u062a\u062d\u0636\u0631\u0627\u062a \u0627\u0644\u062a\u062c\u0645\u064a\u0644 \u0627\u0644\u0623\u062e\u0631\u0649 (\u0627\u0644\u062d\u0645\u0627\u064a\u0629 \u0636\u062f \u0627\u0644\u0628\u0639\u0648\u0636\u060c \u0648\u0645\u0627 \u0625\u0644\u0649 \u0630\u0644\u0643).<\/p>\n<p>Contenant des filtres UV de protection, il est donc d\u00e9conseill\u00e9 d\u2019appliquer la Lotion juste avant de s\u2019habiller.<\/p>\n<\/div>\n<\/div>\n<div class=\"product-tabs\">\n<h3 class=\"tabs-title\"><strong>\u0627\u0644\u062a\u0631\u0643\u064a\u0628\u0629 :<\/strong><\/h3>\n<div class=\"std new-std\">\n<p>\u0642\u062f \u062a\u062e\u0636\u0639 \u0642\u0627\u0626\u0645\u0629 \u0627\u0644\u0645\u0643\u0648\u0646\u0627\u062a \u0644\u0644\u062a\u063a\u064a\u0631\u0627\u062a\u060c \u0648\u0646\u0646\u0635\u062d\u0643 \u0628\u0627\u0644\u062a\u062d\u0642\u0642 \u062f\u0627\u0626\u0645\u064b\u0627 \u0645\u0646 \u0627\u0644\u0642\u0627\u0626\u0645\u0629 \u0627\u0644\u0645\u0648\u062c\u0648\u062f\u0629 \u0639\u0644\u0649 \u0627\u0644\u0645\u0646\u062a\u062c \u0627\u0644\u0630\u064a \u0627\u0634\u062a\u0631\u064a\u062a\u0647.<\/p>\n<p>\u0635\u064a\u063a\u0629 INCI: \u0628\u064a\u0633-\u0625\u064a\u062b\u064a\u0644\u0647\u0643\u0633\u064a\u0644\u0648\u0643\u0633\u064a\u0641\u064a\u0646\u0648\u0644\u060c \u0645\u064a\u062b\u0648\u0643\u0633\u064a \u0641\u064a\u0646\u064a\u0644 \u062a\u0631\u064a\u0627\u0632\u064a\u0646\u060c \u0625\u064a\u062b\u064a\u0644 \u0647\u0643\u0633\u064a\u0644 \u062a\u0631\u064a\u0627\u0632\u0648\u0646\u060c \u0625\u064a\u0632\u0648\u0627\u0645\u064a\u0644 \u0628- \u0645\u064a\u062b\u0648\u0643\u0633\u064a\u0633\u064a\u0646\u0627\u0645\u0627\u062a\u060c \u0625\u064a\u062b\u064a\u0644 \u0647\u0643\u0633\u064a\u0644 \u0645\u064a\u062b\u0648\u0643\u0633\u064a\u0633\u064a\u0646\u0627\u0645\u0627\u062a\u060c \u0645\u064a\u062b\u064a\u0644\u064a\u0646 \u062b\u0646\u0627\u0626\u064a \u0628\u0646\u0632\u0648\u062a\u0631\u064a\u0627\u0632\u0648\u0644\u064a\u0644 \u062a\u064a\u062a\u0631\u0627\u0645\u064a\u062b\u064a\u0644 \u0628\u0648\u062a\u064a\u0644 \u0641\u064a\u0646\u0648\u0644\u060c \u0628\u0648\u062a\u064a\u0644 \u0645\u064a\u062b\u0648\u0643\u0633\u064a \u062f\u064a\u0628\u0646\u0632\u0648\u064a\u0644 \u0645\u064a\u062b\u0627\u0646\u060c \u0628\u0631\u0648\u0628\u064a\u0644 \u0628\u0627\u0631\u0627\u0628\u064a\u0646\u060c \u0645\u064a\u062b\u064a\u0644 \u0628\u0627\u0631\u0627\u0628\u064a\u0646\u060c \u0625\u0643\u0633\u064a\u0628\u064a\u0646\u0633.<\/p>\n<\/div>\n<\/div>","protected":false},"excerpt":{"rendered":"<p>\u0644\u0642\u062f \u062b\u0628\u062a \u0623\u0646 Actinica Lotion \u0641\u0639\u0627\u0644 \u0641\u064a \u0627\u0644\u0648\u0642\u0627\u064a\u0629 \u0645\u0646 \u0627\u0644\u062a\u0642\u0631\u0646 \u0627\u0644\u0634\u0639\u0627\u0639\u064a \u0648\u0633\u0631\u0637\u0627\u0646 \u0627\u0644\u062e\u0644\u0627\u064a\u0627 \u0627\u0644\u062d\u0631\u0634\u0641\u064a\u0629.<\/p>\n<p>80 \u062c\u0631\u0627\u0645.<\/p>","protected":false},"featured_media":3478,"comment_status":"open","ping_status":"closed","template":"","meta":{"_acf_changed":false},"product_brand":[],"product_cat":[102,139,136,137],"product_tag":[],"class_list":{"0":"post-13602","1":"product","2":"type-product","3":"status-publish","4":"has-post-thumbnail","6":"product_cat-soin-et-bien-etre","7":"product_cat-corps_","8":"product_cat-protection-solaire","9":"product_cat-visage","11":"first","12":"outofstock","13":"sale","14":"taxable","15":"shipping-taxable","16":"purchasable","17":"product-type-simple"},"acf":[],"_links":{"self":[{"href":"https:\/\/pharmacima.com\/ar\/wp-json\/wp\/v2\/product\/13602","targetHints":{"allow":["GET"]}}],"collection":[{"href":"https:\/\/pharmacima.com\/ar\/wp-json\/wp\/v2\/product"}],"about":[{"href":"https:\/\/pharmacima.com\/ar\/wp-json\/wp\/v2\/types\/product"}],"replies":[{"embeddable":true,"href":"https:\/\/pharmacima.com\/ar\/wp-json\/wp\/v2\/comments?post=13602"}],"wp:featuredmedia":[{"embeddable":true,"href":"https:\/\/pharmacima.com\/ar\/wp-json\/wp\/v2\/media\/3478"}],"wp:attachment":[{"href":"https:\/\/pharmacima.com\/ar\/wp-json\/wp\/v2\/media?parent=13602"}],"wp:term":[{"taxonomy":"product_brand","embeddable":true,"href":"https:\/\/pharmacima.com\/ar\/wp-json\/wp\/v2\/product_brand?post=13602"},{"taxonomy":"product_cat","embeddable":true,"href":"https:\/\/pharmacima.com\/ar\/wp-json\/wp\/v2\/product_cat?post=13602"},{"taxonomy":"product_tag","embeddable":true,"href":"https:\/\/pharmacima.com\/ar\/wp-json\/wp\/v2\/product_tag?post=13602"}],"curies":[{"name":"wp","href":"https:\/\/api.w.org\/{rel}","templated":true}]}}