{"id":139651,"date":"2024-01-23T16:38:52","date_gmt":"2024-01-23T15:38:52","guid":{"rendered":"https:\/\/pharmacima.com\/?post_type=product&#038;p=139651"},"modified":"2024-04-29T16:27:36","modified_gmt":"2024-04-29T15:27:36","slug":"mascara-volume-extra-sculptant-kiko","status":"publish","type":"product","link":"https:\/\/pharmacima.com\/ar\/product\/mascara-volume-extra-sculptant-kiko\/","title":{"rendered":"Mascara Volume Extra Sculptant Kiko"},"content":{"rendered":"<h2><strong>\u0648\u0635\u0641 :<\/strong><\/h2>\n<p><span>Mascara volumateur pour des cils plus fournis avec un effet panoramique.\u00a0La texture \u00e9paisse mais cr\u00e9meuse s&rsquo;applique facilement et est modulable.\u00a0Les cils sont bien d\u00e9finis et sans paquets.<\/span><\/p>\n<p><span>La formule am\u00e9lior\u00e9e contient des ingr\u00e9dients actifs qui aident \u00e0 nourrir les cils.<\/span><\/p>\n<p><span>Le nouveau pinceau en forme de sablier r\u00e9partit uniform\u00e9ment la texture.\u00a0Les extr\u00e9mit\u00e9s carr\u00e9es de la brosse atteignent les cils les plus courts et ceux du coin des yeux.\u00a0La formule innovante et la brosse combin\u00e9e garantissent des cils extr\u00eamement boucl\u00e9s et volumineux avec un effet panoramique.<\/span><\/p>\n<p><span>L&#8217;emballage lin\u00e9aire et moderne a \u00e9t\u00e9 cr\u00e9\u00e9 exclusivement pour KIKO par le c\u00e9l\u00e8bre designer Makio Hasuike.\u00a0Disponible en une seule couleur.<\/span><\/p>\n<p><span>\u062a\u0645 \u0627\u062e\u062a\u0628\u0627\u0631\u0647 \u0645\u0646 \u0642\u0628\u0644 \u0623\u0637\u0628\u0627\u0621 \u0627\u0644\u0639\u064a\u0648\u0646.<\/span><\/p>\n<p><span>\u0628\u062f\u0648\u0646 \u0639\u0637\u0631.<\/span><\/p>\n<h2><strong>\u0627\u0633\u062a\u062e\u062f\u0627\u0645 \u0627\u0644\u0645\u0634\u0648\u0631\u0629:<\/strong><\/h2>\n<p><span>Gr\u00e2ce \u00e0 la baguette en fibre sp\u00e9ciale, vous pouvez obtenir des cils parfaitement sculpt\u00e9s et volumis\u00e9s en quelques \u00e9tapes seulement.<\/span><\/p>\n<p><span>Par de petits mouvements de zigzag horizontaux, passez la brosse \u00e0 mascara le long des cils jusqu&rsquo;\u00e0 obtenir l&rsquo;effet souhait\u00e9.\u00a0L&rsquo;effet volumateur est instantan\u00e9.<\/span><\/p>\n<h2><strong>\u0627\u0644\u062a\u0631\u0643\u064a\u0628\u0629 :<\/strong><\/h2>\n<p>AQUA (EAU\/EAU), CIRE D&rsquo;ABEILLE SYNTH\u00c9TIQUE, BEURRE DE BUTYROSPERMUM PARKII (BUTYROSPERMUM PARKII (KARIT\u00c9) BEURRE), ACIDE ST\u00c9ARIQUE, GOMME D&rsquo;ACACIA SENEGAL, BUTYL\u00c8NE GLYCOL, CERA CARNAUBA (COPERNICIA CERIFERA (CARNAUBA) CIRE\/ CIRE DE CARNAUBA), GLYCERYL STEARATE, POLYBUT\u00c8NE, COPOLYM\u00c8RE VP\/EICOS\u00c8NE, AMINOM\u00c9THYL PROPAN\u00c9DIOL, PH\u00c9NOXY\u00c9THANOL, HYDROXY\u00c9THYLCELLULOSE, SORBATE DE POTASSIUM, TOCOPH\u00c9ROL, PALMITATE D&rsquo;ASCORBYLE, GLYCOG\u00c8NE, PHOSPHOLIPIDES, ACIDE HYALURONIQUE, EXTRAIT DE SACCHAROMYCES CEREVISIAE, SULFATE DE CHONDRO\u00cfTINE DE SODIUM, TRIPEPTIDE-29, CI 77499 (OXYDES DE FER).<\/p>","protected":false},"excerpt":{"rendered":"<p>DESCRIPTION : Mascara volumateur pour des cils plus fournis avec un effet panoramique.\u00a0La texture \u00e9paisse mais cr\u00e9meuse s&rsquo;applique facilement et est modulable.\u00a0Les cils sont bien d\u00e9finis et sans paquets. La formule am\u00e9lior\u00e9e contient des ingr\u00e9dients actifs qui aident \u00e0 nourrir les cils. Le nouveau pinceau en forme de sablier r\u00e9partit uniform\u00e9ment la texture.\u00a0Les extr\u00e9mit\u00e9s carr\u00e9es [&hellip;]<\/p>\n","protected":false},"featured_media":139652,"comment_status":"open","ping_status":"closed","template":"","meta":{"_acf_changed":false},"product_brand":[],"product_cat":[296,1230],"product_tag":[],"class_list":{"0":"post-139651","1":"product","2":"type-product","3":"status-publish","4":"has-post-thumbnail","6":"product_cat-maquillage","7":"product_cat-yeux-maquillage","9":"first","10":"outofstock","11":"sale","12":"taxable","13":"shipping-taxable","14":"purchasable","15":"product-type-simple"},"acf":[],"_links":{"self":[{"href":"https:\/\/pharmacima.com\/ar\/wp-json\/wp\/v2\/product\/139651","targetHints":{"allow":["GET"]}}],"collection":[{"href":"https:\/\/pharmacima.com\/ar\/wp-json\/wp\/v2\/product"}],"about":[{"href":"https:\/\/pharmacima.com\/ar\/wp-json\/wp\/v2\/types\/product"}],"replies":[{"embeddable":true,"href":"https:\/\/pharmacima.com\/ar\/wp-json\/wp\/v2\/comments?post=139651"}],"wp:featuredmedia":[{"embeddable":true,"href":"https:\/\/pharmacima.com\/ar\/wp-json\/wp\/v2\/media\/139652"}],"wp:attachment":[{"href":"https:\/\/pharmacima.com\/ar\/wp-json\/wp\/v2\/media?parent=139651"}],"wp:term":[{"taxonomy":"product_brand","embeddable":true,"href":"https:\/\/pharmacima.com\/ar\/wp-json\/wp\/v2\/product_brand?post=139651"},{"taxonomy":"product_cat","embeddable":true,"href":"https:\/\/pharmacima.com\/ar\/wp-json\/wp\/v2\/product_cat?post=139651"},{"taxonomy":"product_tag","embeddable":true,"href":"https:\/\/pharmacima.com\/ar\/wp-json\/wp\/v2\/product_tag?post=139651"}],"curies":[{"name":"wp","href":"https:\/\/api.w.org\/{rel}","templated":true}]}}