{"id":139744,"date":"2024-01-28T11:49:50","date_gmt":"2024-01-28T10:49:50","guid":{"rendered":"https:\/\/pharmacima.com\/?post_type=product&#038;p=139744"},"modified":"2024-06-02T17:32:42","modified_gmt":"2024-06-02T16:32:42","slug":"savon-surgras-lait-et-miel-150g-roge-cavailles","status":"publish","type":"product","link":"https:\/\/pharmacima.com\/ar\/product\/savon-surgras-lait-et-miel-150g-roge-cavailles\/","title":{"rendered":"Savon Surgras Lait Et Miel 150G Roge Cavailles"},"content":{"rendered":"<h2><strong>\u0648\u0635\u0641 :<\/strong><\/h2>\n<p>Produit iconique de la marque Rog\u00e9 Cavaill\u00e8s, le Savon Surgras est synonyme de douceur et de souplesse au quotidien. Avec le Savon Surgras Extra-Doux Lait et Miel, ce sont les peaux sensibles de toute la famille qui b\u00e9n\u00e9ficient de ses vertus !<\/p>\n<div class=\"woocommerce-tabs wc-tabs-wrapper tabs-layout\">\n<div class=\"tab-content-wrap\">\n<div id=\"tab-description\" class=\"woocommerce-Tabs-panel woocommerce-Tabs-panel--description panel entry-content wc-tab\" role=\"tabpanel\" aria-labelledby=\"tab-title-description\">\n<p>Le savon surgras extra-doux lait et miel Rog\u00e9 Cavaill\u00e8s est adapt\u00e9 aux peaux sensibles.<\/p>\n<p>Il est utilis\u00e9 pour nettoyer la peau tout en douceur et lui apporter confort et souplesse. Il aide la peau \u00e0 maintenir son hydratation naturelle. Utilis\u00e9 au quotidien, il adoucit votre peau et la prot\u00e8ge des agressions ext\u00e9rieures gr\u00e2ce \u00e0 ses agents surgras.<\/p>\n<h2><strong>\u0627\u0633\u062a\u062e\u062f\u0627\u0645 \u0627\u0644\u0645\u0634\u0648\u0631\u0629:<\/strong><\/h2>\n<p>Appliquez le Savon Surgras Extra-Doux Lait et Miel sur une peau pr\u00e9alablement mouill\u00e9e. Rincez \u00e0 l\u2019eau ti\u00e8de. Une extr\u00eame douceur \u00e0 \u00e9prouver au quotidien, sur le visage comme sur le corps des petits et des grands.<\/p>\n<h2><strong>\u0627\u0644\u062a\u0631\u0643\u064a\u0628\u0629 :<\/strong><\/h2>\n<div id=\"accordion-product\">\n<div class=\"accordion collapse show\">\n<div class=\"accordion-body\">\n<div>\n<p>Sodium Tallowate, Sodium Cocoate, Aqua, Lanolin, Glycerin, Parfum, Prunus Amygdalus Dulcis Oil, Prunus Persica Kernel Oil, Pentasodium Pentetate, Tetrasodium EDTA, Sodium Chloride, Insaponifiable<\/p>\n<\/div>\n<\/div>\n<\/div>\n<\/div>\n<\/div>\n<\/div>\n<div class=\"tab-content-wrap\"><\/div>\n<\/div>","protected":false},"excerpt":{"rendered":"<p>DESCRIPTION : Produit iconique de la marque Rog\u00e9 Cavaill\u00e8s, le Savon Surgras est synonyme de douceur et de souplesse au quotidien. Avec le Savon Surgras Extra-Doux Lait et Miel, ce sont les peaux sensibles de toute la famille qui b\u00e9n\u00e9ficient de ses vertus ! Le savon surgras extra-doux lait et miel Rog\u00e9 Cavaill\u00e8s est adapt\u00e9 [&hellip;]<\/p>\n","protected":false},"featured_media":139745,"comment_status":"open","ping_status":"closed","template":"","meta":{"_acf_changed":false},"product_brand":[],"product_cat":[102,137],"product_tag":[],"class_list":{"0":"post-139744","1":"product","2":"type-product","3":"status-publish","4":"has-post-thumbnail","6":"product_cat-soin-et-bien-etre","7":"product_cat-visage","9":"first","10":"outofstock","11":"sale","12":"taxable","13":"shipping-taxable","14":"purchasable","15":"product-type-simple"},"acf":[],"_links":{"self":[{"href":"https:\/\/pharmacima.com\/ar\/wp-json\/wp\/v2\/product\/139744","targetHints":{"allow":["GET"]}}],"collection":[{"href":"https:\/\/pharmacima.com\/ar\/wp-json\/wp\/v2\/product"}],"about":[{"href":"https:\/\/pharmacima.com\/ar\/wp-json\/wp\/v2\/types\/product"}],"replies":[{"embeddable":true,"href":"https:\/\/pharmacima.com\/ar\/wp-json\/wp\/v2\/comments?post=139744"}],"wp:featuredmedia":[{"embeddable":true,"href":"https:\/\/pharmacima.com\/ar\/wp-json\/wp\/v2\/media\/139745"}],"wp:attachment":[{"href":"https:\/\/pharmacima.com\/ar\/wp-json\/wp\/v2\/media?parent=139744"}],"wp:term":[{"taxonomy":"product_brand","embeddable":true,"href":"https:\/\/pharmacima.com\/ar\/wp-json\/wp\/v2\/product_brand?post=139744"},{"taxonomy":"product_cat","embeddable":true,"href":"https:\/\/pharmacima.com\/ar\/wp-json\/wp\/v2\/product_cat?post=139744"},{"taxonomy":"product_tag","embeddable":true,"href":"https:\/\/pharmacima.com\/ar\/wp-json\/wp\/v2\/product_tag?post=139744"}],"curies":[{"name":"wp","href":"https:\/\/api.w.org\/{rel}","templated":true}]}}