{"id":139753,"date":"2024-01-28T17:02:54","date_gmt":"2024-01-28T16:02:54","guid":{"rendered":"https:\/\/pharmacima.com\/?post_type=product&#038;p=139753"},"modified":"2026-03-13T14:14:11","modified_gmt":"2026-03-13T13:14:11","slug":"creme-protectrice-spf50-beauty-of-joseon","status":"publish","type":"product","link":"https:\/\/pharmacima.com\/ar\/product\/creme-protectrice-spf50-beauty-of-joseon\/","title":{"rendered":"Cr\u00e8me protectrice visage Spf50+ Pa+++ 50ml Beauty Of Joseon"},"content":{"rendered":"<h2><strong>\u0648\u0635\u0641 :<\/strong><\/h2>\n<p><strong>Une protection \u00e9lev\u00e9e contre les rayons UV et une hydratation intense dans un seul produit<\/strong><\/p>\n<p>Nous adorons les rayons du soleil, mais nous ne devons jamais oublier leurs effets nocifs sur notre visage. Luttez contre le vieillissement pr\u00e9matur\u00e9 de la peau sans pour autant vous cacher des rayons du soleil. La cr\u00e8me protectrice Beauty Of Joseon Relief Sun: Rice + Probiotics offre une protection \u00e9lev\u00e9e contre le soleil tout en hydratant intens\u00e9ment la peau.<\/p>\n<p>Enrichie en extraits de riz et de bl\u00e9 ferment\u00e9 particuli\u00e8rement riches en vitamines B, C, E, en acides amin\u00e9s et en min\u00e9raux, cette cr\u00e8me s\u2019applique facilement. Elle fond dans la peau et lui apporte tous les nutriments n\u00e9cessaires. Prot\u00e9gez votre peau et profitez d\u2019un visage rayonnant.<\/p>\n<h3><strong>\u0633\u0645\u0627\u062a :<\/strong><\/h3>\n<ul>\n<li>offre une protection \u00e9lev\u00e9e contre les rayons UV<\/li>\n<li>hydrate et nourrit intens\u00e9ment la peau<\/li>\n<li>pr\u00e9vient le vieillissement pr\u00e9matur\u00e9 de la peau<\/li>\n<li>ne laisse pas de traces blanches<\/li>\n<li>composition cr\u00e9meuse tr\u00e8s l\u00e9g\u00e8re qui ne colle pas<\/li>\n<\/ul>\n<h3><strong>Ingr\u00e9dients\u00a0:<\/strong><\/h3>\n<ul>\n<li>30\u00a0% d\u2019extrait de riz<\/li>\n<li>extraits de bl\u00e9 ferment\u00e9<\/li>\n<li>indice de protection solaire SPF\u00a050+<\/li>\n<li>composition v\u00e9gane<\/li>\n<li>sans\u00a0parfum\u00a0et sans huile essentielle<\/li>\n<\/ul>\n<h2><strong>\u0627\u0633\u062a\u062e\u062f\u0627\u0645 \u0627\u0644\u0645\u0634\u0648\u0631\u0629:<\/strong><\/h2>\n<div class=\"sc-aohf13-4 cYGOor\">\n<div class=\"sc-aohf13-20 bYKgPV\">\n<div class=\"sc-hBxehG czOULm sc-aohf13-2 QFqcK\">\n<div class=\"sc-1otxejp-0 eiPiGE\">\n<div id=\"tabAnchor\">\n<div id=\"description-tab\" tabindex=\"0\" role=\"tabpanel\" aria-hidden=\"false\">\n<div class=\"sc-b1ieoh-1 kFBYVl\">\n<section id=\"pdDescription\" class=\"sc-aohf13-13 sc-1eu1dd2-0 iGFsTL gZkiAw\">\n<div id=\"pd-description-wrapper\" class=\"sc-aohf13-14 sc-1eu1dd2-1 fpMnDJ gjcNdM\">\n<div class=\"sc-1uodfit-0 bUmFMV\">\n<div id=\"pd-description-text\" class=\"sc-1eu1dd2-3 ezAXfE\" data-testid=\"pd-description-text\">\n<p>Appliquez \u00e0 la derni\u00e8re \u00e9tape de votre soin du visage et \u00e9talez de fa\u00e7on homog\u00e8ne.<\/p>\n<h2><strong>\u0627\u0644\u062a\u0631\u0643\u064a\u0628\u0629 :<\/strong><\/h2>\n<p>Water, Oryza Sativa (Rice) Extract (30%), Dibutyl Adipate, Propanediol,Beauty of joseon\u00a0 Diethylamino Hydroxybenzoyl Hexyl Benzoate, Polymethylsilsesquioxane, Ethylhexyl Triazone, Niacinamide, Methylene Bis-benzotriazolyl Tetramethylbutylphenol, Coco-caprylate\/Caprate, Caprylyl Methicone, Diethylhexyl Butamido Triazone, Glycerin, Butylene Glycol, Oryza Sativa (Rice) Germ Extract, Camellia Sinensis Leaf Extract, Lactobacillus\/Pumpkin Ferment Extract,Beauty of joseon Bacillus\/Soybean Ferment Extract, Saccharum Officinarum (Sugarcane) Extract, Macrocystis Pyrifera (Kelp) Extract, Cocos Nucifera (Coconut) Fruit Extract, Panax Ginseng Root Extract, Camellia Sinensis Leaf Extract, Monascus\/Rice Ferment, Pentylene Glycol, Behenyl Alcohol, Poly C10-30 Alkyl Acrylate, Polyglyceryl-3 Methylglucose Distearate, Decyl Glucoside, Tromethamine, Carbomer, Acrylates\/C10-30 Alkyl Acrylate Crosspolymer, 1,2-Hexanediol,Sodium Stearoyl Glutamate, Polyacrylate Crosspolymer-6, Ethylhexylglycerin, Adenosine, Xanthan Gum, Tocopherol, Lactobacillus\/Rice Ferment, Aspergillus Ferment, Saccharomyces\/Rice Ferment Filtrate<\/p>\n<\/div>\n<\/div>\n<\/div>\n<\/section>\n<\/div>\n<\/div>\n<\/div>\n<\/div>\n<\/div>\n<\/div>\n<\/div>","protected":false},"excerpt":{"rendered":"<p>DESCRIPTION : Une protection \u00e9lev\u00e9e contre les rayons UV et une hydratation intense dans un seul produit Nous adorons les rayons du soleil, mais nous ne devons jamais oublier leurs effets nocifs sur notre visage. Luttez contre le vieillissement pr\u00e9matur\u00e9 de la peau sans pour autant vous cacher des rayons du soleil. La cr\u00e8me protectrice [&hellip;]<\/p>\n","protected":false},"featured_media":139754,"comment_status":"open","ping_status":"closed","template":"","meta":{"_acf_changed":false},"product_brand":[1402],"product_cat":[102,1383,137],"product_tag":[],"class_list":{"0":"post-139753","1":"product","2":"type-product","3":"status-publish","4":"has-post-thumbnail","6":"product_brand-beauty-of-joseon","7":"product_cat-soin-et-bien-etre","8":"product_cat-gros","9":"product_cat-visage","11":"first","12":"outofstock","13":"sale","14":"taxable","15":"shipping-taxable","16":"purchasable","17":"product-type-simple"},"acf":[],"_links":{"self":[{"href":"https:\/\/pharmacima.com\/ar\/wp-json\/wp\/v2\/product\/139753","targetHints":{"allow":["GET"]}}],"collection":[{"href":"https:\/\/pharmacima.com\/ar\/wp-json\/wp\/v2\/product"}],"about":[{"href":"https:\/\/pharmacima.com\/ar\/wp-json\/wp\/v2\/types\/product"}],"replies":[{"embeddable":true,"href":"https:\/\/pharmacima.com\/ar\/wp-json\/wp\/v2\/comments?post=139753"}],"wp:featuredmedia":[{"embeddable":true,"href":"https:\/\/pharmacima.com\/ar\/wp-json\/wp\/v2\/media\/139754"}],"wp:attachment":[{"href":"https:\/\/pharmacima.com\/ar\/wp-json\/wp\/v2\/media?parent=139753"}],"wp:term":[{"taxonomy":"product_brand","embeddable":true,"href":"https:\/\/pharmacima.com\/ar\/wp-json\/wp\/v2\/product_brand?post=139753"},{"taxonomy":"product_cat","embeddable":true,"href":"https:\/\/pharmacima.com\/ar\/wp-json\/wp\/v2\/product_cat?post=139753"},{"taxonomy":"product_tag","embeddable":true,"href":"https:\/\/pharmacima.com\/ar\/wp-json\/wp\/v2\/product_tag?post=139753"}],"curies":[{"name":"wp","href":"https:\/\/api.w.org\/{rel}","templated":true}]}}