{"id":139759,"date":"2024-01-28T17:48:52","date_gmt":"2024-01-28T16:48:52","guid":{"rendered":"https:\/\/pharmacima.com\/?post_type=product&#038;p=139759"},"modified":"2026-04-01T16:32:34","modified_gmt":"2026-04-01T15:32:34","slug":"niacinamide-serum-yuja-50ml-some-by-mi","status":"publish","type":"product","link":"https:\/\/pharmacima.com\/ar\/product\/niacinamide-serum-yuja-50ml-some-by-mi\/","title":{"rendered":"Niacinamide S\u00e9rum Yuja 50ml Some By Mi"},"content":{"rendered":"<h2><strong>\u0648\u0635\u0641 :<\/strong><\/h2>\n<ul class=\"a-unordered-list a-vertical a-spacing-mini\">\n<li class=\"a-spacing-mini\"><span class=\"a-list-item\">SOME BY MI : SOME BY MI est un mot compos\u00e9 de \u00ab QUELQUE CHOSE \u00bb et \u00ab PAR UN MIRACLE \u00bb.\u00a0La mission de notre marque est de fabriquer des produits qui respectent l&rsquo;essentiel des cosm\u00e9tiques, avec des ingr\u00e9dients s\u00fbrs et propres \u00e0 l&rsquo;efficacit\u00e9 prouv\u00e9e.\u00a0Gr\u00e2ce \u00e0 nos produits de soins de la peau, nous esp\u00e9rons apporter des changements positifs et des \u00ab MIRACLES \u00bb \u00e0 votre peau.<\/span><\/li>\n<\/ul>\n<p>&nbsp;<\/p>\n<ul class=\"a-unordered-list a-vertical a-spacing-mini\">\n<li class=\"a-spacing-mini\"><span class=\"a-list-item\">S\u00c9RUM ANTI-IMperfections YUJA\u00a0: Le s\u00e9rum anti-imperfections Yuja Niacin contient des capsules rafra\u00eechissantes qui d\u00e9livrent efficacement des ingr\u00e9dients actifs en profondeur dans la peau, aidant au soin des imperfections, des taches de rousseur, des taches brunes et des probl\u00e8mes de peau.\u00a0Ce s\u00e9rum pour le visage fournit \u00e9galement un double m\u00e9canisme d&rsquo;hydratation, comblant la s\u00e9cheresse cutan\u00e9e et formant une barri\u00e8re d&rsquo;humidit\u00e9 \u00e0 la surface de la peau, ce qui am\u00e9liore l&rsquo;hydratation et pr\u00e9vient la perte d&rsquo;humidit\u00e9.<\/span><\/li>\n<\/ul>\n<p>&nbsp;<\/p>\n<ul class=\"a-unordered-list a-vertical a-spacing-mini\">\n<li class=\"a-spacing-mini\"><span class=\"a-list-item\">INGR\u00c9DIENTS CL\u00c9S : 10 % de niacinamide aide \u00e0 am\u00e9liorer la texture globale de la peau, \u00e0 minimiser l&rsquo;apparence des pores, \u00e0 r\u00e9guler la production de s\u00e9bum et \u00e0 am\u00e9liorer la fonction barri\u00e8re naturelle de la peau.\u00a083 % de l&rsquo;extrait de Yuja contient des acides de fruits naturels qui peuvent exfolier la peau en douceur, favorisant un teint plus lisse et plus lumineux.\u00a0De plus, l&rsquo;ingr\u00e9dient brevet\u00e9 BRIGHT OL\u00c9OACTIF agit pour contr\u00f4ler le s\u00e9bum et r\u00e9duire les taches brunes.<\/span><\/li>\n<\/ul>\n<p>&nbsp;<\/p>\n<ul class=\"a-unordered-list a-vertical a-spacing-mini\">\n<li class=\"a-spacing-mini\"><span class=\"a-list-item\">LIGNE AVANC\u00c9E YUJA NIACIN : L&rsquo;ingr\u00e9dient niacinamide a \u00e9t\u00e9 renforc\u00e9 par une double concentration, maximisant ses effets \u00e9clatants et ciblant les zones pigment\u00e9es pour un soin efficace, entra\u00eenant une r\u00e9duction des traces visibles.\u00a0La formule contient une grande quantit\u00e9 d&rsquo;essence de yuja et divers ingr\u00e9dients naturels, agissant en synergie pour am\u00e9liorer le teint de la peau et traiter les imperfections.<\/span><\/li>\n<\/ul>\n<h2><strong>\u0627\u0633\u062a\u062e\u062f\u0627\u0645 \u0627\u0644\u0645\u0634\u0648\u0631\u0629:<\/strong><\/h2>\n<ul>\n<li>Prenez une quantit\u00e9 appropri\u00e9e.<\/li>\n<li>Massez doucement sur la peau en suivant la texture de la peau.<\/li>\n<li>R\u00e9appliquer sur la zone des yeux secs.<\/li>\n<\/ul>\n<h2><strong>\u0627\u0644\u062a\u0631\u0643\u064a\u0628\u0629 :<\/strong><\/h2>\n<p>Extrait d&rsquo;agrumes Junos, eau, butyl\u00e8ne glycol, niacinamide, glyc\u00e9rine, panth\u00e9nol, 1,2-hexanediol, huile de graines de Simmondsia Chinensis (jojoba), extrait de feuille de Thuja Orientalis, extrait de feuille de Zanthoxylum Schinifolium, extrait de racine de Polygonum Cuspidatum, Mentha Piperita (menthe poivr\u00e9e) Extrait de feuille, extrait de feuille de Mentha Aquatica, extrait de feuille de Mentha Rotundifolia, extrait de fleur de Nelumbo Nucifera,some by mi extrait de Coptis Japonica, extrait de fruit d&rsquo;Hippophae Rhamnoides, arbutine, glutathion, acide ascorbique, glucoside d&rsquo;ascorbyle,<\/p>\n<p>biotine, tocoph\u00e9rol, cyanocobalamine, (-)-alpha-bisabolol , T\u00e9traisopalmitate d&rsquo;ascorbyle, m\u00e9nadione, arginine, tr\u00e9halose, mad\u00e9cassoside, ad\u00e9nosine, diph\u00e9nylsiloxyph\u00e9nyl trim\u00e9thicone, caprylyl m\u00e9thicone, inuline lauryl carbamate, alcool b\u00e9h\u00e9nylique, ol\u00e9ate de sorbitan, isost\u00e9arate de sorbitan,some by mi caprylyl\/capryl glucoside, polyisobut\u00e8ne, gomme xanthane, carbom\u00e8re, acrylates\/C10- 30 Polym\u00e8re crois\u00e9 d&rsquo;acrylate d&rsquo;alkyle, copolym\u00e8re d&rsquo;acrylate de sodium\/acryloyldim\u00e9thyltaurate de sodium, dim\u00e9thicone\/ph\u00e9nylvinyldim\u00e9thicone\/polym\u00e8re crois\u00e9 de ph\u00e9nylvinyldim\u00e9thicone, benzylglycol, \u00e9thylhexylglyc\u00e9rine, c\u00e9tone de framboise, EDTA disodique,some by mi huile d&rsquo;\u00e9corce de Citrus Junos.<\/p>","protected":false},"excerpt":{"rendered":"<p>DESCRIPTION : SOME BY MI : SOME BY MI est un mot compos\u00e9 de \u00ab QUELQUE CHOSE \u00bb et \u00ab PAR UN MIRACLE \u00bb.\u00a0La mission de notre marque est de fabriquer des produits qui respectent l&rsquo;essentiel des cosm\u00e9tiques, avec des ingr\u00e9dients s\u00fbrs et propres \u00e0 l&rsquo;efficacit\u00e9 prouv\u00e9e.\u00a0Gr\u00e2ce \u00e0 nos produits de soins de la peau, [&hellip;]<\/p>\n","protected":false},"featured_media":139760,"comment_status":"open","ping_status":"closed","template":"","meta":{"_acf_changed":false},"product_brand":[1542],"product_cat":[102,137],"product_tag":[],"class_list":{"0":"post-139759","1":"product","2":"type-product","3":"status-publish","4":"has-post-thumbnail","6":"product_brand-some-by-mi","7":"product_cat-soin-et-bien-etre","8":"product_cat-visage","10":"first","11":"instock","12":"sale","13":"taxable","14":"shipping-taxable","15":"purchasable","16":"product-type-simple"},"acf":[],"_links":{"self":[{"href":"https:\/\/pharmacima.com\/ar\/wp-json\/wp\/v2\/product\/139759","targetHints":{"allow":["GET"]}}],"collection":[{"href":"https:\/\/pharmacima.com\/ar\/wp-json\/wp\/v2\/product"}],"about":[{"href":"https:\/\/pharmacima.com\/ar\/wp-json\/wp\/v2\/types\/product"}],"replies":[{"embeddable":true,"href":"https:\/\/pharmacima.com\/ar\/wp-json\/wp\/v2\/comments?post=139759"}],"wp:featuredmedia":[{"embeddable":true,"href":"https:\/\/pharmacima.com\/ar\/wp-json\/wp\/v2\/media\/139760"}],"wp:attachment":[{"href":"https:\/\/pharmacima.com\/ar\/wp-json\/wp\/v2\/media?parent=139759"}],"wp:term":[{"taxonomy":"product_brand","embeddable":true,"href":"https:\/\/pharmacima.com\/ar\/wp-json\/wp\/v2\/product_brand?post=139759"},{"taxonomy":"product_cat","embeddable":true,"href":"https:\/\/pharmacima.com\/ar\/wp-json\/wp\/v2\/product_cat?post=139759"},{"taxonomy":"product_tag","embeddable":true,"href":"https:\/\/pharmacima.com\/ar\/wp-json\/wp\/v2\/product_tag?post=139759"}],"curies":[{"name":"wp","href":"https:\/\/api.w.org\/{rel}","templated":true}]}}