{"id":139819,"date":"2024-01-30T18:40:17","date_gmt":"2024-01-30T17:40:17","guid":{"rendered":"https:\/\/pharmacima.com\/?post_type=product&#038;p=139819"},"modified":"2026-01-04T12:32:20","modified_gmt":"2026-01-04T11:32:20","slug":"soin-peptide-anti-chute-50ml-some-by-mi","status":"publish","type":"product","link":"https:\/\/pharmacima.com\/ar\/product\/soin-peptide-anti-chute-50ml-some-by-mi\/","title":{"rendered":"Soin Peptide Anti Chute 50ml Some By Mi"},"content":{"rendered":"<h2><strong>\u0648\u0635\u0641 :<\/strong><\/h2>\n<p>Ce traitement intensif du cuir chevelu anti-chute de cheveux Cica Peptide de\u00a0\u00a0<strong>Some By Mi\u00a0<\/strong> renforcera le cuir chevelu et les racines pour minimiser la chute des cheveux. Le traitement est enrichi en Centella Asiatica et en Mad\u00e9cassoside cicatrisants pour apaiser \u00e9galement le cuir chevelu. Some by mi<\/p>\n<p><strong>Des ingr\u00e9dients qu&rsquo;on adore<\/strong>\u00a0:<\/p>\n<ul>\n<li><strong>Centella Asiatica (CICA)<\/strong>\u00a0: Une plante cicatrisante aux qualit\u00e9s anti-inflammatoires. Stimule la synth\u00e8se de l&rsquo;acide hyaluronique, hydrate la peau et augmente les niveaux d&rsquo;antioxydants de la peau.<\/li>\n<li><strong>\u062d\u0645\u0636 \u0627\u0644\u0633\u0627\u0644\u064a\u0633\u064a\u0644\u064a\u0643 (BHA)<\/strong>\u00a0: exfoliant chimique soluble dans l&rsquo;huile qui p\u00e9n\u00e8tre profond\u00e9ment dans les pores, \u00e9limine les cellules mortes de la peau et autres d\u00e9bris cutan\u00e9s. Forts effets anti-inflammatoires.<\/li>\n<li><strong>Biotine<\/strong>\u00a0: Composant de nombreuses enzymes de notre corps. Il peut lisser la peau et aider \u00e0 renforcer les cheveux.<\/li>\n<li><strong>Extrait de feuille de Camellia Sinensis (th\u00e9 vert)<\/strong> : Un puissant antioxydant dot\u00e9 de capacit\u00e9s de protection UV, anti-inflammatoires et antimicrobiennes, utile dans le traitement de la rosac\u00e9e, de l&rsquo;acn\u00e9 et de la dermatite atopique.Some by mi<\/li>\n<li><strong>Peptides<\/strong> : Prot\u00e9ines essentielles \u00e0 la sant\u00e9 de la peau. Stimule la production de collag\u00e8ne dans la peau, pour une peau plus ferme et plus jeune. Some by mi<\/li>\n<\/ul>\n<h2><strong>\u0627\u0633\u062a\u062e\u062f\u0627\u0645 \u0627\u0644\u0645\u0634\u0648\u0631\u0629:<\/strong><\/h2>\n<ol>\n<li>Prendre une quantit\u00e9 appropri\u00e9e sous la main et appliquer sur cheveux mouill\u00e9s apr\u00e8s le shampooing.<\/li>\n<li>Rincez apr\u00e8s 3 \u00e0 5 minutes.<\/li>\n<\/ol>\n<h2><strong>\u0627\u0644\u062a\u0631\u0643\u064a\u0628\u0629 :<\/strong><\/h2>\n<p>Eau, dipropyl\u00e8ne glycol, alcool st\u00e9arylique, alcool c\u00e9tylique, chlorure de b\u00e9hentrimonium, chlorure de st\u00e9artrimonium, propyl\u00e8ne glycol, panth\u00e9nol, st\u00e9aramidopropyl dim\u00e9thylamine, alcool isopropylique, pyrithione de zinc, caprylyl glycol, acide salicylique, polyquaternium-10, menthol, chlorure d&rsquo;hydroxypropyltrimonium de guar, arginine, sodium Polynaphtal\u00e8nesulfonate, extrait de prot\u00e9ine de lait, butyl\u00e8ne glycol, chlorure de sodium, extrait de feuille de Mentha some bu mi Piperita (menthe poivr\u00e9e), extrait de Mentha Viridis (menthe verte), 1,2-hexanediol, extrait de feuille de Camellia Sinensis, extrait de Houttuynia Cordata, fleur\/\u200bfeuille\/\u200bde Leonurus Sibiricus Extrait de tige, extrait de fleur de Nelumbo Nucifera, extrait d&rsquo;Artemisia Vulgaris, extrait de feuille de Mentha<\/p>\n<p>Rotundifolia, extrait de graines de Glycine Max (soja), extrait de graines de Nigella Sativa, extrait d&rsquo;Oryza Sativa (riz), extrait de fruit de Ribes Nigrum (cassis), Rubus Fruticosus (m\u00fbre) ) Extrait de fruit, extrait de graines de Sesamum Indicum (s\u00e9same), extrait de graines de Salvia Hispanica,some by mi extrait de fruit de Vaccinium Angustifolium (myrtille), extrait de Centella Asiatica (1 000 Ppb), biotine, \u00e9thylhexylglyc\u00e9rine, prot\u00e9ine de ma\u00efs hydrolys\u00e9e, prot\u00e9ine de soja hydrolys\u00e9e, prot\u00e9ine de bl\u00e9 hydrolys\u00e9e, cuivre Tripeptide-1 (10 Ppb), Hexapeptide-9 (10 Ppb), Nonapeptide-1 (10 Ppb), Palmitoyl Tripeptide-5 (10 Ppb), Palmitoyl Pentapeptide-4 (10 Ppb), Palmitoyl Tripeptide-1 (10 Ppb) , Palmitoyl Oligopeptide (10 Ppb), Palmitoyl Tetrapeptide-7 (10 Ppb), Tripeptide-1 (10 Ppb), Ac\u00e9tyl Hexapeptide-8 (10 Ppb), Ac\u00e9tyl Tetrapeptide-2 (10 Ppb), Mad\u00e9cassoside (10 Ppb), Mad\u00e9cassique Acide (10 Ppb), Asiaticoside (10 Ppb), Acide asiatique (10 Ppb), Parfum<\/p>","protected":false},"excerpt":{"rendered":"<p>DESCRIPTION : Ce traitement intensif du cuir chevelu anti-chute de cheveux Cica Peptide de\u00a0\u00a0Some By Mi\u00a0 renforcera le cuir chevelu et les racines pour minimiser la chute des cheveux. Le traitement est enrichi en Centella Asiatica et en Mad\u00e9cassoside cicatrisants pour apaiser \u00e9galement le cuir chevelu. Some by mi Des ingr\u00e9dients qu&rsquo;on adore\u00a0: Centella Asiatica [&hellip;]<\/p>\n","protected":false},"featured_media":139820,"comment_status":"open","ping_status":"closed","template":"","meta":{"_acf_changed":false},"product_brand":[1542],"product_cat":[102,138,1383],"product_tag":[],"class_list":{"0":"post-139819","1":"product","2":"type-product","3":"status-publish","4":"has-post-thumbnail","6":"product_brand-some-by-mi","7":"product_cat-soin-et-bien-etre","8":"product_cat-cheveux_","9":"product_cat-gros","11":"first","12":"instock","13":"sale","14":"taxable","15":"shipping-taxable","16":"purchasable","17":"product-type-simple"},"acf":[],"_links":{"self":[{"href":"https:\/\/pharmacima.com\/ar\/wp-json\/wp\/v2\/product\/139819","targetHints":{"allow":["GET"]}}],"collection":[{"href":"https:\/\/pharmacima.com\/ar\/wp-json\/wp\/v2\/product"}],"about":[{"href":"https:\/\/pharmacima.com\/ar\/wp-json\/wp\/v2\/types\/product"}],"replies":[{"embeddable":true,"href":"https:\/\/pharmacima.com\/ar\/wp-json\/wp\/v2\/comments?post=139819"}],"wp:featuredmedia":[{"embeddable":true,"href":"https:\/\/pharmacima.com\/ar\/wp-json\/wp\/v2\/media\/139820"}],"wp:attachment":[{"href":"https:\/\/pharmacima.com\/ar\/wp-json\/wp\/v2\/media?parent=139819"}],"wp:term":[{"taxonomy":"product_brand","embeddable":true,"href":"https:\/\/pharmacima.com\/ar\/wp-json\/wp\/v2\/product_brand?post=139819"},{"taxonomy":"product_cat","embeddable":true,"href":"https:\/\/pharmacima.com\/ar\/wp-json\/wp\/v2\/product_cat?post=139819"},{"taxonomy":"product_tag","embeddable":true,"href":"https:\/\/pharmacima.com\/ar\/wp-json\/wp\/v2\/product_tag?post=139819"}],"curies":[{"name":"wp","href":"https:\/\/api.w.org\/{rel}","templated":true}]}}