{"id":139859,"date":"2024-02-01T18:55:17","date_gmt":"2024-02-01T17:55:17","guid":{"rendered":"https:\/\/pharmacima.com\/?post_type=product&#038;p=139859"},"modified":"2024-07-01T11:18:43","modified_gmt":"2024-07-01T10:18:43","slug":"huile-lavante-propolis-b5-120ml-some-by-mi","status":"publish","type":"product","link":"https:\/\/pharmacima.com\/ar\/product\/huile-lavante-propolis-b5-120ml-some-by-mi\/","title":{"rendered":"Huile Lavante Propolis B5 120ml Some By MI"},"content":{"rendered":"<h2><strong>\u0648\u0635\u0641 :<\/strong><\/h2>\n<p>Huile-mousse pour l&rsquo;\u00e9clat de la peau \u00e0 la propolis\u00a0<strong>Some By Mi Propolis B5 Glow Barrier Calming Oil<\/strong>\u00a0To Foam est un rem\u00e8de universel qui comprend deux \u00e9tapes de nettoyage \u00e0 la fois : l&rsquo;huile hydrophile et le nettoyant pour le visage.<\/p>\n<p>Le produit p\u00e9n\u00e8tre profond\u00e9ment dans les pores et dissout tous types d&rsquo;impuret\u00e9s, \u00e9limine le maquillage, l&rsquo;exc\u00e8s de s\u00e9bum, la cr\u00e8me solaire et le fond de teint.\u00a0Nettoie efficacement mais d\u00e9licatement la surface de l&rsquo;\u00e9piderme, maintient la peau nourrie et hydrat\u00e9e m\u00eame apr\u00e8s le lavage.<\/p>\n<p>Il a un effet anti-inflammatoire et apaisant prononc\u00e9, acc\u00e9l\u00e8re le processus de gu\u00e9rison de l&rsquo;inflammation, soulage les d\u00e9mangeaisons et restaure les fonctions de barri\u00e8re.<\/p>\n<p><strong>Principaux principes actifs :<\/strong><\/p>\n<ul>\n<li><strong>La propolis<\/strong>\u00a0poss\u00e8de de puissantes propri\u00e9t\u00e9s antibact\u00e9riennes qui aident \u00e0 pr\u00e9venir les \u00e9ruptions cutan\u00e9es.\u00a0Restaure l&rsquo;\u00e9quilibre eau-lipides, renforce la barri\u00e8re protectrice et la prot\u00e8ge des effets n\u00e9fastes des facteurs externes.<\/li>\n<li><strong>Le miel de Manuka<\/strong>\u00a0a un effet nourrissant et adoucissant, a des effets antibact\u00e9riens, anti-inflammatoires, antimicrobiens, antiviraux, antiseptiques et antifongiques.<\/li>\n<li><strong>La gel\u00e9e royale<\/strong>\u00a0am\u00e9liore le m\u00e9tabolisme cellulaire, la circulation sanguine, acc\u00e9l\u00e8re le m\u00e9tabolisme, active les processus naturels de renouvellement et de r\u00e9g\u00e9n\u00e9ration.<\/li>\n<li><strong>L&rsquo;huile de jojoba<\/strong>\u00a0apporte une couche protectrice, id\u00e9alement hydratante et nourrissante.\u00a0La forte concentration de vitamine E dans l&rsquo;huile lui conf\u00e8re ses caract\u00e9ristiques antioxydantes &#8211; r\u00e9g\u00e9n\u00e9rantes, anti-inflammatoires, normalisantes.<\/li>\n<li><strong>Le panth\u00e9nol<\/strong>\u00a0stimule la restauration de l&rsquo;int\u00e9grit\u00e9 de la peau, soulage les rougeurs et les irritations et poss\u00e8de une propri\u00e9t\u00e9 cicatrisante.<\/li>\n<li><strong>Le complexe Truecica<\/strong>\u00a0augmente la fermet\u00e9 et l&rsquo;\u00e9lasticit\u00e9, sature les cellules du derme en humidit\u00e9.\u00a0Forme une barri\u00e8re protectrice qui prot\u00e8ge la peau des rayons ultraviolets et des facteurs environnementaux n\u00e9gatifs.<\/li>\n<\/ul>\n<p>Convient aux peaux s\u00e8ches et sensibles.<\/p>\n<h2><strong>\u0627\u0633\u062a\u062e\u062f\u0627\u0645 \u0627\u0644\u0645\u0634\u0648\u0631\u0629:\u00a0<\/strong><\/h2>\n<p>Appliquer la quantit\u00e9 n\u00e9cessaire de produit avec les mains s\u00e8ches sur peau s\u00e8che et masser doucement, ajouter un peu d&rsquo;eau pour faire mousser l&rsquo;huile et continuer \u00e0 masser jusqu&rsquo;\u00e0 dissolution compl\u00e8te des impuret\u00e9s. Rincez tout produit restant.<\/p>\n<h2><strong>\u0627\u0644\u062a\u0631\u0643\u064a\u0628\u0629 : <\/strong><\/h2>\n<p>Eau, extrait de propolis (11,4 %), coco-b\u00e9ta\u00efne, glyc\u00e9rine, extrait de miel, cocoate de potassium, huile de canola, glycinate de cocoyl de potassium, copolym\u00e8re d&rsquo;acrylates, propanediol, polyglyc\u00e9ryl-4 caprate, chlorure de sodium, 1,2-hexanediol, panth\u00e9nol (1 000 ppm), miel, extrait de gel\u00e9e royale, c\u00e9ramide NP, huile de p\u00e9pins de Vitis Vinifera (raisin), extrait de feuille de Melaleuca Alternifolia (arbre \u00e0 th\u00e9), extrait d&rsquo;Artemisia Capillaris, extrait de Centella Asiatica, huile de Centella Asiatica, acide asiatique, asiaticoside, acide mad\u00e9cassique. , mad\u00e9cassoside, huile de graines de Ribes Nigrum (cassis), extrait de feuille de Saponaria Officinalis, extrait d&rsquo;\u00e9corce de Quillaja Saponaria, extrait de fruit de Sapindus Mukorossi, extrait de feuille d&rsquo;Olea Europaea (olive), huile d&rsquo;Oenothera Biennis (onagre), huile de graines de Simmondsia Chinensis (jojoba) , Extrait de ferment de lactobacille\/soja, extrait de Portulaca oleracea, extrait d&rsquo;\u00e9corce de Cinnamomum Cassia, extrait de racine de Scutellaria Baicalensis, extrait de feuille d&rsquo;Origanum Vulgare, extrait de feuille de Chamaecyparis Obtusa, extrait d&rsquo;\u00e9corce de Salix Alba (saule), glycolipides, phytosphingosine, glycinate de cocoyl de sodium, pomme de cocoyl de sodium Acides amin\u00e9s, prot\u00e9ine d&rsquo;avoine hydrolys\u00e9e de potassium et de cocoyl, babassuamidopropyl b\u00e9ta\u00efne, coco-glucoside, st\u00e9arate de potassium, myristate de potassium, trom\u00e9thamine, surfactine de sodium, laurate de glyc\u00e9ryle, l\u00e9cithine hydrog\u00e9n\u00e9e, \u00e9rythritol, triglyc\u00e9ride caprylique\/caprique, butyl\u00e8ne glycol, benzoate d&rsquo;alkyle en C12-15 de dipropyl\u00e8ne glycol , Caprylyl Glycol, Hexyl\u00e8ne Glycol, \u00c9thylhexylglyc\u00e9rine, Caprylate de glyc\u00e9ryle, Benzoate de sodium, Pentyl\u00e8ne Glycol CI 17200, CI 19140, Diac\u00e9tate de glutamate t\u00e9trasodique, EDTA disodique, Parfum<\/p>","protected":false},"excerpt":{"rendered":"<p>DESCRIPTION : Huile-mousse pour l&rsquo;\u00e9clat de la peau \u00e0 la propolis\u00a0Some By Mi Propolis B5 Glow Barrier Calming Oil\u00a0To Foam est un rem\u00e8de universel qui comprend deux \u00e9tapes de nettoyage \u00e0 la fois : l&rsquo;huile hydrophile et le nettoyant pour le visage. Le produit p\u00e9n\u00e8tre profond\u00e9ment dans les pores et dissout tous types d&rsquo;impuret\u00e9s, \u00e9limine [&hellip;]<\/p>\n","protected":false},"featured_media":139860,"comment_status":"open","ping_status":"closed","template":"","meta":{"_acf_changed":false},"product_brand":[],"product_cat":[102,137],"product_tag":[],"class_list":{"0":"post-139859","1":"product","2":"type-product","3":"status-publish","4":"has-post-thumbnail","6":"product_cat-soin-et-bien-etre","7":"product_cat-visage","9":"first","10":"outofstock","11":"sale","12":"taxable","13":"shipping-taxable","14":"purchasable","15":"product-type-simple"},"acf":[],"_links":{"self":[{"href":"https:\/\/pharmacima.com\/ar\/wp-json\/wp\/v2\/product\/139859","targetHints":{"allow":["GET"]}}],"collection":[{"href":"https:\/\/pharmacima.com\/ar\/wp-json\/wp\/v2\/product"}],"about":[{"href":"https:\/\/pharmacima.com\/ar\/wp-json\/wp\/v2\/types\/product"}],"replies":[{"embeddable":true,"href":"https:\/\/pharmacima.com\/ar\/wp-json\/wp\/v2\/comments?post=139859"}],"wp:featuredmedia":[{"embeddable":true,"href":"https:\/\/pharmacima.com\/ar\/wp-json\/wp\/v2\/media\/139860"}],"wp:attachment":[{"href":"https:\/\/pharmacima.com\/ar\/wp-json\/wp\/v2\/media?parent=139859"}],"wp:term":[{"taxonomy":"product_brand","embeddable":true,"href":"https:\/\/pharmacima.com\/ar\/wp-json\/wp\/v2\/product_brand?post=139859"},{"taxonomy":"product_cat","embeddable":true,"href":"https:\/\/pharmacima.com\/ar\/wp-json\/wp\/v2\/product_cat?post=139859"},{"taxonomy":"product_tag","embeddable":true,"href":"https:\/\/pharmacima.com\/ar\/wp-json\/wp\/v2\/product_tag?post=139859"}],"curies":[{"name":"wp","href":"https:\/\/api.w.org\/{rel}","templated":true}]}}