{"id":139963,"date":"2024-02-06T12:22:57","date_gmt":"2024-02-06T11:22:57","guid":{"rendered":"https:\/\/pharmacima.com\/?post_type=product&#038;p=139963"},"modified":"2025-06-05T12:51:15","modified_gmt":"2025-06-05T11:51:15","slug":"pochette-maquillage-kiko","status":"publish","type":"product","link":"https:\/\/pharmacima.com\/ar\/product\/pochette-maquillage-kiko\/","title":{"rendered":"Pochette Maquillage Kiko"},"content":{"rendered":"<h2><strong>\u0648\u0635\u0641 :<\/strong><\/h2>\n<p><strong>D\u00e9couvrez l&rsquo;\u00e9l\u00e9gance intemporelle avec notre pochette pour femme : un accessoire incontournable pour toutes les occasions.<\/strong><\/p>\n<p>Plongez dans le luxe et l&rsquo;\u00e9l\u00e9gance avec notre pochette exquise, con\u00e7ue pour la femme moderne qui refuse de compromettre son style. Fabriqu\u00e9e \u00e0 partir des mat\u00e9riaux les plus fins, cette pochette incarne un \u00e9quilibre parfait entre sophistication et fonctionnalit\u00e9.<\/p>\n<p><span>\u00a0Pochette maquillage et accessoires Pratique et \u00e9l\u00e9gante, elle est r\u00e9alis\u00e9e en tissu effet matelass\u00e9 dor\u00e9.\u00a0<\/span><span>Fermeture zipp\u00e9e et boutonn\u00e9e, design orn\u00e9 du monogramme KK en relief.\u00a0<\/span><span>Id\u00e9al pour : envelopper vos l\u00e8vres d&rsquo;une couleur mate avec un effet flout\u00e9, et obtenir un look parfait \u00e0 tout moment gr\u00e2ce \u00e0 l&rsquo;adorable format de poche des rouges \u00e0 l\u00e8vres.\u00a0<\/span><span>Un cadeau magnifique.\u00a0<\/span><\/p>\n<p><span>TEST : Test\u00e9 dermatologiquement. R\u00c9SULTATS : Une texture velout\u00e9e sublime instantan\u00e9ment les l\u00e8vres et les diff\u00e9rentes teintes permettent de cr\u00e9er une infinit\u00e9 de looks ultra sophistiqu\u00e9s.\u00a0<\/span><\/p>","protected":false},"excerpt":{"rendered":"<p>DESCRIPTION : D\u00e9couvrez l&rsquo;\u00e9l\u00e9gance intemporelle avec notre pochette pour femme : un accessoire incontournable pour toutes les occasions. Plongez dans le luxe et l&rsquo;\u00e9l\u00e9gance avec notre pochette exquise, con\u00e7ue pour la femme moderne qui refuse de compromettre son style. Fabriqu\u00e9e \u00e0 partir des mat\u00e9riaux les plus fins, cette pochette incarne un \u00e9quilibre parfait entre sophistication [&hellip;]<\/p>\n","protected":false},"featured_media":139964,"comment_status":"open","ping_status":"closed","template":"","meta":{"_acf_changed":false},"product_brand":[],"product_cat":[296,1232],"product_tag":[],"class_list":{"0":"post-139963","1":"product","2":"type-product","3":"status-publish","4":"has-post-thumbnail","6":"product_cat-maquillage","7":"product_cat-accessoires_maquillage","9":"first","10":"outofstock","11":"sale","12":"taxable","13":"shipping-taxable","14":"purchasable","15":"product-type-simple"},"acf":[],"_links":{"self":[{"href":"https:\/\/pharmacima.com\/ar\/wp-json\/wp\/v2\/product\/139963","targetHints":{"allow":["GET"]}}],"collection":[{"href":"https:\/\/pharmacima.com\/ar\/wp-json\/wp\/v2\/product"}],"about":[{"href":"https:\/\/pharmacima.com\/ar\/wp-json\/wp\/v2\/types\/product"}],"replies":[{"embeddable":true,"href":"https:\/\/pharmacima.com\/ar\/wp-json\/wp\/v2\/comments?post=139963"}],"wp:featuredmedia":[{"embeddable":true,"href":"https:\/\/pharmacima.com\/ar\/wp-json\/wp\/v2\/media\/139964"}],"wp:attachment":[{"href":"https:\/\/pharmacima.com\/ar\/wp-json\/wp\/v2\/media?parent=139963"}],"wp:term":[{"taxonomy":"product_brand","embeddable":true,"href":"https:\/\/pharmacima.com\/ar\/wp-json\/wp\/v2\/product_brand?post=139963"},{"taxonomy":"product_cat","embeddable":true,"href":"https:\/\/pharmacima.com\/ar\/wp-json\/wp\/v2\/product_cat?post=139963"},{"taxonomy":"product_tag","embeddable":true,"href":"https:\/\/pharmacima.com\/ar\/wp-json\/wp\/v2\/product_tag?post=139963"}],"curies":[{"name":"wp","href":"https:\/\/api.w.org\/{rel}","templated":true}]}}