{"id":140262,"date":"2024-02-27T11:32:44","date_gmt":"2024-02-27T10:32:44","guid":{"rendered":"https:\/\/pharmacima.com\/?post_type=product&#038;p=140262"},"modified":"2026-04-14T14:42:49","modified_gmt":"2026-04-14T13:42:49","slug":"serum-light-on-centella-et-vita-c-30ml","status":"publish","type":"product","link":"https:\/\/pharmacima.com\/ar\/product\/serum-light-on-centella-et-vita-c-30ml\/","title":{"rendered":"Serum Light on Centella et Vita C 30ml Beauty of Joseon"},"content":{"rendered":"<h2><strong>\u0648\u0635\u0641 :<\/strong><\/h2>\n<p><strong>Ce que c&rsquo;est<\/strong><\/p>\n<div class=\"ewa-rteLine\">C&rsquo;est un s\u00e9rum \u00e9claircissant qui contient de l&rsquo;extrait de Centella Asiatica et de la vitamine C comme ingr\u00e9dients principaux.<\/div>\n<div class=\"ewa-rteLine\"><\/div>\n<div class=\"ewa-rteLine\">Les inconv\u00e9nients des produits \u00e0 base de vitamine C pure existants sur le march\u00e9, tels que le caract\u00e8re collant, gras et sec, ont \u00e9t\u00e9 am\u00e9lior\u00e9s.\u00a0De plus, le niveau d&rsquo;irritation du produit a \u00e9galement \u00e9t\u00e9 r\u00e9duit gr\u00e2ce \u00e0 l&rsquo;utilisation de d\u00e9riv\u00e9s de vitamine C hautement stables.\u00a0L&rsquo;extrait biologique de Centella asiatica \u00e0 haute teneur en ingr\u00e9dients actifs est utilis\u00e9 et m\u00e9lang\u00e9 pour am\u00e9liorer encore l&rsquo;apaisement et l&rsquo;hydratation de la peau.<\/div>\n<div class=\"ewa-rteLine\"><\/div>\n<h3 class=\"ewa-rteLine\"><strong>\u0627\u0644\u0645\u0643\u0648\u0646\u0627\u062a \u0627\u0644\u0631\u0626\u064a\u0633\u064a\u0629<\/strong><\/h3>\n<div class=\"ewa-rteLine\"><\/div>\n<div class=\"ewa-rteLine\"><strong>Extrait de Centella Asiatica 68%<\/strong><\/div>\n<div class=\"ewa-rteLine\">\n<div class=\"ewa-rteLine\">La Centella asiatica, utilis\u00e9e depuis longtemps \u00e0 des fins m\u00e9dicinales en Asie, est \u00e9galement appel\u00e9e herbe du tigre, car les tigres bless\u00e9s gu\u00e9rissaient leurs blessures en se roulant dans la centella asiatica.<\/div>\n<div class=\"ewa-rteLine\">Le mad\u00e9cassoside, l&rsquo;asiaticoside, l&rsquo;acide mad\u00e9cassique et l&rsquo;acide asiatique de centella asiatica sont efficaces pour apaiser et r\u00e9g\u00e9n\u00e9rer la peau et aident \u00e9galement \u00e0 g\u00e9rer l&rsquo;humidit\u00e9 et \u00e0 am\u00e9liorer le teint.<\/div>\n<div class=\"ewa-rteLine\"><\/div>\n<div class=\"ewa-rteLine\">\n<div class=\"ewa-rteLine\"><strong>Acide 3-O-\u00e9thyl ascorbique 10 %<\/strong><\/div>\n<div class=\"ewa-rteLine\">Il s&rsquo;agit d&rsquo;un d\u00e9riv\u00e9 de la vitamine C avec une stabilit\u00e9 am\u00e9lior\u00e9e par rapport \u00e0 la vitamine C pure, capable de maintenir un \u00e9tat stable pendant 90 jours m\u00eame \u00e0 40\u00b0C.\u00a0Compar\u00e9 \u00e0 d&rsquo;autres d\u00e9riv\u00e9s de la vitamine C, il a une grande affinit\u00e9 avec la peau, il offre donc une excellente absorption et est moins irritant, agissant confortablement sur la peau.<\/div>\n<\/div>\n<h2><strong>\u0627\u0633\u062a\u062e\u062f\u0627\u0645 \u0627\u0644\u0645\u0634\u0648\u0631\u0629:<\/strong><\/h2>\n<p>Pompez une quantit\u00e9 appropri\u00e9e de s\u00e9rum et appliquez-la uniform\u00e9ment sur toute la zone de traitement apr\u00e8s avoir liss\u00e9 le grain de peau avec du tonique.<\/p>\n<h2><strong>\u0627\u0644\u062a\u0631\u0643\u064a\u0628\u0629 :<\/strong><\/h2>\n<p>EXTRAIT DE CENTELLA ASIATICA, ACIDE 3-O-\u00c9THYLASCORBIQUE, GLYC\u00c9RINE, PROPANEDIOL, B\u00c9TA\u00cfNE, CARBONATE DE DICAPRYLYL, TRIM\u00c9THICONE DE M\u00c9THYLE, \u00c9THYLHEXANOATE DE C\u00c9TYL, PANTH\u00c9NOL, EXTRAIT DE LAMINARIA JAPONICA, EXTRAIT DE FEUILLE D&rsquo;ECLIPTA PROSTRATA, EXTRAIT D&rsquo;\u00c9CORCE DE PHELLODENDRON AMURENSE, EXTRAIT DE PEAU DE CITRUS UNSHIU , Serum BRASSICA OLERAC\u00c9E EXTRAIT DE FEUILLES D&rsquo;ACEPHALA, EXTRAIT HYDROLYS\u00c9 DE GARDENIA FLORIDA, L\u00c9CITHINE HYDROG\u00c9N\u00c9E, ALCOOL C\u00c9T\u00c9ARYLIQUE, EAU, CROSSPOLYM\u00c8RE DIM\u00c9THICONE\/VINYL DIM\u00c9THICONE, SILICE, BISABOLOL, PHOSPHATE DE C\u00c9TYLE DE POTASSIUM, ESTERS DE JOJOBA HYDROLYS\u00c9S, OLIVATE DE C\u00c9T\u00c9ARYL, OLIVATE DE SORBITAN, HYDROXY\u00c9THYLE COPOLYM\u00c8RE ACRYLATE\/ACRYLOYLDIM\u00c9THYLE TAURATE DE SODIUM, AMMONIUM ACRYLOYLDIMETHYLTAURATE\/BEHENETH-25 M\u00c9THACRYLATE CROSSPOLYM\u00c8RE, GOMME DE XANTHANE, POLYGLYCERYL-10 MYRISTATE, ADENOSINE,SERUM FRUCTOOLIGOSACCHARIDES, BETA-GLUCAN, BUTYLENE GLYCOL, SORBITAN ISOSTEARATE, ACIDE HYALURONIQUE HYDROLYS\u00c9, MALTODEXTRINE, ARGININE, CARBOMER, ACIDE ASCORBIQUE POLY PEPTIDE, 1,2-HEXANEDIOL, HYDROXYAC\u00c9TOPH\u00c9NONE, \u00c9THYLHEXYLGLYC\u00c9RINE<\/p>\n<\/div>","protected":false},"excerpt":{"rendered":"<p>DESCRIPTION : Ce que c&rsquo;est C&rsquo;est un s\u00e9rum \u00e9claircissant qui contient de l&rsquo;extrait de Centella Asiatica et de la vitamine C comme ingr\u00e9dients principaux. Les inconv\u00e9nients des produits \u00e0 base de vitamine C pure existants sur le march\u00e9, tels que le caract\u00e8re collant, gras et sec, ont \u00e9t\u00e9 am\u00e9lior\u00e9s.\u00a0De plus, le niveau d&rsquo;irritation du produit [&hellip;]<\/p>\n","protected":false},"featured_media":140263,"comment_status":"open","ping_status":"closed","template":"","meta":{"_acf_changed":false},"product_brand":[1402],"product_cat":[102,137],"product_tag":[],"class_list":{"0":"post-140262","1":"product","2":"type-product","3":"status-publish","4":"has-post-thumbnail","6":"product_brand-beauty-of-joseon","7":"product_cat-soin-et-bien-etre","8":"product_cat-visage","10":"first","11":"instock","12":"sale","13":"taxable","14":"shipping-taxable","15":"purchasable","16":"product-type-simple"},"acf":[],"_links":{"self":[{"href":"https:\/\/pharmacima.com\/ar\/wp-json\/wp\/v2\/product\/140262","targetHints":{"allow":["GET"]}}],"collection":[{"href":"https:\/\/pharmacima.com\/ar\/wp-json\/wp\/v2\/product"}],"about":[{"href":"https:\/\/pharmacima.com\/ar\/wp-json\/wp\/v2\/types\/product"}],"replies":[{"embeddable":true,"href":"https:\/\/pharmacima.com\/ar\/wp-json\/wp\/v2\/comments?post=140262"}],"wp:featuredmedia":[{"embeddable":true,"href":"https:\/\/pharmacima.com\/ar\/wp-json\/wp\/v2\/media\/140263"}],"wp:attachment":[{"href":"https:\/\/pharmacima.com\/ar\/wp-json\/wp\/v2\/media?parent=140262"}],"wp:term":[{"taxonomy":"product_brand","embeddable":true,"href":"https:\/\/pharmacima.com\/ar\/wp-json\/wp\/v2\/product_brand?post=140262"},{"taxonomy":"product_cat","embeddable":true,"href":"https:\/\/pharmacima.com\/ar\/wp-json\/wp\/v2\/product_cat?post=140262"},{"taxonomy":"product_tag","embeddable":true,"href":"https:\/\/pharmacima.com\/ar\/wp-json\/wp\/v2\/product_tag?post=140262"}],"curies":[{"name":"wp","href":"https:\/\/api.w.org\/{rel}","templated":true}]}}