{"id":140266,"date":"2024-02-27T11:48:47","date_gmt":"2024-02-27T10:48:47","guid":{"rendered":"https:\/\/pharmacima.com\/?post_type=product&#038;p=140266"},"modified":"2026-04-23T15:46:19","modified_gmt":"2026-04-23T14:46:19","slug":"serum-revive-yeux-ginseg-et-retinal-30ml","status":"publish","type":"product","link":"https:\/\/pharmacima.com\/ar\/product\/serum-revive-yeux-ginseg-et-retinal-30ml\/","title":{"rendered":"Serum Revive Yeux Ginseg et Retinal 30ml Beauty Of joseon"},"content":{"rendered":"<h2><strong>\u0648\u0635\u0641 :<\/strong><\/h2>\n<p>La perte de prot\u00e9ines, qui assurent l&rsquo;\u00e9lasticit\u00e9 de la couche dermique de notre peau, entra\u00eene une diminution du collag\u00e8ne et de l&rsquo;acide hyaluronique, entra\u00eenant l&rsquo;apparition de rides.\u00a0Nous avons d\u00e9velopp\u00e9 un s\u00e9rum contour des yeux con\u00e7u pour att\u00e9nuer ces rides, associant extrait de ginseng et r\u00e9tinien.<\/p>\n<p>D\u00e8s le d\u00e9part, le ginseng a \u00e9t\u00e9 notre ingr\u00e9dient de base choisi pour ce s\u00e9rum, car il est soutenu par de nombreuses \u00e9tudes pour son efficacit\u00e9 dans la r\u00e9duction des rides, gr\u00e2ce \u00e0 sa teneur abondante en saponine.\u00a0Le ginseng est un ingr\u00e9dient v\u00e9g\u00e9tal renomm\u00e9 aux bienfaits exceptionnels.<\/p>\n<p>Nous souhaitions int\u00e9grer la vitamine A au ginseng, en particulier ses deux formes cosm\u00e9tiques, le r\u00e9tinol et le r\u00e9tinal. Notre principal d\u00e9fi \u00e9tait d\u2019\u00e9quilibrer la stabilit\u00e9 des ingr\u00e9dients tout en minimisant les irritations cutan\u00e9es. Par cons\u00e9quent, nous avons incorpor\u00e9 2 % (ingr\u00e9dient actif 0,02 %) de r\u00e9tinien stabilis\u00e9 par des liposomes dans notre formule, permettant aux clients de ressentir directement les effets du r\u00e9tinien.Serum<\/p>\n<p><strong>\u0627\u0644\u0645\u0643\u0648\u0646\u0627\u062a \u0627\u0644\u0631\u0626\u064a\u0633\u064a\u0629<\/strong><\/p>\n<p><strong>Extrait de racine de ginseng 10 %<\/strong><br \/>\nDans Donguibogam, un livre cor\u00e9en de phytoth\u00e9rapie, le ginseng \u00e9tait utilis\u00e9 comme un m\u00e9dicament oriental important et enregistr\u00e9 sous le nom de \u00ab Shincho \u00bb, signifiant herbe des dieux.\u00a0Hwang Jini, connue comme la plus belle femme de la dynastie Joseon, utilisait une d\u00e9coction de ginseng comme eau de bain.<br \/>\nLa riche saponine du ginseng aide \u00e0 hydrater rapidement la peau et \u00e0 la maintenir en profondeur pendant longtemps pour aider \u00e0 cr\u00e9er une peau saine.<\/p>\n<p><strong>Liposome r\u00e9tinien 2 %<\/strong><br \/>\nLe r\u00e9tinal est un d\u00e9riv\u00e9 de la vitamine A et a longtemps \u00e9t\u00e9 utilis\u00e9 tout au long de l&rsquo;histoire des soins de la peau pour am\u00e9liorer les rides.<\/p>\n<p>Lorsque la vitamine A est consomm\u00e9e par l\u2019alimentation, elle subit des processus m\u00e9taboliques qui la transforment dans l\u2019ordre r\u00e9tinol -&gt; r\u00e9tinal -&gt; acide r\u00e9tino\u00efque.\u00a0Le r\u00e9tinien, qui est directement converti en acide r\u00e9tino\u00efque, agit plus rapidement et plus efficacement sur la peau que le r\u00e9tinol, qui doit passer par le processus de transformation en r\u00e9tinien.<\/p>\n<p>Nous avons utilis\u00e9 un \u00ab liposome r\u00e9tinien \u00bb qui a \u00e9t\u00e9 stabilis\u00e9 en divisant la r\u00e9tine en \u00e9l\u00e9ments plus petits et en l&rsquo;enfermant dans des liposomes, puis en ajoutant des ingr\u00e9dients tels que des lipides et des huiles naturels.\u00a0De plus, nous m\u00e9langeons des ingr\u00e9dients tels que la glyc\u00e9rine, la niacinamide et le cholest\u00e9rol pour cr\u00e9er un produit plus efficace.<\/p>\n<h2><strong>\u0627\u0633\u062a\u062e\u062f\u0627\u0645 \u0627\u0644\u0645\u0634\u0648\u0631\u0629:<\/strong><\/h2>\n<p>Apr\u00e8s avoir liss\u00e9 le grain de peau avec du tonique, pompez le s\u00e9rum 1 \u00e0 2 fois et appliquez-le autour des yeux ou sur l&rsquo;ensemble du visage.<\/p>\n<h2><strong>\u0627\u0644\u062a\u0631\u0643\u064a\u0628\u0629 :<\/strong><\/h2>\n<p>Eau, extrait de racine de panax ginseng, glyc\u00e9rine, dipropyl\u00e8ne glycol, caprylique\/caprictriglyc\u00e9ride, 1,2-hexanediol, penta\u00e9rythrityl t\u00e9tra\u00e9thylhexanoate, niacinamide, dicaprylate\/dicaprate de butyl\u00e8neglycol, alcool c\u00e9t\u00e9arylique, olivate de sorbitan, olivate de c\u00e9t\u00e9aryle, butyl\u00e8ne glycol, l\u00e9cithine hydrog\u00e9n\u00e9e, trom\u00e9thamine, carbom\u00e8re , st\u00e9arate de glyc\u00e9ryle, huile de graines de macadamia ternifolia, ad\u00e9nosine, extrait de theobroma cacao (cacao), serum dextrine, cholest\u00e9rol, ol\u00e9ate de polyglyc\u00e9ryl-10, r\u00e9tinal, st\u00e9rols de Brassica campestris (colza), phytost\u00e9ryl\/b\u00e9h\u00e9nyl\/octyldod\u00e9cyl lauroyl glutamate, silice, hyaluronate de sodium, tocoph\u00e9rol , st\u00e9arate d&rsquo;hydroxyde d&rsquo;aluminium\/magn\u00e9sium, phosphate de c\u00e9tyle de potassium, hydroxyhydrocinnamate de penta\u00e9rythritylt\u00e9tra-di-t-butyle, c\u00e9ramide np, palmitoyltripeptide-5, edta disodique, \u00e9thylhexylglyc\u00e9rine<\/p>\n<p>&nbsp;<\/p>","protected":false},"excerpt":{"rendered":"<p>DESCRIPTION : La perte de prot\u00e9ines, qui assurent l&rsquo;\u00e9lasticit\u00e9 de la couche dermique de notre peau, entra\u00eene une diminution du collag\u00e8ne et de l&rsquo;acide hyaluronique, entra\u00eenant l&rsquo;apparition de rides.\u00a0Nous avons d\u00e9velopp\u00e9 un s\u00e9rum contour des yeux con\u00e7u pour att\u00e9nuer ces rides, associant extrait de ginseng et r\u00e9tinien. D\u00e8s le d\u00e9part, le ginseng a \u00e9t\u00e9 notre [&hellip;]<\/p>\n","protected":false},"featured_media":140267,"comment_status":"open","ping_status":"closed","template":"","meta":{"_acf_changed":false},"product_brand":[1402],"product_cat":[102,137],"product_tag":[],"class_list":{"0":"post-140266","1":"product","2":"type-product","3":"status-publish","4":"has-post-thumbnail","6":"product_brand-beauty-of-joseon","7":"product_cat-soin-et-bien-etre","8":"product_cat-visage","10":"first","11":"instock","12":"sale","13":"taxable","14":"shipping-taxable","15":"purchasable","16":"product-type-simple"},"acf":[],"_links":{"self":[{"href":"https:\/\/pharmacima.com\/ar\/wp-json\/wp\/v2\/product\/140266","targetHints":{"allow":["GET"]}}],"collection":[{"href":"https:\/\/pharmacima.com\/ar\/wp-json\/wp\/v2\/product"}],"about":[{"href":"https:\/\/pharmacima.com\/ar\/wp-json\/wp\/v2\/types\/product"}],"replies":[{"embeddable":true,"href":"https:\/\/pharmacima.com\/ar\/wp-json\/wp\/v2\/comments?post=140266"}],"wp:featuredmedia":[{"embeddable":true,"href":"https:\/\/pharmacima.com\/ar\/wp-json\/wp\/v2\/media\/140267"}],"wp:attachment":[{"href":"https:\/\/pharmacima.com\/ar\/wp-json\/wp\/v2\/media?parent=140266"}],"wp:term":[{"taxonomy":"product_brand","embeddable":true,"href":"https:\/\/pharmacima.com\/ar\/wp-json\/wp\/v2\/product_brand?post=140266"},{"taxonomy":"product_cat","embeddable":true,"href":"https:\/\/pharmacima.com\/ar\/wp-json\/wp\/v2\/product_cat?post=140266"},{"taxonomy":"product_tag","embeddable":true,"href":"https:\/\/pharmacima.com\/ar\/wp-json\/wp\/v2\/product_tag?post=140266"}],"curies":[{"name":"wp","href":"https:\/\/api.w.org\/{rel}","templated":true}]}}