{"id":140662,"date":"2024-03-13T14:34:33","date_gmt":"2024-03-13T13:34:33","guid":{"rendered":"https:\/\/pharmacima.com\/?post_type=product&#038;p=140662"},"modified":"2026-04-22T23:26:22","modified_gmt":"2026-04-22T22:26:22","slug":"serum-acide-azelaique-30ml-aroma-zone","status":"publish","type":"product","link":"https:\/\/pharmacima.com\/ar\/product\/serum-acide-azelaique-30ml-aroma-zone\/","title":{"rendered":"S\u00e9rum concentr\u00e9 Acide az\u00e9la\u00efque 10% 30ml Aroma Zone"},"content":{"rendered":"<h2><strong>\u0648\u0635\u0641 :\u00a0<\/strong><\/h2>\n<p><span data-v-5e81f00a=\"\">Aroma zone anti-imperfections global, ce s\u00e9rum concentr\u00e9 \u00e0 10 % d\u2019acide az\u00e9la\u00efque apporte une r\u00e9ponse aux peaux mixtes, grasses, \u00e0 imperfections et \u00e0 tendance acn\u00e9ique qui<\/span>\u00a0<span data-v-5e81f00a=\"\">souhaitent retrouver un teint net et clarifi\u00e9.100% d\u2019origine naturelle, l\u2019acide az\u00e9la\u00efque, connu pour ses effets k\u00e9ratolytique, anti-com\u00e9dons et antibact\u00e9riens, agit simultan\u00e9ment sur plusieurs facteurs responsables de l\u2019acn\u00e9.<\/span><\/p>\n<p><span data-v-5e81f00a=\"\"> Ce s\u00e9rum d\u00e9sobstrue et resserre les pores, r\u00e9gule l\u2019exc\u00e8s de s\u00e9bum et calme les rougeurs de la peau. R\u00e9sultats ? Les points noirs et com\u00e9dons diminuent, les pores sont resserr\u00e9s et flout\u00e9s, le teint est net et sans brillances. <\/span><\/p>\n<p><span data-v-5e81f00a=\"\">Enrichi en acide hyaluronique, ce s\u00e9rum pr\u00e9serve l\u2019hydratation et le confort des peaux d\u00e9shydrat\u00e9es. Sa formule contient de la silice aux propri\u00e9t\u00e9s absorbantes du s\u00e9bum, pour une peau matifi\u00e9e et velout\u00e9e.<\/span><\/p>\n<ul class=\"\">\n<li class=\"\">Hautement dos\u00e9 \u00e0 10% d\u2019acide az\u00e9la\u00efque<\/li>\n<li class=\"\">Polyvalent : \u00e9quilibrant, purifiant, apaisant et s\u00e9bor\u00e9gulateur.<\/li>\n<li class=\"\">Anti-imperfections global ultra concentr\u00e9<\/li>\n<li class=\"\">Pr\u00e9vient l\u2019apparition des com\u00e9dons et points noirs<\/li>\n<li class=\"\">Action matifiante renforc\u00e9e, gr\u00e2ce \u00e0 sa richesse en silice<\/li>\n<li class=\"\">Resserre les pores gr\u00e2ce \u00e0 son effet k\u00e9ratolytique<\/li>\n<li class=\"\">Floute les irr\u00e9gularit\u00e9s du teint<\/li>\n<li class=\"\">Normalise la microflore cutan\u00e9e pour garantir une peau saine<\/li>\n<li class=\"\">Favorise une bonne hydratation cutan\u00e9e et maintient l\u2019int\u00e9grit\u00e9 de la barri\u00e8re \u00e9pidermique<\/li>\n<li class=\"\">S\u00e9rum non com\u00e9dog\u00e8ne<\/li>\n<li class=\"\">R\u00e9duction des microkystes de 100%<\/li>\n<li class=\"\">R\u00e9duction des papules de 90%<\/li>\n<li class=\"\">R\u00e9duction des pustules de 72%<\/li>\n<\/ul>\n<h2><strong>\u0627\u0633\u062a\u062e\u062f\u0627\u0645 \u0627\u0644\u0645\u0634\u0648\u0631\u0629:\u00a0<\/strong><\/h2>\n<p>Appliquez quelques gouttes de S\u00e9rum concentr\u00e9 acide az\u00e9la\u00efque 10%, sur une peau propre et s\u00e8che, sur le visage et le cou en \u00e9vitant le contour des yeux, en massant pour faire p\u00e9n\u00e9trer le produit<\/p>\n<h2><strong>\u0627\u0644\u062a\u0631\u0643\u064a\u0628\u0629 :<\/strong><\/h2>\n<p>Aqua, Azelaic Acid, Pentylene Glycol, Propanediol, Salix Nigra Bark Extract, Silica,aroma zone Sodium Hyaluronate,aroma zone Astragalus Gummifer Gum, Xanthan Gum, Phytic Acid, Sodium Hydroxide.<\/p>","protected":false},"excerpt":{"rendered":"<p>DESCRIPTION :\u00a0 Aroma zone anti-imperfections global, ce s\u00e9rum concentr\u00e9 \u00e0 10 % d\u2019acide az\u00e9la\u00efque apporte une r\u00e9ponse aux peaux mixtes, grasses, \u00e0 imperfections et \u00e0 tendance acn\u00e9ique qui\u00a0souhaitent retrouver un teint net et clarifi\u00e9.100% d\u2019origine naturelle, l\u2019acide az\u00e9la\u00efque, connu pour ses effets k\u00e9ratolytique, anti-com\u00e9dons et antibact\u00e9riens, agit simultan\u00e9ment sur plusieurs facteurs responsables de l\u2019acn\u00e9. Ce [&hellip;]<\/p>\n","protected":false},"featured_media":148153,"comment_status":"open","ping_status":"closed","template":"","meta":{"_acf_changed":false},"product_brand":[1543],"product_cat":[102,137],"product_tag":[],"class_list":{"0":"post-140662","1":"product","2":"type-product","3":"status-publish","4":"has-post-thumbnail","6":"product_brand-aroma-zone","7":"product_cat-soin-et-bien-etre","8":"product_cat-visage","10":"first","11":"instock","12":"sale","13":"taxable","14":"shipping-taxable","15":"purchasable","16":"product-type-simple"},"acf":[],"_links":{"self":[{"href":"https:\/\/pharmacima.com\/ar\/wp-json\/wp\/v2\/product\/140662","targetHints":{"allow":["GET"]}}],"collection":[{"href":"https:\/\/pharmacima.com\/ar\/wp-json\/wp\/v2\/product"}],"about":[{"href":"https:\/\/pharmacima.com\/ar\/wp-json\/wp\/v2\/types\/product"}],"replies":[{"embeddable":true,"href":"https:\/\/pharmacima.com\/ar\/wp-json\/wp\/v2\/comments?post=140662"}],"wp:featuredmedia":[{"embeddable":true,"href":"https:\/\/pharmacima.com\/ar\/wp-json\/wp\/v2\/media\/148153"}],"wp:attachment":[{"href":"https:\/\/pharmacima.com\/ar\/wp-json\/wp\/v2\/media?parent=140662"}],"wp:term":[{"taxonomy":"product_brand","embeddable":true,"href":"https:\/\/pharmacima.com\/ar\/wp-json\/wp\/v2\/product_brand?post=140662"},{"taxonomy":"product_cat","embeddable":true,"href":"https:\/\/pharmacima.com\/ar\/wp-json\/wp\/v2\/product_cat?post=140662"},{"taxonomy":"product_tag","embeddable":true,"href":"https:\/\/pharmacima.com\/ar\/wp-json\/wp\/v2\/product_tag?post=140662"}],"curies":[{"name":"wp","href":"https:\/\/api.w.org\/{rel}","templated":true}]}}