{"id":140664,"date":"2024-03-13T14:39:15","date_gmt":"2024-03-13T13:39:15","guid":{"rendered":"https:\/\/pharmacima.com\/?post_type=product&#038;p=140664"},"modified":"2026-04-22T23:24:12","modified_gmt":"2026-04-22T22:24:12","slug":"serum-niacinamide-et-zinc-30ml-aroma-zone","status":"publish","type":"product","link":"https:\/\/pharmacima.com\/ar\/product\/serum-niacinamide-et-zinc-30ml-aroma-zone\/","title":{"rendered":"S\u00e9rum Niacinamide 10% Cuivre et Zinc 30ml Aroma Zone"},"content":{"rendered":"<h2><strong>\u0648\u0635\u0641 :\u00a0<\/strong><\/h2>\n<p><span data-v-5e81f00a=\"\">Aroma zone Hautement concentr\u00e9 en Niacinamide (vitamine B3), Zinc et Cuivre, notre s\u00e9rum visage r\u00e9gule la s\u00e9cr\u00e9tion de s\u00e9bum, resserre les pores dilat\u00e9s, pr\u00e9vient la formation des<\/span>\u00a0<span data-v-5e81f00a=\"\">boutons et att\u00e9nue les rougeurs et les taches brunes. V\u00e9ritable \u00e9lixir pour une \u00ab\u00a0peau z\u00e9ro d\u00e9faut\u00a0\u00bb, il laisse la peau nette, le teint unifi\u00e9 et le grain de peau affin\u00e9. <\/span><\/p>\n<p><span data-v-5e81f00a=\"\">C&rsquo;est LE soin\u00a0incontournable des peaux grasses, mixtes, sujettes \u00e0 l&rsquo;acn\u00e9 ou aux\u00a0imperfections ! Sa formule non grasse, \u00e0 l&rsquo;\u00e9l\u00e9gante couleur bleu glacier, est enrichie en acide hyaluronique aux vertus hydratantes et anti-rides, pour une texture douce et une peau repulp\u00e9e. Un s\u00e9rum visage actif, naturel et sans parfum qui s&rsquo;utilise pur ou agr\u00e9ment\u00e9 d&rsquo;huiles essentielles ou de fragrances pour le personnaliser.\u00a0<\/span><\/p>\n<ul class=\"list-with-leaf\">\n<li class=\"with-leaf\">Hautement dos\u00e9\u00a0\u00e0\u00a0<b class=\"\">10 % de Niacinamide (vitamine B3)<\/b>, concentration optimale pour une efficacit\u00e9 puissante<\/li>\n<li class=\"with-leaf\"><b class=\"\">Resserre les pores dilat\u00e9s et r\u00e9gule la s\u00e9cr\u00e9tion de s\u00e9bum<\/b>, gr\u00e2ce \u00e0 l&rsquo;action synergique du Niacinamide, du Zinc et du Cuivre.<\/li>\n<li class=\"with-leaf\"><b class=\"\">Riche en Zinc (1%)\u00a0<\/b>et en Cuivre aux propri\u00e9t\u00e9s purifiantes puissantes, il\u00a0<b class=\"\">pr\u00e9vient\u00a0l&rsquo;apparition des boutons et imperfections\u00a0<\/b>et favorise leur cicatrisation.<\/li>\n<li class=\"with-leaf\">Lutte contre la formation des points noirs et\u00a0<b class=\"\">laisse la peau plus nette.<\/b><\/li>\n<li class=\"with-leaf\">Le Niacinamide est tr\u00e8s r\u00e9put\u00e9 en dermocosm\u00e9tique pour am\u00e9liorer l&rsquo;aspect de la peau : il booste la microcirculation,\u00a0<b class=\"\">att\u00e9nue les rougeurs estompe les taches brunes\u00a0<\/b>ou irr\u00e9gularit\u00e9s de pigmentation, favorise une bonne hydratation, et\u00a0\u00a0<b class=\"\">lutte contre les signes du vieillissement cutan\u00e9.<\/b><\/li>\n<li class=\"with-leaf\">Formul\u00e9 sur base d&rsquo;un gel d&rsquo;<b class=\"\">\u062d\u0645\u0636 \u0627\u0644\u0647\u064a\u0627\u0644\u0648\u0631\u0648\u0646\u064a\u0643<\/b>, connu pour ses effets hydratants et repulpants, ce s\u00e9rum p\u00e9n\u00e8tre instantan\u00e9ment\u00a0<b class=\"\">sans laisser de film gras<\/b>.<\/li>\n<li class=\"with-leaf\">Enrichi en Fucocert, actif polyvalent adoucissant, apaisant et anti-\u00e2ge, pour une\u00a0<b class=\"\">texture douce et agr\u00e9able<\/b><\/li>\n<li class=\"with-leaf\">Son flacon est en\u00a0<b class=\"\">verre r\u00e9utilisable\u00a0<\/b>et sa version \u00e9co-recharge 30 ml est\u00a0<b class=\"\">recyclable et \u00e9conomique.<\/b><\/li>\n<\/ul>\n<h2><strong>\u0627\u0633\u062a\u062e\u062f\u0627\u0645 \u0627\u0644\u0645\u0634\u0648\u0631\u0629:<\/strong><\/h2>\n<section class=\"tip__section bg-beige\" data-v-dd72d77e=\"\">\n<div class=\"tip__section__text\" data-v-dd72d77e=\"\">\n<p>Appliquez quelques gouttes de\u00a0S\u00e9rum concentr\u00e9 Niacinamide 10%, Cuivre &amp; Zinc\u00a0sur le visage et le cou, en massant doucement du bout des doigts pour faire p\u00e9n\u00e9trer le produit.<\/p>\n<\/div>\n<\/section>\n<h2><strong>\u0627\u0644\u062a\u0631\u0643\u064a\u0628\u0629 :<\/strong><\/h2>\n<p>\u0623\u0643\u0648\u0627,\u00a0<b class=\"\">\u0646\u064a\u0627\u0633\u064a\u0646\u0627\u0645\u064a\u062f<\/b> (10%),aroma zone <b class=\"\">Salix nigra bark extract<\/b> (extrait de saule noir ou acide salicylique v\u00e9g\u00e9tal,aroma zone aux effets antimicrobiens puissants), <b class=\"\">Zinc PCA\u00a0<\/b>(sel de PCA de Zinc),\u00a0<b class=\"\">Sodium hyaluronate<\/b> (acide hyaluronique obtenu par biotechnologies), Levulinic acid (conservateur natrel),aroma zone <b class=\"\">Copper PCA\u00a0<\/b>(sel de PCA de Cuivre), Sodium levulinate (conservateur naturel),\u00a0<b class=\"\">\u062c\u0644\u0633\u064a\u0631\u064a\u0646<\/b>\u00a0(glyc\u00e9rine v\u00e9g\u00e9tale),\u00a0<b class=\"\">Biosaccharide gum-1<\/b>\u00a0(actif naturel Fucocert produit par biotechnologies), Glyceryl caprylate, Sodium anisate (conservateurs naturels), Tetrasodium glutamate diacetate (s\u00e9questrant).<\/p>","protected":false},"excerpt":{"rendered":"<p>DESCRIPTION :\u00a0 Aroma zone Hautement concentr\u00e9 en Niacinamide (vitamine B3), Zinc et Cuivre, notre s\u00e9rum visage r\u00e9gule la s\u00e9cr\u00e9tion de s\u00e9bum, resserre les pores dilat\u00e9s, pr\u00e9vient la formation des\u00a0boutons et att\u00e9nue les rougeurs et les taches brunes. V\u00e9ritable \u00e9lixir pour une \u00ab\u00a0peau z\u00e9ro d\u00e9faut\u00a0\u00bb, il laisse la peau nette, le teint unifi\u00e9 et le grain [&hellip;]<\/p>\n","protected":false},"featured_media":148151,"comment_status":"open","ping_status":"closed","template":"","meta":{"_acf_changed":false},"product_brand":[1543],"product_cat":[102,137],"product_tag":[],"class_list":{"0":"post-140664","1":"product","2":"type-product","3":"status-publish","4":"has-post-thumbnail","6":"product_brand-aroma-zone","7":"product_cat-soin-et-bien-etre","8":"product_cat-visage","10":"first","11":"instock","12":"sale","13":"taxable","14":"shipping-taxable","15":"purchasable","16":"product-type-simple"},"acf":[],"_links":{"self":[{"href":"https:\/\/pharmacima.com\/ar\/wp-json\/wp\/v2\/product\/140664","targetHints":{"allow":["GET"]}}],"collection":[{"href":"https:\/\/pharmacima.com\/ar\/wp-json\/wp\/v2\/product"}],"about":[{"href":"https:\/\/pharmacima.com\/ar\/wp-json\/wp\/v2\/types\/product"}],"replies":[{"embeddable":true,"href":"https:\/\/pharmacima.com\/ar\/wp-json\/wp\/v2\/comments?post=140664"}],"wp:featuredmedia":[{"embeddable":true,"href":"https:\/\/pharmacima.com\/ar\/wp-json\/wp\/v2\/media\/148151"}],"wp:attachment":[{"href":"https:\/\/pharmacima.com\/ar\/wp-json\/wp\/v2\/media?parent=140664"}],"wp:term":[{"taxonomy":"product_brand","embeddable":true,"href":"https:\/\/pharmacima.com\/ar\/wp-json\/wp\/v2\/product_brand?post=140664"},{"taxonomy":"product_cat","embeddable":true,"href":"https:\/\/pharmacima.com\/ar\/wp-json\/wp\/v2\/product_cat?post=140664"},{"taxonomy":"product_tag","embeddable":true,"href":"https:\/\/pharmacima.com\/ar\/wp-json\/wp\/v2\/product_tag?post=140664"}],"curies":[{"name":"wp","href":"https:\/\/api.w.org\/{rel}","templated":true}]}}