{"id":140666,"date":"2024-03-13T14:44:16","date_gmt":"2024-03-13T13:44:16","guid":{"rendered":"https:\/\/pharmacima.com\/?post_type=product&#038;p=140666"},"modified":"2026-04-22T23:22:39","modified_gmt":"2026-04-22T22:22:39","slug":"serum-concentre-retinal-30ml-aroma-zone","status":"publish","type":"product","link":"https:\/\/pharmacima.com\/ar\/product\/serum-concentre-retinal-30ml-aroma-zone\/","title":{"rendered":"S\u00e9rum concentr\u00e9 R\u00e9tinal optimis\u00e9 30ml Aroma Zone"},"content":{"rendered":"<h2><strong>\u0648\u0635\u0641 :<\/strong><\/h2>\n<p><span data-v-5e81f00a=\"\">Aroma zone Anti-\u00e2ge global, ce s\u00e9rum est concentr\u00e9 en r\u00e9tinal, pr\u00e9curseur de l\u2019acide r\u00e9tino\u00efque seule forme active de la vitamine A. Actif multi-cibles incontournable contre les<\/span>\u00a0<span data-v-5e81f00a=\"\">signes du vieillissement, le r\u00e9tinal raffermit la peau, diminue les rides et les ridules, estompe les taches aussi bien que la rosac\u00e9e et illumine le teint. <\/span><\/p>\n<p><span data-v-5e81f00a=\"\">Bien connu\u00a0\u00e9galement pour le traitement des peaux acn\u00e9iques, il a une action anti-inflammatoire, il \u00e9limine les impuret\u00e9s, purifie, unifie et r\u00e9gule les peaux grasses. Associ\u00e9 \u00e0 un extrait de pistachier lentisque qui prot\u00e8ge la d\u00e9gradation de l\u2019acide r\u00e9tino\u00efque pr\u00e9sent naturelle dans la peau, l\u2019efficacit\u00e9 du r\u00e9tinal est ainsi optimis\u00e9e sur son pouvoir anti-\u00e2ge !<\/span><\/p>\n<ul class=\"\">\n<li class=\"\"><b class=\"\">Raffermit\u00a0<\/b>la peau et diminue\u00a0<b class=\"\">les rides et ridules<\/b><\/li>\n<li class=\"\"><b class=\"\">Estompe les t\u00e2ches pigmentaires\u00a0<\/b>aussi bien que\u00a0<b class=\"\">la rosac\u00e9e<\/b><\/li>\n<li class=\"\">R\u00e9vitalise la peau,\u00a0<b class=\"\">unifie\u00a0<\/b>\u0648\u00a0<b class=\"\">ravive l&rsquo;\u00e9clat du teint<\/b><\/li>\n<li class=\"\"><b class=\"\">\u064a\u0642\u0644\u0644 \u0645\u0646 \u0627\u0644\u0639\u064a\u0648\u0628\u00a0<\/b>(acn\u00e9, boutons, com\u00e9dons&#8230;)<\/li>\n<li class=\"\"><b class=\"\">\u064a\u0646\u0642\u064a \u0627\u0644\u0628\u0634\u0631\u0629\u00a0<\/b>gr\u00e2ce \u00e0 ses propri\u00e9t\u00e9s anti-bact\u00e9riennes<\/li>\n<li class=\"\"><b class=\"\">\u0633\u0644\u0633\u00a0<\/b>le grain de peau et\u00a0<b class=\"\">resserre\u00a0les pores<\/b><\/li>\n<li class=\"\"><b class=\"\">Pr\u00e9serve le capital jeunesse\u00a0<\/b>de la peau<\/li>\n<li class=\"\">S&rsquo;adapte \u00e0\u00a0<b class=\"\">\u062c\u0645\u064a\u0639 \u0623\u0646\u0648\u0627\u0639 \u0627\u0644\u0628\u0634\u0631\u0629\u00a0<\/b>m\u00eames\u00a0<b class=\"\">sensibles et\u00a0d\u00e9licates<\/b><\/li>\n<\/ul>\n<h2><strong>\u0627\u0633\u062a\u062e\u062f\u0627\u0645 \u0627\u0644\u0645\u0634\u0648\u0631\u0629:\u00a0<\/strong><\/h2>\n<p>Appliquez quelques gouttes de S\u00e9rum concentr\u00e9 vitamine C 10% &amp; Astaxanthine sur le visage et le cou, en massant doucement du bout des doigts pour faire p\u00e9n\u00e9trer le produit.<\/p>\n<h2><strong>\u0627\u0644\u062a\u0631\u0643\u064a\u0628\u0629 :<\/strong><\/h2>\n<p><b class=\"\">\u0623\u0643\u0648\u0627<\/b>,<b class=\"\">\u00a0\u062c\u0644\u0633\u064a\u0631\u064a\u0646\u00a0<\/b>(humectant d&rsquo;origine naturelle),<b class=\"\">Salix Nigra Bark Extract\u00a0<\/b>(extrait de saule noir),aroma zone <b class=\"\">Retinal\u00a0<\/b>(actif 100% d&rsquo;origine naturelle),\u00a0<b class=\"\">Pistacia Lentiscus Gum<\/b>\u00a0(extrait de pistachier lentisque),\u00a0<b class=\"\">\u0647\u064a\u0627\u0644\u0648\u0631\u0648\u0646\u0627\u062a \u0627\u0644\u0635\u0648\u062f\u064a\u0648\u0645\u00a0<\/b>(acide hyaluronique),aroma zone <b class=\"\">Astragalus Gummifer Gum\u00a0<\/b>(gomme adragante),\u00a0<b class=\"\">\u0623\u0631\u062c\u064a\u0646\u064a\u0646\u00a0<\/b>(acide amin\u00e9),\u00a0<b class=\"\">Levulinic Acid\u00a0<\/b>(conservateur d&rsquo;origine naturelle),\u00a0<b class=\"\">\u0643\u0627\u0628\u0631\u064a\u0644\u064a\u0643\/\u0643\u0627\u0628\u0631\u064a\u0643 \u062c\u0644\u0633\u0631\u064a\u062f<\/b> (\u00e9mulsionnant d&rsquo;origine naturelle),arome zone <b class=\"\">Phytic Acid\u00a0<\/b>(sequestrant),<b class=\"\">\u00a0Lecithin\u00a0<\/b>(\u00e9mulsionnant d&rsquo;origine naturelle),\u00a0<b class=\"\">Glyceryl caprylate<\/b>\u00a0(conservateur d&rsquo;origine naturelle),\u00a0<b class=\"\">Pentylene glycol\u00a0<\/b>(conservateur d&rsquo;origine naturelle).<\/p>","protected":false},"excerpt":{"rendered":"<p>DESCRIPTION : Aroma zone Anti-\u00e2ge global, ce s\u00e9rum est concentr\u00e9 en r\u00e9tinal, pr\u00e9curseur de l\u2019acide r\u00e9tino\u00efque seule forme active de la vitamine A. Actif multi-cibles incontournable contre les\u00a0signes du vieillissement, le r\u00e9tinal raffermit la peau, diminue les rides et les ridules, estompe les taches aussi bien que la rosac\u00e9e et illumine le teint. Bien connu\u00a0\u00e9galement [&hellip;]<\/p>\n","protected":false},"featured_media":148149,"comment_status":"open","ping_status":"closed","template":"","meta":{"_acf_changed":false},"product_brand":[1543],"product_cat":[102,137],"product_tag":[],"class_list":{"0":"post-140666","1":"product","2":"type-product","3":"status-publish","4":"has-post-thumbnail","6":"product_brand-aroma-zone","7":"product_cat-soin-et-bien-etre","8":"product_cat-visage","10":"first","11":"instock","12":"sale","13":"taxable","14":"shipping-taxable","15":"purchasable","16":"product-type-simple"},"acf":[],"_links":{"self":[{"href":"https:\/\/pharmacima.com\/ar\/wp-json\/wp\/v2\/product\/140666","targetHints":{"allow":["GET"]}}],"collection":[{"href":"https:\/\/pharmacima.com\/ar\/wp-json\/wp\/v2\/product"}],"about":[{"href":"https:\/\/pharmacima.com\/ar\/wp-json\/wp\/v2\/types\/product"}],"replies":[{"embeddable":true,"href":"https:\/\/pharmacima.com\/ar\/wp-json\/wp\/v2\/comments?post=140666"}],"wp:featuredmedia":[{"embeddable":true,"href":"https:\/\/pharmacima.com\/ar\/wp-json\/wp\/v2\/media\/148149"}],"wp:attachment":[{"href":"https:\/\/pharmacima.com\/ar\/wp-json\/wp\/v2\/media?parent=140666"}],"wp:term":[{"taxonomy":"product_brand","embeddable":true,"href":"https:\/\/pharmacima.com\/ar\/wp-json\/wp\/v2\/product_brand?post=140666"},{"taxonomy":"product_cat","embeddable":true,"href":"https:\/\/pharmacima.com\/ar\/wp-json\/wp\/v2\/product_cat?post=140666"},{"taxonomy":"product_tag","embeddable":true,"href":"https:\/\/pharmacima.com\/ar\/wp-json\/wp\/v2\/product_tag?post=140666"}],"curies":[{"name":"wp","href":"https:\/\/api.w.org\/{rel}","templated":true}]}}