{"id":140668,"date":"2024-03-13T14:48:22","date_gmt":"2024-03-13T13:48:22","guid":{"rendered":"https:\/\/pharmacima.com\/?post_type=product&#038;p=140668"},"modified":"2026-01-06T10:15:11","modified_gmt":"2026-01-06T09:15:11","slug":"serum-acide-glycolique-aha-30ml-aroma-zone","status":"publish","type":"product","link":"https:\/\/pharmacima.com\/ar\/product\/serum-acide-glycolique-aha-30ml-aroma-zone\/","title":{"rendered":"S\u00e9rum Acide glycolique 10% et AHA 30ml Aroma Zone"},"content":{"rendered":"<h2><strong>\u0648\u0635\u0641 :\u00a0<\/strong><\/h2>\n<p><span data-v-5e81f00a=\"\">Aroma zone Faites peau neuve avec notre s\u00e9rum visage hautement concentr\u00e9 en acide glycolique et en AHA acides de fruits ! Gr\u00e2ce \u00e0 son effet peeling, ce s\u00e9rum \u00e9limine les cellules<\/span>\u00a0<span data-v-5e81f00a=\"\">mortes et stimule le renouvellement cutan\u00e9 pour un teint \u00e9clatant et unifi\u00e9.<\/span><\/p>\n<p><span data-v-5e81f00a=\"\"> Particuli\u00e8rement adapt\u00e9 aux\u00a0peaux marqu\u00e9es par le soleil, le tabac ou le vieillissement pr\u00e9matur\u00e9,\u00a0il\u00a0att\u00e9nue les cicatrices d&rsquo;acn\u00e9 et lisse les irr\u00e9gularit\u00e9s. <\/span><\/p>\n<p><span data-v-5e81f00a=\"\">Il\u00a0resserre \u00e9galement les pores de la peau,\u00a0lutte contre les points noirs et\u00a0r\u00e9duit\u00a0rides et taches brunes. De\u00a0texture gel\u00a0non grasse, notre\u00a0s\u00e9rum peeling concentr\u00e9 en acide glycolique\u00a0est aussi\u00a0enrichi\u00a0en acide hyaluronique,\u00a0aux vertus hydratantes et anti-rides, pour une\u00a0peau repulp\u00e9e. <\/span><\/p>\n<p><span data-v-5e81f00a=\"\">Sans parfum, ce s\u00e9rum\u00a0visage naturel s&rsquo;utilise pur ou agr\u00e9ment\u00e9 d&rsquo;huiles essentielles ou de fragrances. Retrouvez\u00a0les diff\u00e9rents ajouts possibles et leurs dosages dans\u00a0cette fiche conseil.\u00a0Disponible en \u00e9co-recharge recyclable et \u00e9conomique pour recharger facilement son flacon tout en r\u00e9duisant ses d\u00e9chets.<\/span><\/p>\n<ul class=\"\">\n<li class=\"\">Hautement dos\u00e9\u00a0\u00e0\u00a0<b class=\"\">10 % d&rsquo;acide glycolique<\/b>\u00a0concentration optimale pour un\u00a0<b class=\"\">effet peeling et k\u00e9ratolytique\u00a0<\/b>puissant, sans agresser la peau.<\/li>\n<li class=\"\">Riche en AHA acides de fruits pour une efficacit\u00e9 optimale :\u00a0<b class=\"\">effet exfoliant, r\u00e9g\u00e9n\u00e9rant, astringent et hydratant.<\/b><\/li>\n<li class=\"\"><b class=\"\">\u00c9limine les points noirs\u00a0<\/b>et resserre les pores affine le grain de la peau.<\/li>\n<li class=\"\"><b class=\"\">\u0645\u0643\u0627\u0641\u062d\u0629 \u0627\u0644\u0639\u064a\u0648\u0628<\/b>:\u00a0att\u00e9nue les imperfections et\u00a0<b class=\"\">les cicatrices d&rsquo;acn\u00e9<\/b>\u00a0lisse les irr\u00e9gularit\u00e9s.<\/li>\n<li class=\"\"><b class=\"\">Anti-taches : att\u00e9nue les taches brunes<\/b>\u00a0hyperpigmentations et irr\u00e9gularit\u00e9s de pigmentation.<\/li>\n<li class=\"\"><b class=\"\">\u00c9claircissant :\u00a0<\/b>booste l&rsquo;\u00e9clat du teint, laisse\u00a0la\u00a0<b class=\"\">peau plus nette<\/b>, plus lisse, plus douce et unifi\u00e9e.<\/li>\n<li class=\"\"><b class=\"\">Anti-rides :<\/b>\u00a0lisse les rides et ridules.<\/li>\n<li class=\"\"><b class=\"\">Anti-\u00e2ge\u00a0<\/b>: stimule la synth\u00e8se de collag\u00e8ne, d&rsquo;\u00e9lastine, d&rsquo;acide hyaluronique et de glycosaminoglycanes, composants naturels essentiels du tissu de soutien de la peau, redonnant ainsi\u00a0<b class=\"\">tonicit\u00e9, fermet\u00e9 et \u00e9lasticit\u00e9 \u00e0 la peau.<\/b><\/li>\n<li class=\"\">Ce s\u00e9rum visage est enrichi en\u00a0<b class=\"\">\u062d\u0645\u0636 \u0627\u0644\u0647\u064a\u0627\u0644\u0648\u0631\u0648\u0646\u064a\u0643<\/b>\u00a0connu pour ses\u00a0<b class=\"\">effets hydratants et repulpants,<\/b>\u00a0sa texture douce p\u00e9n\u00e8tre facilement\u00a0<b class=\"\">sans laisser de film gras.<\/b><\/li>\n<\/ul>\n<h2><strong>\u0627\u0633\u062a\u062e\u062f\u0627\u0645 \u0627\u0644\u0645\u0634\u0648\u0631\u0629:<\/strong><\/h2>\n<p>Appliquez quelques gouttes de S\u00e9rum visage concentr\u00e9 Acide glycolique 10% &amp; AHA sur le visage et le cou, en massant doucement du bout des doigts pour faire p\u00e9n\u00e9trer le produit. Evitez le contour des yeux.<\/p>\n<h2><strong>\u0627\u0644\u062a\u0631\u0643\u064a\u0628\u0629 :<\/strong><\/h2>\n<p>\u0623\u0643\u0648\u0627,\u00a0<b class=\"\">Glycolic Acid<\/b>,aroma zone\u00a0 Sodium Hydroxide (pour obtenir un pH adapt\u00e9 \u00e0 l&rsquo;application cutan\u00e9e), Salix Nigra Bark Extract (extrait de saule noir ou acide salicylique v\u00e9g\u00e9tal, aux effets antimicrobiens puissants), Glycerin, <b class=\"\">Vaccinium Myrtillus Fruit Extract\u00a0<\/b>(extrait de myrtille),aroma zone\u00a0 <b class=\"\">\u0647\u064a\u0627\u0644\u0648\u0631\u0648\u0646\u0627\u062a \u0627\u0644\u0635\u0648\u062f\u064a\u0648\u0645<\/b>\u00a0(acide hyaluronique obtenu par biotechnologies), Levulinic Acid\u00a0(conservateur naturel),\u00a0<b class=\"\">Saccharum Officinarum Extract\u00a0<\/b>(extrait de canne \u00e0 sucre) Sodium Levulinate (conservateur naturel), aroma zone <b class=\"\">Citrus Aurantium Dulcis Fruit Extract\u00a0<\/b>(extrait d&rsquo;orange douce)<b class=\"\">, Citrus Limon Fruit Extract\u00a0<\/b>(extrait de citron)<b class=\"\">,aroma zone\u00a0 Acer Saccharum Extract <\/b>(extrait d&rsquo;\u00e9rable).<\/p>","protected":false},"excerpt":{"rendered":"<p>DESCRIPTION :\u00a0 Aroma zone Faites peau neuve avec notre s\u00e9rum visage hautement concentr\u00e9 en acide glycolique et en AHA acides de fruits ! Gr\u00e2ce \u00e0 son effet peeling, ce s\u00e9rum \u00e9limine les cellules\u00a0mortes et stimule le renouvellement cutan\u00e9 pour un teint \u00e9clatant et unifi\u00e9. Particuli\u00e8rement adapt\u00e9 aux\u00a0peaux marqu\u00e9es par le soleil, le tabac ou le [&hellip;]<\/p>\n","protected":false},"featured_media":148147,"comment_status":"open","ping_status":"closed","template":"","meta":{"_acf_changed":false},"product_brand":[1543],"product_cat":[102,137],"product_tag":[],"class_list":{"0":"post-140668","1":"product","2":"type-product","3":"status-publish","4":"has-post-thumbnail","6":"product_brand-aroma-zone","7":"product_cat-soin-et-bien-etre","8":"product_cat-visage","10":"first","11":"outofstock","12":"taxable","13":"shipping-taxable","14":"purchasable","15":"product-type-simple"},"acf":[],"_links":{"self":[{"href":"https:\/\/pharmacima.com\/ar\/wp-json\/wp\/v2\/product\/140668","targetHints":{"allow":["GET"]}}],"collection":[{"href":"https:\/\/pharmacima.com\/ar\/wp-json\/wp\/v2\/product"}],"about":[{"href":"https:\/\/pharmacima.com\/ar\/wp-json\/wp\/v2\/types\/product"}],"replies":[{"embeddable":true,"href":"https:\/\/pharmacima.com\/ar\/wp-json\/wp\/v2\/comments?post=140668"}],"wp:featuredmedia":[{"embeddable":true,"href":"https:\/\/pharmacima.com\/ar\/wp-json\/wp\/v2\/media\/148147"}],"wp:attachment":[{"href":"https:\/\/pharmacima.com\/ar\/wp-json\/wp\/v2\/media?parent=140668"}],"wp:term":[{"taxonomy":"product_brand","embeddable":true,"href":"https:\/\/pharmacima.com\/ar\/wp-json\/wp\/v2\/product_brand?post=140668"},{"taxonomy":"product_cat","embeddable":true,"href":"https:\/\/pharmacima.com\/ar\/wp-json\/wp\/v2\/product_cat?post=140668"},{"taxonomy":"product_tag","embeddable":true,"href":"https:\/\/pharmacima.com\/ar\/wp-json\/wp\/v2\/product_tag?post=140668"}],"curies":[{"name":"wp","href":"https:\/\/api.w.org\/{rel}","templated":true}]}}