{"id":140676,"date":"2024-03-13T15:16:21","date_gmt":"2024-03-13T14:16:21","guid":{"rendered":"https:\/\/pharmacima.com\/?post_type=product&#038;p=140676"},"modified":"2026-04-22T23:33:39","modified_gmt":"2026-04-22T22:33:39","slug":"mascara-soin-noir-au-ricin-bio-aroma-zone","status":"publish","type":"product","link":"https:\/\/pharmacima.com\/ar\/product\/mascara-soin-noir-au-ricin-bio-aroma-zone\/","title":{"rendered":"Mascara soin Noir au Ricin BIO Aroma Zone"},"content":{"rendered":"<h2><strong>\u0648\u0635\u0641 :<\/strong><\/h2>\n<p><span data-v-5e81f00a=\"\">Aroma zone 100 % d\u2019origine naturelle et certifi\u00e9 BIO, le Mascara soin au Ricin allonge les cils, leur apporte volume et les sublime d\u2019un noir intense gr\u00e2ce \u00e0 sa formule ultra<\/span>\u00a0<span data-v-5e81f00a=\"\">pigment\u00e9e.\u00a0<\/span><\/p>\n<p><span data-v-5e81f00a=\"\"> Enrichi en actifs issus de la recherche capillaire antichute, il agit comme un v\u00e9ritable soin pour nourrir, prot\u00e9ger et redensifier les cils. Sa texture l\u00e9g\u00e8re et velout\u00e9e associ\u00e9e \u00e0 sa brosse faite de picots de diff\u00e9rentes tailles, se fixe depuis la racine jusqu\u2019\u00e0 la pointe des cils, augmentant leur longueur, leur d\u00e9finition et leur courbure sans paquets et d\u2019une mani\u00e8re uniforme.<\/span><\/p>\n<p><span data-v-5e81f00a=\"\"> L\u2019extr\u00e9mit\u00e9 effil\u00e9e\u00a0de la brosse permet \u00e9galement une application pr\u00e9cise pour les cils difficiles \u00e0 atteindre (coin interne et externe de l\u2019\u0153il). En fonction des couches d\u00e9pos\u00e9es lors de l\u2019application vous obtiendrez un regard plus au moins profond et intense selon vos envies.<\/span><\/p>\n<ul class=\"list-with-leaf\">\n<li class=\"with-leaf\"><b class=\"\">100% d\u2019origine naturelle\u00a0<\/b>\u0648\u00a0<b class=\"\">certifi\u00e9 BIO.<\/b><\/li>\n<li class=\"with-leaf\"><b class=\"\">\u0645\u0627\u0643\u064a\u0627\u062c\u00a0<\/b>efficacement et\u00a0<b class=\"\">sublime\u00a0<\/b>les cils d\u2019un noir intense.<\/li>\n<li class=\"with-leaf\"><b class=\"\">Allonge\u00a0<\/b>les cils, augmente leur\u00a0<b class=\"\">volume\u00a0<\/b>et leur\u00a0<b class=\"\">courbure<\/b>.<\/li>\n<li class=\"with-leaf\"><b class=\"\">Revitalise, nourrit et prot\u00e8ge\u00a0<\/b>les cils.<\/li>\n<li class=\"with-leaf\">Brosse de\u00a0<b class=\"\">forme optimale\u00a0<\/b>gr\u00e2ce \u00e0 des brins de diff\u00e9rentes tailles.<\/li>\n<li class=\"with-leaf\">\u00c0 l&rsquo;huile de Ricin BIO et \u00e0 l&rsquo;extrait de pousse de pois aux\u00a0<b class=\"\">propri\u00e9t\u00e9s fortifiantes et r\u00e9paratrices.<\/b><\/li>\n<li class=\"with-leaf\"><b class=\"\">Texture l\u00e9g\u00e8re et velout\u00e9e\u00a0<\/b>qui permet une\u00a0<b class=\"\">application uniforme\u00a0<\/b>sans paquet.<\/li>\n<li class=\"with-leaf\"><b class=\"\">Brosse souple\u00a0<\/b>en silicone qui s\u2019adapte \u00e0 toutes les formes des yeux.<\/li>\n<li class=\"with-leaf\">Ne coule pas et ne fait pas de bavures.<\/li>\n<li class=\"with-leaf\"><b class=\"\">Facile \u00e0 d\u00e9maquiller.<\/b><\/li>\n<\/ul>\n<h2><strong>\u0627\u0644\u062a\u0631\u0643\u064a\u0628\u0629 :<\/strong><\/h2>\n<p>Aqua, CI 77499, Glycerin**, Acacia Senegal Gum*, Microcrystalline Cellulose, aroma zone Pentylene Glycol, Copernicia Cerifera (Carnauba) Wax*, Sucrose Laurate, Stearic Acid, Glyceryl Behenate, Jojoba Esters, Ricinus Communis Seed Oil*, Glyceryl Stearate, Isomalt, Arginine, aroma zone Butyrospermum Parkii Butter*, Helianthus Annuus Seed Cera, Potassium Cetyl Phosphate, Pisum Sativum Sprout Extract, Aloe Barbadensis Leaf Juice Powder*, aroma zone Acacia Decurrens Flower Cera, Magnesium Stearate, Xanthan Gum, Astragalus Gummifer Gum, Polyglycerin-3, Cetyl Alcohol, Tocopherol, Potassium Phosphate, Helianthus Annuus Seed Oil.<\/p>","protected":false},"excerpt":{"rendered":"<p><strong>\u0627\u0644\u0633\u0639\u0629: 10 \u0645\u0644\u00a0<\/strong><\/p>","protected":false},"featured_media":140678,"comment_status":"open","ping_status":"closed","template":"","meta":{"_acf_changed":false},"product_brand":[1543],"product_cat":[102,141],"product_tag":[],"class_list":{"0":"post-140676","1":"product","2":"type-product","3":"status-publish","4":"has-post-thumbnail","6":"product_brand-aroma-zone","7":"product_cat-soin-et-bien-etre","8":"product_cat-yeux","10":"first","11":"instock","12":"sale","13":"taxable","14":"shipping-taxable","15":"purchasable","16":"product-type-simple"},"acf":[],"_links":{"self":[{"href":"https:\/\/pharmacima.com\/ar\/wp-json\/wp\/v2\/product\/140676","targetHints":{"allow":["GET"]}}],"collection":[{"href":"https:\/\/pharmacima.com\/ar\/wp-json\/wp\/v2\/product"}],"about":[{"href":"https:\/\/pharmacima.com\/ar\/wp-json\/wp\/v2\/types\/product"}],"replies":[{"embeddable":true,"href":"https:\/\/pharmacima.com\/ar\/wp-json\/wp\/v2\/comments?post=140676"}],"wp:featuredmedia":[{"embeddable":true,"href":"https:\/\/pharmacima.com\/ar\/wp-json\/wp\/v2\/media\/140678"}],"wp:attachment":[{"href":"https:\/\/pharmacima.com\/ar\/wp-json\/wp\/v2\/media?parent=140676"}],"wp:term":[{"taxonomy":"product_brand","embeddable":true,"href":"https:\/\/pharmacima.com\/ar\/wp-json\/wp\/v2\/product_brand?post=140676"},{"taxonomy":"product_cat","embeddable":true,"href":"https:\/\/pharmacima.com\/ar\/wp-json\/wp\/v2\/product_cat?post=140676"},{"taxonomy":"product_tag","embeddable":true,"href":"https:\/\/pharmacima.com\/ar\/wp-json\/wp\/v2\/product_tag?post=140676"}],"curies":[{"name":"wp","href":"https:\/\/api.w.org\/{rel}","templated":true}]}}