{"id":140690,"date":"2024-03-13T17:01:07","date_gmt":"2024-03-13T16:01:07","guid":{"rendered":"https:\/\/pharmacima.com\/?post_type=product&#038;p=140690"},"modified":"2025-02-24T11:28:28","modified_gmt":"2025-02-24T10:28:28","slug":"gel-douche-onctueux-pomme-damour-100ml-nocibe","status":"publish","type":"product","link":"https:\/\/pharmacima.com\/ar\/product\/gel-douche-onctueux-pomme-damour-100ml-nocibe\/","title":{"rendered":"Gel Douche Onctueux Pomme d\u2019amour 100ml Nocib\u00e9"},"content":{"rendered":"<h2><strong>\u0648\u0635\u0641 :\u00a0<\/strong><\/h2>\n<p><strong>100 \u0645\u0644<\/strong><\/p>\n<p>Plongez dans l&rsquo;univers festif de la Pomme d&rsquo;Amour avec ce gel douche color\u00e9.<\/p>\n<p>D\u00e9couvrez la beaute r\u00e9sponsable et engag\u00e9e ! L\u2019embl\u00e9matique collection Les D\u00e9lices se renouvelle au naturel et transforme votre routine beaut\u00e9 en une explosion de gourmandise et de sensorialit\u00e9 !<br \/>\nGr\u00e2ce \u00e0 sa texture onctueuse, le gel douche Pomme d&rsquo;amour nettoie la peau en douceur. Sa mousse l\u00e9g\u00e8re laisse la peau d\u00e9licieusement parfum\u00e9e de notes de pommes croquantes et sucr\u00e9es.<\/p>\n<p>Une v\u00e9ritable invitation au plaisir intense et gourmand !<\/p>\n<div class=\"prdct__details-benefits\">\n<h3 class=\"prdct__details-title\"><strong>\u0641\u0627\u0626\u062f\u0629 \u0627\u0644\u0645\u0646\u062a\u062c<\/strong><\/h3>\n<p>NOS ENGAGEMENTS :<br \/>\n&#8211; Produit fabriqu\u00e9 en France<br \/>\n&#8211; 95% d&rsquo;ingr\u00e9dients d&rsquo;origine naturelle<br \/>\n&#8211; Formule Vegan<br \/>\n&#8211; Flacon 100% plastique recycl\u00e9<\/p>\n<h2><strong>\u0646\u0635\u064a\u062d\u0629 \u0627\u0644\u0627\u0633\u062a\u062e\u062f\u0627\u0645:\u00a0<\/strong><\/h2>\n<div class=\"prdct__content go-back\">\n<div id=\"prdct-details\" class=\"prdct__details\">\n<div class=\"prdct__details-wrap\">\n<div id=\"conseils\" class=\"prdct__details-content\">\n<p>Appliquez sur peau humide. Faites mousser et rincez abondamment. S\u00e9chez votre peau en douceur.<\/p>\n<\/div>\n<\/div>\n<\/div>\n<\/div>\n<h2><strong>COMPOSIITON :<\/strong><\/h2>\n<div class=\"prdct__content go-back\">\n<div id=\"prdct-details\" class=\"prdct__details\">\n<div class=\"prdct__details-wrap\">\n<div id=\"ingredients\" class=\"prdct__details-content\">\n<p>Aqua, Sodium Laureth Sulfate, Glycerin, Lauryl Glucoside, Cocamidopropyl Betaine, Sodium Chloride, Parfum, Citric Acid, Sodium Benzoate, Styrene\/Acrylates Copolymer, Potassium Sorbate, Sodium Lauryl Sulfate, Coumarin, Denatonium Benzoate, CI 47005, Sodium Hydroxide, CI 14700<\/p>\n<\/div>\n<\/div>\n<\/div>\n<\/div>\n<\/div>","protected":false},"excerpt":{"rendered":"<p>DESCRIPTION :\u00a0 100ml Plongez dans l&rsquo;univers festif de la Pomme d&rsquo;Amour avec ce gel douche color\u00e9. D\u00e9couvrez la beaute r\u00e9sponsable et engag\u00e9e ! L\u2019embl\u00e9matique collection Les D\u00e9lices se renouvelle au naturel et transforme votre routine beaut\u00e9 en une explosion de gourmandise et de sensorialit\u00e9 ! Gr\u00e2ce \u00e0 sa texture onctueuse, le gel douche Pomme d&rsquo;amour [&hellip;]<\/p>\n","protected":false},"featured_media":140691,"comment_status":"open","ping_status":"closed","template":"","meta":{"_acf_changed":false},"product_brand":[],"product_cat":[102,139],"product_tag":[1369,1367],"class_list":{"0":"post-140690","1":"product","2":"type-product","3":"status-publish","4":"has-post-thumbnail","6":"product_cat-soin-et-bien-etre","7":"product_cat-corps_","8":"product_tag-promo41","9":"product_tag-ventegros","11":"first","12":"outofstock","13":"sale","14":"taxable","15":"shipping-taxable","16":"purchasable","17":"product-type-simple"},"acf":[],"_links":{"self":[{"href":"https:\/\/pharmacima.com\/ar\/wp-json\/wp\/v2\/product\/140690","targetHints":{"allow":["GET"]}}],"collection":[{"href":"https:\/\/pharmacima.com\/ar\/wp-json\/wp\/v2\/product"}],"about":[{"href":"https:\/\/pharmacima.com\/ar\/wp-json\/wp\/v2\/types\/product"}],"replies":[{"embeddable":true,"href":"https:\/\/pharmacima.com\/ar\/wp-json\/wp\/v2\/comments?post=140690"}],"wp:featuredmedia":[{"embeddable":true,"href":"https:\/\/pharmacima.com\/ar\/wp-json\/wp\/v2\/media\/140691"}],"wp:attachment":[{"href":"https:\/\/pharmacima.com\/ar\/wp-json\/wp\/v2\/media?parent=140690"}],"wp:term":[{"taxonomy":"product_brand","embeddable":true,"href":"https:\/\/pharmacima.com\/ar\/wp-json\/wp\/v2\/product_brand?post=140690"},{"taxonomy":"product_cat","embeddable":true,"href":"https:\/\/pharmacima.com\/ar\/wp-json\/wp\/v2\/product_cat?post=140690"},{"taxonomy":"product_tag","embeddable":true,"href":"https:\/\/pharmacima.com\/ar\/wp-json\/wp\/v2\/product_tag?post=140690"}],"curies":[{"name":"wp","href":"https:\/\/api.w.org\/{rel}","templated":true}]}}