{"id":140841,"date":"2024-03-20T14:12:38","date_gmt":"2024-03-20T13:12:38","guid":{"rendered":"https:\/\/pharmacima.com\/?post_type=product&#038;p=140841"},"modified":"2026-04-16T22:38:11","modified_gmt":"2026-04-16T21:38:11","slug":"exfoliant-acide-mandelique-6-et-2-acide-lactique-30ml-paulas-choice","status":"publish","type":"product","link":"https:\/\/pharmacima.com\/ar\/product\/exfoliant-acide-mandelique-6-et-2-acide-lactique-30ml-paulas-choice\/","title":{"rendered":"Exfoliant Acide Mandelique 6% et 2% Acide Lactique 30ml Paula&#8217;s Choice"},"content":{"rendered":"<h2><strong>\u0648\u0635\u0641 :<\/strong><\/h2>\n<h2><span>Un exfoliant liquide l\u00e9ger qui refait surface la texture et le ton en douceur.<\/span><\/h2>\n<p><span>L&rsquo;exfoliant liquide \u00e0 6 % d&rsquo;acide mand\u00e9lique + 2 % d&rsquo;acide lactique est un complexe d&rsquo;acides alpha-hydroxy doux qui refont surface et \u00e9limine les couches accumul\u00e9es de peau morte.<\/span><\/p>\n<p><span>\u00a0Cette formule unique rajeunit visiblement la capacit\u00e9 de la peau \u00e0 se renouveler et perturbe la d\u00e9coloration sans provoquer d&rsquo;hyperpigmentation post-inflammatoire sur les tons chair plus profonds.\u00a0Cet exfoliant a une plage de pH optimale de 3,0 \u00e0 4,0.<\/span><\/p>\n<ul class=\"product-skin__list\">\n<li>\n<div class=\"content-asset\">\n<p><span>R\u00e9duit visiblement les ridules<\/span><\/p>\n<\/div>\n<\/li>\n<li>\n<div class=\"content-asset\">\n<p><span>Inverse une barri\u00e8re cutan\u00e9e compromise<\/span><\/p>\n<\/div>\n<\/li>\n<\/ul>\n<div class=\"content-asset\">\n<ul>\n<li>Renouvelle la peau sous la surface pour un renouvellement cellulaire plus sain<\/li>\n<\/ul>\n<h2><strong>\u0627\u0633\u062a\u062e\u062f\u0627\u0645 \u0627\u0644\u0645\u0634\u0648\u0631\u0629:<\/strong><\/h2>\n<p>Lorsque vous utilisez un exfoliant AHA pour la premi\u00e8re fois, introduisez-le progressivement dans votre routine.\u00a0Commencez par utiliser votre exfoliant une fois tous les deux jours, puis augmentez son utilisation \u00e0 une ou deux fois par jour en fonction de la r\u00e9ponse de votre peau.<\/p>\n<p>Appliquez une noisette de produit sur l&rsquo;ensemble du visage, y compris le contour des yeux (\u00e9vitez la ligne des cils inf\u00e9rieurs et les paupi\u00e8res).\u00a0Ne pas rincer.\u00a0Pendant la journ\u00e9e, appliquez toujours une cr\u00e8me hydratante contenant un \u00e9cran solaire \u00e0 large spectre class\u00e9 SPF 30 ou plus.<\/p>\n<h2><strong>\u0627\u0644\u062a\u0631\u0643\u064a\u0628\u0629 :<\/strong><\/h2>\n<section class=\"product-inside\">\n<div class=\"product-inside__text\">\n<div class=\"product-inside__content\">\n<div class=\"product-inside__accordion has-ingredients js-product-inside__accordion is-active\">\n<div class=\"product-inside__accordion-content has-ingredients js-product-inside-accordion-content\">\n<p><span>Aqua (solvant), 2,3-butanediol (agent de conditionnement de la peau), acide mand\u00e9lique (acide alpha-hydroxy), acide lactique (acide alpha-hydroxy), hydroxyde de sodium (solvant), extrait de fruit de Myrica Cerifera (bayberry) (agent de conditionnement de la peau) , Extrait de tige d&rsquo;Akebia Quinata (agent de conditionnement de la peau), extrait de fleur de Prunus Lannesiana (agent de conditionnement de la peau), lysat de ferment de Lactobacillus (agent de conditionnement de la peau), lysat de Saccharomyces (agent de conditionnement de la peau), extrait d&rsquo;Achillea Millefolium (agent de conditionnement de la peau), isom\u00e9rate de saccharide ( Agent de soin de la peau), Arginine (agent de soin de la peau), Hydroxyac\u00e9toph\u00e9none (antioxydant), butyl\u00e8ne glycol (humectant), phytate de sodium (agent ch\u00e9lateur), pentyl\u00e8ne glycol (humectant), gomme de xanthane (antioxydant), acide citrique (ajusteur de pH), sodium. Citrate (agent tampon), 1,2-Hexanediol (agent de conditionnement cutan\u00e9), Caprylyl Glycol (agent de conditionnement cutan\u00e9), benzoate de sodium (conservateur).<\/span><\/p>\n<\/div>\n<\/div>\n<\/div>\n<\/div>\n<\/section>\n<section class=\"product-how\"><span id=\"howtouse\" class=\"anchor-target\" aria-hidden=\"true\"><\/span><\/p>\n<div class=\"product-how__text\">\n<div class=\"product-how__text-inner\"><\/div>\n<\/div>\n<\/section>\n<\/div>","protected":false},"excerpt":{"rendered":"<p>DESCRIPTION : Un exfoliant liquide l\u00e9ger qui refait surface la texture et le ton en douceur. L&rsquo;exfoliant liquide \u00e0 6 % d&rsquo;acide mand\u00e9lique + 2 % d&rsquo;acide lactique est un complexe d&rsquo;acides alpha-hydroxy doux qui refont surface et \u00e9limine les couches accumul\u00e9es de peau morte. \u00a0Cette formule unique rajeunit visiblement la capacit\u00e9 de la peau [&hellip;]<\/p>\n","protected":false},"featured_media":140842,"comment_status":"open","ping_status":"closed","template":"","meta":{"_acf_changed":false},"product_brand":[],"product_cat":[102,137],"product_tag":[1345,1367],"class_list":{"0":"post-140841","1":"product","2":"type-product","3":"status-publish","4":"has-post-thumbnail","6":"product_cat-soin-et-bien-etre","7":"product_cat-visage","8":"product_tag-promo28","9":"product_tag-ventegros","11":"first","12":"instock","13":"taxable","14":"shipping-taxable","15":"purchasable","16":"product-type-simple"},"acf":[],"_links":{"self":[{"href":"https:\/\/pharmacima.com\/ar\/wp-json\/wp\/v2\/product\/140841","targetHints":{"allow":["GET"]}}],"collection":[{"href":"https:\/\/pharmacima.com\/ar\/wp-json\/wp\/v2\/product"}],"about":[{"href":"https:\/\/pharmacima.com\/ar\/wp-json\/wp\/v2\/types\/product"}],"replies":[{"embeddable":true,"href":"https:\/\/pharmacima.com\/ar\/wp-json\/wp\/v2\/comments?post=140841"}],"wp:featuredmedia":[{"embeddable":true,"href":"https:\/\/pharmacima.com\/ar\/wp-json\/wp\/v2\/media\/140842"}],"wp:attachment":[{"href":"https:\/\/pharmacima.com\/ar\/wp-json\/wp\/v2\/media?parent=140841"}],"wp:term":[{"taxonomy":"product_brand","embeddable":true,"href":"https:\/\/pharmacima.com\/ar\/wp-json\/wp\/v2\/product_brand?post=140841"},{"taxonomy":"product_cat","embeddable":true,"href":"https:\/\/pharmacima.com\/ar\/wp-json\/wp\/v2\/product_cat?post=140841"},{"taxonomy":"product_tag","embeddable":true,"href":"https:\/\/pharmacima.com\/ar\/wp-json\/wp\/v2\/product_tag?post=140841"}],"curies":[{"name":"wp","href":"https:\/\/api.w.org\/{rel}","templated":true}]}}