{"id":140845,"date":"2024-03-20T14:23:22","date_gmt":"2024-03-20T13:23:22","guid":{"rendered":"https:\/\/pharmacima.com\/?post_type=product&#038;p=140845"},"modified":"2025-04-24T13:05:26","modified_gmt":"2025-04-24T12:05:26","slug":"gel-anti-spot-purifiant-50ml-eau-precieuse","status":"publish","type":"product","link":"https:\/\/pharmacima.com\/ar\/product\/gel-anti-spot-purifiant-50ml-eau-precieuse\/","title":{"rendered":"Gel Anti Spot Purifiant 50ml Eau Precieuse"},"content":{"rendered":"<h2><strong>\u0648\u0635\u0641 :<\/strong><\/h2>\n<p>Clearskin est un gel anti-spot purifiant. C&rsquo;est un soin 2 en 1 pour les peaux acn\u00e9iques.<\/p>\n<p>Sa formule aide \u00e0 r\u00e9duire boutons et points noirs et limite leur r\u00e9apparition.<\/p>\n<div class=\"line\">\n<h4>AIDE \u00c0 R\u00c9DUIRE BOUTONS ET POINTS NOIRS<\/h4>\n<div class=\"description\">\n<p>Sa formule \u00e0 base d\u2019Acide Salicylique purifie la peau<\/p>\n<\/div>\n<\/div>\n<div class=\"line\">\n<h4>LIMITE LA R\u00c9APPARITION DES BOUTONS ET POINTS NOIRS<\/h4>\n<div class=\"description\">\n<p>Le Gel-Anti Spot Purifiant Clearskin limite la r\u00e9apparition des imperfections<\/p>\n<h3 data-toggle=\"collapse\" data-target=\"#collapse-1\" aria-expanded=\"true\" aria-controls=\"collapse-1\"><span class=\"txt\">\u062f\u0648\u0627\u0639\u064a \u0627\u0644\u0625\u0633\u062a\u0639\u0645\u0627\u0644:\u00a0<\/span><\/h3>\n<div id=\"collapse-1\" class=\"description collapse show\" aria-expanded=\"true\">\n<p>\u2013 Convient aux peaux grasses, \u00e0 imperfections ou \u00e0 tendances acn\u00e9ique<br \/>\n\u2013 Application cutan\u00e9e pour le visage<br \/>\n\u2013 Usage quotidien<\/p>\n<h2><strong>\u0627\u0633\u062a\u062e\u062f\u0627\u0645 \u0627\u0644\u0645\u0634\u0648\u0631\u0629:<\/strong><\/h2>\n<p>Appliquer le Gel Anti-Spot Purifiant Clearskin le matin et\/ou le soir sur le visage pr\u00e9alablement nettoy\u00e9<br \/>\n\u2013 Ne pas rincer<\/p>\n<p>\u2013 Ne pas utiliser sur une peau l\u00e9s\u00e9e<br \/>\n\u2013 \u00c0 partir de 13 ans<\/p>\n<h2><strong>\u0627\u0644\u062a\u0631\u0643\u064a\u0628\u0629 :<\/strong><\/h2>\n<p align=\"LEFT\">AQUA, ALCOHOL DENAT., PROPYLENE GLYCOL, GLYCERIN, CARBOMER, TRIETHANOLAMINE, SALICYLIC ACID.<\/p>\n<\/div>\n<\/div>\n<\/div>","protected":false},"excerpt":{"rendered":"<p>DESCRIPTION : Clearskin est un gel anti-spot purifiant. C&rsquo;est un soin 2 en 1 pour les peaux acn\u00e9iques. Sa formule aide \u00e0 r\u00e9duire boutons et points noirs et limite leur r\u00e9apparition. AIDE \u00c0 R\u00c9DUIRE BOUTONS ET POINTS NOIRS Sa formule \u00e0 base d\u2019Acide Salicylique purifie la peau LIMITE LA R\u00c9APPARITION DES BOUTONS ET POINTS NOIRS [&hellip;]<\/p>\n","protected":false},"featured_media":140846,"comment_status":"open","ping_status":"closed","template":"","meta":{"_acf_changed":false},"product_brand":[],"product_cat":[102,137],"product_tag":[],"class_list":{"0":"post-140845","1":"product","2":"type-product","3":"status-publish","4":"has-post-thumbnail","6":"product_cat-soin-et-bien-etre","7":"product_cat-visage","9":"first","10":"outofstock","11":"sale","12":"taxable","13":"shipping-taxable","14":"purchasable","15":"product-type-simple"},"acf":[],"_links":{"self":[{"href":"https:\/\/pharmacima.com\/ar\/wp-json\/wp\/v2\/product\/140845","targetHints":{"allow":["GET"]}}],"collection":[{"href":"https:\/\/pharmacima.com\/ar\/wp-json\/wp\/v2\/product"}],"about":[{"href":"https:\/\/pharmacima.com\/ar\/wp-json\/wp\/v2\/types\/product"}],"replies":[{"embeddable":true,"href":"https:\/\/pharmacima.com\/ar\/wp-json\/wp\/v2\/comments?post=140845"}],"wp:featuredmedia":[{"embeddable":true,"href":"https:\/\/pharmacima.com\/ar\/wp-json\/wp\/v2\/media\/140846"}],"wp:attachment":[{"href":"https:\/\/pharmacima.com\/ar\/wp-json\/wp\/v2\/media?parent=140845"}],"wp:term":[{"taxonomy":"product_brand","embeddable":true,"href":"https:\/\/pharmacima.com\/ar\/wp-json\/wp\/v2\/product_brand?post=140845"},{"taxonomy":"product_cat","embeddable":true,"href":"https:\/\/pharmacima.com\/ar\/wp-json\/wp\/v2\/product_cat?post=140845"},{"taxonomy":"product_tag","embeddable":true,"href":"https:\/\/pharmacima.com\/ar\/wp-json\/wp\/v2\/product_tag?post=140845"}],"curies":[{"name":"wp","href":"https:\/\/api.w.org\/{rel}","templated":true}]}}