{"id":140858,"date":"2024-03-20T16:04:31","date_gmt":"2024-03-20T15:04:31","guid":{"rendered":"https:\/\/pharmacima.com\/?post_type=product&#038;p=140858"},"modified":"2025-12-23T12:23:20","modified_gmt":"2025-12-23T11:23:20","slug":"creme-mains-et-ongles-hydratant-30ml-caudalie","status":"publish","type":"product","link":"https:\/\/pharmacima.com\/ar\/product\/creme-mains-et-ongles-hydratant-30ml-caudalie\/","title":{"rendered":"Creme mains et ongles hydratant 30ml Caudalie"},"content":{"rendered":"<h1><strong>\u0648\u0635\u0641 :<\/strong><\/h1>\n<h2>Caudalie Th\u00e9 Des Vignes Cr\u00e8me R\u00e9paratrice Mains &amp; Ongles Cr\u00e8me Hydratante &amp; R\u00e9paratrice Mains &amp; Ongles Peaux S\u00e8ches 30 ml<\/h2>\n<p>La Cr\u00e8me Ongles Des Vignes, de Caudalie, gr\u00e2ce \u00e0 son action hydratante, apaise et prot\u00e8ge les mains s\u00e8ches, gerc\u00e9es et ab\u00eem\u00e9es des activit\u00e9s domestiques et professionnelles ou du froid, offrant une sensation de douceur et d&rsquo;hydratation aux mains.<\/p>\n<p>Les mains sont r\u00e9par\u00e9es et retrouvent leur douceur tandis que la peau est mieux prot\u00e9g\u00e9e des futures agressions ext\u00e9rieures.<\/p>\n<div class=\"formula-list_labels mt-2\">\n<p><span class=\"attribute-label\">\u0645\u0639\u0627\u062f\u0644\u0629 :<\/span><\/p>\n<ul class=\"list-disc list-inside\">\n<li>98% d&rsquo;ingr\u00e9dients d&rsquo;origine naturelle<\/li>\n<li>\u0645\u0641\u062d\u0648\u0635\u0647 \u0645\u0646 \u0642\u0628\u0644 \u0627\u0637\u0628\u0627\u0621\u0627\u0644\u062c\u0644\u062f\u064a\u0647<\/li>\n<li>\u0646\u0628\u0627\u062a\u064a<\/li>\n<\/ul>\n<\/div>\n<div class=\"visible-results mt-2\">\n<p><span class=\"attribute-label\">\u0646\u062a\u0627\u0626\u062c \u0645\u0631\u0626\u064a\u0629<\/span><\/p>\n<ul class=\"list-disc list-inside\">\n<li>100% des femmes ont trouv\u00e9 que les sensations de tiraillements \u00e9taient r\u00e9duites*<\/li>\n<\/ul>\n<p class=\"clinical-results_legal\">*\u00c9tude clinique, % de satisfaction, 20 volontaires, 21 jours.<\/p>\n<h2><strong>\u0627\u0633\u062a\u062e\u062f\u0627\u0645 \u0627\u0644\u0645\u0634\u0648\u0631\u0629:<\/strong><\/h2>\n<div id=\"main-product-wrapper\" class=\"product-container js-product-container\">\n<div class=\"tabs product-tabs\">\n<div id=\"product-infos-tabs-content\" class=\"tab-content\">\n<div id=\"description\" class=\"tab-pane in active\">\n<div class=\"product-description\">\n<div class=\"rte-content\">\n<p>Utilisez la cr\u00e8me sur les mains et les ongles aussi souvent que n\u00e9cessaire.<\/p>\n<\/div>\n<\/div>\n<\/div>\n<\/div>\n<\/div>\n<h2 id=\"product-infos-accordion-mobile\" class=\"iqit-accordion\" role=\"tablist\" aria-multiselectable=\"true\"><strong>\u0627\u0644\u062a\u0631\u0643\u064a\u0628\u0629 :<\/strong><\/h2>\n<p>AQUA\/WATER\/EAU, GLYCERIN, CETEARYL ALCOHOL, VITIS VINIFERA (GRAPE) SEED OIL GLYCERYI STEARATE, BUTYROSPERMUM PARIA SHEA) BUTTER EXTRACT, PALMITOYL GRAPE SEED EXTRACT, SODIUM CETEARYL SULFATE, COCO- CAPRYLATE\/CAPRATE, TOCOPHERYL ACETATE, PERSEA GRATISSIMA (AVOCADO) OIL, CAPRYLYL GLYCOL ACRYLATES CIO-30 ALKYL ACRYLATE CROSSPOLMER POTASSIUM SORBATE, PHYTOSTEROLS, OLEA EURORAEA (OUVE) FRUIT OIL, SODIUM HYDROXDE CARBOMER LIMONENE SODIUM CARBONIMETHM BETA GLUCAN SORBITAN OLEATE, TOCOPHEROL ASCORSY, PALMITATE, PARFUM (FRAGRANCE UNALOOL 061\/32\/2)<\/p>\n<\/div>\n<\/div>","protected":false},"excerpt":{"rendered":"<p>DESCRIPTION : Caudalie Th\u00e9 Des Vignes Cr\u00e8me R\u00e9paratrice Mains &amp; Ongles Cr\u00e8me Hydratante &amp; R\u00e9paratrice Mains &amp; Ongles Peaux S\u00e8ches 30 ml La Cr\u00e8me Ongles Des Vignes, de Caudalie, gr\u00e2ce \u00e0 son action hydratante, apaise et prot\u00e8ge les mains s\u00e8ches, gerc\u00e9es et ab\u00eem\u00e9es des activit\u00e9s domestiques et professionnelles ou du froid, offrant une sensation de [&hellip;]<\/p>\n","protected":false},"featured_media":148819,"comment_status":"open","ping_status":"closed","template":"","meta":{"_acf_changed":false},"product_brand":[],"product_cat":[102,140],"product_tag":[],"class_list":{"0":"post-140858","1":"product","2":"type-product","3":"status-publish","4":"has-post-thumbnail","6":"product_cat-soin-et-bien-etre","7":"product_cat-mains","9":"first","10":"instock","11":"taxable","12":"shipping-taxable","13":"purchasable","14":"product-type-simple"},"acf":[],"_links":{"self":[{"href":"https:\/\/pharmacima.com\/ar\/wp-json\/wp\/v2\/product\/140858","targetHints":{"allow":["GET"]}}],"collection":[{"href":"https:\/\/pharmacima.com\/ar\/wp-json\/wp\/v2\/product"}],"about":[{"href":"https:\/\/pharmacima.com\/ar\/wp-json\/wp\/v2\/types\/product"}],"replies":[{"embeddable":true,"href":"https:\/\/pharmacima.com\/ar\/wp-json\/wp\/v2\/comments?post=140858"}],"wp:featuredmedia":[{"embeddable":true,"href":"https:\/\/pharmacima.com\/ar\/wp-json\/wp\/v2\/media\/148819"}],"wp:attachment":[{"href":"https:\/\/pharmacima.com\/ar\/wp-json\/wp\/v2\/media?parent=140858"}],"wp:term":[{"taxonomy":"product_brand","embeddable":true,"href":"https:\/\/pharmacima.com\/ar\/wp-json\/wp\/v2\/product_brand?post=140858"},{"taxonomy":"product_cat","embeddable":true,"href":"https:\/\/pharmacima.com\/ar\/wp-json\/wp\/v2\/product_cat?post=140858"},{"taxonomy":"product_tag","embeddable":true,"href":"https:\/\/pharmacima.com\/ar\/wp-json\/wp\/v2\/product_tag?post=140858"}],"curies":[{"name":"wp","href":"https:\/\/api.w.org\/{rel}","templated":true}]}}