{"id":140860,"date":"2024-03-20T16:12:15","date_gmt":"2024-03-20T15:12:15","guid":{"rendered":"https:\/\/pharmacima.com\/?post_type=product&#038;p=140860"},"modified":"2025-12-23T12:17:21","modified_gmt":"2025-12-23T11:17:21","slug":"stick-levres-4-5g-caudalie","status":"publish","type":"product","link":"https:\/\/pharmacima.com\/ar\/product\/stick-levres-4-5g-caudalie\/","title":{"rendered":"Stick Levres 4.5g Caudalie"},"content":{"rendered":"<h1><strong>\u0648\u0635\u0641 :<\/strong><\/h1>\n<h2>Caudalie soin des l\u00e8vres stick 4.5g<\/h2>\n<h2>Enrichie en huile de p\u00e9pins de raisin nourrissante et polyph\u00e9nols de raisin anti-oxydants, ce soin de beaut\u00e9 des l\u00e8vres prot\u00e8ge et apaise durablement les l\u00e8vres s\u00e8ches.<br \/>\nSa texture fond instantan\u00e9ment sans effet gras et laisse les l\u00e8vres hydrat\u00e9es.<br \/>\nSon parfum d&rsquo;orange douce l\u00e9g\u00e8rement vanill\u00e9 parfume subtilement les l\u00e8vres pour une protection tout au long de la journ\u00e9e.<\/h2>\n<p><strong>\u0641\u0648\u0627\u0626\u062f<\/strong><\/p>\n<p>-Hydrate et r\u00e9pare<br \/>\n-Prot\u00e8ge, anti-oxydant<br \/>\n-Laisse les l\u00e8vres liss\u00e9es et apais\u00e9es<\/p>\n<h2><strong>\u0627\u0633\u062a\u062e\u062f\u0627\u0645 \u0627\u0644\u0645\u0634\u0648\u0631\u0629:<\/strong><\/h2>\n<div>\n<div id=\"more_info_block\" class=\"clear\">\n<div id=\"more_info_sheets\" class=\"sheets align_justify\">\n<section id=\"conseil\" class=\"page-product-box\">\n<div id=\"idTab2\" class=\"rte\">\n<p>Appliquer aussi souvent que n\u00e9cessaire sur les l\u00e8vres.<\/p>\n<h2 id=\"i4c-dialogs-container\"><strong>\u0627\u0644\u062a\u0631\u0643\u064a\u0628\u0629 :<\/strong><\/h2>\n<p>COPERNICIA CERIFERA (CARNAUBA) WAX \/ CIRE DE CARNAUBA, HYDROGENATED CASTOR OIL, PALMITOYL GRAPE SEED EXTRACT, TOCOPHERYL ACETATE, LIMONENE, LINALOOL, LEONTOPODIUM ALPINUM FLOWER\/LEAF EXTRACT, GERANIOL, PARFUM (FRAGRANCE).(181\/001)<\/p>\n<\/div>\n<\/section>\n<\/div>\n<\/div>\n<\/div>","protected":false},"excerpt":{"rendered":"<p>DESCRIPTION : Caudalie soin des l\u00e8vres stick 4.5g Enrichie en huile de p\u00e9pins de raisin nourrissante et polyph\u00e9nols de raisin anti-oxydants, ce soin de beaut\u00e9 des l\u00e8vres prot\u00e8ge et apaise durablement les l\u00e8vres s\u00e8ches. Sa texture fond instantan\u00e9ment sans effet gras et laisse les l\u00e8vres hydrat\u00e9es. Son parfum d&rsquo;orange douce l\u00e9g\u00e8rement vanill\u00e9 parfume subtilement les [&hellip;]<\/p>\n","protected":false},"featured_media":140861,"comment_status":"open","ping_status":"closed","template":"","meta":{"_acf_changed":false},"product_brand":[],"product_cat":[102,710],"product_tag":[1358,1367],"class_list":{"0":"post-140860","1":"product","2":"type-product","3":"status-publish","4":"has-post-thumbnail","6":"product_cat-soin-et-bien-etre","7":"product_cat-levres","8":"product_tag-promo21","9":"product_tag-ventegros","11":"first","12":"instock","13":"taxable","14":"shipping-taxable","15":"purchasable","16":"product-type-simple"},"acf":[],"_links":{"self":[{"href":"https:\/\/pharmacima.com\/ar\/wp-json\/wp\/v2\/product\/140860","targetHints":{"allow":["GET"]}}],"collection":[{"href":"https:\/\/pharmacima.com\/ar\/wp-json\/wp\/v2\/product"}],"about":[{"href":"https:\/\/pharmacima.com\/ar\/wp-json\/wp\/v2\/types\/product"}],"replies":[{"embeddable":true,"href":"https:\/\/pharmacima.com\/ar\/wp-json\/wp\/v2\/comments?post=140860"}],"wp:featuredmedia":[{"embeddable":true,"href":"https:\/\/pharmacima.com\/ar\/wp-json\/wp\/v2\/media\/140861"}],"wp:attachment":[{"href":"https:\/\/pharmacima.com\/ar\/wp-json\/wp\/v2\/media?parent=140860"}],"wp:term":[{"taxonomy":"product_brand","embeddable":true,"href":"https:\/\/pharmacima.com\/ar\/wp-json\/wp\/v2\/product_brand?post=140860"},{"taxonomy":"product_cat","embeddable":true,"href":"https:\/\/pharmacima.com\/ar\/wp-json\/wp\/v2\/product_cat?post=140860"},{"taxonomy":"product_tag","embeddable":true,"href":"https:\/\/pharmacima.com\/ar\/wp-json\/wp\/v2\/product_tag?post=140860"}],"curies":[{"name":"wp","href":"https:\/\/api.w.org\/{rel}","templated":true}]}}