{"id":140867,"date":"2024-03-20T17:20:21","date_gmt":"2024-03-20T16:20:21","guid":{"rendered":"https:\/\/pharmacima.com\/?post_type=product&#038;p=140867"},"modified":"2025-04-24T21:41:33","modified_gmt":"2025-04-24T20:41:33","slug":"rouge-a-levres-smart-443-kiko","status":"publish","type":"product","link":"https:\/\/pharmacima.com\/ar\/product\/rouge-a-levres-smart-443-kiko\/","title":{"rendered":"Rouge a levres Smart 443 Kiko"},"content":{"rendered":"<h2><strong>\u0648\u0635\u0641 :<\/strong><\/h2>\n<p><strong>443 Golden Coral<\/strong> Description du produit Rouge \u00e0 l\u00e8vres riche et nourrissant.<\/p>\n<p>La texture onctueuse et enveloppante offre aux l\u00e8vres une extr\u00eame douceur pour une sensation de confort longue dur\u00e9e.Application ultra fluide.<\/p>\n<p>Effet couleur imm\u00e9diat, Couvrance moyenne \u00e0 haute.Test\u00e9 sous contr\u00f4le dermatologique.Nouveau packaging compact et fonctionnel de couleur noir avec prise en main ergonomique et logo KK grav\u00e9 sur le dessus du capuchon.<\/p>\n<p>On peut emporter le rouge \u00e0 l\u00e8vres partout, quelle que soit l&rsquo;occasion, pour des l\u00e8vres toujours au premier plan. Results: Fini lumineux. Vos l\u00e8vres sont pleines, douces et sensuelles, dessin\u00e9es d&rsquo;un trait pr\u00e9cis haute d\u00e9finition<\/p>\n<h2><strong>\u0627\u0633\u062a\u062e\u062f\u0627\u0645 \u0627\u0644\u0645\u0634\u0648\u0631\u0629:<\/strong><\/h2>\n<p>Appliquez le rouge \u00e0 l\u00e8vres directement sur vos l\u00e8vres<\/p>\n<h2><strong>\u0627\u0644\u062a\u0631\u0643\u064a\u0628\u0629 :<\/strong><\/h2>\n<div id=\"productDescription_feature_div\" class=\"celwidget\" data-feature-name=\"productDescription\" data-csa-c-type=\"widget\" data-csa-c-content-id=\"productDescription\" data-csa-c-slot-id=\"productDescription_feature_div\" data-csa-c-asin=\"\" data-csa-c-is-in-initial-active-row=\"false\" data-csa-c-id=\"viuuc7-4mxwql-j7hj21-axjorg\" data-cel-widget=\"productDescription_feature_div\">\n<div>\n<div id=\"productDescription_feature_div\" class=\"a-row feature\" data-feature-name=\"productDescription\" data-template-name=\"productDescription\" data-cel-widget=\"productDescription_feature_div\">\n<div id=\"productDescription\" class=\"a-section a-spacing-small\">\n<p>POLYBUTENE, CAPRYLIC\/CAPRIC TRIGLYCERIDE, POLYETHYLENE, CERA MICROCRISTALLINA (MICROCRYSTALLINE WAX\/CIRE MICROCRISTALLINE), MICA, DICALCIUM PHOSPHATE, STEARALKONIUM HECTORITE, PROPYLENE CARBONATE, ARGANIA SPINOSA KERNEL OIL, ETHYL VANILLIN, CARTHAMUS TINCTORIUS SEED OIL (CARTHAMUS TINCTORIUS (SAFFLOWER) SEED OIL), LITCHI CHINENSIS FRUIT EXTRACT, PENTAERYTHRITYL TETRA-DI-t-BUTYL HYDROXYHYDROCINNAMATE, CALCIUM ALUMINUM BOROSILICATE, TOCOPHERYL ACETATE, TIN OXIDE. +\/- (MAY CONTAIN): CI 77891 (TITANIUM DIOXIDE), CI 77491 &#8211; CI 77492 &#8211; CI 77499 (IRON OXIDES), CI 15850 (RED 6, RED 7 LAKE), CI 15985 (YELLOW 6 LAKE), CI 19140 (YELLOW 5 LAKE), CI 42090 (BLUE 1 LAKE), CI 45410 (RED 28 LAKE).<\/p>\n<\/div>\n<\/div>\n<\/div>\n<\/div>","protected":false},"excerpt":{"rendered":"<p>DESCRIPTION : 443 Golden Coral Description du produit Rouge \u00e0 l\u00e8vres riche et nourrissant. La texture onctueuse et enveloppante offre aux l\u00e8vres une extr\u00eame douceur pour une sensation de confort longue dur\u00e9e.Application ultra fluide. Effet couleur imm\u00e9diat, Couvrance moyenne \u00e0 haute.Test\u00e9 sous contr\u00f4le dermatologique.Nouveau packaging compact et fonctionnel de couleur noir avec prise en main [&hellip;]<\/p>\n","protected":false},"featured_media":140868,"comment_status":"open","ping_status":"closed","template":"","meta":{"_acf_changed":false},"product_brand":[],"product_cat":[296,1233],"product_tag":[],"class_list":{"0":"post-140867","1":"product","2":"type-product","3":"status-publish","4":"has-post-thumbnail","6":"product_cat-maquillage","7":"product_cat-levres_maquillage","9":"first","10":"outofstock","11":"taxable","12":"shipping-taxable","13":"purchasable","14":"product-type-simple"},"acf":[],"_links":{"self":[{"href":"https:\/\/pharmacima.com\/ar\/wp-json\/wp\/v2\/product\/140867","targetHints":{"allow":["GET"]}}],"collection":[{"href":"https:\/\/pharmacima.com\/ar\/wp-json\/wp\/v2\/product"}],"about":[{"href":"https:\/\/pharmacima.com\/ar\/wp-json\/wp\/v2\/types\/product"}],"replies":[{"embeddable":true,"href":"https:\/\/pharmacima.com\/ar\/wp-json\/wp\/v2\/comments?post=140867"}],"wp:featuredmedia":[{"embeddable":true,"href":"https:\/\/pharmacima.com\/ar\/wp-json\/wp\/v2\/media\/140868"}],"wp:attachment":[{"href":"https:\/\/pharmacima.com\/ar\/wp-json\/wp\/v2\/media?parent=140867"}],"wp:term":[{"taxonomy":"product_brand","embeddable":true,"href":"https:\/\/pharmacima.com\/ar\/wp-json\/wp\/v2\/product_brand?post=140867"},{"taxonomy":"product_cat","embeddable":true,"href":"https:\/\/pharmacima.com\/ar\/wp-json\/wp\/v2\/product_cat?post=140867"},{"taxonomy":"product_tag","embeddable":true,"href":"https:\/\/pharmacima.com\/ar\/wp-json\/wp\/v2\/product_tag?post=140867"}],"curies":[{"name":"wp","href":"https:\/\/api.w.org\/{rel}","templated":true}]}}