{"id":141024,"date":"2024-03-27T13:30:41","date_gmt":"2024-03-27T12:30:41","guid":{"rendered":"https:\/\/pharmacima.com\/?post_type=product&#038;p=141024"},"modified":"2025-06-05T12:50:51","modified_gmt":"2025-06-05T11:50:51","slug":"vernis-super-stay-7days-926-maybelline-new-york","status":"publish","type":"product","link":"https:\/\/pharmacima.com\/ar\/product\/vernis-super-stay-7days-926-maybelline-new-york\/","title":{"rendered":"Vernis Super Stay 7days 926 Maybelline New York"},"content":{"rendered":"<h2><strong>DESCRIPTION :<\/strong><\/h2>\n<div class=\"prdct__details-benefits\">\n<p><strong>926 Pink about it<\/strong><\/p>\n<p>Vernis gel fortifiant. La performance gel professionnelle qui prend soin des ongles. Une formule effet gel pour une couleur ultra-brillante qui r\u00e9siste jusqu&rsquo;\u00e0 7 jours. S&rsquo;applique sans lampe UV, s&rsquo;enl\u00e8ve au dissolvant.<\/p>\n<p>Vernis gel fortifiant. La performance gel professionnelle qui prend soin des ongles. Une formule effet gel pour une couleur ultra-brillante qui r\u00e9siste jusqu&rsquo;\u00e0 7 jours. S&rsquo;applique sans lampe UV, s&rsquo;enl\u00e8ve au dissolvant. Sa formule brevet\u00e9e associe la technologie gel \u00e0 l&rsquo;action fortifiante du fer qui fortifie et prend soin des ongles pour des ongles plus forts et sains. R\u00e9sultat : Une brillance intense jusqu&rsquo;\u00e0 7 jours.<\/p>\n<div class=\"prdct__details-benefits\">\n<h3 class=\"prdct__details-title\"><strong>B\u00e9n\u00e9fice produit<\/strong><\/h3>\n<p>Sa formule brevet\u00e9e associe la technologie gel \u00e0 l&rsquo;action fortifiante du fer qui fortifie et prend soin des ongles pour des ongles plus forts et sains. R\u00e9sultat : Une couleur ultra-brillante jusqu&rsquo;\u00e0 7 jours.<\/p>\n<\/div>\n<\/div>\n<div class=\"prdct__details-benefits\">\n<h2><strong>CONSEIL D&rsquo;UTILISATION :<\/strong><\/h2>\n<p>1. Appliquer 2 couches de votre vernis Superstay 7 Days pour une couleur intense et brillante jusqu&rsquo;\u00e0 7 jours.<\/p>\n<h2><strong>COMPOSITION :<\/strong><\/h2>\n<p>INGREDIENTS: ETHYL ACETATE \u2022 BUTYL ACETATE \u2022 NITROCELLULOSE \u2022 PROPYL ACETATE \u2022 ISOPROPYL ALCOHOL \u2022 TRIBUTYL CITRATE \u2022 ADIPIC ACID\/NEOPENTYL GLYCOL\/TRIMELLITIC ANHYDRIDE COPOLYMER \u2022 TOSYLAMIDE\/EPOXY RESIN \u2022 STEARALKONIUM HECTORITE \u2022 ACRYLATES COPOLYMER \u2022 BENZOPHENONE-1 \u2022 SILICA \u2022 HYDROGENATED ACETOPHENONE\/OXYMETHYLENE COPOLYMER \u2022 DIMETHICONE \u2022 AQUA \/ WATER \u2022 ACETYL TRIBUTYL CITRATE \u2022 CITRIC ACID \u2022 ETHYL TOSYLAMIDE \u2022 ALCOHOL DENAT. \u2022 SYNTHETIC FLUORPHLOGOPITE \u2022 OXIDIZED POLYETHYLENE \u2022 PHTHALIC ANHYDRIDE\/GLYCERIN\/GLYCIDYL DECANOATE COPOLYMER \u2022 CALCIUM SODIUM BOROSILICATE \u2022 COLOPHONIUM \/ ROSIN \u2022 CALCIUM PANTOTHENATE \u2022 FERROUS GLUCONATE \u2022 OCTOCRYLENE \u2022 POLYETHYLENE \u2022 ETHYLHEXYL HYDROXYSTEARATE \u2022 ALUMINA \u2022 SILICA [NANO] \/ SILICA \u2022 POLYETHYLENE TEREPHTHALATE \u2022 CALCIUM ALUMINUM BOROSILICATE \u2022 TIN OXIDE \u2022 ALUMINUM HYDROXIDE \u2022 POLYURETHANE-11 \u2022 CI 77002 \/ ALUMINUM HYDROXIDE \u2022 ACETONE [+\/- MAY CONTAIN: CI 77891 \/ TITANIUM DIOXIDE \u2022 CI 77163 \/ BISMUTH OXYCHLORIDE \u2022 MICA \u2022 CI 15850 \/ RED 7 LAKE \u2022 CI 77491, CI 77499 \/ IRON OXIDES \u2022 CI 19140 \/ YELLOW 5 LAKE \u2022 CI 77120 \/ BARIUM SULFATE \u2022 CI 15880 \/ RED 34 LAKE \u2022 CI 77000 \/ ALUMINUM POWDER \u2022 CI 15850 \/ RED 6 LAKE \u2022 CI 77510 \/ FERRIC AMMONIUM FERROCYANIDE \u2022 CI 77266 [NANO] \/ BLACK 2 \u2022 CI 77400 \/ BRONZE POWDER \u2022 CI 77400 \/ COPPER POWDER \u2022 CI 42090 \/ BLUE 1 LAKE \u2022 CI 15510 \/ ORANGE 4 \u2022 CI 42053 \/ GREEN 3 \u2022 CI 75470 \/ CARMINE \u2022 CI 42090 \/ BLUE 1 \u2022 CI 60725 \/ VIOLET 2 \u2022 CI 17200 \/ RED 33 \u2022 CI 47005 \/ YELLOW 10]<\/p>\n<\/div>\n","protected":false},"excerpt":{"rendered":"<h3><span style=\"color: #f569b6;\"><em><strong>926 Pink about it<\/strong><\/em><\/span><\/h3>\n<p><strong>\u0627\u0644\u0633\u0639\u0629: 10 \u0645\u0644<\/strong><\/p>","protected":false},"featured_media":141025,"comment_status":"open","ping_status":"closed","template":"","meta":{"_acf_changed":false},"product_brand":[],"product_cat":[296,1231],"product_tag":[],"class_list":{"0":"post-141024","1":"product","2":"type-product","3":"status-publish","4":"has-post-thumbnail","6":"product_cat-maquillage","7":"product_cat-ongles_maquillage","9":"first","10":"outofstock","11":"sale","12":"taxable","13":"shipping-taxable","14":"purchasable","15":"product-type-simple"},"acf":[],"_links":{"self":[{"href":"https:\/\/pharmacima.com\/ar\/wp-json\/wp\/v2\/product\/141024","targetHints":{"allow":["GET"]}}],"collection":[{"href":"https:\/\/pharmacima.com\/ar\/wp-json\/wp\/v2\/product"}],"about":[{"href":"https:\/\/pharmacima.com\/ar\/wp-json\/wp\/v2\/types\/product"}],"replies":[{"embeddable":true,"href":"https:\/\/pharmacima.com\/ar\/wp-json\/wp\/v2\/comments?post=141024"}],"wp:featuredmedia":[{"embeddable":true,"href":"https:\/\/pharmacima.com\/ar\/wp-json\/wp\/v2\/media\/141025"}],"wp:attachment":[{"href":"https:\/\/pharmacima.com\/ar\/wp-json\/wp\/v2\/media?parent=141024"}],"wp:term":[{"taxonomy":"product_brand","embeddable":true,"href":"https:\/\/pharmacima.com\/ar\/wp-json\/wp\/v2\/product_brand?post=141024"},{"taxonomy":"product_cat","embeddable":true,"href":"https:\/\/pharmacima.com\/ar\/wp-json\/wp\/v2\/product_cat?post=141024"},{"taxonomy":"product_tag","embeddable":true,"href":"https:\/\/pharmacima.com\/ar\/wp-json\/wp\/v2\/product_tag?post=141024"}],"curies":[{"name":"wp","href":"https:\/\/api.w.org\/{rel}","templated":true}]}}