{"id":141032,"date":"2024-03-27T16:09:25","date_gmt":"2024-03-27T15:09:25","guid":{"rendered":"https:\/\/pharmacima.com\/?post_type=product&#038;p=141032"},"modified":"2025-04-13T12:45:30","modified_gmt":"2025-04-13T11:45:30","slug":"gelee-exfoliante-parfum-rose-et-baies-givrees150ml-nocibe","status":"publish","type":"product","link":"https:\/\/pharmacima.com\/ar\/product\/gelee-exfoliante-parfum-rose-et-baies-givrees150ml-nocibe\/","title":{"rendered":"Gel\u00e9e Exfoliante parfum rose et baies givr\u00e9es 150ml Nocibe"},"content":{"rendered":"<h2><strong>\u0648\u0635\u0641 :<\/strong><\/h2>\n<p><strong>Gel\u00e9e Exfoliante 150ml<\/strong><\/p>\n<p>Plongez dans la f\u00e9\u00e9rie des f\u00eates gr\u00e2ce \u00e0 la collection Hiver Enchant\u00e9 !<\/p>\n<p>Laissez-vous s\u00e9duire par la gel\u00e9e exfoliante pour le corps Hiver Enchant\u00e9. Son parfum m\u00eale la d\u00e9licatesse de la rose \u00e0 de d\u00e9licieuses notes de baies givr\u00e9es, pour vous emmener \u00e0 la d\u00e9couverte d\u2019un merveilleux paysage enneig\u00e9.<\/p>\n<p>Sa texture gel contient de la poudre de coque de noix pour exfolier votre peau en douceur.<\/p>\n<h2><strong>\u0627\u0633\u062a\u062e\u062f\u0627\u0645 \u0627\u0644\u0645\u0634\u0648\u0631\u0629:<\/strong><\/h2>\n<div class=\"prdct__content go-back\">\n<div id=\"prdct-details\" class=\"prdct__details\">\n<div class=\"prdct__details-wrap\">\n<div id=\"conseils\" class=\"prdct__details-content\">\n<p>Appliquez sur peau humide et exfoliez par massages circulaires. Rincez ensuite \u00e0 l&rsquo;eau ti\u00e8de apr\u00e8s utilisation.<\/p>\n<\/div>\n<\/div>\n<\/div>\n<\/div>\n<h2><strong>\u0627\u0644\u062a\u0631\u0643\u064a\u0628\u0629 :<\/strong><\/h2>\n<div class=\"prdct__content go-back\">\n<div id=\"prdct-details\" class=\"prdct__details\">\n<div class=\"prdct__details-wrap\">\n<div id=\"ingredients\" class=\"prdct__details-content\">\n<p>Aqua, Cocamidopropyl Betaine, Glycerin, Xanthan Gum, Cellulose Acetate, Parfum, Citric Acid, Sodium Benzoate, Potassium Sorbate, Disodium EDTA, Polysorbate 80, Juglans Regia Shell Powder, Prunus Amygdalus Dulcis Oil, Sodium Sulfate, CI 14720, Linalool.<\/p>\n<\/div>\n<\/div>\n<\/div>\n<\/div>","protected":false},"excerpt":{"rendered":"<h3><span style=\"color: #e63737;\"><em><strong>Gel\u00e9e Exfoliante\u00a0<\/strong><\/em><\/span><\/h3>","protected":false},"featured_media":141033,"comment_status":"open","ping_status":"closed","template":"","meta":{"_acf_changed":false},"product_brand":[],"product_cat":[102,139],"product_tag":[],"class_list":{"0":"post-141032","1":"product","2":"type-product","3":"status-publish","4":"has-post-thumbnail","6":"product_cat-soin-et-bien-etre","7":"product_cat-corps_","9":"first","10":"outofstock","11":"sale","12":"taxable","13":"shipping-taxable","14":"purchasable","15":"product-type-simple"},"acf":[],"_links":{"self":[{"href":"https:\/\/pharmacima.com\/ar\/wp-json\/wp\/v2\/product\/141032","targetHints":{"allow":["GET"]}}],"collection":[{"href":"https:\/\/pharmacima.com\/ar\/wp-json\/wp\/v2\/product"}],"about":[{"href":"https:\/\/pharmacima.com\/ar\/wp-json\/wp\/v2\/types\/product"}],"replies":[{"embeddable":true,"href":"https:\/\/pharmacima.com\/ar\/wp-json\/wp\/v2\/comments?post=141032"}],"wp:featuredmedia":[{"embeddable":true,"href":"https:\/\/pharmacima.com\/ar\/wp-json\/wp\/v2\/media\/141033"}],"wp:attachment":[{"href":"https:\/\/pharmacima.com\/ar\/wp-json\/wp\/v2\/media?parent=141032"}],"wp:term":[{"taxonomy":"product_brand","embeddable":true,"href":"https:\/\/pharmacima.com\/ar\/wp-json\/wp\/v2\/product_brand?post=141032"},{"taxonomy":"product_cat","embeddable":true,"href":"https:\/\/pharmacima.com\/ar\/wp-json\/wp\/v2\/product_cat?post=141032"},{"taxonomy":"product_tag","embeddable":true,"href":"https:\/\/pharmacima.com\/ar\/wp-json\/wp\/v2\/product_tag?post=141032"}],"curies":[{"name":"wp","href":"https:\/\/api.w.org\/{rel}","templated":true}]}}