{"id":141061,"date":"2024-03-28T17:19:02","date_gmt":"2024-03-28T16:19:02","guid":{"rendered":"https:\/\/pharmacima.com\/?post_type=product&#038;p=141061"},"modified":"2025-03-27T13:37:52","modified_gmt":"2025-03-27T12:37:52","slug":"creme-mains-home-spa-the-orient-75ml-nocibe","status":"publish","type":"product","link":"https:\/\/pharmacima.com\/ar\/product\/creme-mains-home-spa-the-orient-75ml-nocibe\/","title":{"rendered":"Creme mains Home Spa The Orient 75ml Nocib\u00e9"},"content":{"rendered":"<h2><strong>\u0648\u0635\u0641 :<\/strong><\/h2>\n<p>La Cr\u00e8me Mains \u00e0 la Rose et \u00e0 l&rsquo;Huile d&rsquo;Argan est une fusion luxueuse de la nature et de la science, con\u00e7ue pour offrir une hydratation profonde et une douceur velout\u00e9e \u00e0 vos mains.<\/p>\n<p>Inspir\u00e9e par les secrets de beaut\u00e9 ancestraux, cette cr\u00e8me combine les bienfaits hydratants de la rose avec les propri\u00e9t\u00e9s nourrissantes et r\u00e9g\u00e9n\u00e9ratrices de l&rsquo;huile d&rsquo;argan.<\/p>\n<p>D\u00e9licatement parfum\u00e9e avec l&rsquo;essence enivrante de la rose, cette cr\u00e8me enveloppe vos sens dans un bouquet floral apaisant, \u00e9voquant des jardins en fleurs et des promenades parfum\u00e9es. La rose, riche en antioxydants, aide \u00e0 apaiser et \u00e0 r\u00e9g\u00e9n\u00e9rer la peau, tout en laissant une l\u00e9g\u00e8re fragrance florale durable.<\/p>\n<h2><strong>\u0627\u0633\u062a\u062e\u062f\u0627\u0645 \u0627\u0644\u0645\u0634\u0648\u0631\u0629:<\/strong><\/h2>\n<div class=\"prdct__content go-back\">\n<div id=\"prdct-details\" class=\"prdct__details\">\n<div class=\"prdct__details-wrap\">\n<div id=\"conseils\" class=\"prdct__details-content\">\n<p>Appliquez-la tous les jours et massez votre peau.<\/p>\n<\/div>\n<\/div>\n<\/div>\n<\/div>\n<h2><strong>\u0627\u0644\u062a\u0631\u0643\u064a\u0628\u0629<\/strong> :<\/h2>\n<div class=\"prdct__content go-back\">\n<div id=\"prdct-details\" class=\"prdct__details\">\n<div class=\"prdct__details-wrap\">\n<div id=\"ingredients\" class=\"prdct__details-content\">\n<p>INGREDIENTS : Aqua, Caprylic\/Capric Triglyceride, Glycerin, Cetearyl Alcohol, Prunus Amygdalus Dulcis Oil, Parfum, Sodium Stearoyl Glutamate, Panthenol, Hydroxyacetophenone, Xanthan Gum, 1,2-Hexanediol, Caprylyl Glycol, Hexyl Cinnamal, Argania Spinosa Kernel Oil, Tocopherol, Linalool, Citronellol, Helianthus Annuus Seed Oil, Geraniol, Citric Acid, Eugenol, Rosa Damascena Flower Oil<\/p>\n<\/div>\n<\/div>\n<\/div>\n<\/div>","protected":false},"excerpt":{"rendered":"<p>DESCRIPTION : La Cr\u00e8me Mains \u00e0 la Rose et \u00e0 l&rsquo;Huile d&rsquo;Argan est une fusion luxueuse de la nature et de la science, con\u00e7ue pour offrir une hydratation profonde et une douceur velout\u00e9e \u00e0 vos mains. Inspir\u00e9e par les secrets de beaut\u00e9 ancestraux, cette cr\u00e8me combine les bienfaits hydratants de la rose avec les propri\u00e9t\u00e9s [&hellip;]<\/p>\n","protected":false},"featured_media":141062,"comment_status":"open","ping_status":"closed","template":"","meta":{"_acf_changed":false},"product_brand":[],"product_cat":[102,140],"product_tag":[],"class_list":{"0":"post-141061","1":"product","2":"type-product","3":"status-publish","4":"has-post-thumbnail","6":"product_cat-soin-et-bien-etre","7":"product_cat-mains","9":"first","10":"outofstock","11":"sale","12":"taxable","13":"shipping-taxable","14":"purchasable","15":"product-type-simple"},"acf":[],"_links":{"self":[{"href":"https:\/\/pharmacima.com\/ar\/wp-json\/wp\/v2\/product\/141061","targetHints":{"allow":["GET"]}}],"collection":[{"href":"https:\/\/pharmacima.com\/ar\/wp-json\/wp\/v2\/product"}],"about":[{"href":"https:\/\/pharmacima.com\/ar\/wp-json\/wp\/v2\/types\/product"}],"replies":[{"embeddable":true,"href":"https:\/\/pharmacima.com\/ar\/wp-json\/wp\/v2\/comments?post=141061"}],"wp:featuredmedia":[{"embeddable":true,"href":"https:\/\/pharmacima.com\/ar\/wp-json\/wp\/v2\/media\/141062"}],"wp:attachment":[{"href":"https:\/\/pharmacima.com\/ar\/wp-json\/wp\/v2\/media?parent=141061"}],"wp:term":[{"taxonomy":"product_brand","embeddable":true,"href":"https:\/\/pharmacima.com\/ar\/wp-json\/wp\/v2\/product_brand?post=141061"},{"taxonomy":"product_cat","embeddable":true,"href":"https:\/\/pharmacima.com\/ar\/wp-json\/wp\/v2\/product_cat?post=141061"},{"taxonomy":"product_tag","embeddable":true,"href":"https:\/\/pharmacima.com\/ar\/wp-json\/wp\/v2\/product_tag?post=141061"}],"curies":[{"name":"wp","href":"https:\/\/api.w.org\/{rel}","templated":true}]}}