{"id":141065,"date":"2024-03-28T17:28:18","date_gmt":"2024-03-28T16:28:18","guid":{"rendered":"https:\/\/pharmacima.com\/?post_type=product&#038;p=141065"},"modified":"2025-03-27T13:38:35","modified_gmt":"2025-03-27T12:38:35","slug":"creme-mains-home-spa-la-residence-75ml-nocibe","status":"publish","type":"product","link":"https:\/\/pharmacima.com\/ar\/product\/creme-mains-home-spa-la-residence-75ml-nocibe\/","title":{"rendered":"Creme mains Home Spa La Residence 75ml Nocib\u00e9"},"content":{"rendered":"<h2><strong>\u0648\u0635\u0641 :<\/strong><\/h2>\n<p><strong>75 \u0645\u0644<\/strong><\/p>\n<p>Offrez-vous l&rsquo;exp\u00e9rience d&rsquo;un spa de luxe \u00e0 la maison.<\/p>\n<p>Rapidement absorb\u00e9e, cette cr\u00e8me pour les mains hydrate et laisse une sensation velout\u00e9e sur la peau, sans effet gras. Les mains sont d\u00e9licatement parfum\u00e9es de rafra\u00eechissantes notes iod\u00e9es pour une sensation de fra\u00eecheur unique.<\/p>\n<div class=\"prdct__details-benefits\">\n<h3 class=\"prdct__details-title\"><strong>\u0641\u0627\u0626\u062f\u0629 \u0627\u0644\u0645\u0646\u062a\u062c<\/strong><\/h3>\n<p>La cr\u00e8me est rapidement absorb\u00e9e par la peau et laisse sur vos mains une sensation de confort.<\/p>\n<h2><strong>\u0627\u0633\u062a\u062e\u062f\u0627\u0645 \u0627\u0644\u0645\u0634\u0648\u0631\u0629:<\/strong><\/h2>\n<div class=\"prdct__content go-back\">\n<div id=\"prdct-details\" class=\"prdct__details\">\n<div class=\"prdct__details-wrap\">\n<div id=\"conseils\" class=\"prdct__details-content\">\n<p>D\u00e9posez une peite quantit\u00e9 de cr\u00e8me sur le dos d&rsquo;une de vos mains puis massez d\u00e9licatement. Utilisez quotidiennement pour des mains hydrat\u00e9es et nourries.<\/p>\n<\/div>\n<\/div>\n<\/div>\n<\/div>\n<h2><strong>\u0627\u0644\u062a\u0631\u0643\u064a\u0628\u0629 :<\/strong><\/h2>\n<div class=\"prdct__content go-back\">\n<div id=\"prdct-details\" class=\"prdct__details\">\n<div class=\"prdct__details-wrap\">\n<div id=\"ingredients\" class=\"prdct__details-content\">\n<p>INGREDIENTS : Aqua, Glycerin, Cetearyl Alcohol, Glyceryl Stearate SE, Caprylic\/Capric Triglyceride, Glyceryl Laurate, Myristyl Myristate, Butyrospermum Parkii Butter, Parfum, Hydroxyacetophenone, Xanthan Gum, 1,2-Hexanediol, Caprylyl Glycol, Linalool, Geraniol, Citronellol, Alpha-Isomethyl Ionone, Limonene<\/p>\n<\/div>\n<\/div>\n<\/div>\n<\/div>\n<\/div>","protected":false},"excerpt":{"rendered":"<p>DESCRIPTION : 75ml Offrez-vous l&rsquo;exp\u00e9rience d&rsquo;un spa de luxe \u00e0 la maison. Rapidement absorb\u00e9e, cette cr\u00e8me pour les mains hydrate et laisse une sensation velout\u00e9e sur la peau, sans effet gras. Les mains sont d\u00e9licatement parfum\u00e9es de rafra\u00eechissantes notes iod\u00e9es pour une sensation de fra\u00eecheur unique. B\u00e9n\u00e9fice produit La cr\u00e8me est rapidement absorb\u00e9e par la [&hellip;]<\/p>\n","protected":false},"featured_media":141066,"comment_status":"open","ping_status":"closed","template":"","meta":{"_acf_changed":false},"product_brand":[],"product_cat":[102,140],"product_tag":[],"class_list":{"0":"post-141065","1":"product","2":"type-product","3":"status-publish","4":"has-post-thumbnail","6":"product_cat-soin-et-bien-etre","7":"product_cat-mains","9":"first","10":"outofstock","11":"sale","12":"taxable","13":"shipping-taxable","14":"purchasable","15":"product-type-simple"},"acf":[],"_links":{"self":[{"href":"https:\/\/pharmacima.com\/ar\/wp-json\/wp\/v2\/product\/141065","targetHints":{"allow":["GET"]}}],"collection":[{"href":"https:\/\/pharmacima.com\/ar\/wp-json\/wp\/v2\/product"}],"about":[{"href":"https:\/\/pharmacima.com\/ar\/wp-json\/wp\/v2\/types\/product"}],"replies":[{"embeddable":true,"href":"https:\/\/pharmacima.com\/ar\/wp-json\/wp\/v2\/comments?post=141065"}],"wp:featuredmedia":[{"embeddable":true,"href":"https:\/\/pharmacima.com\/ar\/wp-json\/wp\/v2\/media\/141066"}],"wp:attachment":[{"href":"https:\/\/pharmacima.com\/ar\/wp-json\/wp\/v2\/media?parent=141065"}],"wp:term":[{"taxonomy":"product_brand","embeddable":true,"href":"https:\/\/pharmacima.com\/ar\/wp-json\/wp\/v2\/product_brand?post=141065"},{"taxonomy":"product_cat","embeddable":true,"href":"https:\/\/pharmacima.com\/ar\/wp-json\/wp\/v2\/product_cat?post=141065"},{"taxonomy":"product_tag","embeddable":true,"href":"https:\/\/pharmacima.com\/ar\/wp-json\/wp\/v2\/product_tag?post=141065"}],"curies":[{"name":"wp","href":"https:\/\/api.w.org\/{rel}","templated":true}]}}