{"id":141141,"date":"2024-04-02T16:01:45","date_gmt":"2024-04-02T15:01:45","guid":{"rendered":"https:\/\/pharmacima.com\/?post_type=product&#038;p=141141"},"modified":"2024-10-01T18:04:41","modified_gmt":"2024-10-01T17:04:41","slug":"masque-hydratant-5min-visage-75ml-nocibe","status":"publish","type":"product","link":"https:\/\/pharmacima.com\/ar\/product\/masque-hydratant-5min-visage-75ml-nocibe\/","title":{"rendered":"Masque Hydratant 5min Visage 75ml Nocibe"},"content":{"rendered":"<h2><strong>\u0648\u0635\u0641 :<\/strong><\/h2>\n<p><strong>75 \u0645\u0644<\/strong><\/p>\n<p>D\u00e9clin\u00e9 dans un format plus g\u00e9n\u00e9reux, le masque hydratant visage vous permet d\u2019hydrater et d\u2019adoucir votre peau.<\/p>\n<p>Offrez \u00e0 votre peau une hydratation intense avec le masque hydratant 5&prime; minutes.<br \/>\nEnrichie en aloe vera, sa texture gel procure \u00e0 votre peau une sensation imm\u00e9diate de confort.<\/p>\n<p>La peau est hydrat\u00e9e, r\u00e9g\u00e9n\u00e9r\u00e9e et \u00e9clatante de beaut\u00e9 !<\/p>\n<p>Suite \u00e0 votre engouement pour ce produit en format capsule, nous le proposons d\u00e9sormais en plus grand format !<\/p>\n<h2><strong>\u0627\u0633\u062a\u062e\u062f\u0627\u0645 \u0627\u0644\u0645\u0634\u0648\u0631\u0629:<\/strong><\/h2>\n<div class=\"prdct__content go-back\">\n<div id=\"prdct-details\" class=\"prdct__details\">\n<div class=\"prdct__details-wrap\">\n<div id=\"conseils\" class=\"prdct__details-content\">\n<p>Appliquez une fine couche sur l\u2019ensemble du visage en \u00e9vitant le contour des yeux. Laissez poser 5 minutes et retirez l\u2019exc\u00e9dent \u00e0 l\u2019aide d\u2019un mouchoir en papier. Pas besoin de rincer. Ne convient pas aux peaux sensibles. Test\u00e9 dermatologiquement.<\/p>\n<h2><strong>\u0627\u0644\u062a\u0631\u0643\u064a\u0628\u0629 :<\/strong><\/h2>\n<\/div>\n<\/div>\n<\/div>\n<\/div>\n<div class=\"prdct__curalate\" data-crl8-container-id=\"product\" data-crl8-filter=\"productId:266916\">\n<div id=\"crl8-product-carousel\">\n<div>\n<div>\n<div class=\"sc-16tt03d-0 bwjkag\" aria-hidden=\"false\">\n<div class=\"sc-102xyuw-0 diSajJ\">\n<div class=\"sc-102xyuw-1 ddjxFd\">\n<div class=\"prdct__content go-back\">\n<div id=\"prdct-details\" class=\"prdct__details\">\n<div class=\"prdct__details-wrap\">\n<div id=\"ingredients\" class=\"prdct__details-content\">\n<p>Aqua, Glycerin, Ethylhexyl Cocoate, Helianthus Annuus Seed Oil, Dimethicone, Centaurea Cyanus Flower Water, Cetearyl Alcohol, Methylpropanediol, Cetyl Alcohol, Butylene Glycol, Myristyl Myristate, Hydrogenated Coconut Oil, Bis-diglyceryl Polyacyladipate-2, Sorbitan Stearate, Butyrospermum Parkii Butter, Ceteareth-33, Phenoxyethanol, Parfum, Ammonium Acryloyldimethyltaurate\/vp Copolymer, Argania Spinosa Kernel Oil, Ethylhexylglycerin, Sodium Gluconate, Lecithin, Pyrus Malus Fruit Extract, Xanthan Gum, Caesalpinia Spinosa Gum, Tocopheryl Acetate, Methylsilanol Mannuronate, Sodium Benzoate, Sodium Hydroxide, Zingiber O\u00accinale Root Oil, Citric Acid, Sodium Lactate Methylsilanol, Potassium Sorbate, Salicylic Acid, Sorbic Acid, CI19140,Tocopherol.<\/p>\n<\/div>\n<\/div>\n<\/div>\n<\/div>\n<\/div>\n<\/div>\n<\/div>\n<\/div>\n<\/div>\n<\/div>\n<\/div>","protected":false},"excerpt":{"rendered":"<h3><em><strong>Convient aux Peaux S\u00e8ches.\u00a0<\/strong><\/em><\/h3>\n<p>&nbsp;<\/p>","protected":false},"featured_media":141142,"comment_status":"open","ping_status":"closed","template":"","meta":{"_acf_changed":false},"product_brand":[],"product_cat":[102,137],"product_tag":[1376,1367],"class_list":{"0":"post-141141","1":"product","2":"type-product","3":"status-publish","4":"has-post-thumbnail","6":"product_cat-soin-et-bien-etre","7":"product_cat-visage","8":"product_tag-promo67","9":"product_tag-ventegros","11":"first","12":"outofstock","13":"sale","14":"taxable","15":"shipping-taxable","16":"purchasable","17":"product-type-simple"},"acf":[],"_links":{"self":[{"href":"https:\/\/pharmacima.com\/ar\/wp-json\/wp\/v2\/product\/141141","targetHints":{"allow":["GET"]}}],"collection":[{"href":"https:\/\/pharmacima.com\/ar\/wp-json\/wp\/v2\/product"}],"about":[{"href":"https:\/\/pharmacima.com\/ar\/wp-json\/wp\/v2\/types\/product"}],"replies":[{"embeddable":true,"href":"https:\/\/pharmacima.com\/ar\/wp-json\/wp\/v2\/comments?post=141141"}],"wp:featuredmedia":[{"embeddable":true,"href":"https:\/\/pharmacima.com\/ar\/wp-json\/wp\/v2\/media\/141142"}],"wp:attachment":[{"href":"https:\/\/pharmacima.com\/ar\/wp-json\/wp\/v2\/media?parent=141141"}],"wp:term":[{"taxonomy":"product_brand","embeddable":true,"href":"https:\/\/pharmacima.com\/ar\/wp-json\/wp\/v2\/product_brand?post=141141"},{"taxonomy":"product_cat","embeddable":true,"href":"https:\/\/pharmacima.com\/ar\/wp-json\/wp\/v2\/product_cat?post=141141"},{"taxonomy":"product_tag","embeddable":true,"href":"https:\/\/pharmacima.com\/ar\/wp-json\/wp\/v2\/product_tag?post=141141"}],"curies":[{"name":"wp","href":"https:\/\/api.w.org\/{rel}","templated":true}]}}