{"id":141150,"date":"2024-04-02T16:30:32","date_gmt":"2024-04-02T15:30:32","guid":{"rendered":"https:\/\/pharmacima.com\/?post_type=product&#038;p=141150"},"modified":"2025-03-27T16:42:33","modified_gmt":"2025-03-27T15:42:33","slug":"rouge-a-levres-liquide-superstay-325-short-caller-maybelline-new-york","status":"publish","type":"product","link":"https:\/\/pharmacima.com\/ar\/product\/rouge-a-levres-liquide-superstay-325-short-caller-maybelline-new-york\/","title":{"rendered":"Rouge a Levres Liquide SuperStay 325 Short Caller Maybelline New york"},"content":{"rendered":"<h2><strong>DESCRIPTION :<\/strong><\/h2>\n<p>Le rouge \u00e0 l\u00e8vres liquide Super Stay Matte Ink\u2122 vous offre un fini mat impeccable dans une gamme de nuances super satur\u00e9es.<\/p>\n<p>Encrez vos l\u00e8vres avec jusqu\u2019\u00e0 16 heures de mat satur\u00e9 avec le rouge \u00e0 l\u00e8vres liquide Super Stay Matte Ink\u2122 de Maybelline New York ! Ce rouge \u00e0 l\u00e8vres liquide mat sans transfert hautement pigment\u00e9 est dot\u00e9 d\u2019un applicateur \u00e0 fl\u00e8che unique pour une application pr\u00e9cise.<\/p>\n<p>La formule est longue dur\u00e9e et donne un fini mat impeccable dans 36 nuances super satur\u00e9es allant du rouge \u00e0 l\u00e8vres liquide rouge classique aux nuances de rouge \u00e0 l\u00e8vres nues et audacieuses. Pour un retrait facile, utilisez le dissolvant de rouge \u00e0 l\u00e8vres Super Stay Eraser de Maybelline.<\/p>\n<h2><strong>CONSEIL D\u2019UTILISATION :<\/strong><\/h2>\n<p>\u00c9tape 1. Appliquez du rouge \u00e0 l\u00e8vres liquide au centre de votre l\u00e8vre sup\u00e9rieure et suivez les contours de votre bouche.<br \/>\n\u00c9tape 2. Faites glisser le rouge \u00e0 l\u00e8vres liquide sur toute la l\u00e8vre inf\u00e9rieure.<\/p>\n<h2><strong>COMPOSITION :<\/strong><\/h2>\n<p>DIMETHICONE TRIMETHYLSILOXYSILICATE ISODODECANE NYLON-611\/DIMETHICONE COPOLYMERE DIMETHICONE CROSSPOLYMERE C30-45 ALKYLDIMETHYLSILICATE POLYPROPYLSILSESQUIOXANE LAUROYL LYSINE ALUMINE SILICE SILYLATE DISODIUM STEAROYL GLUTAMATE PHENOXYETHANOL CAPRYLYL GL YCOL LIMON\u00c8NE HYDROXYDE D\u2019ALUMINIUM PARAFFINE benzyle benzylique ALCOOL BENZYLIQUE CITRONELLOL PARFUM \/ PARFUM [+\/- PEUT CONTENIR \/ PEUT CONTENIR CI 45410 \/ ROUGE 28 LAC CI 77891 \/ DIOXYDE DE TITANE CI 15850 \/ ROUGE 7 CI 77491, CI 77492, CI 77499 \/ OXYDES DE FER CI 45380 \/ ROUGE 22 LAC CI 15985 \/ JAUNE 6 LAC CI 19140 \/ JAUNE 5 LAC CI 42090 \/ BLEU 1 LAC CI 15850 \/ ROUGE 6 CI 17200 \/ ROUGE 33 LAC MICA] FIL D197345\/2<\/p>\n","protected":false},"excerpt":{"rendered":"<h3><span style=\"color: #e34242;\"><em><strong> SuperStay 325 Short Caller.<\/strong><\/em><\/span><\/h3>\n<p><strong>Contenance : 05ml<\/strong><\/p>","protected":false},"featured_media":141151,"comment_status":"open","ping_status":"closed","template":"","meta":{"_acf_changed":false},"product_brand":[],"product_cat":[296,1233],"product_tag":[],"class_list":{"0":"post-141150","1":"product","2":"type-product","3":"status-publish","4":"has-post-thumbnail","6":"product_cat-maquillage","7":"product_cat-levres_maquillage","9":"first","10":"outofstock","11":"sale","12":"taxable","13":"shipping-taxable","14":"purchasable","15":"product-type-simple"},"acf":[],"_links":{"self":[{"href":"https:\/\/pharmacima.com\/ar\/wp-json\/wp\/v2\/product\/141150","targetHints":{"allow":["GET"]}}],"collection":[{"href":"https:\/\/pharmacima.com\/ar\/wp-json\/wp\/v2\/product"}],"about":[{"href":"https:\/\/pharmacima.com\/ar\/wp-json\/wp\/v2\/types\/product"}],"replies":[{"embeddable":true,"href":"https:\/\/pharmacima.com\/ar\/wp-json\/wp\/v2\/comments?post=141150"}],"wp:featuredmedia":[{"embeddable":true,"href":"https:\/\/pharmacima.com\/ar\/wp-json\/wp\/v2\/media\/141151"}],"wp:attachment":[{"href":"https:\/\/pharmacima.com\/ar\/wp-json\/wp\/v2\/media?parent=141150"}],"wp:term":[{"taxonomy":"product_brand","embeddable":true,"href":"https:\/\/pharmacima.com\/ar\/wp-json\/wp\/v2\/product_brand?post=141150"},{"taxonomy":"product_cat","embeddable":true,"href":"https:\/\/pharmacima.com\/ar\/wp-json\/wp\/v2\/product_cat?post=141150"},{"taxonomy":"product_tag","embeddable":true,"href":"https:\/\/pharmacima.com\/ar\/wp-json\/wp\/v2\/product_tag?post=141150"}],"curies":[{"name":"wp","href":"https:\/\/api.w.org\/{rel}","templated":true}]}}