{"id":141351,"date":"2024-04-16T15:37:29","date_gmt":"2024-04-16T14:37:29","guid":{"rendered":"https:\/\/pharmacima.com\/?post_type=product&#038;p=141351"},"modified":"2026-02-25T17:49:08","modified_gmt":"2026-02-25T16:49:08","slug":"serum-collagene-marin-30ml-mary-et-may","status":"publish","type":"product","link":"https:\/\/pharmacima.com\/ar\/product\/serum-collagene-marin-30ml-mary-et-may\/","title":{"rendered":"Serum Collag\u00e8ne Marin 30ml Mary et May"},"content":{"rendered":"<h1><strong>\u0648\u0635\u0641 :<\/strong><\/h1>\n<h2><strong>S\u00e9rum au collag\u00e8ne marin Mary&amp;May, 95 % de collag\u00e8ne hydrolys\u00e9 de faible poids mol\u00e9culaire pour raffermir et reconstituer la peau, sans parfum<\/strong><\/h2>\n<p>1. Ce s\u00e9rum \u00e0 absorption rapide contient 95 % de petites mol\u00e9cules de collag\u00e8ne pour une p\u00e9n\u00e9tration plus profonde, traitant les sympt\u00f4mes du vieillissement cutan\u00e9 et hydratant la peau dess\u00e9ch\u00e9e.<\/p>\n<p>2. Fournit un boost de collag\u00e8ne \u00e0 la peau pour restaurer une peau ferme et affiner les rides visibles sans sensation grasse.<\/p>\n<p>3. Formul\u00e9 avec des ingr\u00e9dients de qualit\u00e9 verte v\u00e9rifi\u00e9s par l&rsquo;EWG.<\/p>\n<p>4. Sans tests sur les animaux et sans 16 ingr\u00e9dients nocifs : paraben, parfums et colorants artificiels, alcool, huile min\u00e9rale, tensioactifs et allerg\u00e8nes.<\/p>\n<p>5. Test\u00e9 dermatologiquement.<\/p>\n<h2><strong>\u0627\u0633\u062a\u062e\u062f\u0627\u0645 \u0627\u0644\u0645\u0634\u0648\u0631\u0629:<\/strong><\/h2>\n<div class=\"row item-row\">\n<div class=\"col-xs-24\">\n<div class=\"prodOverviewDetail\">\n<p>Prenez une quantit\u00e9 appropri\u00e9e \u00e0 l&rsquo;\u00e9tape de l&rsquo;essence ou de l&rsquo;ampoule de votre routine de soin de la peau et appliquez-la uniform\u00e9ment sur la peau.<\/p>\n<\/div>\n<\/div>\n<\/div>\n<div class=\"row item-row\">\n<h2 class=\"col-xs-24\"><strong>\u0627\u0644\u062a\u0631\u0643\u064a\u0628\u0629 :<\/strong><\/h2>\n<div class=\"product-description rte rte--column accordion-neighbor\">\n<div class=\"tabs-wrapper\">\n<div class=\"product-accordion\" data-accordion-group=\"\">\n<div class=\"accordion__wrapper\">\n<div id=\"description-3\" class=\"accordion__body\" data-accordion-body=\"\">\n<p><span class=\"metafield-multi_line_text_field\">Collag\u00e8ne hydrolys\u00e9, Glycereth-26, 1,2-Hexanediol, Arginine, Carbomer, Ethylhexylglyc\u00e9rine, Caprylyl Glycol, Ad\u00e9nosine<\/span><\/p>\n<\/div>\n<\/div>\n<\/div>\n<\/div>\n<\/div>\n<\/div>","protected":false},"excerpt":{"rendered":"<h3><strong>\u0627\u0644\u0633\u0639\u0629: 30 \u0645\u0644<\/strong><\/h3>","protected":false},"featured_media":141352,"comment_status":"open","ping_status":"closed","template":"","meta":{"_acf_changed":false},"product_brand":[1410],"product_cat":[102,137],"product_tag":[],"class_list":{"0":"post-141351","1":"product","2":"type-product","3":"status-publish","4":"has-post-thumbnail","6":"product_brand-mary-may","7":"product_cat-soin-et-bien-etre","8":"product_cat-visage","10":"first","11":"instock","12":"sale","13":"taxable","14":"shipping-taxable","15":"purchasable","16":"product-type-simple"},"acf":[],"_links":{"self":[{"href":"https:\/\/pharmacima.com\/ar\/wp-json\/wp\/v2\/product\/141351","targetHints":{"allow":["GET"]}}],"collection":[{"href":"https:\/\/pharmacima.com\/ar\/wp-json\/wp\/v2\/product"}],"about":[{"href":"https:\/\/pharmacima.com\/ar\/wp-json\/wp\/v2\/types\/product"}],"replies":[{"embeddable":true,"href":"https:\/\/pharmacima.com\/ar\/wp-json\/wp\/v2\/comments?post=141351"}],"wp:featuredmedia":[{"embeddable":true,"href":"https:\/\/pharmacima.com\/ar\/wp-json\/wp\/v2\/media\/141352"}],"wp:attachment":[{"href":"https:\/\/pharmacima.com\/ar\/wp-json\/wp\/v2\/media?parent=141351"}],"wp:term":[{"taxonomy":"product_brand","embeddable":true,"href":"https:\/\/pharmacima.com\/ar\/wp-json\/wp\/v2\/product_brand?post=141351"},{"taxonomy":"product_cat","embeddable":true,"href":"https:\/\/pharmacima.com\/ar\/wp-json\/wp\/v2\/product_cat?post=141351"},{"taxonomy":"product_tag","embeddable":true,"href":"https:\/\/pharmacima.com\/ar\/wp-json\/wp\/v2\/product_tag?post=141351"}],"curies":[{"name":"wp","href":"https:\/\/api.w.org\/{rel}","templated":true}]}}