{"id":141373,"date":"2024-04-17T11:31:54","date_gmt":"2024-04-17T10:31:54","guid":{"rendered":"https:\/\/pharmacima.com\/?post_type=product&#038;p=141373"},"modified":"2024-11-05T14:47:26","modified_gmt":"2024-11-05T13:47:26","slug":"patch-pour-boutons-dacne-cosrx","status":"publish","type":"product","link":"https:\/\/pharmacima.com\/ar\/product\/patch-pour-boutons-dacne-cosrx\/","title":{"rendered":"Patch pour boutons d\u2019acn\u00e9 Cosrx"},"content":{"rendered":"<h2><strong>\u0648\u0635\u0641 :\u00a0<\/strong><\/h2>\n<p><strong><span>Gu\u00e9rison rapide de l&rsquo;acn\u00e9 pendant la nuit<\/span><\/strong><\/p>\n<p><span>Patchs hydrocollo\u00efdes qui prot\u00e8gent la zone bless\u00e9e ou troubl\u00e9e de l&rsquo;aggravation tout en maintenant l&rsquo;humidit\u00e9 de la peau pour pr\u00e9venir de nouvelles \u00e9ruptions cutan\u00e9es.<\/span><\/p>\n<p><strong><span>Quantit\u00e9<\/span><\/strong><span>: 24 patchs (9 gros points, 5 points moyens, 10 petits<\/span><\/p>\n<p><strong><u>\u0641\u0648\u0627\u0626\u062f<\/u><\/strong><\/p>\n<p><span>\u2022 Absorbe et extrait les impuret\u00e9s<\/span><br \/>\n<span>\u2022 Gu\u00e9rison plus rapide<\/span><br \/>\n<span>\u2022 Pr\u00e9vient les cicatrices<\/span><\/p>\n<p><strong><u>\u0627\u0644\u0623\u0647\u062f\u0627\u0641<\/u><\/strong><\/p>\n<p><span>\u2022 Prot\u00e9ger les zones probl\u00e9matiques<\/span><\/p>\n<h2><strong>\u0627\u0633\u062a\u062e\u062f\u0627\u0645 \u0627\u0644\u0645\u0634\u0648\u0631\u0629:<\/strong><\/h2>\n<div class=\"not-in-quickbuy product-detail-accordion\">\n<div class=\"pdp-acc-container desktop-only\">\n<div class=\"pdp-acc-area\">\n<div class=\"acc_content_area act\">\n<p>Nettoyez la zone autour du probl\u00e8me. S\u00e9lectionnez un patch de plus grande taille que l&rsquo;endroit probl\u00e9matique et fixez le patch \u00e0 l&rsquo;endroit.<\/p>\n<h2><strong>\u0627\u0644\u062a\u0631\u0643\u064a\u0628\u0629 :<\/strong><\/h2>\n<div class=\"pdp-acc-area\">\n<div class=\"acc_content_area act\">\n<div class=\"full-ingredients-container\">\n<div class=\"ingre-modal\">\n<div class=\"ingre-modal-content\">\n<div class=\"modal-body\"><span>R\u00e9sine de p\u00e9trole, gomme de cellulose, copolym\u00e8re bloc de styr\u00e8ne isopr\u00e8ne styr\u00e8ne, film de polyur\u00e9thane, polyisobutyl\u00e8ne, paraffine liquide, t\u00e9trakism\u00e9thane<\/span><\/div>\n<\/div>\n<\/div>\n<\/div>\n<\/div>\n<\/div>\n<\/div>\n<\/div>\n<\/div>\n<\/div>","protected":false},"excerpt":{"rendered":"<h3><strong>Quantit\u00e9: 24 patchs (9 gros points, 5 points moyens, 10 petits<\/strong><\/h3>","protected":false},"featured_media":141374,"comment_status":"open","ping_status":"closed","template":"","meta":{"_acf_changed":false},"product_brand":[],"product_cat":[102,137],"product_tag":[1395],"class_list":{"0":"post-141373","1":"product","2":"type-product","3":"status-publish","4":"has-post-thumbnail","6":"product_cat-soin-et-bien-etre","7":"product_cat-visage","8":"product_tag-cosrx","10":"first","11":"outofstock","12":"sale","13":"taxable","14":"shipping-taxable","15":"purchasable","16":"product-type-simple"},"acf":[],"_links":{"self":[{"href":"https:\/\/pharmacima.com\/ar\/wp-json\/wp\/v2\/product\/141373","targetHints":{"allow":["GET"]}}],"collection":[{"href":"https:\/\/pharmacima.com\/ar\/wp-json\/wp\/v2\/product"}],"about":[{"href":"https:\/\/pharmacima.com\/ar\/wp-json\/wp\/v2\/types\/product"}],"replies":[{"embeddable":true,"href":"https:\/\/pharmacima.com\/ar\/wp-json\/wp\/v2\/comments?post=141373"}],"wp:featuredmedia":[{"embeddable":true,"href":"https:\/\/pharmacima.com\/ar\/wp-json\/wp\/v2\/media\/141374"}],"wp:attachment":[{"href":"https:\/\/pharmacima.com\/ar\/wp-json\/wp\/v2\/media?parent=141373"}],"wp:term":[{"taxonomy":"product_brand","embeddable":true,"href":"https:\/\/pharmacima.com\/ar\/wp-json\/wp\/v2\/product_brand?post=141373"},{"taxonomy":"product_cat","embeddable":true,"href":"https:\/\/pharmacima.com\/ar\/wp-json\/wp\/v2\/product_cat?post=141373"},{"taxonomy":"product_tag","embeddable":true,"href":"https:\/\/pharmacima.com\/ar\/wp-json\/wp\/v2\/product_tag?post=141373"}],"curies":[{"name":"wp","href":"https:\/\/api.w.org\/{rel}","templated":true}]}}