{"id":141386,"date":"2024-04-17T15:59:15","date_gmt":"2024-04-17T14:59:15","guid":{"rendered":"https:\/\/pharmacima.com\/?post_type=product&#038;p=141386"},"modified":"2026-03-02T12:28:30","modified_gmt":"2026-03-02T11:28:30","slug":"hyper-acid-4-aha-bha-pha-lha-20ml-isntree","status":"publish","type":"product","link":"https:\/\/pharmacima.com\/ar\/product\/hyper-acid-4-aha-bha-pha-lha-20ml-isntree\/","title":{"rendered":"Hyper Acid 4 Aha Bha Pha Lha 20ml Isntree"},"content":{"rendered":"<h2><strong>\u0648\u0635\u0641 :<\/strong><\/h2>\n<p><strong><span>Isntree Hyper Acid 4 AHA BHA PHA LHA 30\u00a0<\/span><\/strong><strong><span>\u0645\u0635\u0644<\/span><\/strong><span>\u00a0est un s\u00e9rum lavable suraliment\u00e9 en 4 acides exfoliants pour affiner et unifier le grain de peau.\u00a0<\/span><\/p>\n<p><span>Son m\u00e9lange d&rsquo;AHA, BHA, PHA &amp; LHA contr\u00f4le l&rsquo;exc\u00e8s de s\u00e9bum, am\u00e9liore l&rsquo;apparence des pores dilat\u00e9s et lisse le teint. L&rsquo;ajout de niacinamide, d&rsquo;allanto\u00efne, d&rsquo;eau de poire et de poudre de charbon ajoute \u00e0 l&rsquo;effet \u00e9claircissant et exfoliant en am\u00e9liorant la surface cellulaire et en \u00e9quilibrant l&rsquo;\u00e9quilibre huile\/eau. Ce s\u00e9rum de couleur anthracite et visqueux offre une exfoliation intense en 1 minute.\u00a0<\/span><\/p>\n<p><span>Sans cruaut\u00e9 envers les animaux et formul\u00e9 sans parfum artificiel, sans huile essentielle, sans huile min\u00e9rale et sans alcool siccatif. Non irritant. Respectueux des peaux sensibles.<\/span><\/p>\n<p><span>\u0645\u0646\u0627\u0633\u0628 \u0644\u062c\u0645\u064a\u0639 \u0623\u0646\u0648\u0627\u0639 \u0627\u0644\u0628\u0634\u0631\u0629.<\/span><\/p>\n<p><strong><span>Fabriqu\u00e9 en Cor\u00e9e<\/span><\/strong><\/p>\n<h2><strong>\u0627\u0633\u062a\u062e\u062f\u0627\u0645 \u0627\u0644\u0645\u0634\u0648\u0631\u0629:<\/strong><\/h2>\n<p><span>Apr\u00e8s avoir nettoy\u00e9 et tonifi\u00e9, appliquez 2 \u00e0 3 gouttes sur la peau et massez doucement le produit sur la peau pendant environ 1 minute. Rincer abondamment \u00e0 l&rsquo;eau ti\u00e8de. Terminez avec un SPF si utilis\u00e9 pendant la journ\u00e9e.<\/span><\/p>\n<p><span>Remarque : il est recommand\u00e9 de l&rsquo;utiliser la nuit. Un test cutan\u00e9 est recommand\u00e9 avant utilisation en raison de la concentration \u00e9lev\u00e9e en AHA.<\/span><\/p>\n<h2><strong>\u0627\u0644\u062a\u0631\u0643\u064a\u0628\u0629 :<\/strong><\/h2>\n<p><span>Eau, gluconolactone, acide lactique, m\u00e9thylpropanediol, acide glycolique, hydroxyde de potassium, 1,2-hexanediol, succinate de di\u00e9thoxy\u00e9thyle, glyc\u00e9rine, gomme de xanthane, laurate de polyglyc\u00e9ryl-10, gomme d&rsquo;acacia du S\u00e9n\u00e9gal, myristate de polyglyc\u00e9ryl-10, caprylate de glyc\u00e9ryle, niacinamide, acide salicylique. , allanto\u00efne, EDTA disodique, \u00e9thylhexylglyc\u00e9rine, eau de tourbe, acide citrique, hydroxypropylm\u00e9thylcellulose, acide capryloyl salicylique, butyl\u00e8ne glycol, sorbate de potassium, poudre de charbon de bois.<\/span><\/p>","protected":false},"excerpt":{"rendered":"<p><strong>\u0627\u0644\u0633\u0639\u0629: 20 \u0645\u0644<\/strong><\/p>","protected":false},"featured_media":141388,"comment_status":"open","ping_status":"closed","template":"","meta":{"_acf_changed":false},"product_brand":[1538],"product_cat":[102,137],"product_tag":[],"class_list":{"0":"post-141386","1":"product","2":"type-product","3":"status-publish","4":"has-post-thumbnail","6":"product_brand-isntree","7":"product_cat-soin-et-bien-etre","8":"product_cat-visage","10":"first","11":"instock","12":"taxable","13":"shipping-taxable","14":"purchasable","15":"product-type-simple"},"acf":[],"_links":{"self":[{"href":"https:\/\/pharmacima.com\/ar\/wp-json\/wp\/v2\/product\/141386","targetHints":{"allow":["GET"]}}],"collection":[{"href":"https:\/\/pharmacima.com\/ar\/wp-json\/wp\/v2\/product"}],"about":[{"href":"https:\/\/pharmacima.com\/ar\/wp-json\/wp\/v2\/types\/product"}],"replies":[{"embeddable":true,"href":"https:\/\/pharmacima.com\/ar\/wp-json\/wp\/v2\/comments?post=141386"}],"wp:featuredmedia":[{"embeddable":true,"href":"https:\/\/pharmacima.com\/ar\/wp-json\/wp\/v2\/media\/141388"}],"wp:attachment":[{"href":"https:\/\/pharmacima.com\/ar\/wp-json\/wp\/v2\/media?parent=141386"}],"wp:term":[{"taxonomy":"product_brand","embeddable":true,"href":"https:\/\/pharmacima.com\/ar\/wp-json\/wp\/v2\/product_brand?post=141386"},{"taxonomy":"product_cat","embeddable":true,"href":"https:\/\/pharmacima.com\/ar\/wp-json\/wp\/v2\/product_cat?post=141386"},{"taxonomy":"product_tag","embeddable":true,"href":"https:\/\/pharmacima.com\/ar\/wp-json\/wp\/v2\/product_tag?post=141386"}],"curies":[{"name":"wp","href":"https:\/\/api.w.org\/{rel}","templated":true}]}}