{"id":141832,"date":"2024-04-30T14:40:26","date_gmt":"2024-04-30T13:40:26","guid":{"rendered":"https:\/\/pharmacima.com\/?post_type=product&#038;p=141832"},"modified":"2026-04-20T16:08:37","modified_gmt":"2026-04-20T15:08:37","slug":"tonique-apaisant-77-heartleaf-40ml-anua","status":"publish","type":"product","link":"https:\/\/pharmacima.com\/ar\/product\/tonique-apaisant-77-heartleaf-40ml-anua\/","title":{"rendered":"Tonique Apaisant 77% Heartleaf 40ml Anua"},"content":{"rendered":"<h2><strong>\u0648\u0635\u0641 :<\/strong><\/h2>\n<section id=\"shopify-section-template--22297173328150__multi_column_CgNaWD\" class=\"shopify-section shopify-section--multi-column\">\n<div class=\"section-spacing color-scheme color-scheme--scheme-1 color-scheme--bg-54922f2e920ba8346f6dc0fba343d673\">\n<div class=\"container\">\n<div class=\"section-stack\">\n<div class=\"multi-column__item snap-center group\">\n<div class=\"prose text-start\">\n<p><strong>Contient 77 % d&rsquo;extrait de Heartleaf, connu pour ses effets calmants<\/strong><\/p>\n<\/div>\n<\/div>\n<\/div>\n<\/div>\n<\/div>\n<\/section>\n<p>Tonique pour le visage le plus vendu sur Amazon.<br \/>\nUn tonique apaisant pour calmer les probl\u00e8mes de peau et hydrater efficacement.<\/p>\n<p>Con\u00e7u pour apaiser, tonifier et hydrater la peau et sans ingr\u00e9dients irritants &#8211; sans danger pour les champignons et sans parfum.<\/p>\n<div class=\"multi-column__item snap-center group\">\n<div class=\"prose text-start\">\n<p>Prot\u00e8ge la barri\u00e8re cutan\u00e9e des irritations ext\u00e9rieures<\/p>\n<\/div>\n<\/div>\n<div class=\"product-info__block-item\" data-block-type=\"text\">\n<div class=\"prose\">\n<p><strong>\u0646\u0648\u0639 \u0627\u0644\u062c\u0644\u062f<\/strong><br \/>\nTous, \u00e0 tendance acn\u00e9ique<\/p>\n<\/div>\n<\/div>\n<div class=\"product-info__block-item\" data-block-type=\"text\">\n<div class=\"prose\">\n<p><strong>Avantages<\/strong><br \/>\nSoin des probl\u00e8mes de peau, \u00e9quilibre de l&rsquo;hydratation, \u00e9quilibrage du pH<\/p>\n<h2><strong>\u0627\u0633\u062a\u062e\u062f\u0627\u0645 \u0627\u0644\u0645\u0634\u0648\u0631\u0629 <\/strong><\/h2>\n<p>Apr\u00e8s le nettoyage, incorporez le tonique apaisant Anua Heartleaf 77 % \u00e0 votre routine de soins du matin et du soir. Gr\u00e2ce \u00e0 ses ingr\u00e9dients doux, il peut \u00eatre utilis\u00e9 quotidiennement. Appliquez-le \u00e0 l&rsquo;aide d&rsquo;un coton ou en tapotant d\u00e9licatement avec vos doigts sur l&rsquo;ensemble de votre visage.<\/p>\n<h2><strong>\u0627\u0644\u062a\u0631\u0643\u064a\u0628\u0629 :<\/strong><\/h2>\n<p>Extrait de Houttuynia Cordata (77 %), eau, 1,2-hexanediol, glyc\u00e9rine, b\u00e9ta\u00efne, panth\u00e9nol, extrait de Saccharum Officinarum (canne \u00e0 sucre), extrait de Portulaca Oleracea, butyl\u00e8ne glycol, extrait de Vitex Agnus-Castus, extrait de fleur de Chamomilla Recutita (Matricaria) ,Anua\u00a0 Extrait de racine d&rsquo;Arctium Lappa, extrait de Phellinus Linteus, extrait de fruit de Vitis Vinifera (raisin), extrait de fruit de Pyrus Malus (pomme), Anua extrait de Centella Asiatica, isopentyldiol, m\u00e9thylpropanediol, acrylates\/polym\u00e8re crois\u00e9 d&rsquo;acrylate d&rsquo;alkyle C10-30, trom\u00e9thamine, EDTA disodique<\/p>\n<\/div>\n<\/div>","protected":false},"excerpt":{"rendered":"<h3><strong>\u0646\u0648\u0639 \u0627\u0644\u062c\u0644\u062f<\/strong><br \/>\nTous, \u00e0 tendance acn\u00e9ique<\/h3>","protected":false},"featured_media":148095,"comment_status":"open","ping_status":"closed","template":"","meta":{"_acf_changed":false},"product_brand":[1537],"product_cat":[102,137],"product_tag":[],"class_list":{"0":"post-141832","1":"product","2":"type-product","3":"status-publish","4":"has-post-thumbnail","6":"product_brand-anua","7":"product_cat-soin-et-bien-etre","8":"product_cat-visage","10":"first","11":"instock","12":"sale","13":"taxable","14":"shipping-taxable","15":"purchasable","16":"product-type-simple"},"acf":[],"_links":{"self":[{"href":"https:\/\/pharmacima.com\/ar\/wp-json\/wp\/v2\/product\/141832","targetHints":{"allow":["GET"]}}],"collection":[{"href":"https:\/\/pharmacima.com\/ar\/wp-json\/wp\/v2\/product"}],"about":[{"href":"https:\/\/pharmacima.com\/ar\/wp-json\/wp\/v2\/types\/product"}],"replies":[{"embeddable":true,"href":"https:\/\/pharmacima.com\/ar\/wp-json\/wp\/v2\/comments?post=141832"}],"wp:featuredmedia":[{"embeddable":true,"href":"https:\/\/pharmacima.com\/ar\/wp-json\/wp\/v2\/media\/148095"}],"wp:attachment":[{"href":"https:\/\/pharmacima.com\/ar\/wp-json\/wp\/v2\/media?parent=141832"}],"wp:term":[{"taxonomy":"product_brand","embeddable":true,"href":"https:\/\/pharmacima.com\/ar\/wp-json\/wp\/v2\/product_brand?post=141832"},{"taxonomy":"product_cat","embeddable":true,"href":"https:\/\/pharmacima.com\/ar\/wp-json\/wp\/v2\/product_cat?post=141832"},{"taxonomy":"product_tag","embeddable":true,"href":"https:\/\/pharmacima.com\/ar\/wp-json\/wp\/v2\/product_tag?post=141832"}],"curies":[{"name":"wp","href":"https:\/\/api.w.org\/{rel}","templated":true}]}}